{"id":9760,"date":"2025-03-08T10:33:31","date_gmt":"2025-03-08T10:33:31","guid":{"rendered":"https:\/\/afrycom.com\/product\/nouvelle-mode-male-polaire-manteaux-chauds-vestes-cintrees-hommes-hiver-bomber-vestes-en-cuir-et-fourrure-vestes-et-manteaux-integres-4xl\/"},"modified":"2025-10-07T10:17:40","modified_gmt":"2025-10-07T10:17:40","slug":"nouvelle-mode-male-polaire-manteaux-chauds-vestes-cintrees-hommes-hiver-bomber-vestes-en-cuir-et-fourrure-vestes-et-manteaux-integres-4xl","status":"publish","type":"product","link":"https:\/\/afrycom.com\/fr\/produit\/nouvelle-mode-male-polaire-manteaux-chauds-vestes-cintrees-hommes-hiver-bomber-vestes-en-cuir-et-fourrure-vestes-et-manteaux-integres-4xl\/","title":{"rendered":"Nouvelle mode m\u00e2le polaire manteaux chauds vestes cintr\u00e9es hommes hiver Bomber vestes en cuir et fourrure vestes et manteaux int\u00e9gr\u00e9s 4XL"},"content":{"rendered":"<div class=\"product-specs-list-container\">\n<ul class=\"product-specs-list util-clearfix\">\n<li class=\"product-prop line-limit-length\"><span class=\"property-title\">Saison Applicable :\u00a0<\/span><span class=\"property-desc line-limit-length\">Automne Et Hiver<\/span><\/li>\n<li class=\"product-prop line-limit-length\"><span class=\"property-title\">Sc\u00e8ne applicable :\u00a0<\/span><span class=\"property-desc line-limit-length\">Quotidiennement<\/span><\/li>\n<li class=\"product-prop line-limit-length\"><span class=\"property-title\">Lieu du0027origine :\u00a0<\/span><span class=\"property-desc line-limit-length\">Chine (continent)<\/span><\/li>\n<li class=\"product-prop line-limit-length\"><span class=\"property-title\">D\u00e9coration :\u00a0<\/span><span class=\"property-desc line-limit-length\">Bouton<\/span><\/li>\n<li class=\"product-prop line-limit-length\"><span class=\"property-title\">Style de Manches :\u00a0<\/span><span class=\"property-desc line-limit-length\">R\u00c9GULIER<\/span><\/li>\n<li class=\"product-prop line-limit-length\"><span class=\"property-title\">Num\u00e9ro de Mod\u00e8le :\u00a0<\/span><span class=\"property-desc line-limit-length\">98<\/span><\/li>\n<li class=\"product-prop line-limit-length\"><span class=\"property-title\">\u00c0 capuche :\u00a0<\/span><span class=\"property-desc line-limit-length\">Pas de<\/span><\/li>\n<li class=\"product-prop line-limit-length\"><span class=\"property-title\">Type :\u00a0<\/span><span class=\"property-desc line-limit-length\">Mince<\/span><\/li>\n<li class=\"product-prop line-limit-length\"><span class=\"property-title\">Partie d\u00e9tachable :\u00a0<\/span><span class=\"property-desc line-limit-length\">AUCUN<\/span><\/li>\n<li class=\"product-prop line-limit-length\"><span class=\"property-title\">\u00c9paisseur :\u00a0<\/span><span class=\"property-desc line-limit-length\">Toison<\/span><\/li>\n<li class=\"product-prop line-limit-length\"><span class=\"property-title\">Mat\u00e9riel Doublure :\u00a0<\/span><span class=\"property-desc line-limit-length\">POLYESTER<\/span><\/li>\n<li class=\"product-prop line-limit-length\"><span class=\"property-title\">Type de fermeture :\u00a0<\/span><span class=\"property-desc line-limit-length\">Seins simples<\/span><\/li>\n<li class=\"product-prop line-limit-length\"><span class=\"property-title\">Style manchette :\u00a0<\/span><span class=\"property-desc line-limit-length\">Conventionnel<\/span><\/li>\n<li class=\"product-prop line-limit-length\"><span class=\"property-title\">Type de Motif :\u00a0<\/span><span class=\"property-desc line-limit-length\">Solide<\/span><\/li>\n<li class=\"product-prop line-limit-length\"><span class=\"property-title\">Collier :\u00a0<\/span><span class=\"property-desc line-limit-length\">\u00c0 col rabattu<\/span><\/li>\n<li class=\"product-prop line-limit-length\"><span class=\"property-title\">Style :\u00a0<\/span><span class=\"property-desc line-limit-length\">Le sport<\/span><\/li>\n<li class=\"product-prop line-limit-length\"><span class=\"property-title\">Longueur de V\u00eatement :\u00a0<\/span><span class=\"property-desc line-limit-length\">R\u00c9GULIER<\/span><\/li>\n<li class=\"product-prop line-limit-length\"><span class=\"property-title\">Mat\u00e9riau :\u00a0<\/span><span class=\"property-desc line-limit-length\">POLYESTER<\/span><\/li>\n<li class=\"product-prop line-limit-length\"><span class=\"property-title\">Origine :\u00a0<\/span><span class=\"property-desc line-limit-length\">CN (Origine)<\/span><\/li>\n<li class=\"product-prop line-limit-length\"><span class=\"property-title\">CN :\u00a0<\/span><span class=\"property-desc line-limit-length\">Guangdong<\/span><\/li>\n<li class=\"product-prop line-limit-length\"><span class=\"property-title\">Type de manteaux :\u00a0<\/span><span class=\"property-desc line-limit-length\">VESTES<\/span><\/li>\n<li class=\"product-prop line-limit-length\"><span class=\"property-title\">Sexe :\u00a0<\/span><span class=\"property-desc line-limit-length\">MEN<\/span><\/li>\n<li class=\"product-prop line-limit-length\"><span class=\"property-title\">Type d'article :\u00a0<\/span><span class=\"property-desc line-limit-length\">Manteaux<\/span><\/li>\n<\/ul>\n<\/div>\n<div class=\"detailmodule_dynamic\">\u00a0<\/div>\n<div class=\"detailmodule_html\">\n<div class=\"detail-desc-decorate-richtext\">\n<div class=\"detailmodule_dynamic\">\u00a0<\/div>\n<div class=\"detailmodule_html\">\n<div class=\"detail-desc-decorate-richtext\">\n<div>\u00a0<\/div>\n<p>\u00a0<\/p>\n<div>\u00a0<\/div>\n<table style=\"border-collapse: collapse; width: 414.02pt;\" border=\"0\" width=\"552\" cellspacing=\"0\" cellpadding=\"0\">\n<colgroup>\n<col style=\"width: 98.35pt;\" width=\"131\" \/>\n<col style=\"width: 42.45pt;\" width=\"56\" \/>\n<col style=\"width: 40.80pt;\" width=\"54\" \/>\n<col style=\"width: 45.00pt;\" span=\"2\" width=\"60\" \/>\n<col style=\"width: 49.15pt;\" width=\"65\" \/>\n<col style=\"width: 47.45pt;\" width=\"63\" \/>\n<col style=\"width: 45.80pt;\" width=\"61\" \/> <\/colgroup>\n<tbody>\n<tr style=\"height: 13.50pt;\">\n<td class=\"et2\" style=\"height: 13.5pt; width: 98.35pt; text-align: center;\" width=\"131\" height=\"18\">\u00a0<\/td>\n<td class=\"et3\" style=\"width: 42.45pt; text-align: center;\" width=\"56\"><span style=\"font-size: 16px;\">Hauts<\/span><\/td>\n<td class=\"et2\" style=\"width: 40.8pt; text-align: center;\" width=\"54\">\u00a0<\/td>\n<td class=\"et2\" style=\"width: 45pt; text-align: center;\" width=\"60\">\u00a0<\/td>\n<td class=\"et2\" style=\"width: 45pt; text-align: center;\" width=\"60\">\u00a0<\/td>\n<td class=\"et2\" style=\"width: 49.15pt; text-align: center;\" width=\"65\">\u00a0<\/td>\n<td class=\"et2\" style=\"width: 47.45pt; text-align: center;\" width=\"63\">\u00a0<\/td>\n<td class=\"et2\" style=\"width: 45.8pt; text-align: center;\" width=\"61\">\u00a0<\/td>\n<\/tr>\n<tr style=\"height: 13.50pt;\">\n<td class=\"et3\" style=\"height: 13.5pt; width: 98.35pt; text-align: center;\" width=\"131\" height=\"18\"><span style=\"font-size: 16px;\">Taille<\/span><\/td>\n<td class=\"et3\" style=\"width: 42.45pt; text-align: center;\" width=\"56\"><span style=\"font-size: 16px;\">S<\/span><\/td>\n<td class=\"et3\" style=\"width: 40.8pt; text-align: center;\" width=\"54\"><span style=\"font-size: 16px;\">M<\/span><\/td>\n<td class=\"et3\" style=\"width: 45pt; text-align: center;\" width=\"60\"><span style=\"font-size: 16px;\">L<\/span><\/td>\n<td class=\"et3\" style=\"width: 45pt; text-align: center;\" width=\"60\"><span style=\"font-size: 16px;\">XL<\/span><\/td>\n<td class=\"et3\" style=\"width: 49.15pt; text-align: center;\" width=\"65\"><span style=\"font-size: 16px;\">XXL<\/span><\/td>\n<td class=\"et3\" style=\"width: 47.45pt; text-align: center;\" width=\"63\"><span style=\"font-size: 16px;\">3XL<\/span><\/td>\n<td class=\"et4\" style=\"text-align: center;\"><span style=\"font-size: 16px;\">4XL<\/span><\/td>\n<\/tr>\n<tr style=\"height: 18.00pt;\">\n<td class=\"et3\" style=\"height: 18pt; width: 98.35pt; text-align: center;\" width=\"131\" height=\"24\"><span style=\"font-size: 16px;\">\u00c9paule (cm)<\/span><\/td>\n<td class=\"et3\" style=\"width: 42.45pt; text-align: center;\" width=\"56\"><span style=\"font-size: 16px;\">43<\/span><\/td>\n<td class=\"et4\" style=\"text-align: center;\"><span style=\"font-size: 16px;\">44<\/span><\/td>\n<td class=\"et4\" style=\"text-align: center;\"><span style=\"font-size: 16px;\">45<\/span><\/td>\n<td class=\"et4\" style=\"text-align: center;\"><span style=\"font-size: 16px;\">46<\/span><\/td>\n<td class=\"et4\" style=\"text-align: center;\"><span style=\"font-size: 16px;\">47<\/span><\/td>\n<td class=\"et4\" style=\"text-align: center;\"><span style=\"font-size: 16px;\">48<\/span><\/td>\n<td class=\"et4\" style=\"text-align: center;\"><span style=\"font-size: 16px;\">50<\/span><\/td>\n<\/tr>\n<tr style=\"height: 18.00pt;\">\n<td class=\"et3\" style=\"height: 18pt; width: 98.35pt; text-align: center;\" width=\"131\" height=\"24\"><span style=\"font-size: 16px;\">Largeur poitrine (cm)<\/span><\/td>\n<td class=\"et4\" style=\"text-align: center;\"><span style=\"font-size: 16px;\">102<\/span><\/td>\n<td class=\"et4\" style=\"text-align: center;\"><span style=\"font-size: 16px;\">106<\/span><\/td>\n<td class=\"et4\" style=\"text-align: center;\"><span style=\"font-size: 16px;\">110<\/span><\/td>\n<td class=\"et4\" style=\"text-align: center;\"><span style=\"font-size: 16px;\">114<\/span><\/td>\n<td class=\"et4\" style=\"text-align: center;\"><span style=\"font-size: 16px;\">118<\/span><\/td>\n<td class=\"et4\" style=\"text-align: center;\"><span style=\"font-size: 16px;\">122<\/span><\/td>\n<td class=\"et4\" style=\"text-align: center;\"><span style=\"font-size: 16px;\">126<\/span><\/td>\n<\/tr>\n<tr style=\"height: 17.00pt;\">\n<td class=\"et3\" style=\"height: 17pt; width: 98.35pt; text-align: center;\" width=\"131\" height=\"22\"><span style=\"font-size: 16px;\">Longueur du corps (cm)<\/span><\/td>\n<td class=\"et3\" style=\"width: 42.45pt; text-align: center;\" width=\"56\"><span style=\"font-size: 16px;\">63<\/span><\/td>\n<td class=\"et3\" style=\"width: 40.8pt; text-align: center;\" width=\"54\"><span style=\"font-size: 16px;\">64<\/span><\/td>\n<td class=\"et4\" style=\"text-align: center;\"><span style=\"font-size: 16px;\">66<\/span><\/td>\n<td class=\"et4\" style=\"text-align: center;\"><span style=\"font-size: 16px;\">68<\/span><\/td>\n<td class=\"et4\" style=\"text-align: center;\"><span style=\"font-size: 16px;\">70<\/span><\/td>\n<td class=\"et3\" style=\"width: 47.45pt; text-align: center;\" width=\"63\"><span style=\"font-size: 16px;\">72<\/span><\/td>\n<td class=\"et3\" style=\"width: 45.8pt; text-align: center;\" width=\"61\"><span style=\"font-size: 16px;\">74<\/span><\/td>\n<\/tr>\n<tr style=\"height: 18.00pt;\">\n<td class=\"et3\" style=\"height: 18pt; width: 98.35pt; text-align: center;\" width=\"131\" height=\"24\"><span style=\"font-size: 16px;\">Longueur des manches (cm)<\/span><\/td>\n<td class=\"et3\" style=\"width: 42.45pt; text-align: center;\" width=\"56\"><span style=\"font-size: 16px;\">61<\/span><\/td>\n<td class=\"et3\" style=\"width: 40.8pt; text-align: center;\" width=\"54\"><span style=\"font-size: 16px;\">62<\/span><\/td>\n<td class=\"et3\" style=\"width: 45pt; text-align: center;\" width=\"60\"><span style=\"font-size: 16px;\">63<\/span><\/td>\n<td class=\"et3\" style=\"width: 45pt; text-align: center;\" width=\"60\"><span style=\"font-size: 16px;\">64<\/span><\/td>\n<td class=\"et3\" style=\"width: 49.15pt; text-align: center;\" width=\"65\"><span style=\"font-size: 16px;\">65<\/span><\/td>\n<td class=\"et5\" style=\"text-align: center;\"><span style=\"font-size: 16px;\">66<\/span><\/td>\n<td class=\"et5\" style=\"text-align: center;\"><span style=\"font-size: 16px;\">68<\/span><\/td>\n<\/tr>\n<\/tbody>\n<\/table>\n<p>\u00a0<\/p>\n<p style=\"text-align: left; margin: 0;\"><img decoding=\"async\" src=\"https:\/\/ae01.alicdn.com\/kf\/S520cf6334d084c91b99fca3a0637242bC.jpg?width=1920&amp;height=1920&amp;hash=3840\" \/><img decoding=\"async\" src=\"https:\/\/ae01.alicdn.com\/kf\/S6034de5bd8354f369e45df042f35f6845.jpg?width=1920&amp;height=1920&amp;hash=3840\" \/><img decoding=\"async\" src=\"https:\/\/ae01.alicdn.com\/kf\/S43c30eeb085443d28d462fdbeceb435dN.jpg?width=1920&amp;height=1920&amp;hash=3840\" \/><img decoding=\"async\" src=\"https:\/\/ae01.alicdn.com\/kf\/S9d46a745e3a64be0ac829acdf0aa3ea1j.jpg?width=1920&amp;height=1920&amp;hash=3840\" \/><img decoding=\"async\" src=\"https:\/\/ae01.alicdn.com\/kf\/Sec6fc67f180c4e7f92bf9ee3732a80f9J.jpg?width=750&amp;height=884&amp;hash=1634\" \/><img decoding=\"async\" src=\"https:\/\/ae01.alicdn.com\/kf\/S0478c6780838449e94a775e60975c549p.jpg?width=750&amp;height=888&amp;hash=1638\" \/><img decoding=\"async\" src=\"https:\/\/ae01.alicdn.com\/kf\/Se1fc3ef64d194066a0ac03d536775cc4I.jpg?width=1920&amp;height=1920&amp;hash=3840\" \/><img decoding=\"async\" src=\"https:\/\/ae01.alicdn.com\/kf\/Sdc016be3a59344f887181b5cd2eabf68h.jpg?width=750&amp;height=730&amp;hash=1480\" \/><br \/><img decoding=\"async\" src=\"https:\/\/ae01.alicdn.com\/kf\/S78f11d97cb82473fae066c8882bae9230.jpg?width=761&amp;height=422&amp;hash=1183\" \/><img decoding=\"async\" src=\"https:\/\/ae01.alicdn.com\/kf\/S7bcadeed11a244a5a84a4c9d84de42b9d.jpg?width=761&amp;height=421&amp;hash=1182\" \/><img decoding=\"async\" src=\"https:\/\/ae01.alicdn.com\/kf\/S66b238b083bf453e8e7d72574e08fdcfr.jpg?width=745&amp;height=425&amp;hash=1170\" \/><img decoding=\"async\" src=\"https:\/\/ae01.alicdn.com\/kf\/Sf2803b2ce0104eada14572c50afe6c1cu.jpg?width=749&amp;height=419&amp;hash=1168\" \/><img decoding=\"async\" src=\"https:\/\/ae01.alicdn.com\/kf\/S45a3343c36eb48abbc80ae1c80491db9P.jpg?width=751&amp;height=421&amp;hash=1172\" \/><\/p>\n<p>\u00a0<\/p>\n<\/div>\n<\/div>\n<\/div>\n<\/div>","protected":false},"excerpt":{"rendered":"<p>Saison Applicable:\u00a0Automne Et Hiver Applicable Scene:\u00a0Daily Lieu du0027origine:\u00a0Chine (continent) D\u00e9coration:\u00a0Bouton Style de Manches:\u00a0REGULAR Num\u00e9ro de Mod\u00e8le:\u00a098 \u00c0 capuche:\u00a0Pas de Type:\u00a0Mince<\/p>","protected":false},"featured_media":9761,"comment_status":"open","ping_status":"closed","template":"","meta":[],"product_brand":[],"product_cat":[4980,1450],"product_tag":[],"class_list":{"0":"post-9760","1":"product","2":"type-product","3":"status-publish","4":"has-post-thumbnail","6":"product_cat-coats-jackets","7":"product_cat-mens-section","9":"first","10":"instock","11":"shipping-taxable","12":"purchasable","13":"product-type-variable"},"jetpack_sharing_enabled":true,"_links":{"self":[{"href":"https:\/\/afrycom.com\/fr\/wp-json\/wp\/v2\/product\/9760","targetHints":{"allow":["GET"]}}],"collection":[{"href":"https:\/\/afrycom.com\/fr\/wp-json\/wp\/v2\/product"}],"about":[{"href":"https:\/\/afrycom.com\/fr\/wp-json\/wp\/v2\/types\/product"}],"replies":[{"embeddable":true,"href":"https:\/\/afrycom.com\/fr\/wp-json\/wp\/v2\/comments?post=9760"}],"wp:featuredmedia":[{"embeddable":true,"href":"https:\/\/afrycom.com\/fr\/wp-json\/wp\/v2\/media\/9761"}],"wp:attachment":[{"href":"https:\/\/afrycom.com\/fr\/wp-json\/wp\/v2\/media?parent=9760"}],"wp:term":[{"taxonomy":"product_brand","embeddable":true,"href":"https:\/\/afrycom.com\/fr\/wp-json\/wp\/v2\/product_brand?post=9760"},{"taxonomy":"product_cat","embeddable":true,"href":"https:\/\/afrycom.com\/fr\/wp-json\/wp\/v2\/product_cat?post=9760"},{"taxonomy":"product_tag","embeddable":true,"href":"https:\/\/afrycom.com\/fr\/wp-json\/wp\/v2\/product_tag?post=9760"}],"curies":[{"name":"wp","href":"https:\/\/api.w.org\/{rel}","templated":true}]}}