{"id":9708,"date":"2025-03-08T10:33:26","date_gmt":"2025-03-08T10:33:26","guid":{"rendered":"https:\/\/afrycom.com\/product\/veste-de-baseball-a-manches-sulfpour-homme-manteau-decontracte-avec-lettres-imprimees-combpvd-nouvelle-collection-2023\/"},"modified":"2025-03-08T10:33:32","modified_gmt":"2025-03-08T10:33:32","slug":"veste-de-baseball-a-manches-sulfpour-homme-manteau-decontracte-avec-lettres-imprimees-combpvd-nouvelle-collection-2023","status":"publish","type":"product","link":"https:\/\/afrycom.com\/fr\/produit\/veste-de-baseball-a-manches-sulfpour-homme-manteau-decontracte-avec-lettres-imprimees-combpvd-nouvelle-collection-2023\/","title":{"rendered":"Veste de Baseball \u00e0 Manches sulfpour Homme, Manteau D\u00e9contract\u00e9 avec Lettres Imprim\u00e9es, CombPVD, Nouvelle Collection 2023"},"content":{"rendered":"<div class=\"product-specs-list-container\">\n<ul class=\"product-specs-list util-clearfix\">\n<li class=\"product-prop line-limit-length\"><span class=\"property-title\">Chimique Hign-concern\u00e9 :\u00a0<\/span><span class=\"property-desc line-limit-length\">Aucun<\/span><\/li>\n<li class=\"product-prop line-limit-length\"><span class=\"property-title\">Saison Applicable :\u00a0<\/span><span class=\"property-desc line-limit-length\">Printemps et automne<\/span><\/li>\n<li class=\"product-prop line-limit-length\"><span class=\"property-title\">Sc\u00e8ne applicable :\u00a0<\/span><span class=\"property-desc line-limit-length\">CASUAL<\/span><\/li>\n<li class=\"product-prop line-limit-length\"><span class=\"property-title\">Lieu du0027origine :\u00a0<\/span><span class=\"property-desc line-limit-length\">Chine (continent)<\/span><\/li>\n<li class=\"product-prop line-limit-length\"><span class=\"property-title\">D\u00e9coration :\u00a0<\/span><span class=\"property-desc line-limit-length\">\u00c9piss\u00e9<\/span><\/li>\n<li class=\"product-prop line-limit-length\"><span class=\"property-title\">Style de Manches :\u00a0<\/span><span class=\"property-desc line-limit-length\">R\u00c9GULIER<\/span><\/li>\n<li class=\"product-prop line-limit-length\"><span class=\"property-title\">Num\u00e9ro de Mod\u00e8le :\u00a0<\/span><span class=\"property-desc line-limit-length\">ZW150<\/span><\/li>\n<li class=\"product-prop line-limit-length\"><span class=\"property-title\">\u00c0 capuche :\u00a0<\/span><span class=\"property-desc line-limit-length\">Pas de<\/span><\/li>\n<li class=\"product-prop line-limit-length\"><span class=\"property-title\">Type :\u00a0<\/span><span class=\"property-desc line-limit-length\">R\u00c9GULIER<\/span><\/li>\n<li class=\"product-prop line-limit-length\"><span class=\"property-title\">\u00c9paisseur :\u00a0<\/span><span class=\"property-desc line-limit-length\">Norme<\/span><\/li>\n<li class=\"product-prop line-limit-length\"><span class=\"property-title\">Mat\u00e9riel Doublure :\u00a0<\/span><span class=\"property-desc line-limit-length\">SPANDEX<\/span><\/li>\n<li class=\"product-prop line-limit-length\"><span class=\"property-title\">Type de fermeture :\u00a0<\/span><span class=\"property-desc line-limit-length\">Seins simples<\/span><\/li>\n<li class=\"product-prop line-limit-length\"><span class=\"property-title\">Style manchette :\u00a0<\/span><span class=\"property-desc line-limit-length\">Manchon avec nervure<\/span><\/li>\n<li class=\"product-prop line-limit-length\"><span class=\"property-title\">Type de Motif :\u00a0<\/span><span class=\"property-desc line-limit-length\">Patchwork<\/span><\/li>\n<li class=\"product-prop line-limit-length\"><span class=\"property-title\">Collier :\u00a0<\/span><span class=\"property-desc line-limit-length\">STAND<\/span><\/li>\n<li class=\"product-prop line-limit-length\"><span class=\"property-title\">Style :\u00a0<\/span><span class=\"property-desc line-limit-length\">D\u00e9contract\u00e9e et \u00e9l\u00e9gante<\/span><\/li>\n<li class=\"product-prop line-limit-length\"><span class=\"property-title\">Longueur de V\u00eatement :\u00a0<\/span><span class=\"property-desc line-limit-length\">R\u00c9GULIER<\/span><\/li>\n<li class=\"product-prop line-limit-length\"><span class=\"property-title\">Mat\u00e9riau :\u00a0<\/span><span class=\"property-desc line-limit-length\">Nylon, POLYESTER, SPANDEX<\/span><\/li>\n<li class=\"product-prop line-limit-length\"><span class=\"property-title\">Origine :\u00a0<\/span><span class=\"property-desc line-limit-length\">CN (Origine)<\/span><\/li>\n<li class=\"product-prop line-limit-length\"><span class=\"property-title\">CN :\u00a0<\/span><span class=\"property-desc line-limit-length\">Zhejiang<\/span><\/li>\n<li class=\"product-prop line-limit-length\"><span class=\"property-title\">Type de manteaux :\u00a0<\/span><span class=\"property-desc line-limit-length\">VESTES<\/span><\/li>\n<li class=\"product-prop line-limit-length\"><span class=\"property-title\">Sexe :\u00a0<\/span><span class=\"property-desc line-limit-length\">MEN<\/span><\/li>\n<li class=\"product-prop line-limit-length\"><span class=\"property-title\">Type d'article :\u00a0<\/span><span class=\"property-desc line-limit-length\">Manteaux<\/span><\/li>\n<li class=\"product-prop line-limit-length\"><span class=\"property-title\">Nom de marque :\u00a0<\/span><span class=\"property-desc line-limit-length\">WEILIFENG<\/span><\/li>\n<li class=\"product-prop line-limit-length\"><span class=\"property-title\">CN :\u00a0<\/span><span class=\"property-desc line-limit-length\">Shanghai<\/span><\/li>\n<li class=\"product-prop line-limit-length\"><span class=\"property-title\">Surdimensionn\u00e9 :\u00a0<\/span><span class=\"property-desc line-limit-length\">S,M, L, XL, XXL<\/span><\/li>\n<li class=\"product-prop line-limit-length\"><span class=\"property-title\">Couples \u00c9tudiants Jeunes Hommes :\u00a0<\/span><span class=\"property-desc line-limit-length\">Hoodie Tracksuits Streetwear Manteau<\/span><\/li>\n<li class=\"product-prop line-limit-length\"><span class=\"property-title\">Printemps Automne Hiver Homme :\u00a0<\/span><span class=\"property-desc line-limit-length\">Outing Clothing Windbreaker Walking Tracksuits Outerwear<\/span><\/li>\n<\/ul>\n<\/div>\n<div class=\"detailmodule_html\">\n<div class=\"detail-desc-decorate-richtext\">\n<div>\n<div id=\"tl_1\" style=\"overflow: hidden; height: 0px;\">Modname = ckeditor<\/div>\n<div>\n<p>\u00a0<\/p>\n<p><span style=\"color: #ff0000; font-size: 20px; font-family: tahoma, geneva, sans-serif;\"><strong id=\"tl_2\">Instructions d'emballage : seule la veste est incluse dans l'emballage, pas le sweat \u00e0 capuche \u00e0 l'int\u00e9rieur<\/strong><\/span><\/p>\n<div>\u00a0<\/div>\n<p style=\"text-align: start;\" align=\"start\"><span style=\"color: #ff0000; font-family: tahoma, geneva, sans-serif;\"><span style=\"font-size: 16px; font-family: tahoma, geneva, sans-serif;\"><span style=\"font-size: 18px; font-family: tahoma, geneva, sans-serif;\"><span style=\"font-family: tahoma, geneva, sans-serif;\"><strong id=\"tl_3\">Remarque :<\/strong><\/span><\/span><\/span><\/span><strong><span style=\"font-size: 16px;\"><span id=\"tl_4\" style=\"font-family: tahoma, geneva, sans-serif;\">1. Veuillez comparer les tailles et les mesures avant votre achat.2. En raison de divers moniteurs et conditions d'\u00e9clairage, les couleurs peuvent \u00eatre l\u00e9g\u00e8rement diff\u00e9rentes des photos r\u00e9pertori\u00e9es. Les tailles ci-dessus sont mesur\u00e9es \u00e0 plat, veuillez permettre une erreur de 1 \u00e0 3cm en raison des mesures manuelles.4. Mesurez le pantalon que vous portez habituellement pour un meilleur ajustement.<\/span><\/span><\/strong><\/p>\n<p style=\"text-align: start;\" align=\"start\"><strong><span style=\"font-size: 16px;\"><span id=\"tl_5\" style=\"font-family: tahoma, geneva, sans-serif;\">5. les donn\u00e9es de mesure de taille de pantalon sont les donn\u00e9es de mesure apr\u00e8s \u00e9tirement, pas les donn\u00e9es de mesure de tuile.<\/span><\/span><\/strong><\/p>\n<p style=\"text-align: start;\" align=\"start\"><span style=\"background-color: #ffffff; color: #222222; font-size: 14px;\"><strong><span style=\"font-size: 18px;\"><span style=\"font-family: tahoma, geneva, sans-serif;\"><span id=\"tl_6\" style=\"color: #ff0000;\">6. C'est une taille asiatique, plus petite que la taille US,EU,UK,AU, veuillez s\u00e9lectionner 1 taille plus grande que d'habitude !!!<\/span><\/span><\/span><\/strong><\/span><\/p>\n<p style=\"text-align: start;\" align=\"start\"><span id=\"tl_7\" style=\"background-color: #ffffff; color: #f44e3b; font-size: 20px; font-family: tahoma, geneva, sans-serif;\">Veuillez v\u00e9rifier le tableau des tailles avant de commander. Si vous n'\u00eates pas s\u00fbr de la taille, veuillez nous envoyer un message.<\/span><\/p>\n<table style=\"border-collapse: collapse; text-align: start;\" border=\"1\" cellspacing=\"0\" align=\"start\">\n<tbody>\n<tr>\n<td style=\"padding: 0pt 5.4pt; width: 469.2pt;\" colspan=\"5\" width=\"782\">\n<p style=\"line-height: inherit; text-align: center; margin: 0px; padding: 0px; box-sizing: border-box;\" align=\"center\"><strong><span id=\"tl_8\" style=\"font-size: 18pt; font-family: Tahoma;\">Tableau des tailles<\/span><\/strong><span style=\"font-size: 18pt; font-family: tahoma, geneva, sans-serif;\"><strong id=\"tl_9\">(Cm)<\/strong><\/span><\/p>\n<\/td>\n<\/tr>\n<tr>\n<td style=\"padding: 0pt 5.4pt; width: 85.2pt;\" width=\"142\">\n<p style=\"line-height: inherit; text-align: center; margin: 0px; padding: 0px; box-sizing: border-box;\" align=\"center\"><strong><span id=\"tl_10\" style=\"font-size: 16pt; font-family: Tahoma;\">TAILLE<\/span><\/strong><\/p>\n<\/td>\n<td style=\"padding: 0pt 5.4pt; width: 81.6pt;\" width=\"136\">\n<p style=\"line-height: inherit; text-align: center; margin: 0px; padding: 0px; box-sizing: border-box;\" align=\"center\"><strong><span id=\"tl_11\" style=\"font-size: 16pt; font-family: Tahoma;\">Buste<\/span><\/strong><\/p>\n<\/td>\n<td style=\"padding: 0pt 5.4pt; width: 102pt;\" width=\"170\">\n<p style=\"line-height: inherit; text-align: center; margin: 0px; padding: 0px; box-sizing: border-box;\" align=\"center\"><strong><span id=\"tl_12\" style=\"font-size: 16pt; font-family: Tahoma;\">\u00c9paule<\/span><\/strong><\/p>\n<\/td>\n<td style=\"padding: 0pt 5.4pt; width: 93.6pt;\" width=\"156\">\n<p style=\"line-height: inherit; text-align: center; margin: 0px; padding: 0px; box-sizing: border-box;\" align=\"center\"><strong><span id=\"tl_13\" style=\"font-size: 16pt; font-family: Tahoma;\">Longueur<\/span><\/strong><\/p>\n<\/td>\n<td style=\"padding: 0pt 5.4pt; width: 106.8pt;\" width=\"178\">\n<p style=\"line-height: inherit; text-align: center; margin: 0px; padding: 0px; box-sizing: border-box;\" align=\"center\"><strong><span id=\"tl_14\" style=\"font-size: 16pt; font-family: Tahoma;\">Manchon<\/span><\/strong><\/p>\n<\/td>\n<\/tr>\n<tr>\n<td style=\"padding: 0pt 5.4pt; width: 85.2pt;\" width=\"142\">\n<p style=\"line-height: inherit; text-align: center; margin: 0px; padding: 0px; box-sizing: border-box;\" align=\"center\"><span style=\"font-size: 18pt; font-family: tahoma, geneva, sans-serif;\"><strong id=\"tl_15\">S<\/strong><\/span><\/p>\n<\/td>\n<td style=\"padding: 0pt 5.4pt; width: 81.6pt;\" width=\"136\">\n<p style=\"line-height: inherit; text-align: center; margin: 0px; padding: 0px; box-sizing: border-box;\" align=\"center\"><span style=\"font-size: 18pt; font-family: tahoma, geneva, sans-serif;\"><strong>117<\/strong><\/span><\/p>\n<\/td>\n<td style=\"padding: 0pt 5.4pt; width: 102pt;\" width=\"170\">\n<p style=\"line-height: inherit; text-align: center; margin: 0px; padding: 0px; box-sizing: border-box;\" align=\"center\"><span style=\"font-size: 18pt; font-family: tahoma, geneva, sans-serif;\"><strong>52<\/strong><\/span><\/p>\n<\/td>\n<td style=\"padding: 0pt 5.4pt; width: 93.6pt;\" width=\"156\">\n<p style=\"line-height: inherit; text-align: center; margin: 0px; padding: 0px; box-sizing: border-box;\" align=\"center\"><span style=\"font-size: 18pt; font-family: tahoma, geneva, sans-serif;\"><strong>70<\/strong><\/span><\/p>\n<\/td>\n<td style=\"padding: 0pt 5.4pt; width: 106.8pt;\" width=\"178\">\n<p style=\"line-height: inherit; text-align: center; margin: 0px; padding: 0px; box-sizing: border-box;\" align=\"center\"><span style=\"font-size: 18pt; font-family: tahoma, geneva, sans-serif;\"><strong>61<\/strong><\/span><\/p>\n<\/td>\n<\/tr>\n<tr>\n<td style=\"padding: 0pt 5.4pt; width: 85.2pt;\" width=\"142\">\n<p style=\"line-height: inherit; text-align: center; margin: 0px; padding: 0px; box-sizing: border-box;\" align=\"center\"><span style=\"font-size: 18pt; font-family: tahoma, geneva, sans-serif;\"><strong id=\"tl_16\">M<\/strong><\/span><\/p>\n<\/td>\n<td style=\"padding: 0pt 5.4pt; width: 81.6pt;\" width=\"136\">\n<p style=\"line-height: inherit; text-align: center; margin: 0px; padding: 0px; box-sizing: border-box;\" align=\"center\"><span style=\"font-size: 18pt; font-family: tahoma, geneva, sans-serif;\"><strong>121<\/strong><\/span><\/p>\n<\/td>\n<td style=\"padding: 0pt 5.4pt; width: 102pt;\" width=\"170\">\n<p style=\"line-height: inherit; text-align: center; margin: 0px; padding: 0px; box-sizing: border-box;\" align=\"center\"><span style=\"font-size: 18pt; font-family: tahoma, geneva, sans-serif;\"><strong>54<\/strong><\/span><\/p>\n<\/td>\n<td style=\"padding: 0pt 5.4pt; width: 93.6pt;\" width=\"156\">\n<p style=\"line-height: inherit; text-align: center; margin: 0px; padding: 0px; box-sizing: border-box;\" align=\"center\"><span style=\"font-size: 18pt; font-family: tahoma, geneva, sans-serif;\"><strong>72<\/strong><\/span><\/p>\n<\/td>\n<td style=\"padding: 0pt 5.4pt; width: 106.8pt;\" width=\"178\">\n<p style=\"line-height: inherit; text-align: center; margin: 0px; padding: 0px; box-sizing: border-box;\" align=\"center\"><span style=\"font-size: 18pt; font-family: tahoma, geneva, sans-serif;\"><strong>62<\/strong><\/span><\/p>\n<\/td>\n<\/tr>\n<tr>\n<td style=\"padding: 0pt 5.4pt; width: 85.2pt;\" width=\"142\">\n<p style=\"line-height: inherit; text-align: center; margin: 0px; padding: 0px; box-sizing: border-box;\" align=\"center\"><span style=\"font-size: 18pt; font-family: tahoma, geneva, sans-serif;\"><strong id=\"tl_17\">L<\/strong><\/span><\/p>\n<\/td>\n<td style=\"padding: 0pt 5.4pt; width: 81.6pt;\" width=\"136\">\n<p style=\"line-height: inherit; text-align: center; margin: 0px; padding: 0px; box-sizing: border-box;\" align=\"center\"><strong><span style=\"font-size: 18pt; font-family: Tahoma;\">1<\/span><\/strong><span style=\"font-size: 18pt; font-family: tahoma, geneva, sans-serif;\"><strong>26<\/strong><\/span><\/p>\n<\/td>\n<td style=\"padding: 0pt 5.4pt; width: 102pt;\" width=\"170\">\n<p style=\"line-height: inherit; text-align: center; margin: 0px; padding: 0px; box-sizing: border-box;\" align=\"center\"><span style=\"font-size: 18pt; font-family: tahoma, geneva, sans-serif;\"><strong>56<\/strong><\/span><\/p>\n<\/td>\n<td style=\"padding: 0pt 5.4pt; width: 93.6pt;\" width=\"156\">\n<p style=\"line-height: inherit; text-align: center; margin: 0px; padding: 0px; box-sizing: border-box;\" align=\"center\"><span style=\"font-size: 18pt; font-family: tahoma, geneva, sans-serif;\"><strong>74<\/strong><\/span><\/p>\n<\/td>\n<td style=\"padding: 0pt 5.4pt; width: 106.8pt;\" width=\"178\">\n<p style=\"line-height: inherit; text-align: center; margin: 0px; padding: 0px; box-sizing: border-box;\" align=\"center\"><strong><span style=\"font-size: 18pt; font-family: Tahoma;\">6<\/span><\/strong><span style=\"font-size: 18pt; font-family: tahoma, geneva, sans-serif;\"><strong>3<\/strong><\/span><\/p>\n<\/td>\n<\/tr>\n<tr>\n<td style=\"padding: 0pt 5.4pt; width: 85.2pt;\" width=\"142\">\n<p style=\"line-height: inherit; text-align: center; margin: 0px; padding: 0px; box-sizing: border-box;\" align=\"center\"><span style=\"font-size: 18pt; font-family: tahoma, geneva, sans-serif;\"><strong id=\"tl_18\">XL<\/strong><\/span><\/p>\n<\/td>\n<td style=\"padding: 0pt 5.4pt; width: 81.6pt;\" width=\"136\">\n<p style=\"line-height: inherit; text-align: center; margin: 0px; padding: 0px; box-sizing: border-box;\" align=\"center\"><strong><span style=\"font-size: 18pt; font-family: Tahoma;\">1<\/span><\/strong><span style=\"font-size: 18pt; font-family: tahoma, geneva, sans-serif;\"><strong>31<\/strong><\/span><\/p>\n<\/td>\n<td style=\"padding: 0pt 5.4pt; width: 102pt;\" width=\"170\">\n<p style=\"line-height: inherit; text-align: center; margin: 0px; padding: 0px; box-sizing: border-box;\" align=\"center\"><span style=\"font-size: 18pt; font-family: tahoma, geneva, sans-serif;\"><strong>59<\/strong><\/span><\/p>\n<\/td>\n<td style=\"padding: 0pt 5.4pt; width: 93.6pt;\" width=\"156\">\n<p style=\"line-height: inherit; text-align: center; margin: 0px; padding: 0px; box-sizing: border-box;\" align=\"center\"><span style=\"font-size: 18pt; font-family: tahoma, geneva, sans-serif;\"><strong>76<\/strong><\/span><\/p>\n<\/td>\n<td style=\"padding: 0pt 5.4pt; width: 106.8pt;\" width=\"178\">\n<p style=\"line-height: inherit; text-align: center; margin: 0px; padding: 0px; box-sizing: border-box;\" align=\"center\"><strong><span style=\"font-size: 18pt; font-family: Tahoma;\">6<\/span><\/strong><span style=\"font-size: 18pt; font-family: tahoma, geneva, sans-serif;\"><strong>3.5<\/strong><\/span><\/p>\n<\/td>\n<\/tr>\n<tr>\n<td style=\"padding: 0pt 5.4pt; width: 85.2pt;\" width=\"142\">\n<p style=\"line-height: inherit; text-align: center; margin: 0px; padding: 0px; box-sizing: border-box;\" align=\"center\"><span style=\"font-size: 18pt; font-family: tahoma, geneva, sans-serif;\"><strong id=\"tl_19\">XXL<\/strong><\/span><\/p>\n<\/td>\n<td style=\"padding: 0pt 5.4pt; width: 81.6pt;\" width=\"136\">\n<p style=\"line-height: inherit; text-align: center; margin: 0px; padding: 0px; box-sizing: border-box;\" align=\"center\"><strong><span style=\"font-size: 18pt; font-family: Tahoma;\">1<\/span><\/strong><span style=\"font-size: 18pt; font-family: tahoma, geneva, sans-serif;\"><strong>36<\/strong><\/span><\/p>\n<\/td>\n<td style=\"padding: 0pt 5.4pt; width: 102pt;\" width=\"170\">\n<p style=\"line-height: inherit; text-align: center; margin: 0px; padding: 0px; box-sizing: border-box;\" align=\"center\"><span style=\"font-size: 18pt; font-family: tahoma, geneva, sans-serif;\"><strong>61<\/strong><\/span><\/p>\n<\/td>\n<td style=\"padding: 0pt 5.4pt; width: 93.6pt;\" width=\"156\">\n<p style=\"line-height: inherit; text-align: center; margin: 0px; padding: 0px; box-sizing: border-box;\" align=\"center\"><span style=\"font-size: 18pt; font-family: tahoma, geneva, sans-serif;\"><strong>78<\/strong><\/span><\/p>\n<\/td>\n<td style=\"padding: 0pt 5.4pt; width: 106.8pt;\" width=\"178\">\n<p style=\"line-height: inherit; text-align: center; margin: 0px; padding: 0px; box-sizing: border-box;\" align=\"center\"><strong><span style=\"font-size: 18pt; font-family: Tahoma;\">6<\/span><\/strong><span style=\"font-size: 18pt; font-family: tahoma, geneva, sans-serif;\"><strong>4<\/strong><\/span><\/p>\n<\/td>\n<\/tr>\n<tr>\n<td style=\"padding: 0pt 5.4pt; width: 469.2pt;\" colspan=\"5\" width=\"782\">\n<p style=\"line-height: inherit; text-align: center; margin: 0px; padding: 0px; box-sizing: border-box;\" align=\"center\"><strong><span id=\"tl_20\" style=\"color: #ff0000; font-size: 9pt; font-family: tahoma, geneva, sans-serif;\">Veuillez v\u00e9rifier le tableau des tailles avant de commander. Si vous n'\u00eates pas s\u00fbr de la taille, veuillez nous envoyer un message.<\/span><\/strong><\/p>\n<p style=\"line-height: inherit; text-align: center; margin: 0px; padding: 0px; box-sizing: border-box;\" align=\"center\"><span style=\"color: #ff0000; font-size: 9pt; font-family: tahoma, geneva, sans-serif;\"><strong id=\"tl_21\">Tableau des tailles pour r\u00e9f\u00e9rence, une erreur de 1 \u00e0 3 cm est acceptable et normale<\/strong><\/span><\/p>\n<\/td>\n<\/tr>\n<\/tbody>\n<\/table>\n<p><img decoding=\"async\" src=\"https:\/\/ae01.alicdn.com\/kf\/S206795d3accf4869831c13e0790f3612d.jpg\" \/><img decoding=\"async\" src=\"https:\/\/ae01.alicdn.com\/kf\/Sba51fc3e24c1413ca455fc1c23d11bdaE.jpg\" \/><img decoding=\"async\" src=\"https:\/\/ae01.alicdn.com\/kf\/Sa71236cb39ae45d38587fe0b0e8da62cG.jpg\" \/><img decoding=\"async\" src=\"https:\/\/ae01.alicdn.com\/kf\/Seb0921695b874935af55912b50d12b9cF.jpg\" \/><img decoding=\"async\" src=\"https:\/\/ae01.alicdn.com\/kf\/S73cdf0e197eb49f2bfe83dbf1be42733N.jpg\" \/><img decoding=\"async\" src=\"https:\/\/ae01.alicdn.com\/kf\/S746e8a35c64b418d92990562039555ed6.jpg\" \/><img decoding=\"async\" src=\"https:\/\/ae01.alicdn.com\/kf\/Seb20630be1134a45a308ee60e0ec7375j.jpg\" \/><img decoding=\"async\" src=\"https:\/\/ae01.alicdn.com\/kf\/S64c606b8e67d45388bbf1e6a3e1b02e48.jpg\" \/><img decoding=\"async\" src=\"https:\/\/ae01.alicdn.com\/kf\/S8a399069ddff4ca5b567854b4fea3f54y.jpg\" \/><img decoding=\"async\" src=\"https:\/\/ae01.alicdn.com\/kf\/Scbf004cdec134c9499c4d6d615653706r.jpg\" \/><img decoding=\"async\" src=\"https:\/\/ae01.alicdn.com\/kf\/S66a1a4cec157481ba5b5b892f8521f2ec.jpg\" \/><img decoding=\"async\" src=\"https:\/\/ae01.alicdn.com\/kf\/Sb5c1280a7f244e11b68eaaf879e623ab4.jpg\" \/><img decoding=\"async\" src=\"https:\/\/ae01.alicdn.com\/kf\/Sf2ce0085f66e4f6482a679d08b6b88e4Q.jpg\" \/><img decoding=\"async\" src=\"https:\/\/ae01.alicdn.com\/kf\/S1c826d76da3545f49b33ea3796571d15i.jpg\" \/><img decoding=\"async\" src=\"https:\/\/ae01.alicdn.com\/kf\/Sc49317178bd242a2877d7695ab39a62fH.jpg\" \/><img decoding=\"async\" src=\"https:\/\/ae01.alicdn.com\/kf\/S65f9c4debe6048daa50048f925cd61eaQ.jpg\" \/><img decoding=\"async\" src=\"https:\/\/ae01.alicdn.com\/kf\/Sf5e6238226bf4c45ad1339d7ef6ac172a.jpg\" \/><img decoding=\"async\" src=\"https:\/\/ae01.alicdn.com\/kf\/Sd3b6357287754c539326bce9b842d863p.jpg\" \/><img decoding=\"async\" src=\"https:\/\/ae01.alicdn.com\/kf\/S248ebfed8e624c90b9be49929df0dc5dU.jpg\" \/><img decoding=\"async\" src=\"https:\/\/ae01.alicdn.com\/kf\/Sd78a0f9b55da457e8ee5cad02161bae6B.jpg\" \/><img decoding=\"async\" src=\"https:\/\/ae01.alicdn.com\/kf\/S6ccd670e0417455da424537270cd032e7.jpg\" \/><img decoding=\"async\" src=\"https:\/\/ae01.alicdn.com\/kf\/Sa85215ceefd24c94bd0ed0d6e5fbf6a7k.jpg\" \/><img decoding=\"async\" src=\"https:\/\/ae01.alicdn.com\/kf\/S8242512516c141459d39623ca6065919g.jpg\" \/><img decoding=\"async\" src=\"https:\/\/ae01.alicdn.com\/kf\/Sd0ad9210f4284752b9cd72d416a732d5W.jpg\" \/><img decoding=\"async\" src=\"https:\/\/ae01.alicdn.com\/kf\/S794b613f07564999b679c47a7616ab47S.jpg\" \/><img decoding=\"async\" src=\"https:\/\/ae01.alicdn.com\/kf\/Sf02e6bdc722d414ca788d97e36c65666Y.jpg\" \/><img decoding=\"async\" src=\"https:\/\/ae01.alicdn.com\/kf\/S4a8cd8a0301f48fcb961b8819a398630O.jpg\" \/><img decoding=\"async\" src=\"https:\/\/ae01.alicdn.com\/kf\/Sb0fe149f9fe64b35995e97483ad1ed837.jpg\" \/><img decoding=\"async\" src=\"https:\/\/ae01.alicdn.com\/kf\/S2f05bfa308e643dd9d08ff61d7dd3aa9t.jpg\" \/><img decoding=\"async\" src=\"https:\/\/ae01.alicdn.com\/kf\/S7c1e3a0cc04f4313838855918593f30cJ.jpg\" \/><\/p>\n<div>\u00a0<\/div>\n<\/div>\n<\/div>\n<p>\u00a0<\/p>\n<\/div>\n<\/div>","protected":false},"excerpt":{"rendered":"<p>Chimique Hign-concern\u00e9:\u00a0Aucun Saison Applicable:\u00a0Spring and Autumn Applicable Scene:\u00a0CASUAL Lieu du0027origine:\u00a0Chine (continent) D\u00e9coration:\u00a0\u00c9piss\u00e9 Style de Manches:\u00a0REGULAR Num\u00e9ro de Mod\u00e8le:\u00a0ZW150 \u00c0 capuche:\u00a0Pas<\/p>","protected":false},"featured_media":9710,"comment_status":"open","ping_status":"closed","template":"","meta":[],"product_brand":[],"product_cat":[15],"product_tag":[],"class_list":{"0":"post-9708","1":"product","2":"type-product","3":"status-publish","4":"has-post-thumbnail","6":"product_cat-uncategorized","8":"first","9":"instock","10":"shipping-taxable","11":"purchasable","12":"product-type-variable"},"jetpack_sharing_enabled":true,"_links":{"self":[{"href":"https:\/\/afrycom.com\/fr\/wp-json\/wp\/v2\/product\/9708","targetHints":{"allow":["GET"]}}],"collection":[{"href":"https:\/\/afrycom.com\/fr\/wp-json\/wp\/v2\/product"}],"about":[{"href":"https:\/\/afrycom.com\/fr\/wp-json\/wp\/v2\/types\/product"}],"replies":[{"embeddable":true,"href":"https:\/\/afrycom.com\/fr\/wp-json\/wp\/v2\/comments?post=9708"}],"wp:featuredmedia":[{"embeddable":true,"href":"https:\/\/afrycom.com\/fr\/wp-json\/wp\/v2\/media\/9710"}],"wp:attachment":[{"href":"https:\/\/afrycom.com\/fr\/wp-json\/wp\/v2\/media?parent=9708"}],"wp:term":[{"taxonomy":"product_brand","embeddable":true,"href":"https:\/\/afrycom.com\/fr\/wp-json\/wp\/v2\/product_brand?post=9708"},{"taxonomy":"product_cat","embeddable":true,"href":"https:\/\/afrycom.com\/fr\/wp-json\/wp\/v2\/product_cat?post=9708"},{"taxonomy":"product_tag","embeddable":true,"href":"https:\/\/afrycom.com\/fr\/wp-json\/wp\/v2\/product_tag?post=9708"}],"curies":[{"name":"wp","href":"https:\/\/api.w.org\/{rel}","templated":true}]}}