{"id":9598,"date":"2025-03-08T10:33:02","date_gmt":"2025-03-08T10:33:02","guid":{"rendered":"https:\/\/afrycom.com\/product\/pantalon-court-moulant-3-4-pour-hommes-entrainement-a-compression-fitness-survetement-course-a-pied-short-de-sport-pour-garcon-sechage-rapide\/"},"modified":"2025-03-08T10:33:09","modified_gmt":"2025-03-08T10:33:09","slug":"pantalon-court-moulant-3-4-pour-hommes-entrainement-a-compression-fitness-survetement-course-a-pied-short-de-sport-pour-garcon-sechage-rapide","status":"publish","type":"product","link":"https:\/\/afrycom.com\/fr\/produit\/pantalon-court-moulant-3-4-pour-hommes-entrainement-a-compression-fitness-survetement-course-a-pied-short-de-sport-pour-garcon-sechage-rapide\/","title":{"rendered":"Pantalon court moulant 3\/4 pour hommes, entra\u00eenement \u00e0 Compression, Fitness, surv\u00eatement, course \u00e0 pied, short de sport pour gar\u00e7on, s\u00e9chage rapide"},"content":{"rendered":"<div class=\"product-specs-list-container\">\n<ul class=\"product-specs-list util-clearfix\">\n<li class=\"product-prop line-limit-length\"><span class=\"property-title\">Nom de D\u00e9partement :\u00a0<\/span><span class=\"property-desc line-limit-length\">Unisexe<\/span><\/li>\n<li class=\"product-prop line-limit-length\"><span class=\"property-title\">Ajustement :\u00a0<\/span><span class=\"property-desc line-limit-length\">S'adapte \u00e0 la taille, prenez votre taille normale<\/span><\/li>\n<li class=\"product-prop line-limit-length\"><span class=\"property-title\">Num\u00e9ro de Mod\u00e8le :\u00a0<\/span><span class=\"property-desc line-limit-length\">TK6015<\/span><\/li>\n<li class=\"product-prop line-limit-length\"><span class=\"property-title\">Type de Motif :\u00a0<\/span><span class=\"property-desc line-limit-length\">Solide<\/span><\/li>\n<li class=\"product-prop line-limit-length\"><span class=\"property-title\">Longueur de l'article :\u00a0<\/span><span class=\"property-desc line-limit-length\">68-78cm<\/span><\/li>\n<li class=\"product-prop line-limit-length\"><span class=\"property-title\">Sexe :\u00a0<\/span><span class=\"property-desc line-limit-length\">MEN<\/span><\/li>\n<li class=\"product-prop line-limit-length\"><span class=\"property-title\">Mat\u00e9riau :\u00a0<\/span><span class=\"property-desc line-limit-length\">POLYESTER, SPANDEX<\/span><\/li>\n<li class=\"product-prop line-limit-length\"><span class=\"property-title\">Nom de marque :\u00a0<\/span><span class=\"property-desc line-limit-length\">YOUNAXIN<\/span><\/li>\n<li class=\"product-prop line-limit-length\"><span class=\"property-title\">Origine :\u00a0<\/span><span class=\"property-desc line-limit-length\">CN (Origine)<\/span><\/li>\n<li class=\"product-prop line-limit-length\"><span class=\"property-title\">CN :\u00a0<\/span><span class=\"property-desc line-limit-length\">Guangdong<\/span><\/li>\n<li class=\"product-prop line-limit-length\"><span class=\"property-title\">Type d'article :\u00a0<\/span><span class=\"property-desc line-limit-length\">Serr\u00e9<\/span><\/li>\n<li class=\"product-prop line-limit-length\"><span class=\"property-title\">Type de Sport :\u00a0<\/span><span class=\"property-desc line-limit-length\">Fonctionnement<\/span><\/li>\n<li class=\"product-prop line-limit-length\"><span class=\"property-title\">Couleur :\u00a0<\/span><span class=\"property-desc line-limit-length\">Black White Gray Blue Red Green Purple<\/span><\/li>\n<li class=\"product-prop line-limit-length\"><span class=\"property-title\">Taille :\u00a0<\/span><span class=\"property-desc line-limit-length\">S M L XL 2XL 3XL<\/span><\/li>\n<\/ul>\n<\/div>\n<div class=\"detailmodule_html\">\n<div class=\"detail-desc-decorate-richtext\">\n<div>\n<div>\u00a0<\/div>\n<div>1.YOUNAXIN<\/div>\n<div>2. Mat\u00e9riau : 85 % polyester, 15 % \u00e9lasthanne<\/div>\n<div>3. Taille : S-3XL.<\/div>\n<div>Le forfait comprend: 1 x pantalon court<\/div>\n<div>\u00a0<\/div>\n<p><span style=\"background-color: #ffffff; color: #000000; font-size: 14px; font-family: Roboto, -apple-system, BlinkMacSystemFont, 'Helvetica Neue', Helvetica, sans-serif;\">Taille S : longueur 68 cm\/26,7 pouces, taille 58 cm\/22,8 pouces, hauteur d&#8217;ajustement 155-160 cm\/5&#8217;1&#8243;-5&#8217;3&#8243;, poids d&#8217;ajustement 40 \u00e0 45 kg\/90-100 lb.<\/span><br \/><span style=\"background-color: #ffffff; color: #000000; font-size: 14px; font-family: Roboto, -apple-system, BlinkMacSystemFont, 'Helvetica Neue', Helvetica, sans-serif;\">Taille M : longueur 70 cm\/27,5 pouces, taille 62 cm\/24,4 pouces, hauteur d&#8217;ajustement 160-170 cm\/5&#8217;1&#8243;-5&#8217;7&#8243;, poids d&#8217;ajustement 45-55 kg\/100-120 lb.<\/span><br \/><span style=\"background-color: #ffffff; color: #000000; font-size: 14px; font-family: Roboto, -apple-system, BlinkMacSystemFont, 'Helvetica Neue', Helvetica, sans-serif;\">Taille L : longueur 72 cm\/28,3 pouces, taille 66 cm\/25,9 pouces, hauteur adapt\u00e9e 170-180 cm\/5&#8217;7&#8243;-5&#8217;11&#8221;, poids 55-65 kg\/120-140 lb.<\/span><br \/><span style=\"background-color: #ffffff; color: #000000; font-size: 14px; font-family: Roboto, -apple-system, BlinkMacSystemFont, 'Helvetica Neue', Helvetica, sans-serif;\">Taille XL : longueur 74 cm\/29,1 pouces, taille 70 cm\/27,5 pouces, hauteur d&#8217;ajustement 175-185 cm\/5&#8217;9&#8243;-6&#8217;1, poids d&#8217;ajustement 65-75 kg\/140-165 lb.<\/span><br \/><span style=\"background-color: #ffffff; color: #000000; font-size: 14px; font-family: Roboto, -apple-system, BlinkMacSystemFont, 'Helvetica Neue', Helvetica, sans-serif;\">Taille 2XL : longueur 76 cm\/29,9 pouces, taille 74 cm\/29,1 pouces, hauteur d&#8217;ajustement 180-190 cm\/5&#8217;11&#8221;-6&#8217;3&#8243;, poids d&#8217;ajustement 75-85 kg\/165-185 lb.<\/span><br \/><span style=\"background-color: #ffffff; color: #000000; font-size: 14px; font-family: Roboto, -apple-system, BlinkMacSystemFont, 'Helvetica Neue', Helvetica, sans-serif;\">Taille 3XL : longueur 78 cm\/30,7 pouces, taille 80 cm\/31,4 pouces, hauteur d&#8217;ajustement 185-200 cm\/6&#8217;1&#8243;-6&#8217;7&#8243;, poids d&#8217;ajustement 85-95 kg\/185-195 lb.<\/span><\/p>\n<div>\u00a0<\/div>\n<div>Remarque : 1 pouce = 2,54 cm<\/div>\n<div>Il y a une diff\u00e9rence de 2 \u00e0 3 % selon la mesure manuelle.<\/div>\n<div>Veuillez v\u00e9rifier attentivement le tableau des mesures avant d&#8217;acheter l&#8217;article.<\/div>\n<div>Veuillez noter qu&#8217;une l\u00e9g\u00e8re diff\u00e9rence de couleur devrait \u00eatre acceptable en raison de la lumi\u00e8re et de l&#8217;\u00e9cran.<\/div>\n<div>Compos\u00e9 d&#8217;un tissu \u00e9lastique respirant, confortable pour l&#8217;utilisateur, m\u00eame pour la transpiration, convient \u00e9galement aux athl\u00e8tes des femmes.<\/div>\n<div>La ceinture de soutien est en tissu respirant de haute qualit\u00e9, parfaite pour l&#8217;exercice, l&#8217;art martial, le tennis, l&#8217;halt\u00e9rophilie, la course \u00e0 pied et d&#8217;autres sports qui ont besoin d&#8217;un soutien ou d&#8217;une compression suppl\u00e9mentaire.<\/div>\n<div>Cela pourrait \u00e9galement soulager les tensions sur le muscle pour \u00e9viter une utilisation excessive!<\/div>\n<div>\u00a0<\/div>\n<div>Caract\u00e9ristiques :<\/div>\n<div>1.Le tissu respirant offre un soutien aux tissus mous sans r\u00e9tention de chaleur.<\/div>\n<div>2.Facile \u00e0 porter, adapt\u00e9 \u00e0 tous les sports. La conception l\u00e9g\u00e8re est id\u00e9ale pour une utilisation prolong\u00e9e.<\/div>\n<div>3. Sports applicables : football, basket-ball, football, tennis, volley-ball, badminton, alpinisme, escalade en plein air, etc.<\/div>\n<div>4.M\u00eame si vous transpirez, le maillot n&#8217;adh\u00e8re jamais \u00e0 votre peau, s\u00e8che rapidement et vous fait sentir plus \u00e0 l&#8217;aise.<\/div>\n<div>\u00a0<\/div>\n<div>D\u00e9tails de livraison<\/div>\n<div>Nous exp\u00e9dierons \u00e0 l&#8217;adresse que vous avez saisie lors du processus de paiement.<\/div>\n<div>Si vous achetez plusieurs articles, la facture peut \u00eatre combin\u00e9e en une seule pour payer imm\u00e9diatement et nous les exp\u00e9dions ensemble.<\/div>\n<div>Mais les frais d&#8217;exp\u00e9dition totaux seront la somme des frais d&#8217;exp\u00e9dition individuels de chaque article.<\/div>\n<div>\u00a0<\/div>\n<div>Remarque pour les acheteurs internationaux :<\/div>\n<div>1) Les droits d&#8217;importation, taxes et frais ne sont pas inclus dans le prix de l&#8217;article<\/div>\n<div>ou des frais d&#8217;exp\u00e9dition.Ces frais sont \u00e0 la charge de l&#8217;acheteur.<\/div>\n<div>2) Veuillez v\u00e9rifier aupr\u00e8s du bureau de douane de votre pays pour d\u00e9terminer quels seront ces co\u00fbts suppl\u00e9mentaires avant d&#8217;ench\u00e9rir\/acheter.<\/div>\n<div>\u00a0<\/div>\n<div>\u00c0 propos de nous<\/div>\n<div>Nous pouvons \u00eatre atteints dans la plupart des e-mails. Nous avons une r\u00e9ponse dans les 24 heures.<\/div>\n<div>Notre heure professionnelle normale est du lundi au vendredi 9h \u00e0 18h, heure de P\u00e9kin.Tous les e-mails et commandes ne seront PAS trait\u00e9s le week-end et les jours f\u00e9ri\u00e9s.<\/div>\n<div>Nous laisserons des commentaires positifs \u00e0 l&#8217;acheteur d\u00e8s que l&#8217;acheteur paiera l&#8217;article. Nous appr\u00e9cions grandement que vous puissiez nous contacter avant de laisser des commentaires n\u00e9gatifs ou neutres. Nous vous proposerons de l&#8217;aide pour r\u00e9soudre vos probl\u00e8mes le plus rapidement possible.<\/div>\n<div>\u00a0<\/div>\n<div><img decoding=\"async\" src=\"https:\/\/ae01.alicdn.com\/kf\/Sceae144a81424611b62b0b5d14e174f1f.jpg\" \/><img decoding=\"async\" src=\"https:\/\/ae01.alicdn.com\/kf\/Sce8b4dca04e9467a99cf49e062002739L.jpg\" \/><img decoding=\"async\" src=\"https:\/\/ae01.alicdn.com\/kf\/S106317a5b26642edbafa2e2e36581148o.jpg\" \/><img decoding=\"async\" src=\"https:\/\/ae01.alicdn.com\/kf\/S5823e3bd52a34852a0abd5d70f5b7ec93.jpg\" \/><\/div>\n<\/div>\n<p>\u00a0<\/p>\n<\/div>\n<\/div>","protected":false},"excerpt":{"rendered":"<p>Nom de D\u00e9partement:\u00a0Unisexe Ajustement:\u00a0S&#8217;adapte \u00e0 la taille, prenez votre taille normale Num\u00e9ro de Mod\u00e8le:\u00a0TK6015 Type de Motif:\u00a0Solide Longueur de l&#8217;article:\u00a068-78cm<\/p>","protected":false},"featured_media":9599,"comment_status":"open","ping_status":"closed","template":"","meta":[],"product_brand":[],"product_cat":[15],"product_tag":[],"class_list":{"0":"post-9598","1":"product","2":"type-product","3":"status-publish","4":"has-post-thumbnail","6":"product_cat-uncategorized","8":"first","9":"instock","10":"shipping-taxable","11":"purchasable","12":"product-type-variable"},"jetpack_sharing_enabled":true,"_links":{"self":[{"href":"https:\/\/afrycom.com\/fr\/wp-json\/wp\/v2\/product\/9598","targetHints":{"allow":["GET"]}}],"collection":[{"href":"https:\/\/afrycom.com\/fr\/wp-json\/wp\/v2\/product"}],"about":[{"href":"https:\/\/afrycom.com\/fr\/wp-json\/wp\/v2\/types\/product"}],"replies":[{"embeddable":true,"href":"https:\/\/afrycom.com\/fr\/wp-json\/wp\/v2\/comments?post=9598"}],"wp:featuredmedia":[{"embeddable":true,"href":"https:\/\/afrycom.com\/fr\/wp-json\/wp\/v2\/media\/9599"}],"wp:attachment":[{"href":"https:\/\/afrycom.com\/fr\/wp-json\/wp\/v2\/media?parent=9598"}],"wp:term":[{"taxonomy":"product_brand","embeddable":true,"href":"https:\/\/afrycom.com\/fr\/wp-json\/wp\/v2\/product_brand?post=9598"},{"taxonomy":"product_cat","embeddable":true,"href":"https:\/\/afrycom.com\/fr\/wp-json\/wp\/v2\/product_cat?post=9598"},{"taxonomy":"product_tag","embeddable":true,"href":"https:\/\/afrycom.com\/fr\/wp-json\/wp\/v2\/product_tag?post=9598"}],"curies":[{"name":"wp","href":"https:\/\/api.w.org\/{rel}","templated":true}]}}