{"id":9546,"date":"2025-03-08T10:32:44","date_gmt":"2025-03-08T10:32:44","guid":{"rendered":"https:\/\/afrycom.com\/product\/hommes-compression-course-t-shirt-fitness-serre-a-manches-longues-sport-t-shirt-formation-jogging-chemises-vetements-de-sport-vetements-a-sechage-rapide\/"},"modified":"2025-06-23T06:48:12","modified_gmt":"2025-06-23T06:48:12","slug":"hommes-compression-course-t-shirt-fitness-serre-a-manches-longues-sport-t-shirt-formation-jogging-chemises-vetements-de-sport-vetements-a-sechage-rapide","status":"publish","type":"product","link":"https:\/\/afrycom.com\/fr\/produit\/hommes-compression-course-t-shirt-fitness-serre-a-manches-longues-sport-t-shirt-formation-jogging-chemises-vetements-de-sport-vetements-a-sechage-rapide\/","title":{"rendered":"Hommes Compression course T-Shirt Fitness serr\u00e9 \u00e0 manches longues Sport T-shirt formation Jogging chemises v\u00eatements de Sport v\u00eatements \u00e0 s\u00e9chage rapide"},"content":{"rendered":"<div class=\"product-specs-list-container\">\n<ul class=\"product-specs-list util-clearfix\">\n<li class=\"product-prop line-limit-length\"><span class=\"property-title\">Nom de D\u00e9partement :\u00a0<\/span><span class=\"property-desc line-limit-length\">MEN<\/span><\/li>\n<li class=\"product-prop line-limit-length\"><span class=\"property-title\">Ajustement :\u00a0<\/span><span class=\"property-desc line-limit-length\">S'adapte \u00e0 la taille, prenez votre taille normale<\/span><\/li>\n<li class=\"product-prop line-limit-length\"><span class=\"property-title\">Saison :\u00a0<\/span><span class=\"property-desc line-limit-length\">Printemps, \u00e9t\u00e9, AUTOMNE<\/span><\/li>\n<li class=\"product-prop line-limit-length\"><span class=\"property-title\">Mat\u00e9riau :\u00a0<\/span><span class=\"property-desc line-limit-length\">POLYESTER<\/span><\/li>\n<li class=\"product-prop line-limit-length\"><span class=\"property-title\">Sexe :\u00a0<\/span><span class=\"property-desc line-limit-length\">MEN<\/span><\/li>\n<li class=\"product-prop line-limit-length\"><span class=\"property-title\">Nom de marque :\u00a0<\/span><span class=\"property-desc line-limit-length\">GENDAWAY<\/span><\/li>\n<li class=\"product-prop line-limit-length\"><span class=\"property-title\">Origine :\u00a0<\/span><span class=\"property-desc line-limit-length\">CN (Origine)<\/span><\/li>\n<li class=\"product-prop line-limit-length\"><span class=\"property-title\">CN :\u00a0<\/span><span class=\"property-desc line-limit-length\">Guangdong<\/span><\/li>\n<li class=\"product-prop line-limit-length\"><span class=\"property-title\">t shirt dry fit man :\u00a0<\/span><span class=\"property-desc line-limit-length\">T-shirt de football homme<\/span><\/li>\n<li class=\"product-prop line-limit-length\"><span class=\"property-title\">Chemise de course :\u00a0<\/span><span class=\"property-desc line-limit-length\">V\u00eatements de sport pour hommes<\/span><\/li>\n<li class=\"product-prop line-limit-length\"><span class=\"property-title\">t-shirt sport man :\u00a0<\/span><span class=\"property-desc line-limit-length\">t-shirts \u00e0 manches longues homme<\/span><\/li>\n<li class=\"product-prop line-limit-length\"><span class=\"property-title\">chemise de compression :\u00a0<\/span><span class=\"property-desc line-limit-length\">t-shirt dry fit pour hommes<\/span><\/li>\n<li class=\"product-prop line-limit-length\"><span class=\"property-title\">t-shirts pour les sportifs :\u00a0<\/span><span class=\"property-desc line-limit-length\">Chemise de compression pour hommes<\/span><\/li>\n<li class=\"product-prop line-limit-length\"><span class=\"property-title\">chemises de sport pour hommes :\u00a0<\/span><span class=\"property-desc line-limit-length\">Chemise de sport hommes<\/span><\/li>\n<li class=\"product-prop line-limit-length\"><span class=\"property-title\">T-shirt homme \u00e0 manches courtes :\u00a0<\/span><span class=\"property-desc line-limit-length\">t shirt gym homme<\/span><\/li>\n<li class=\"product-prop line-limit-length\"><span class=\"property-title\">t shirt sport homme :\u00a0<\/span><span class=\"property-desc line-limit-length\">L'homme fait du sport en premi\u00e8re couche<\/span><\/li>\n<li class=\"product-prop line-limit-length\"><span class=\"property-title\">T-shirt gymnase pour hommes :\u00a0<\/span><span class=\"property-desc line-limit-length\">Chemise de sport pour hommes<\/span><\/li>\n<li class=\"product-prop line-limit-length\"><span class=\"property-title\">Protection contre les \u00e9ruptions cutan\u00e9es pour hommes :\u00a0<\/span><span class=\"property-desc line-limit-length\">v\u00eatements de sport d'entra\u00eenement<\/span><\/li>\n<\/ul>\n<\/div>\n<div class=\"detailmodule_html\">\n<div class=\"detail-desc-decorate-richtext\">\n<div class=\"detailmodule_html\">\n<div class=\"detail-desc-decorate-richtext\">\n<p><span style=\"color: #000000; font-family: ''Open Sans'', Roboto, Arial, Helvetica, sans-serif, SimSun; font-size: 15px; font-weight: bold;\">Hommes Compression course T-Shirt Fitness serr\u00e9 \u00e0 manches longues Sport T-Shirt entra\u00eenement Jogging chemises gymnastique v\u00eatements de sport v\u00eatements \u00e0 s\u00e9chage rapide<\/span><\/p>\n<p>Taille :<\/p>\n<p>S = buste 77 cm, longueur 62 cm, pour poids 42,5-50 kg, hauteur 155-160 cm ;<br \/>\nM = buste 81 cm, longueur 63,5 cm, pour poids 50-60 kg, hauteur 165-170 cm ;<br \/>\nL = buste 85 cm, longueur 65 cm, pour poids 60-70 kg, hauteur 170-175 cm ;<br \/>\nXL = buste 89 cm, longueur 66.5 cm, pour un poids de 70 \u00e0 80 kg, une hauteur de 175 \u00e0 180 cm ;<br \/>\nXXL = buste 93 cm, longueur 68 cm, pour poids 80-90 kg, hauteur 180-185 cm ;<br \/>\nXXXL = buste 97 cm, longueur 69,5 cm, pour poids 90-10 kg hauteur 185-190 cm ;<br \/>\n<img decoding=\"async\" src=\"https:\/\/ae01.alicdn.com\/kf\/S44b3fce89f1f4d9885c8cdcf3263b10ff.jpg\" \/><br \/>\n<img decoding=\"async\" src=\"https:\/\/ae01.alicdn.com\/kf\/S261e6a267ad84c3b976529b772470d03l.jpg\" \/><br \/>\n<img decoding=\"async\" src=\"https:\/\/ae01.alicdn.com\/kf\/S6f1f70667fce4d2786f247deac5d9169N.jpg\" \/><br \/>\n<img decoding=\"async\" src=\"https:\/\/ae01.alicdn.com\/kf\/S39f255af25a64e90ae8738a8278593f19.jpg\" \/><br \/>\n<img decoding=\"async\" src=\"https:\/\/ae01.alicdn.com\/kf\/Sea3ffc899173454583baa9a1e60459f36.jpg\" \/><br \/>\n<img decoding=\"async\" src=\"https:\/\/ae01.alicdn.com\/kf\/S792e020b2356449d8d7969cf088e1cd69.jpg\" \/><br \/>\n<img decoding=\"async\" src=\"https:\/\/ae01.alicdn.com\/kf\/S6bec4b27138c44c785c4c51b8cdf2f3cO.jpg\" \/><br \/>\n<img decoding=\"async\" src=\"https:\/\/ae01.alicdn.com\/kf\/S62fefb93e17c4be3a03f37e54baff180s.jpg\" \/><br \/>\n<img decoding=\"async\" src=\"https:\/\/ae01.alicdn.com\/kf\/S65ef8356c0df4a7989e62a5c15ff0bb8u.jpg\" \/><br \/>\n<img decoding=\"async\" src=\"https:\/\/ae01.alicdn.com\/kf\/Sf0440a8ff34d4cd090cbe1cb007ee703o.jpg\" \/><\/p>\n<\/div>\n<\/div>\n<\/div>\n<\/div>","protected":false},"excerpt":{"rendered":"<p>Nom de D\u00e9partement:\u00a0MEN Ajustement:\u00a0S&#8217;adapte \u00e0 la taille, prenez votre taille normale Saison:\u00a0Printemps,summer,AUTUMN Mat\u00e9riau:\u00a0POLYESTER Sexe:\u00a0MEN Nom de marque:\u00a0GENDAWAY Origine:\u00a0CN (Origine) CN:\u00a0Guangdong<\/p>","protected":false},"featured_media":9548,"comment_status":"open","ping_status":"closed","template":"","meta":[],"product_brand":[],"product_cat":[84,5754,5755],"product_tag":[],"class_list":{"0":"post-9546","1":"product","2":"type-product","3":"status-publish","4":"has-post-thumbnail","6":"product_cat-sports-outdoors","7":"product_cat-t-shirts-shorts-tracks","8":"product_cat-workout-shorts-skirts","10":"first","11":"instock","12":"shipping-taxable","13":"purchasable","14":"product-type-variable"},"jetpack_sharing_enabled":true,"_links":{"self":[{"href":"https:\/\/afrycom.com\/fr\/wp-json\/wp\/v2\/product\/9546","targetHints":{"allow":["GET"]}}],"collection":[{"href":"https:\/\/afrycom.com\/fr\/wp-json\/wp\/v2\/product"}],"about":[{"href":"https:\/\/afrycom.com\/fr\/wp-json\/wp\/v2\/types\/product"}],"replies":[{"embeddable":true,"href":"https:\/\/afrycom.com\/fr\/wp-json\/wp\/v2\/comments?post=9546"}],"wp:featuredmedia":[{"embeddable":true,"href":"https:\/\/afrycom.com\/fr\/wp-json\/wp\/v2\/media\/9548"}],"wp:attachment":[{"href":"https:\/\/afrycom.com\/fr\/wp-json\/wp\/v2\/media?parent=9546"}],"wp:term":[{"taxonomy":"product_brand","embeddable":true,"href":"https:\/\/afrycom.com\/fr\/wp-json\/wp\/v2\/product_brand?post=9546"},{"taxonomy":"product_cat","embeddable":true,"href":"https:\/\/afrycom.com\/fr\/wp-json\/wp\/v2\/product_cat?post=9546"},{"taxonomy":"product_tag","embeddable":true,"href":"https:\/\/afrycom.com\/fr\/wp-json\/wp\/v2\/product_tag?post=9546"}],"curies":[{"name":"wp","href":"https:\/\/api.w.org\/{rel}","templated":true}]}}