{"id":9419,"date":"2025-03-08T10:32:21","date_gmt":"2025-03-08T10:32:21","guid":{"rendered":"https:\/\/afrycom.com\/product\/chaussettes-de-sport-respirantes-pour-hommes-et-enfants-leggings-de-basket-ball-football-artefact-de-fitness-document-solide-mode-estivale\/"},"modified":"2025-10-07T10:18:14","modified_gmt":"2025-10-07T10:18:14","slug":"chaussettes-de-sport-respirantes-pour-hommes-et-enfants-leggings-de-basket-ball-football-artefact-de-fitness-document-solide-mode-estivale","status":"publish","type":"product","link":"https:\/\/afrycom.com\/fr\/produit\/chaussettes-de-sport-respirantes-pour-hommes-et-enfants-leggings-de-basket-ball-football-artefact-de-fitness-document-solide-mode-estivale\/","title":{"rendered":"Chaussettes de sport respirantes pour hommes et enfants, leggings de basket-ball, football, artefact de fitness, document solide, mode estivale"},"content":{"rendered":"<div class=\"product-specs-list-container\">\n<ul class=\"product-specs-list util-clearfix\">\n<li class=\"product-prop line-limit-length\"><span class=\"property-title\">Chimique Hign-concern\u00e9 :\u00a0<\/span><span class=\"property-desc line-limit-length\">Aucun<\/span><\/li>\n<li class=\"product-prop line-limit-length\"><span class=\"property-title\">Artisanat du tissage :\u00a0<\/span><span class=\"property-desc line-limit-length\">Tricoter<\/span><\/li>\n<li class=\"product-prop line-limit-length\"><span class=\"property-title\">Mat\u00e9riau :\u00a0<\/span><span class=\"property-desc line-limit-length\">POLYESTER, COTON<\/span><\/li>\n<li class=\"product-prop line-limit-length\"><span class=\"property-title\">Nom de D\u00e9partement :\u00a0<\/span><span class=\"property-desc line-limit-length\">Unisexe<\/span><\/li>\n<li class=\"product-prop line-limit-length\"><span class=\"property-title\">Type de Sport :\u00a0<\/span><span class=\"property-desc line-limit-length\">Football<\/span><\/li>\n<li class=\"product-prop line-limit-length\"><span class=\"property-title\">S\u00e9par\u00e9s par les doigts :\u00a0<\/span><span class=\"property-desc line-limit-length\">Oui<\/span><\/li>\n<li class=\"product-prop line-limit-length\"><span class=\"property-title\">Hauteur de Tuyau :\u00a0<\/span><span class=\"property-desc line-limit-length\">Mi-bas<\/span><\/li>\n<li class=\"product-prop line-limit-length\"><span class=\"property-title\">Sexe :\u00a0<\/span><span class=\"property-desc line-limit-length\">MEN<\/span><\/li>\n<li class=\"product-prop line-limit-length\"><span class=\"property-title\">CN :\u00a0<\/span><span class=\"property-desc line-limit-length\">Guangdong<\/span><\/li>\n<li class=\"product-prop line-limit-length\"><span class=\"property-title\">Origine :\u00a0<\/span><span class=\"property-desc line-limit-length\">CN (Origine)<\/span><\/li>\n<li class=\"product-prop line-limit-length\"><span class=\"property-title\">mod\u00e8le :\u00a0<\/span><span class=\"property-desc line-limit-length\">couleur unie<\/span><\/li>\n<li class=\"product-prop line-limit-length\"><span class=\"property-title\">couleur :\u00a0<\/span><span class=\"property-desc line-limit-length\">noir, blanc, rouge, jaune, orange, vert<\/span><\/li>\n<li class=\"product-prop line-limit-length\"><span class=\"property-title\">le style :\u00a0<\/span><span class=\"property-desc line-limit-length\">chaussettes pour le football, chaussettes pour hommes<\/span><\/li>\n<li class=\"product-prop line-limit-length\"><span class=\"property-title\">caract\u00e9ristiques :\u00a0<\/span><span class=\"property-desc line-limit-length\">chaussettes de sport respirantes<\/span><\/li>\n<li class=\"product-prop line-limit-length\"><span class=\"property-title\">caract\u00e9ristique2 :\u00a0<\/span><span class=\"property-desc line-limit-length\">chaussettes de sport pour hommes, chaussettes de football pour hommes<\/span><\/li>\n<li class=\"product-prop line-limit-length\"><span class=\"property-title\">caract\u00e9ristique3 :\u00a0<\/span><span class=\"property-desc line-limit-length\">chaussettes de sport pour enfants<\/span><\/li>\n<\/ul>\n<\/div>\n<div class=\"detailmodule_html\">\n<div class=\"detail-desc-decorate-richtext\">\n<p>\u00a0<\/p>\n<p>\u00a0<\/p>\n<div>\u00a0<\/div>\n<div class=\"detailmodule_html\">\n<div class=\"detail-desc-decorate-richtext\">\n<div><strong id=\"tl_1\">Caract\u00e9ristique :<\/strong><\/div>\n<div id=\"tl_2\">Couleurs simples et \u00e0 la mode ; respirant et \u00e0 s\u00e9chage rapide, \u00e9vacuation de l'humidit\u00e9 ; haute \u00e9lasticit\u00e9 et respirant, ajustement serr\u00e9.<\/div>\n<div>\u00a0<\/div>\n<div><strong id=\"tl_3\">Sp\u00e9cification :<\/strong><\/div>\n<div id=\"tl_4\">Nom : Leggings Football<\/div>\n<div id=\"tl_5\">Poids : 55-62g<\/div>\n<div id=\"tl_6\">Taille : Adultes : 37*10cm\/14.57*3.94in ; Enfants : 31*9cm\/12.2*3.54in<\/div>\n<div id=\"tl_7\">Convient \u00e0 la circonf\u00e9rence des jambes : moins que les adultes : 43cm\/16,93 pouces ; Enfants : moins de 35cm\/13,78 pouces<\/div>\n<div id=\"tl_8\">Mat\u00e9riel : Coton, Spandex<\/div>\n<div id=\"tl_9\">Couleur : Bleu, Jaune, Rouge<\/div>\n<div>\u00a0<\/div>\n<div><strong id=\"tl_10\">Remarque :<\/strong><\/div>\n<div id=\"tl_11\">En raison des diff\u00e9rents \u00e9crans et de l'effet de lumi\u00e8re, la couleur r\u00e9elle de l'article peut \u00eatre l\u00e9g\u00e8rement diff\u00e9rente de la couleur affich\u00e9e sur les photos. Merci de votre compr\u00e9hension.<\/div>\n<div id=\"tl_12\">Veuillez permettre un \u00e9cart de mesure de 1 \u00e0 2cm en raison de la mesure manuelle.<\/div>\n<div>\u00a0<\/div>\n<div id=\"tl_13\">2 X Chaussettes de football<\/p>\n<p><img decoding=\"async\" src=\"https:\/\/ae01.alicdn.com\/kf\/S358b55ff2ba7459f94773bbf7da406f3s.png\" \/><br \/><img decoding=\"async\" src=\"https:\/\/ae01.alicdn.com\/kf\/S40dc861cf548473b80e663b342e43f313.png\" \/><br \/><img decoding=\"async\" src=\"https:\/\/ae01.alicdn.com\/kf\/S6bc7af9b083f4516806d3ede04df4e6bT.png\" \/><br \/><img decoding=\"async\" src=\"https:\/\/ae01.alicdn.com\/kf\/S1c47d8df40f1406cbe7cb3ccfa415148K.png\" \/><br \/><img decoding=\"async\" src=\"https:\/\/ae01.alicdn.com\/kf\/Sea615e03bdf24944abc111652bd226ffY.png\" \/><br \/><img decoding=\"async\" src=\"https:\/\/ae01.alicdn.com\/kf\/Scf4753de0bfa4bc99db4772d1262d4c6P.png\" \/><br \/><img decoding=\"async\" src=\"https:\/\/ae01.alicdn.com\/kf\/S22f1f6883c9c48f89fd05202abc53e84N.png\" \/><br \/><img decoding=\"async\" src=\"https:\/\/ae01.alicdn.com\/kf\/S211219be6ffd4e749d16cb3821e47dabE.jpg\" \/><br \/><img decoding=\"async\" src=\"https:\/\/ae01.alicdn.com\/kf\/Sa74a4686942940c580eff06c91dbea0fw.jpg\" \/><br \/><img decoding=\"async\" src=\"https:\/\/ae01.alicdn.com\/kf\/S84c15ef0deb64fd3b71ad91b51f414c3L.jpg\" \/><br \/><img decoding=\"async\" src=\"https:\/\/ae01.alicdn.com\/kf\/S5f773f34a74949ef9d09083f8a14fdfc7.jpg\" \/><br \/><img decoding=\"async\" src=\"https:\/\/ae01.alicdn.com\/kf\/S5fa19e155bf846e1aa875fd54da1b691j.jpg\" \/><br \/><img decoding=\"async\" src=\"https:\/\/ae01.alicdn.com\/kf\/S0dbf15f39a4147479d0154e668c3bc77P.jpg\" \/><br \/><img decoding=\"async\" src=\"https:\/\/ae01.alicdn.com\/kf\/S25e2802109a34b7681ec6460271b1677q.jpg\" \/><\/div>\n<\/div>\n<\/div>\n<p>\u00a0<\/p>\n<p>\u00a0<\/p>\n<p>\u00a0<\/p>\n<p>\u00a0<\/p>\n<p>\u00a0<\/p>\n<p>\u00a0<\/p>\n<\/div>\n<\/div>","protected":false},"excerpt":{"rendered":"<p>Chimique Hign-concern\u00e9:\u00a0Aucun Artisanat du tissage:\u00a0Tricoter Mat\u00e9riau:\u00a0POLYESTER,COTTON Nom de D\u00e9partement:\u00a0Unisexe Type de Sport:\u00a0Football S\u00e9par\u00e9s par les doigts:\u00a0Oui Hauteur de Tuyau:\u00a0Mi-bas Sexe:\u00a0MEN<\/p>","protected":false},"featured_media":9420,"comment_status":"open","ping_status":"closed","template":"","meta":[],"product_brand":[],"product_cat":[5749,84,5755],"product_tag":[],"class_list":{"0":"post-9419","1":"product","2":"type-product","3":"status-publish","4":"has-post-thumbnail","6":"product_cat-football","7":"product_cat-sports-outdoors","8":"product_cat-workout-shorts-skirts","10":"first","11":"instock","12":"shipping-taxable","13":"purchasable","14":"product-type-variable"},"jetpack_sharing_enabled":true,"_links":{"self":[{"href":"https:\/\/afrycom.com\/fr\/wp-json\/wp\/v2\/product\/9419","targetHints":{"allow":["GET"]}}],"collection":[{"href":"https:\/\/afrycom.com\/fr\/wp-json\/wp\/v2\/product"}],"about":[{"href":"https:\/\/afrycom.com\/fr\/wp-json\/wp\/v2\/types\/product"}],"replies":[{"embeddable":true,"href":"https:\/\/afrycom.com\/fr\/wp-json\/wp\/v2\/comments?post=9419"}],"wp:featuredmedia":[{"embeddable":true,"href":"https:\/\/afrycom.com\/fr\/wp-json\/wp\/v2\/media\/9420"}],"wp:attachment":[{"href":"https:\/\/afrycom.com\/fr\/wp-json\/wp\/v2\/media?parent=9419"}],"wp:term":[{"taxonomy":"product_brand","embeddable":true,"href":"https:\/\/afrycom.com\/fr\/wp-json\/wp\/v2\/product_brand?post=9419"},{"taxonomy":"product_cat","embeddable":true,"href":"https:\/\/afrycom.com\/fr\/wp-json\/wp\/v2\/product_cat?post=9419"},{"taxonomy":"product_tag","embeddable":true,"href":"https:\/\/afrycom.com\/fr\/wp-json\/wp\/v2\/product_tag?post=9419"}],"curies":[{"name":"wp","href":"https:\/\/api.w.org\/{rel}","templated":true}]}}