{"id":9394,"date":"2025-03-08T10:32:03","date_gmt":"2025-03-08T10:32:03","guid":{"rendered":"https:\/\/afrycom.com\/product\/1-paire-de-chaussettes-de-compression-de-sport-pour-femmes-et-hommes-chaussettes-de-soutien-des-mollets-pour-la-course-a-pied-infirmieres-vol-grossesse-circulation-athletique\/"},"modified":"2025-04-02T03:54:31","modified_gmt":"2025-04-02T03:54:31","slug":"paire-de-chaussettes-de-compression-de-sport-pour-femmes-et-hommes-chaussettes-de-soutien-des-mollets-pour-la-course-a-pied-infirmieres-vol-grossesse-circulation-athletique","status":"publish","type":"product","link":"https:\/\/afrycom.com\/fr\/produit\/paire-de-chaussettes-de-compression-de-sport-pour-femmes-et-hommes-chaussettes-de-soutien-des-mollets-pour-la-course-a-pied-infirmieres-vol-grossesse-circulation-athletique\/","title":{"rendered":"paire de chaussettes de compression de sport pour femmes et hommes-chaussettes de soutien des mollets pour la course \u00e0 pied infirmi\u00e8res vol grossesse Circulation athl\u00e9tique"},"content":{"rendered":"<div class=\"product-specs-list-container\">\n<ul class=\"product-specs-list util-clearfix\">\n<li class=\"product-prop line-limit-length\"><span class=\"property-title\">Chimique Hign-concern\u00e9 :\u00a0<\/span><span class=\"property-desc line-limit-length\">Aucun<\/span><\/li>\n<li class=\"product-prop line-limit-length\"><span class=\"property-title\">Mat\u00e9riau :\u00a0<\/span><span class=\"property-desc line-limit-length\">Nylon<\/span><\/li>\n<li class=\"product-prop line-limit-length\"><span class=\"property-title\">Nom de D\u00e9partement :\u00a0<\/span><span class=\"property-desc line-limit-length\">Unisexe<\/span><\/li>\n<li class=\"product-prop line-limit-length\"><span class=\"property-title\">Type de Sport :\u00a0<\/span><span class=\"property-desc line-limit-length\">Football<\/span><\/li>\n<li class=\"product-prop line-limit-length\"><span class=\"property-title\">S\u00e9par\u00e9s par les doigts :\u00a0<\/span><span class=\"property-desc line-limit-length\">Pas de<\/span><\/li>\n<li class=\"product-prop line-limit-length\"><span class=\"property-title\">Hauteur de Tuyau :\u00a0<\/span><span class=\"property-desc line-limit-length\">Stock<\/span><\/li>\n<li class=\"product-prop line-limit-length\"><span class=\"property-title\">Sexe :\u00a0<\/span><span class=\"property-desc line-limit-length\">MEN<\/span><\/li>\n<li class=\"product-prop line-limit-length\"><span class=\"property-title\">Origine :\u00a0<\/span><span class=\"property-desc line-limit-length\">CN (Origine)<\/span><\/li>\n<li class=\"product-prop line-limit-length\"><span class=\"property-title\">CN :\u00a0<\/span><span class=\"property-desc line-limit-length\">Guangdong<\/span><\/li>\n<li class=\"product-prop line-limit-length\"><span class=\"property-title\">Dropshipping :\u00a0<\/span><span class=\"property-desc line-limit-length\">dropshipping produits les plus vendus<\/span><\/li>\n<li class=\"product-prop line-limit-length\"><span class=\"property-title\">Couleur :\u00a0<\/span><span class=\"property-desc line-limit-length\">Orange, bleu, vert, rouge ros\u00e9, gris clair, gris fonc\u00e9<\/span><\/li>\n<li class=\"product-prop line-limit-length\"><span class=\"property-title\">Quantit\u00e9 :\u00a0<\/span><span class=\"property-desc line-limit-length\">1 paire<\/span><\/li>\n<li class=\"product-prop line-limit-length\"><span class=\"property-title\">Vente en gros :\u00a0<\/span><span class=\"property-desc line-limit-length\">Achetez 10 paires et b\u00e9n\u00e9ficiez d'une r\u00e9duction suppl\u00e9mentaire de 5%<\/span><\/li>\n<li class=\"product-prop line-limit-length\"><span class=\"property-title\">Caract\u00e9ristique 1 :\u00a0<\/span><span class=\"property-desc line-limit-length\">Accessoire de football<\/span><\/li>\n<li class=\"product-prop line-limit-length\"><span class=\"property-title\">Caract\u00e9ristique 2 :\u00a0<\/span><span class=\"property-desc line-limit-length\">Protection des tibias<\/span><\/li>\n<li class=\"product-prop line-limit-length\"><span class=\"property-title\">Caract\u00e9ristique 3 :\u00a0<\/span><span class=\"property-desc line-limit-length\">Polyester de haute qualit\u00e9<\/span><\/li>\n<li class=\"product-prop line-limit-length\"><span class=\"property-title\">Caract\u00e9ristique 4 :\u00a0<\/span><span class=\"property-desc line-limit-length\">Basket-ball Tennis Cyclisme<\/span><\/li>\n<li class=\"product-prop line-limit-length\"><span class=\"property-title\">Caract\u00e9ristique 5 :\u00a0<\/span><span class=\"property-desc line-limit-length\">Prot\u00e8ge-tibia sportif<\/span><\/li>\n<li class=\"product-prop line-limit-length\"><span class=\"property-title\">Caract\u00e9ristique 6 :\u00a0<\/span><span class=\"property-desc line-limit-length\">Prot\u00e8ge-tibias pour le football<\/span><\/li>\n<li class=\"product-prop line-limit-length\"><span class=\"property-title\">Article 7 :\u00a0<\/span><span class=\"property-desc line-limit-length\">Prot\u00e8ge-tibia<\/span><\/li>\n<li class=\"product-prop line-limit-length\"><span class=\"property-title\">Article 8 :\u00a0<\/span><span class=\"property-desc line-limit-length\">Football Canilleras<\/span><\/li>\n<li class=\"product-prop line-limit-length\"><span class=\"property-title\">Caract\u00e9ristique 9 :\u00a0<\/span><span class=\"property-desc line-limit-length\">Prot\u00e8ge-tibias Soccer<\/span><\/li>\n<li class=\"product-prop line-limit-length\"><span class=\"property-title\">Caract\u00e9ristique 10 :\u00a0<\/span><span class=\"property-desc line-limit-length\">Prot\u00e8ge-tibias<\/span><\/li>\n<li class=\"product-prop line-limit-length\"><span class=\"property-title\">Caract\u00e9ristique 11 :\u00a0<\/span><span class=\"property-desc line-limit-length\">Accessoires de sport<\/span><\/li>\n<li class=\"product-prop line-limit-length\"><span class=\"property-title\">Caract\u00e9ristique 12 :\u00a0<\/span><span class=\"property-desc line-limit-length\">Prot\u00e8ge-tibias<\/span><\/li>\n<li class=\"product-prop line-limit-length\"><span class=\"property-title\">Caract\u00e9ristique 13 :\u00a0<\/span><span class=\"property-desc line-limit-length\">Manchons pour mollets<\/span><\/li>\n<li class=\"product-prop line-limit-length\"><span class=\"property-title\">Caract\u00e9ristique 14 :\u00a0<\/span><span class=\"property-desc line-limit-length\">S\u00e9curit\u00e9 dans le sport<\/span><\/li>\n<li class=\"product-prop line-limit-length\"><span class=\"property-title\">Manchette de mollet :\u00a0<\/span><span class=\"property-desc line-limit-length\">Manchons de compression pour les jambes<\/span><\/li>\n<li class=\"product-prop line-limit-length\"><span class=\"property-title\">Manchon d'exercice pour mollets :\u00a0<\/span><span class=\"property-desc line-limit-length\">Manchon pour mollets pour les sports de plein air<\/span><\/li>\n<li class=\"product-prop line-limit-length\"><span class=\"property-title\">Manchon pour mollets de badminton :\u00a0<\/span><span class=\"property-desc line-limit-length\">Manchette de football pour mollets<\/span><\/li>\n<li class=\"product-prop line-limit-length\"><span class=\"property-title\">Manchette de randonn\u00e9e pour les mollets :\u00a0<\/span><span class=\"property-desc line-limit-length\">Manchette de tennis pour mollets<\/span><\/li>\n<li class=\"product-prop line-limit-length\"><span class=\"property-title\">Manchon d'escalade pour mollets :\u00a0<\/span><span class=\"property-desc line-limit-length\">Manchette de volley-ball pour mollets<\/span><\/li>\n<li class=\"product-prop line-limit-length\"><span class=\"property-title\">Manchette cycliste pour mollets :\u00a0<\/span><span class=\"property-desc line-limit-length\">Manchette de mollet avec protection UV<\/span><\/li>\n<li class=\"product-prop line-limit-length\"><span class=\"property-title\">Manchon Fitness pour mollets :\u00a0<\/span><span class=\"property-desc line-limit-length\">Manches de circulation du mollet<\/span><\/li>\n<\/ul>\n<\/div>\n<div class=\"detailmodule_html\">\n<div class=\"detail-desc-decorate-richtext\">\n<div class=\"detailmodule_html\">\n<div class=\"detail-desc-decorate-richtext\">\n<div>\n<div>\n<div>\n<div>\n<div>\n<div>\n<div>\n<div>\n<div>\n<div>\n<div>\n<div>\n<div><\/div>\n<\/div>\n<\/div>\n<\/div>\n<\/div>\n<\/div>\n<\/div>\n<\/div>\n<\/div>\n<\/div>\n<\/div>\n<\/div>\n<\/div>\n<hr \/>\n<div style=\"font-family: 'Open Sans', Roboto, Arial, Helvetica, sans-serif, SimSun; font-size: 14px; font-weight: 400; letter-spacing: normal; text-align: start; white-space: normal; color: #000000; background-color: #ffffff; margin: 0px; padding: 0px; box-sizing: content-box;\" align=\"start\">\n<div style=\"font-family: 'Open Sans', Roboto, Arial, Helvetica, sans-serif, SimSun; font-size: 14px; font-weight: 400; letter-spacing: normal; text-align: start; white-space: normal; color: #000000; background-color: #ffffff; margin: 0px; padding: 0px; box-sizing: content-box;\" align=\"start\"><span style=\"font-family: Arial, Helvetica, sans-serif;\"><span style=\"font-size: 36px;\">Chaussettes de compression de sport pour femmes et hommes, soutien des mollets<\/span><\/span><\/div>\n<div style=\"font-family: 'Open Sans', Roboto, Arial, Helvetica, sans-serif, SimSun; font-size: 14px; font-weight: 400; letter-spacing: normal; text-align: start; white-space: normal; color: #000000; background-color: #ffffff; margin: 0px; padding: 0px; box-sizing: content-box;\" align=\"start\">\n<p style=\"font-size: 14px; font-weight: 400; line-height: 2.2; margin: 0px; padding: 0px; box-sizing: border-box;\"><strong><span style=\"font-family: Arial, Helvetica, sans-serif;\"><span style=\"font-size: 36px;\"><span style=\"color: #bdc3c7;\">Par BraceTop<\/span><\/span><\/span><\/strong><\/p>\n<\/div>\n<\/div>\n<hr \/>\n<p><span style=\"background-color: #ffffff; color: #000000; font-size: 14px; font-family: 'Open Sans', Roboto, Arial, Helvetica, sans-serif, SimSun;\"><strong><span style=\"font-size: 24px;\"><span style=\"font-family: Arial, Helvetica, sans-serif;\">Description du produit<\/span><\/span><\/strong><\/span><br \/>\n<span style=\"background-color: #ffffff; color: #000000; font-size: 14px; font-family: 'Open Sans', Roboto, Arial, Helvetica, sans-serif, SimSun;\"><span style=\"font-size: 24px;\"><span style=\"background-color: #ffffff; color: #000000; font-size: 20px; font-family: 'Open Sans', Roboto, Arial, Helvetica, sans-serif, SimSun;\"><span style=\"font-family: Arial, Helvetica, sans-serif;\">Couleur : orange, bleu, vert, rose rouge, gris clair, gris fonc\u00e9.<br \/>\nMat\u00e9riau : 85 % nylon, 15 % polyester<br \/>\nTaille : S\/M, L\/XL<br \/>\nCostume pour : hommes, femmes, adultes, hommes, femmes, adolescents.<br \/>\nSc\u00e8ne applicable : course \u00e0 pied, escalade, golf, basket-ball, football, volley-ball, tennis, badminton, alpinisme, randonn\u00e9e, cyclisme, musculation, yoga, fitness sportif, etc.<br \/>\nVeuillez permettre un \u00e9cart de mesure de 1 \u00e0 2 cm en raison de la mesure manuelle<br \/>\nEn raison des diff\u00e9rents \u00e9crans et conditions d'\u00e9clairage, les couleurs peuvent \u00eatre l\u00e9g\u00e8rement diff\u00e9rentes des photos r\u00e9pertori\u00e9es.<\/span><\/span><\/span><\/span><\/p>\n<hr \/>\n<p><span style=\"background-color: #ffffff; color: #000000; font-size: 14px; font-family: 'Open Sans', Roboto, Arial, Helvetica, sans-serif, SimSun;\"><strong><span style=\"font-size: 24px;\"><span style=\"font-family: Arial, Helvetica, sans-serif;\">AVANTAGES DES CHAUSSETTES DE COMPRESSION :<\/span><\/span><\/strong><\/span><br \/>\n<span style=\"background-color: #ffffff; color: #000000; font-size: 14px; font-family: 'Open Sans', Roboto, Arial, Helvetica, sans-serif, SimSun;\"><span style=\"font-size: 24px;\"><span style=\"background-color: #ffffff; color: #000000; font-size: 20px; font-family: 'Open Sans', Roboto, Arial, Helvetica, sans-serif, SimSun;\"><span style=\"font-family: Arial, Helvetica, sans-serif;\">- La compression gradu\u00e9e am\u00e9liore la circulation sanguine + r\u00e9duit l'enflure.<br \/>\n- Combattez la fatigue quotidienne + R\u00e9duisez les douleurs musculaires.<br \/>\n- Pr\u00e9venir les varices, pr\u00e9venir les caillots sanguins apr\u00e8s une intervention chirurgicale.<br \/>\n- Offre un soutien musculaire optimal lors des activit\u00e9s quotidiennes d\u00e9contract\u00e9es.<br \/>\n- Aide \u00e0 soulager la douleur et l'inconfort li\u00e9s \u00e0 la fasciite plantaire.<br \/>\n-Mat\u00e9riau respirant, garde vos pieds au sec et minimise les ampoules.<br \/>\n- Choisissez ces chaussettes \u00e0 porter de routine pour vous sentir soulag\u00e9, restaur\u00e9 et satisfait !<\/span><\/span><\/span><\/span><\/p>\n<hr \/>\n<p><span style=\"background-color: #ffffff; color: #000000; font-size: 14px; font-family: 'Open Sans', Roboto, Arial, Helvetica, sans-serif, SimSun;\"><strong><span style=\"font-size: 24px;\"><span style=\"font-family: Arial, Helvetica, sans-serif;\">Pratiquement tout le monde peut en b\u00e9n\u00e9ficier :<\/span><\/span><\/strong><\/span><br \/>\n<span style=\"background-color: #ffffff; color: #000000; font-size: 14px; font-family: 'Open Sans', Roboto, Arial, Helvetica, sans-serif, SimSun;\"><span style=\"font-size: 24px;\"><span style=\"background-color: #ffffff; color: #000000; font-size: 20px; font-family: 'Open Sans', Roboto, Arial, Helvetica, sans-serif, SimSun;\"><span style=\"font-family: Arial, Helvetica, sans-serif;\">- Sports, course \u00e0 pied, randonn\u00e9e, fitness, v\u00e9lo.<br \/>\n- Des hommes d'affaires ou des employ\u00e9s de bureau ayant des postes de bureau qui n\u00e9cessitent une position assise prolong\u00e9e.<br \/>\n- Voyageurs fr\u00e9quents ou toute personne effectuant un long vol en avion.<br \/>\n- Masseurs, cosm\u00e9tologues et stylistes.<br \/>\n- Enseignants, occupations d'entrep\u00f4t, d'emballage ou de livraison.<br \/>\n- Ouvriers du b\u00e2timent, chefs, ouvriers en ligne et personnel de service de restaurant.<br \/>\n- Des emplois qui n\u00e9cessitent que vous soyez beaucoup et plus debout !<br \/>\n- Que vous vous habilliez pour le travail ou pour une aventure du week-end<br \/>\n- Quiconque est debout toute la journ\u00e9e et a besoin de soulagement et souhaite pr\u00e9venir les douleurs musculaires des jambes<\/span><\/span><\/span><\/span><\/p>\n<hr \/>\n<p><span style=\"background-color: #ffffff; color: #000000; font-size: 24px; font-family: 'Open Sans', Roboto, Arial, Helvetica, sans-serif, SimSun;\"><strong><span style=\"font-size: 24px;\"><span style=\"font-family: Arial, Helvetica, sans-serif;\">Liste de colisage<\/span><\/span><\/strong><\/span><br \/>\n<span style=\"background-color: #ffffff; color: #000000; font-size: 24px; font-family: 'Open Sans', Roboto, Arial, Helvetica, sans-serif, SimSun;\"><span style=\"background-color: #ffffff; color: #000000; font-size: 20px; font-family: 'Open Sans', Roboto, Arial, Helvetica, sans-serif, SimSun;\"><span style=\"font-family: Arial, Helvetica, sans-serif;\">1 paire * chaussettes de compression de sport<\/span><\/span><\/span><\/p>\n<hr \/>\n<p style=\"text-align: left; margin: 0px;\" align=\"left\">\n<div>\n<p style=\"margin: 0px; display: block; width: 100%;\">\n<\/div>\n<\/div>\n<\/div>\n<\/div>\n<\/div>","protected":false},"excerpt":{"rendered":"<p>Chimique Hign-concern\u00e9:\u00a0Aucun Mat\u00e9riau:\u00a0Nylon Nom de D\u00e9partement:\u00a0Unisexe Type de Sport:\u00a0Football S\u00e9par\u00e9s par les doigts:\u00a0Pas de Hauteur de Tuyau:\u00a0Stock Sexe:\u00a0MEN Origine:\u00a0CN (Origine)<\/p>","protected":false},"featured_media":9395,"comment_status":"open","ping_status":"closed","template":"","meta":[],"product_brand":[],"product_cat":[84],"product_tag":[],"class_list":{"0":"post-9394","1":"product","2":"type-product","3":"status-publish","4":"has-post-thumbnail","6":"product_cat-sports-outdoors","8":"first","9":"instock","10":"shipping-taxable","11":"purchasable","12":"product-type-variable"},"jetpack_sharing_enabled":true,"_links":{"self":[{"href":"https:\/\/afrycom.com\/fr\/wp-json\/wp\/v2\/product\/9394","targetHints":{"allow":["GET"]}}],"collection":[{"href":"https:\/\/afrycom.com\/fr\/wp-json\/wp\/v2\/product"}],"about":[{"href":"https:\/\/afrycom.com\/fr\/wp-json\/wp\/v2\/types\/product"}],"replies":[{"embeddable":true,"href":"https:\/\/afrycom.com\/fr\/wp-json\/wp\/v2\/comments?post=9394"}],"wp:featuredmedia":[{"embeddable":true,"href":"https:\/\/afrycom.com\/fr\/wp-json\/wp\/v2\/media\/9395"}],"wp:attachment":[{"href":"https:\/\/afrycom.com\/fr\/wp-json\/wp\/v2\/media?parent=9394"}],"wp:term":[{"taxonomy":"product_brand","embeddable":true,"href":"https:\/\/afrycom.com\/fr\/wp-json\/wp\/v2\/product_brand?post=9394"},{"taxonomy":"product_cat","embeddable":true,"href":"https:\/\/afrycom.com\/fr\/wp-json\/wp\/v2\/product_cat?post=9394"},{"taxonomy":"product_tag","embeddable":true,"href":"https:\/\/afrycom.com\/fr\/wp-json\/wp\/v2\/product_tag?post=9394"}],"curies":[{"name":"wp","href":"https:\/\/api.w.org\/{rel}","templated":true}]}}