{"id":9303,"date":"2025-03-08T10:31:16","date_gmt":"2025-03-08T10:31:16","guid":{"rendered":"https:\/\/afrycom.com\/product\/sweat-shirt-a-capuche-ample-pour-hommes-nouvelle-mode-printemps-et-automne-decontracte-hauts-simples-couleur-unie-vetements-epais-pour-hommes\/"},"modified":"2025-03-08T10:31:27","modified_gmt":"2025-03-08T10:31:27","slug":"sweat-shirt-a-capuche-ample-pour-hommes-nouvelle-mode-printemps-et-automne-decontracte-hauts-simples-couleur-unie-vetements-epais-pour-hommes","status":"publish","type":"product","link":"https:\/\/afrycom.com\/fr\/produit\/sweat-shirt-a-capuche-ample-pour-hommes-nouvelle-mode-printemps-et-automne-decontracte-hauts-simples-couleur-unie-vetements-epais-pour-hommes\/","title":{"rendered":"Sweat-shirt \u00e0 capuche ample pour hommes, nouvelle mode printemps et automne, d\u00e9contract\u00e9, hauts simples, couleur unie, v\u00eatements \u00e9pais pour hommes"},"content":{"rendered":"<div class=\"product-specs-list-container\">\n<ul class=\"product-specs-list util-clearfix\">\n<li class=\"product-prop line-limit-length\"><span class=\"property-title\">Si l'ouverture compl\u00e8te :\u00a0<\/span><span class=\"property-desc line-limit-length\">Non<\/span><\/li>\n<li class=\"product-prop line-limit-length\"><span class=\"property-title\">Chimique Hign-concern\u00e9 :\u00a0<\/span><span class=\"property-desc line-limit-length\">Aucun<\/span><\/li>\n<li class=\"product-prop line-limit-length\"><span class=\"property-title\">Artisanat du tissage :\u00a0<\/span><span class=\"property-desc line-limit-length\">Tricoter<\/span><\/li>\n<li class=\"product-prop line-limit-length\"><span class=\"property-title\">Saison Applicable :\u00a0<\/span><span class=\"property-desc line-limit-length\">Printemps et automne<\/span><\/li>\n<li class=\"product-prop line-limit-length\"><span class=\"property-title\">Sc\u00e8ne applicable :\u00a0<\/span><span class=\"property-desc line-limit-length\">CASUAL<\/span><\/li>\n<li class=\"product-prop line-limit-length\"><span class=\"property-title\">Lieu du0027origine :\u00a0<\/span><span class=\"property-desc line-limit-length\">Chine (continent)<\/span><\/li>\n<li class=\"product-prop line-limit-length\"><span class=\"property-title\">Type :\u00a0<\/span><span class=\"property-desc line-limit-length\">LOSE<\/span><\/li>\n<li class=\"product-prop line-limit-length\"><span class=\"property-title\">\u00c0 capuche :\u00a0<\/span><span class=\"property-desc line-limit-length\">Oui<\/span><\/li>\n<li class=\"product-prop line-limit-length\"><span class=\"property-title\">Type de Motif :\u00a0<\/span><span class=\"property-desc line-limit-length\">Solide<\/span><\/li>\n<li class=\"product-prop line-limit-length\"><span class=\"property-title\">Longueur de V\u00eatement :\u00a0<\/span><span class=\"property-desc line-limit-length\">R\u00c9GULIER<\/span><\/li>\n<li class=\"product-prop line-limit-length\"><span class=\"property-title\">Mat\u00e9riau :\u00a0<\/span><span class=\"property-desc line-limit-length\">POLYESTER<\/span><\/li>\n<li class=\"product-prop line-limit-length\"><span class=\"property-title\">Style :\u00a0<\/span><span class=\"property-desc line-limit-length\">Le sport<\/span><\/li>\n<li class=\"product-prop line-limit-length\"><span class=\"property-title\">Collier :\u00a0<\/span><span class=\"property-desc line-limit-length\">\u00c0 capuche<\/span><\/li>\n<li class=\"product-prop line-limit-length\"><span class=\"property-title\">Style de Manches :\u00a0<\/span><span class=\"property-desc line-limit-length\">R\u00c9GULIER<\/span><\/li>\n<li class=\"product-prop line-limit-length\"><span class=\"property-title\">Type de fermeture :\u00a0<\/span><span class=\"property-desc line-limit-length\">Aucun<\/span><\/li>\n<li class=\"product-prop line-limit-length\"><span class=\"property-title\">Longueur de Manche (cm) :\u00a0<\/span><span class=\"property-desc line-limit-length\">Plein<\/span><\/li>\n<li class=\"product-prop line-limit-length\"><span class=\"property-title\">Origine :\u00a0<\/span><span class=\"property-desc line-limit-length\">CN (Origine)<\/span><\/li>\n<li class=\"product-prop line-limit-length\"><span class=\"property-title\">CN :\u00a0<\/span><span class=\"property-desc line-limit-length\">Jiangxi<\/span><\/li>\n<li class=\"product-prop line-limit-length\"><span class=\"property-title\">Sexe :\u00a0<\/span><span class=\"property-desc line-limit-length\">MEN<\/span><\/li>\n<li class=\"product-prop line-limit-length\"><span class=\"property-title\">Type d'article :\u00a0<\/span><span class=\"property-desc line-limit-length\">Sweats \u00e0 capuche<\/span><\/li>\n<\/ul>\n<\/div>\n<div class=\"detailmodule_html\">\n<div class=\"detail-desc-decorate-richtext\">\n<div class=\"detailmodule_text\">\n<p style=\"font-size: 24px; font-weight: bold; color: #ff0000;\"><span style=\"font-size: 28px;\">Les v\u00eatements sont en polyester et une petite odeur est normale.<\/span><\/p>\n<\/div>\n<div class=\"detailmodule_text-image\"><img decoding=\"async\" class=\"detail-desc-decorate-image\" src=\"https:\/\/ae01.alicdn.com\/kf\/S548d23f5d7a9442999699459dad401ccy.jpg\" \/><img decoding=\"async\" class=\"detail-desc-decorate-image\" src=\"https:\/\/ae01.alicdn.com\/kf\/Sf131da575c4d4736916eda9e451f2a0aI.jpg\" \/><img decoding=\"async\" class=\"detail-desc-decorate-image\" src=\"https:\/\/ae01.alicdn.com\/kf\/Sda2d0bfb4f424bd394ef1a3af419b100H.jpg\" \/><img decoding=\"async\" class=\"detail-desc-decorate-image\" src=\"https:\/\/ae01.alicdn.com\/kf\/Sdf5dace642eb4a589ea2ce953e8c6e30o.jpg\" \/><img decoding=\"async\" class=\"detail-desc-decorate-image\" src=\"https:\/\/ae01.alicdn.com\/kf\/S9cd607788de14afdbae01a14d626304cS.jpg\" \/><\/div>\n<div class=\"detailmodule_text-image\"><img decoding=\"async\" class=\"detail-desc-decorate-image\" src=\"https:\/\/ae01.alicdn.com\/kf\/Sb314c1cd46064433968770f09f63efdb2.jpg\" \/><img decoding=\"async\" class=\"detail-desc-decorate-image\" src=\"https:\/\/ae01.alicdn.com\/kf\/S56ef0b29928b4062a34ffab4b9274016L.jpg\" \/><img decoding=\"async\" class=\"detail-desc-decorate-image\" src=\"https:\/\/ae01.alicdn.com\/kf\/S4a1ceb7d98c04fa3b73411f5c19f2886u.jpg\" \/><img decoding=\"async\" class=\"detail-desc-decorate-image\" src=\"https:\/\/ae01.alicdn.com\/kf\/S785acbc9e3134847b4e4dc01cb1336e5I.jpg\" \/><img decoding=\"async\" class=\"detail-desc-decorate-image\" src=\"https:\/\/ae01.alicdn.com\/kf\/S56fb4dc6eb5540e6b01849079d1d5990S.jpg\" \/><\/div>\n<div class=\"detailmodule_text-image\"><img decoding=\"async\" class=\"detail-desc-decorate-image\" src=\"https:\/\/ae01.alicdn.com\/kf\/S2d10556e840342f9b4b40ba95bb1bbccN.jpg\" \/><img decoding=\"async\" class=\"detail-desc-decorate-image\" src=\"https:\/\/ae01.alicdn.com\/kf\/S809db5ac8139498da1e9777f3df504bar.jpg\" \/><img decoding=\"async\" class=\"detail-desc-decorate-image\" src=\"https:\/\/ae01.alicdn.com\/kf\/S81ae77218cfa46449fcb8abea0366b3c1.jpg\" \/><img decoding=\"async\" class=\"detail-desc-decorate-image\" src=\"https:\/\/ae01.alicdn.com\/kf\/Sa06ea48235264000ae9d7bb7e1d394d28.jpg\" \/><img decoding=\"async\" class=\"detail-desc-decorate-image\" src=\"https:\/\/ae01.alicdn.com\/kf\/S122beb6922fe4875be05f3d10f5a32b5g.jpg\" \/><img decoding=\"async\" class=\"detail-desc-decorate-image\" src=\"https:\/\/ae01.alicdn.com\/kf\/Se0a4157a4db842688f18cc4f4fa4f837X.jpg\" \/><img decoding=\"async\" class=\"detail-desc-decorate-image\" src=\"https:\/\/ae01.alicdn.com\/kf\/Sb12480e29d6443bf828159cfa5f124b7Z.jpg\" \/><img decoding=\"async\" class=\"detail-desc-decorate-image\" src=\"https:\/\/ae01.alicdn.com\/kf\/S2a8d5068ebaf4e48b0ed4b5f940f89cb7.jpg\" \/><img decoding=\"async\" class=\"detail-desc-decorate-image\" src=\"https:\/\/ae01.alicdn.com\/kf\/S7c299c1214d249109f6edbc596b24a327.jpg\" \/><img decoding=\"async\" class=\"detail-desc-decorate-image\" src=\"https:\/\/ae01.alicdn.com\/kf\/Sece9282e2e98439f839d2fbfe84c037dq.jpg\" \/><\/div>\n<p>\u00a0<\/p>\n<\/div>\n<\/div>","protected":false},"excerpt":{"rendered":"<p>Si l&#8217;ouverture compl\u00e8te:\u00a0Non Chimique Hign-concern\u00e9:\u00a0Aucun Artisanat du tissage:\u00a0Tricoter Saison Applicable:\u00a0Spring and Autumn Applicable Scene:\u00a0CASUAL Lieu du0027origine:\u00a0Chine (continent) Type:\u00a0LOOSE \u00c0 capuche:\u00a0Oui<\/p>","protected":false},"featured_media":9304,"comment_status":"open","ping_status":"closed","template":"","meta":[],"product_brand":[],"product_cat":[15],"product_tag":[],"class_list":{"0":"post-9303","1":"product","2":"type-product","3":"status-publish","4":"has-post-thumbnail","6":"product_cat-uncategorized","8":"first","9":"instock","10":"shipping-taxable","11":"purchasable","12":"product-type-variable"},"jetpack_sharing_enabled":true,"_links":{"self":[{"href":"https:\/\/afrycom.com\/fr\/wp-json\/wp\/v2\/product\/9303","targetHints":{"allow":["GET"]}}],"collection":[{"href":"https:\/\/afrycom.com\/fr\/wp-json\/wp\/v2\/product"}],"about":[{"href":"https:\/\/afrycom.com\/fr\/wp-json\/wp\/v2\/types\/product"}],"replies":[{"embeddable":true,"href":"https:\/\/afrycom.com\/fr\/wp-json\/wp\/v2\/comments?post=9303"}],"wp:featuredmedia":[{"embeddable":true,"href":"https:\/\/afrycom.com\/fr\/wp-json\/wp\/v2\/media\/9304"}],"wp:attachment":[{"href":"https:\/\/afrycom.com\/fr\/wp-json\/wp\/v2\/media?parent=9303"}],"wp:term":[{"taxonomy":"product_brand","embeddable":true,"href":"https:\/\/afrycom.com\/fr\/wp-json\/wp\/v2\/product_brand?post=9303"},{"taxonomy":"product_cat","embeddable":true,"href":"https:\/\/afrycom.com\/fr\/wp-json\/wp\/v2\/product_cat?post=9303"},{"taxonomy":"product_tag","embeddable":true,"href":"https:\/\/afrycom.com\/fr\/wp-json\/wp\/v2\/product_tag?post=9303"}],"curies":[{"name":"wp","href":"https:\/\/api.w.org\/{rel}","templated":true}]}}