{"id":9273,"date":"2025-03-08T10:30:55","date_gmt":"2025-03-08T10:30:55","guid":{"rendered":"https:\/\/afrycom.com\/product\/chemises-de-protection-a-capuche-jacquard-pour-hommes-a-la-mode-avec-cordon-de-serrage-decontractees-pour-medicaments\/"},"modified":"2025-08-07T15:58:29","modified_gmt":"2025-08-07T15:58:29","slug":"chemises-de-protection-a-capuche-jacquard-pour-hommes-a-la-mode-avec-cordon-de-serrage-decontractees-pour-medicaments","status":"publish","type":"product","link":"https:\/\/afrycom.com\/fr\/produit\/chemises-de-protection-a-capuche-jacquard-pour-hommes-a-la-mode-avec-cordon-de-serrage-decontractees-pour-medicaments\/","title":{"rendered":"Chemises de protection \u00e0 capuche jacquard pour hommes, \u00e0 la mode, avec cordon de serrage, d\u00e9contract\u00e9es, pour m\u00e9dicaments"},"content":{"rendered":"<div class=\"product-specs-list-container\">\n<ul class=\"product-specs-list util-clearfix\">\n<li class=\"product-prop line-limit-length\"><span class=\"property-title\">Artisanat du tissage :\u00a0<\/span><span class=\"property-desc line-limit-length\">Tat<\/span><\/li>\n<li class=\"product-prop line-limit-length\"><span class=\"property-title\">Saison Applicable :\u00a0<\/span><span class=\"property-desc line-limit-length\">\u00e9t\u00e9<\/span><\/li>\n<li class=\"product-prop line-limit-length\"><span class=\"property-title\">Sc\u00e8ne applicable :\u00a0<\/span><span class=\"property-desc line-limit-length\">Quotidiennement<\/span><\/li>\n<li class=\"product-prop line-limit-length\"><span class=\"property-title\">Lieu du0027origine :\u00a0<\/span><span class=\"property-desc line-limit-length\">Chine (continent)<\/span><\/li>\n<li class=\"product-prop line-limit-length\"><span class=\"property-title\">Type :\u00a0<\/span><span class=\"property-desc line-limit-length\">R\u00c9GULIER<\/span><\/li>\n<li class=\"product-prop line-limit-length\"><span class=\"property-title\">Partie d\u00e9tachable :\u00a0<\/span><span class=\"property-desc line-limit-length\">AUCUN<\/span><\/li>\n<li class=\"product-prop line-limit-length\"><span class=\"property-title\">\u00c0 capuche :\u00a0<\/span><span class=\"property-desc line-limit-length\">Oui<\/span><\/li>\n<li class=\"product-prop line-limit-length\"><span class=\"property-title\">Type de Motif :\u00a0<\/span><span class=\"property-desc line-limit-length\">Solide<\/span><\/li>\n<li class=\"product-prop line-limit-length\"><span class=\"property-title\">Longueur de V\u00eatement :\u00a0<\/span><span class=\"property-desc line-limit-length\">R\u00c9GULIER<\/span><\/li>\n<li class=\"product-prop line-limit-length\"><span class=\"property-title\">Mat\u00e9riau :\u00a0<\/span><span class=\"property-desc line-limit-length\">POLYESTER<\/span><\/li>\n<li class=\"product-prop line-limit-length\"><span class=\"property-title\">Style :\u00a0<\/span><span class=\"property-desc line-limit-length\">Le sport<\/span><\/li>\n<li class=\"product-prop line-limit-length\"><span class=\"property-title\">Collier :\u00a0<\/span><span class=\"property-desc line-limit-length\">\u00c0 capuche<\/span><\/li>\n<li class=\"product-prop line-limit-length\"><span class=\"property-title\">Style de Manches :\u00a0<\/span><span class=\"property-desc line-limit-length\">R\u00c9GULIER<\/span><\/li>\n<li class=\"product-prop line-limit-length\"><span class=\"property-title\">Type de fermeture :\u00a0<\/span><span class=\"property-desc line-limit-length\">Aucun<\/span><\/li>\n<li class=\"product-prop line-limit-length\"><span class=\"property-title\">\u00c9paisseur :\u00a0<\/span><span class=\"property-desc line-limit-length\">Norme<\/span><\/li>\n<li class=\"product-prop line-limit-length\"><span class=\"property-title\">Longueur de Manche (cm) :\u00a0<\/span><span class=\"property-desc line-limit-length\">Plein<\/span><\/li>\n<li class=\"product-prop line-limit-length\"><span class=\"property-title\">Origine :\u00a0<\/span><span class=\"property-desc line-limit-length\">CN (Origine)<\/span><\/li>\n<li class=\"product-prop line-limit-length\"><span class=\"property-title\">CN :\u00a0<\/span><span class=\"property-desc line-limit-length\">Jiangxi<\/span><\/li>\n<li class=\"product-prop line-limit-length\"><span class=\"property-title\">Sexe :\u00a0<\/span><span class=\"property-desc line-limit-length\">MEN<\/span><\/li>\n<li class=\"product-prop line-limit-length\"><span class=\"property-title\">Type d'article :\u00a0<\/span><span class=\"property-desc line-limit-length\">Sweats \u00e0 capuche<\/span><\/li>\n<\/ul>\n<\/div>\n<div class=\"detailmodule_html\">\n<div class=\"detail-desc-decorate-richtext\">\n<p><img decoding=\"async\" src=\"https:\/\/ae01.alicdn.com\/kf\/S7bc8046f65c4452f8d17f1da662c1676S.jpg\" \/><img decoding=\"async\" src=\"https:\/\/ae01.alicdn.com\/kf\/S510eda9908fe4775b6e33ee546fd7feaj.jpg\" \/><img decoding=\"async\" src=\"https:\/\/ae01.alicdn.com\/kf\/Sef69c20fdee04232aa256a5ee89acd89M.jpg\" \/><img decoding=\"async\" src=\"https:\/\/ae01.alicdn.com\/kf\/S6841d0d668674bdea1eff52abc851b94k.jpg\" \/><img decoding=\"async\" src=\"https:\/\/ae01.alicdn.com\/kf\/Sf83dc0f269b344cfb2421f1ddf43eb390.jpg\" \/><img decoding=\"async\" src=\"https:\/\/ae01.alicdn.com\/kf\/S35f14278e8a244679c8124b383a0e0d0i.jpg\" \/><\/p>\n<\/div>\n<\/div>","protected":false},"excerpt":{"rendered":"<p>Artisanat du tissage:\u00a0Tat Saison Applicable:\u00a0summer Applicable Scene:\u00a0Daily Lieu du0027origine:\u00a0Chine (continent) Type:\u00a0REGULAR Partie d\u00e9tachable:\u00a0NONE \u00c0 capuche:\u00a0Oui Type de Motif:\u00a0Solide Longueur de<\/p>","protected":false},"featured_media":9274,"comment_status":"open","ping_status":"closed","template":"","meta":[],"product_brand":[],"product_cat":[1450,4978],"product_tag":[],"class_list":{"0":"post-9273","1":"product","2":"type-product","3":"status-publish","4":"has-post-thumbnail","6":"product_cat-mens-section","7":"product_cat-t-shirt-shirts","9":"first","10":"instock","11":"shipping-taxable","12":"purchasable","13":"product-type-variable"},"jetpack_sharing_enabled":true,"_links":{"self":[{"href":"https:\/\/afrycom.com\/fr\/wp-json\/wp\/v2\/product\/9273","targetHints":{"allow":["GET"]}}],"collection":[{"href":"https:\/\/afrycom.com\/fr\/wp-json\/wp\/v2\/product"}],"about":[{"href":"https:\/\/afrycom.com\/fr\/wp-json\/wp\/v2\/types\/product"}],"replies":[{"embeddable":true,"href":"https:\/\/afrycom.com\/fr\/wp-json\/wp\/v2\/comments?post=9273"}],"wp:featuredmedia":[{"embeddable":true,"href":"https:\/\/afrycom.com\/fr\/wp-json\/wp\/v2\/media\/9274"}],"wp:attachment":[{"href":"https:\/\/afrycom.com\/fr\/wp-json\/wp\/v2\/media?parent=9273"}],"wp:term":[{"taxonomy":"product_brand","embeddable":true,"href":"https:\/\/afrycom.com\/fr\/wp-json\/wp\/v2\/product_brand?post=9273"},{"taxonomy":"product_cat","embeddable":true,"href":"https:\/\/afrycom.com\/fr\/wp-json\/wp\/v2\/product_cat?post=9273"},{"taxonomy":"product_tag","embeddable":true,"href":"https:\/\/afrycom.com\/fr\/wp-json\/wp\/v2\/product_tag?post=9273"}],"curies":[{"name":"wp","href":"https:\/\/api.w.org\/{rel}","templated":true}]}}