{"id":9077,"date":"2025-03-08T10:29:57","date_gmt":"2025-03-08T10:29:57","guid":{"rendered":"https:\/\/afrycom.com\/product\/collier-personnalise-avec-lettres-et-nom-pendentif-simple-en-acier-inoxydable-chaine-de-clavicule-bijoux-pour-femmes-cadeau-de-saint-valentin\/"},"modified":"2025-08-12T07:52:58","modified_gmt":"2025-08-12T07:52:58","slug":"collier-personnalise-avec-lettres-et-nom-pendentif-simple-en-acier-inoxydable-chaine-de-clavicule-bijoux-pour-femmes-cadeau-de-saint-valentin","status":"publish","type":"product","link":"https:\/\/afrycom.com\/fr\/produit\/collier-personnalise-avec-lettres-et-nom-pendentif-simple-en-acier-inoxydable-chaine-de-clavicule-bijoux-pour-femmes-cadeau-de-saint-valentin\/","title":{"rendered":"Collier personnalis\u00e9 avec lettres et nom, pendentif Simple en acier inoxydable, cha\u00eene de clavicule, bijoux pour femmes, cadeau de saint valentin"},"content":{"rendered":"<div class=\"product-specs-list-container\">\n<ul class=\"product-specs-list util-clearfix\">\n<li class=\"product-prop line-limit-length\"><span class=\"property-title\">Chimique Hign-concern\u00e9 :\u00a0<\/span><span class=\"property-desc line-limit-length\">Aucun<\/span><\/li>\n<li class=\"product-prop line-limit-length\"><span class=\"property-title\">Type Personnalis\u00e9 :\u00a0<\/span><span class=\"property-desc line-limit-length\">NOM<\/span><\/li>\n<li class=\"product-prop line-limit-length\"><span class=\"property-title\">Occasion :\u00a0<\/span><span class=\"property-desc line-limit-length\">Mariage<\/span><\/li>\n<li class=\"product-prop line-limit-length\"><span class=\"property-title\">Formemotif :\u00a0<\/span><span class=\"property-desc line-limit-length\">Lettre<\/span><\/li>\n<li class=\"product-prop line-limit-length\"><span class=\"property-title\">Num\u00e9ro de Mod\u00e8le :\u00a0<\/span><span class=\"property-desc line-limit-length\">Collier002<\/span><\/li>\n<li class=\"product-prop line-limit-length\"><span class=\"property-title\">Type de Collier :\u00a0<\/span><span class=\"property-desc line-limit-length\">Colliers pendentifs<\/span><\/li>\n<li class=\"product-prop line-limit-length\"><span class=\"property-title\">Sexe :\u00a0<\/span><span class=\"property-desc line-limit-length\">Femmes<\/span><\/li>\n<li class=\"product-prop line-limit-length\"><span class=\"property-title\">Type de M\u00e9taux :\u00a0<\/span><span class=\"property-desc line-limit-length\">Acier inoxydable<\/span><\/li>\n<li class=\"product-prop line-limit-length\"><span class=\"property-title\">Mat\u00e9riau :\u00a0<\/span><span class=\"property-desc line-limit-length\">M\u00e9tal<\/span><\/li>\n<li class=\"product-prop line-limit-length\"><span class=\"property-title\">Raffin\u00e9 ou mode :\u00a0<\/span><span class=\"property-desc line-limit-length\">Mode<\/span><\/li>\n<li class=\"product-prop line-limit-length\"><span class=\"property-title\">Type d'article :\u00a0<\/span><span class=\"property-desc line-limit-length\">Colliers personnalis\u00e9s<\/span><\/li>\n<li class=\"product-prop line-limit-length\"><span class=\"property-title\">Type de cha\u00eene :\u00a0<\/span><span class=\"property-desc line-limit-length\">cha\u00eene \u00e0 maillons<\/span><\/li>\n<li class=\"product-prop line-limit-length\"><span class=\"property-title\">Style :\u00a0<\/span><span class=\"property-desc line-limit-length\">Mignon\/Romantique<\/span><\/li>\n<li class=\"product-prop line-limit-length\"><span class=\"property-title\">Nom de marque :\u00a0<\/span><span class=\"property-desc line-limit-length\">DOMEN<\/span><\/li>\n<li class=\"product-prop line-limit-length\"><span class=\"property-title\">Origine :\u00a0<\/span><span class=\"property-desc line-limit-length\">CN (Origine)<\/span><\/li>\n<li class=\"product-prop line-limit-length\"><span class=\"property-title\">CN :\u00a0<\/span><span class=\"property-desc line-limit-length\">Zhejiang<\/span><\/li>\n<\/ul>\n<\/div>\n<div class=\"detailmodule_html\">\n<div class=\"detail-desc-decorate-richtext\">\n<div class=\"detailmodule_html\">\n<div class=\"detail-desc-decorate-richtext\">\n<p><span class=\"slate-node-text\">Remarque :<\/span><\/p>\n<p><span class=\"slate-node-text\">1. apr\u00e8s avoir pass\u00e9 une commande, dites-nous : nom + police<\/span><\/p>\n<p><span class=\"slate-node-text\">2. Si vous ne nous dites pas la police, nous la ferons comme sur l'image.<\/span><\/p>\n<p><span class=\"slate-node-text\">3. Veuillez nous indiquer clairement la capitalisation du nom dont vous avez besoin, si vous ne nous le dites pas, nous le ferons en fonction du nom que vous avez envoy\u00e9.<\/span><\/p>\n<p><span class=\"slate-node-text\">4.heure personnalis\u00e9e ; 10-15 jours (sauf les vacances, les week-ends et autres cas exceptionnels.)<\/span><\/p>\n<p><span class=\"slate-node-text\">5. Apr\u00e8s 12 heures apr\u00e8s avoir pass\u00e9 la commande, vous ne pouvez pas annuler la commande et modifier le contenu, merci de votre compr\u00e9hension !!!<\/span><\/p>\n<p><span class=\"slate-node-text\">6 Si vous avez des questions, veuillez nous contacter et nous r\u00e9soudrons votre probl\u00e8me d\u00e8s que possible.<\/span><\/p>\n<p><span class=\"slate-node-text\">7. Notre magasin poss\u00e8de sa propre usine de production. Si vous avez besoin de vente en gros ou de consignation, veuillez nous contacter<\/span><\/p>\n<p style=\"margin: 0px; display: block; width: 100%;\"><img decoding=\"async\" src=\"https:\/\/ae01.alicdn.com\/kf\/S8692b427baae4959a0c7d459363d740dS.jpg\" \/><img decoding=\"async\" src=\"https:\/\/ae01.alicdn.com\/kf\/S3ea1cc14cb364ef6b67b8399dd7b6124g.jpg\" \/><img decoding=\"async\" src=\"https:\/\/ae01.alicdn.com\/kf\/Sbc663bca468f406abcfeb0d4ebd2909a5.jpg\" \/><img decoding=\"async\" src=\"https:\/\/ae01.alicdn.com\/kf\/S8355dce0115d4d339d324129ffe89850h.jpg\" \/><\/p>\n<p style=\"margin: 0px; display: block; width: 100%;\"><img decoding=\"async\" src=\"https:\/\/ae01.alicdn.com\/kf\/Sf919add41c4e4b5881600eedd8ff2b51R.jpg\" \/><\/p>\n<\/div>\n<\/div>\n<p><img decoding=\"async\" src=\"https:\/\/ae01.alicdn.com\/kf\/S4a76c08d4c014f5f9e9a9b58443d3c7bX.jpg\" \/><\/p>\n<\/div>\n<\/div>","protected":false},"excerpt":{"rendered":"<p>Chimique Hign-concern\u00e9:\u00a0Aucun Type Personnalis\u00e9:\u00a0NAME Occasion:\u00a0Mariage Formemotif:\u00a0Lettre Num\u00e9ro de Mod\u00e8le:\u00a0Necklace002 Type de Collier:\u00a0Colliers pendentifs Sexe:\u00a0Femmes Type de M\u00e9taux:\u00a0Acier inoxydable Mat\u00e9riau:\u00a0M\u00e9tal Raffin\u00e9<\/p>","protected":false},"featured_media":9078,"comment_status":"open","ping_status":"closed","template":"","meta":[],"product_brand":[],"product_cat":[4995,4999],"product_tag":[],"class_list":{"0":"post-9077","1":"product","2":"type-product","3":"status-publish","4":"has-post-thumbnail","6":"product_cat-fashion","7":"product_cat-gloves-jewelry","9":"first","10":"instock","11":"shipping-taxable","12":"purchasable","13":"product-type-variable"},"jetpack_sharing_enabled":true,"_links":{"self":[{"href":"https:\/\/afrycom.com\/fr\/wp-json\/wp\/v2\/product\/9077","targetHints":{"allow":["GET"]}}],"collection":[{"href":"https:\/\/afrycom.com\/fr\/wp-json\/wp\/v2\/product"}],"about":[{"href":"https:\/\/afrycom.com\/fr\/wp-json\/wp\/v2\/types\/product"}],"replies":[{"embeddable":true,"href":"https:\/\/afrycom.com\/fr\/wp-json\/wp\/v2\/comments?post=9077"}],"wp:featuredmedia":[{"embeddable":true,"href":"https:\/\/afrycom.com\/fr\/wp-json\/wp\/v2\/media\/9078"}],"wp:attachment":[{"href":"https:\/\/afrycom.com\/fr\/wp-json\/wp\/v2\/media?parent=9077"}],"wp:term":[{"taxonomy":"product_brand","embeddable":true,"href":"https:\/\/afrycom.com\/fr\/wp-json\/wp\/v2\/product_brand?post=9077"},{"taxonomy":"product_cat","embeddable":true,"href":"https:\/\/afrycom.com\/fr\/wp-json\/wp\/v2\/product_cat?post=9077"},{"taxonomy":"product_tag","embeddable":true,"href":"https:\/\/afrycom.com\/fr\/wp-json\/wp\/v2\/product_tag?post=9077"}],"curies":[{"name":"wp","href":"https:\/\/api.w.org\/{rel}","templated":true}]}}