{"id":906,"date":"2025-01-03T12:48:22","date_gmt":"2025-01-03T12:48:22","guid":{"rendered":"https:\/\/dummy.xtemos.com\/woodmart2\/marketplace2\/?post_type=product&#038;p=906"},"modified":"2025-03-02T02:28:26","modified_gmt":"2025-03-02T02:28:26","slug":"horizon-zero-dawn","status":"publish","type":"product","link":"https:\/\/afrycom.com\/fr\/produit\/horizon-zero-dawn\/","title":{"rendered":"Horizon Zero Dawn"},"content":{"rendered":"<div class=\"wpb-content-wrapper\"><div class=\"vc_row wpb_row vc_row-fluid\"><div class=\"wpb_column vc_column_container vc_col-sm-12\"><div class=\"vc_column-inner\"><div class=\"wpb_wrapper\">\n\t\t<div id=\"wd-677d1af2d1cc7\" class=\"title-wrapper wd-wpb wd-set-mb reset-last-child  wd-rs-677d1af2d1cc7 wd-title-color-default wd-title-style-default text-center vc_custom_1736252150054 wd-underline-colored\">\n\t\t\t\n\t\t\t<div class=\"liner-continer\">\n\t\t\t\t<h4 class=\"woodmart-title-container title  wd-font-weight- wd-fontsize-l\" >MacBook Pro<\/h4>\n\t\t\t\t\t\t\t<\/div>\n\t\t\t\n\t\t\t\n\t\t\t\n\t\t<\/div>\n\t\t\n\t\t\n\t\t<div id=\"wd-677d1afb4fd5a\" class=\"title-wrapper wd-wpb wd-set-mb reset-last-child  wd-rs-677d1afb4fd5a wd-title-color-default wd-title-style-default text-center  wd-underline-colored\">\n\t\t\t\n\t\t\t<div class=\"liner-continer\">\n\t\t\t\t<h4 class=\"woodmart-title-container title  wd-font-weight-700 wd-fontsize-l\" >\u00c9poustouflant. \u00c0 faire tourner la t\u00eate<\/h4>\n\t\t\t\t\t\t\t<\/div>\n\t\t\t\n\t\t\t\n\t\t\t\n\t\t<\/div>\n\t\t\n\t\t\t\t<div id=\"wd-677d1b229679c\" class=\"wd-image wd-wpb wd-rs-677d1b229679c text-center\">\n\t\t\t\n\t\t\t<img loading=\"lazy\" decoding=\"async\" width=\"940\" height=\"280\" src=\"https:\/\/afrycom.com\/wp-content\/uploads\/2025\/01\/description-m3-img-1.jpg\" class=\"attachment-full size-full\" alt=\"\" srcset=\"https:\/\/afrycom.com\/wp-content\/uploads\/2025\/01\/description-m3-img-1.jpg 940w, https:\/\/afrycom.com\/wp-content\/uploads\/2025\/01\/description-m3-img-1-150x45.jpg 150w\" sizes=\"auto, (max-width: 940px) 100vw, 940px\" \/>\n\t\t\t\t\t<\/div>\n\t\t\t\t<div id=\"wd-677d31c1a86df\" class=\"wd-text-block wd-wpb reset-last-child wd-rs-677d31c1a86df text-center vc_custom_1736257991656\">\n\t\t\t<p>Des processeurs con\u00e7us pour les professionnels haut de gamme. Des \u00e9crans sur lesquels vous pouvez cr\u00e9er un monde. Cam\u00e9ra, son et ports pour tous les outils suppl\u00e9mentaires. Un hachis complet pour ceux qui recherchent un assistant fiable pour les ann\u00e9es \u00e0 venir.<\/p>\n\t\t<\/div>\n\t\t\n\t\t<div id=\"wd-677d320ca9503\" class=\"title-wrapper wd-wpb wd-set-mb reset-last-child  wd-rs-677d320ca9503 wd-title-color-default wd-title-style-default text-left vc_custom_1736258064904 wd-underline-colored\">\n\t\t\t\n\t\t\t<div class=\"liner-continer\">\n\t\t\t\t<h4 class=\"woodmart-title-container title  wd-font-weight-700 wd-fontsize-l\" >Trois pas de g\u00e9ant<\/h4>\n\t\t\t\t\t\t\t<\/div>\n\t\t\t\n\t\t\t\n\t\t\t\n\t\t<\/div>\n\t\t\n\t\t\t\t<div id=\"wd-677d31e15c1da\" class=\"wd-text-block wd-wpb reset-last-child wd-rs-677d31e15c1da text-left vc_custom_1736258023833\">\n\t\t\t<p>Le MacBook Pro va de l'avant avec les puces M3, M3 Pro et M3 Max. Bas\u00e9es sur la technologie 3 nanom\u00e8tres et dot\u00e9es d'une toute nouvelle architecture GPU, ce sont les puces les plus avanc\u00e9es jamais construites pour un ordinateur personnel. Et chacune d'entre elles apporte plus de performances et de capacit\u00e9s professionnelles.<\/p>\n\t\t<\/div>\n\t\t<\/div><\/div><\/div><\/div><div class=\"vc_row wpb_row vc_row-fluid vc_custom_1736259605872 vc_row-has-fill wd-rs-677d381239870\"><div class=\"wpb_column vc_column_container vc_col-sm-4 wd-rs-67bc915a7e59e\"><div class=\"vc_column-inner vc_custom_1740411283316\"><div class=\"wpb_wrapper\">\t\t<div id=\"wd-67bc91bbddba5\" class=\"wd-image wd-wpb wd-rs-67bc91bbddba5 text-left vc_custom_1740411325811\">\n\t\t\t\n\t\t\t<img loading=\"lazy\" decoding=\"async\" width=\"128\" height=\"128\" src=\"https:\/\/afrycom.com\/wp-content\/uploads\/2025\/01\/description-m3-img-2.jpg\" class=\"attachment-full size-full\" alt=\"\" \/>\n\t\t\t\t\t<\/div>\n\t\t\t\t<div id=\"wd-677d32c1ae8a3\" class=\"wd-text-block wd-wpb reset-last-child wd-rs-677d32c1ae8a3 text-left vc_custom_1736258265526\">\n\t\t\t<p>8 c\u0153urs<br \/>\nUNIT\u00c9 CENTRALE<\/p>\n\t\t<\/div>\n\t\t\t\t<div id=\"wd-677d32e29aa8d\" class=\"wd-text-block wd-wpb reset-last-child wd-rs-677d32e29aa8d text-left vc_custom_1736258285038\">\n\t\t\t<p>10 c\u0153urs<br \/>\nGPU<\/p>\n\t\t<\/div>\n\t\t\t\t<div id=\"wd-677d32f571e5f\" class=\"wd-text-block wd-wpb reset-last-child wd-rs-677d32f571e5f text-left vc_custom_1736258300330\">\n\t\t\t<p>Jusqu'\u00e0 24 Go<br \/>\nm\u00e9moire unifi\u00e9e<\/p>\n\t\t<\/div>\n\t\t<\/div><\/div><\/div><div class=\"wpb_column vc_column_container vc_col-sm-4 wd-rs-67bc91955f179\"><div class=\"vc_column-inner vc_custom_1740411296144\"><div class=\"wpb_wrapper\">\t\t<div id=\"wd-67bc91bf91619\" class=\"wd-image wd-wpb wd-rs-67bc91bf91619 text-left vc_custom_1740411329497\">\n\t\t\t\n\t\t\t<img loading=\"lazy\" decoding=\"async\" width=\"129\" height=\"128\" src=\"https:\/\/afrycom.com\/wp-content\/uploads\/2025\/01\/description-m3-img-3.jpg\" class=\"attachment-full size-full\" alt=\"\" \/>\n\t\t\t\t\t<\/div>\n\t\t\t\t<div id=\"wd-677d337fedabb\" class=\"wd-text-block wd-wpb reset-last-child wd-rs-677d337fedabb text-left vc_custom_1736258444858\">\n\t\t\t<p>Jusqu'\u00e0<br \/>\nProcesseur \u00e0 12 c\u0153urs<\/p>\n\t\t<\/div>\n\t\t\t\t<div id=\"wd-677d3729e73e0\" class=\"wd-text-block wd-wpb reset-last-child wd-rs-677d3729e73e0 text-left vc_custom_1736259372992\">\n\t\t\t<p>Jusqu'\u00e0<br \/>\nGPU \u00e0 18 c\u0153urs<\/p>\n\t\t<\/div>\n\t\t\t\t<div id=\"wd-677d3731802c3\" class=\"wd-text-block wd-wpb reset-last-child wd-rs-677d3731802c3 text-left vc_custom_1736259380588\">\n\t\t\t<p>Jusqu'\u00e0 36 Go<br \/>\nm\u00e9moire unifi\u00e9e<\/p>\n\t\t<\/div>\n\t\t<\/div><\/div><\/div><div class=\"wpb_column vc_column_container vc_col-sm-4 wd-rs-67bc91a2570be\"><div class=\"vc_column-inner vc_custom_1740411309491\"><div class=\"wpb_wrapper\">\t\t<div id=\"wd-67bc91c37e41f\" class=\"wd-image wd-wpb wd-rs-67bc91c37e41f text-left vc_custom_1740411333400\">\n\t\t\t\n\t\t\t<img loading=\"lazy\" decoding=\"async\" width=\"129\" height=\"128\" src=\"https:\/\/afrycom.com\/wp-content\/uploads\/2025\/01\/description-m3-img-4.jpg\" class=\"attachment-full size-full\" alt=\"\" \/>\n\t\t\t\t\t<\/div>\n\t\t\t\t<div id=\"wd-677d3739be8e2\" class=\"wd-text-block wd-wpb reset-last-child wd-rs-677d3739be8e2 text-left vc_custom_1736259397297\">\n\t\t\t<p>Jusqu'\u00e0<br \/>\nUnit\u00e9 centrale \u00e0 16 c\u0153urs<\/p>\n\t\t<\/div>\n\t\t\t\t<div id=\"wd-677d374b69fd6\" class=\"wd-text-block wd-wpb reset-last-child wd-rs-677d374b69fd6 text-left vc_custom_1736259408048\">\n\t\t\t<p>Jusqu'\u00e0<br \/>\nGPU \u00e0 40 c\u0153urs<\/p>\n\t\t<\/div>\n\t\t\t\t<div id=\"wd-677d37559de31\" class=\"wd-text-block wd-wpb reset-last-child wd-rs-677d37559de31 text-left vc_custom_1736259419317\">\n\t\t\t<p>Jusqu'\u00e0 128 Go<br \/>\nm\u00e9moire unifi\u00e9e<\/p>\n\t\t<\/div>\n\t\t<\/div><\/div><\/div><\/div><div class=\"vc_row wpb_row vc_row-fluid vc_custom_1736259688640 wd-rs-677d386569422\"><div class=\"wpb_column vc_column_container vc_col-sm-12 wd-rs-677d3829c6bb7\"><div class=\"vc_column-inner vc_custom_1736259629090\"><div class=\"wpb_wrapper\">\n\t\t<div id=\"wd-677d37fc90976\" class=\"title-wrapper wd-wpb wd-set-mb reset-last-child  wd-rs-677d37fc90976 wd-title-color-default wd-title-style-default text-left vc_custom_1736259584937 wd-underline-colored\">\n\t\t\t\n\t\t\t<div class=\"liner-continer\">\n\t\t\t\t<h4 class=\"woodmart-title-container title  wd-font-weight-700 wd-fontsize-l\" >Le meilleur \u00e9cran jamais vu dans un ordinateur portable<\/h4>\n\t\t\t\t\t\t\t<\/div>\n\t\t\t\n\t\t\t\n\t\t\t\n\t\t<\/div>\n\t\t\n\t\t\t\t<div id=\"wd-677d37ae63412\" class=\"wd-image wd-wpb wd-rs-677d37ae63412 text-center vc_custom_1736259520136\">\n\t\t\t\n\t\t\t<img loading=\"lazy\" decoding=\"async\" width=\"940\" height=\"465\" src=\"https:\/\/afrycom.com\/wp-content\/uploads\/2025\/01\/description-m3-img-5.jpg\" class=\"attachment-full size-full\" alt=\"\" srcset=\"https:\/\/afrycom.com\/wp-content\/uploads\/2025\/01\/description-m3-img-5.jpg 940w, https:\/\/afrycom.com\/wp-content\/uploads\/2025\/01\/description-m3-img-5-150x74.jpg 150w\" sizes=\"auto, (max-width: 940px) 100vw, 940px\" \/>\n\t\t\t\t\t<\/div>\n\t\t\t\t<div id=\"wd-677d37c5a9a4e\" class=\"wd-text-block wd-wpb reset-last-child wd-rs-677d37c5a9a4e text-left vc_custom_1736259541445\">\n\t\t\t<p>La gamme dynamique extr\u00eame (XDR) apporte des reflets sp\u00e9culaires raffin\u00e9s, des d\u00e9tails incroyables dans les ombres et des couleurs vibrantes et r\u00e9alistes. Calibr\u00e9 en usine, chaque \u00e9cran Liquid Retina XDR est \u00e9galement dot\u00e9 des modes ProMotion et Pro Reference.<\/p>\n\t\t<\/div>\n\t\t\t\t<div id=\"wd-677d385f27b61\" class=\"wd-image wd-wpb wd-rs-677d385f27b61 text-center vc_custom_1736259684063\">\n\t\t\t\n\t\t\t<img loading=\"lazy\" decoding=\"async\" width=\"550\" height=\"373\" src=\"https:\/\/afrycom.com\/wp-content\/uploads\/2025\/01\/description-m3-img-6.jpg\" class=\"attachment-full size-full\" alt=\"\" srcset=\"https:\/\/afrycom.com\/wp-content\/uploads\/2025\/01\/description-m3-img-6.jpg 550w, https:\/\/afrycom.com\/wp-content\/uploads\/2025\/01\/description-m3-img-6-150x102.jpg 150w\" sizes=\"auto, (max-width: 550px) 100vw, 550px\" \/>\n\t\t\t\t\t<\/div>\n\t\t<\/div><\/div><\/div><\/div><div class=\"vc_row wpb_row vc_row-fluid vc_custom_1736260487073 vc_column-gap-20 vc_row-o-equal-height vc_row-flex wd-rs-677d3b8368013\"><div class=\"wpb_column vc_column_container vc_col-sm-4 vc_col-has-fill wd-rs-677d395318d49\"><div class=\"vc_column-inner vc_custom_1736259925803\"><div class=\"wpb_wrapper\">\n\t\t<div id=\"wd-677d3978c4fa2\" class=\"title-wrapper wd-wpb wd-set-mb reset-last-child  wd-rs-677d3978c4fa2 wd-title-color-default wd-title-style-default text-left vc_custom_1736259962421 wd-underline-colored\">\n\t\t\t\n\t\t\t<div class=\"liner-continer\">\n\t\t\t\t<h4 class=\"woodmart-title-container title  wd-font-weight- wd-fontsize-l\" >10 000 mini-LED<\/h4>\n\t\t\t\t\t\t\t<\/div>\n\t\t\t\n\t\t\t\t\t\t\t<div class=\"title-after_title reset-last-child  wd-fontsize-xs\">Regroup\u00e9s pour une luminosit\u00e9 pr\u00e9cise.<\/div>\n\t\t\t\n\t\t\t\n\t\t<\/div>\n\t\t\n\t\t<\/div><\/div><\/div><div class=\"wpb_column vc_column_container vc_col-sm-4 vc_col-has-fill wd-rs-677d3945499b8\"><div class=\"vc_column-inner vc_custom_1736259919681\"><div class=\"wpb_wrapper\">\n\t\t<div id=\"wd-677d399990bef\" class=\"title-wrapper wd-wpb wd-set-mb reset-last-child  wd-rs-677d399990bef wd-title-color-default wd-title-style-default text-left vc_custom_1736260002584 wd-underline-colored\">\n\t\t\t\n\t\t\t<div class=\"liner-continer\">\n\t\t\t\t<h4 class=\"woodmart-title-container title  wd-font-weight- wd-fontsize-l\" >Films optiques et diffuseurs sur mesure<\/h4>\n\t\t\t\t\t\t\t<\/div>\n\t\t\t\n\t\t\t\t\t\t\t<div class=\"title-after_title reset-last-child  wd-fontsize-xs\">M\u00e9langer et fa\u00e7onner la lumi\u00e8re de mani\u00e8re efficace.<\/div>\n\t\t\t\n\t\t\t\n\t\t<\/div>\n\t\t\n\t\t<\/div><\/div><\/div><div class=\"wpb_column vc_column_container vc_col-sm-4 vc_col-has-fill wd-rs-677d39a9b4a36\"><div class=\"vc_column-inner vc_custom_1736260027426\"><div class=\"wpb_wrapper\">\n\t\t<div id=\"wd-677d39bcca9bb\" class=\"title-wrapper wd-wpb wd-set-mb reset-last-child  wd-rs-677d39bcca9bb wd-title-color-default wd-title-style-default text-left vc_custom_1736260036605 wd-underline-colored\">\n\t\t\t\n\t\t\t<div class=\"liner-continer\">\n\t\t\t\t<h4 class=\"woodmart-title-container title  wd-font-weight- wd-fontsize-l\" >\u00c9cran LCD<\/h4>\n\t\t\t\t\t\t\t<\/div>\n\t\t\t\n\t\t\t\t\t\t\t<div class=\"title-after_title reset-last-child  wd-fontsize-xs\">Permet des taux de rafra\u00eechissement allant jusqu'\u00e0 120 Hz.<\/div>\n\t\t\t\n\t\t\t\n\t\t<\/div>\n\t\t\n\t\t<\/div><\/div><\/div><\/div><div class=\"vc_row wpb_row vc_row-fluid vc_row-o-content-middle vc_row-flex wd-rs-677d3aa74ca52\"><div class=\"wpb_column vc_column_container vc_col-sm-6 wd-rs-677d39e70ba5a\"><div class=\"vc_column-inner vc_custom_1736260073898\"><div class=\"wpb_wrapper\">\n\t\t<div id=\"wd-677d3a1787247\" class=\"title-wrapper wd-wpb wd-set-mb reset-last-child  wd-rs-677d3a1787247 wd-title-color-default wd-title-style-default text-left vc_custom_1736260124030 wd-underline-colored\">\n\t\t\t\n\t\t\t<div class=\"liner-continer\">\n\t\t\t\t<h4 class=\"woodmart-title-container title  wd-font-weight-700 wd-fontsize-l\" >Croustillant. Clair. Dominant.<\/h4>\n\t\t\t\t\t\t\t<\/div>\n\t\t\t\n\t\t\t\n\t\t\t\n\t\t<\/div>\n\t\t\n\t\t\t\t\t<div class=\"info-box-wrapper\">\n\t\t\t\t<div id=\"wd-677d3a2187ad0\" class=\"wd-rs-677d3a2187ad0 wd-info-box wd-wpb text-left box-icon-align-top box-style- color-scheme- wd-bg-none vc_custom_1736260190075\">\n\t\t\t\t\t\t\t\t\t\t\t<div class=\"box-icon-wrapper  box-with-icon box-icon-simple\">\n\t\t\t\t\t\t\t<div class=\"info-box-icon\">\n\n\t\t\t\t\t\t\t\n\t\t\t\t\t\t\t\t\t\t\t\t\t\t\t\t\t<img loading=\"lazy\" decoding=\"async\" width=\"32\" height=\"37\" src=\"https:\/\/afrycom.com\/wp-content\/uploads\/2025\/01\/description-m3-ico-1.png\" class=\"attachment-32x37 size-32x37\" alt=\"\" \/>\t\t\t\t\t\t\t\t\t\t\t\t\t\t\t\n\t\t\t\t\t\t\t<\/div>\n\t\t\t\t\t\t<\/div>\n\t\t\t\t\t\t\t\t\t\t<div class=\"info-box-content\">\n\t\t\t\t\t\t<h4 class=\"info-box-title title box-title-style-default wd-fontsize-m\">Cam\u00e9ra 1080p.<\/h4>\t\t\t\t\t\t<div class=\"info-box-inner reset-last-child\"><p>Les appels vid\u00e9o ressemblent \u00e0 s'y m\u00e9prendre \u00e0 la r\u00e9alit\u00e9, gr\u00e2ce \u00e0 des technologies qui vous permettent d'\u00eatre net dans toutes les conditions d'\u00e9clairage.<\/p>\n<\/div>\n\n\t\t\t\t\t\t\t\t\t\t\t<\/div>\n\n\t\t\t\t\t\n\t\t\t\t\t\t\t\t\t<\/div>\n\t\t\t<\/div>\n\t\t\t\t\t<div class=\"info-box-wrapper\">\n\t\t\t\t<div id=\"wd-677d3a7215983\" class=\"wd-rs-677d3a7215983 wd-info-box wd-wpb text-left box-icon-align-top box-style- color-scheme- wd-bg-none vc_custom_1736260232316\">\n\t\t\t\t\t\t\t\t\t\t\t<div class=\"box-icon-wrapper  box-with-icon box-icon-simple\">\n\t\t\t\t\t\t\t<div class=\"info-box-icon\">\n\n\t\t\t\t\t\t\t\n\t\t\t\t\t\t\t\t\t\t\t\t\t\t\t\t\t<img loading=\"lazy\" decoding=\"async\" width=\"32\" height=\"32\" src=\"https:\/\/afrycom.com\/wp-content\/uploads\/2025\/01\/description-m3-ico-2.png\" class=\"attachment-32x32 size-32x32\" alt=\"\" \/>\t\t\t\t\t\t\t\t\t\t\t\t\t\t\t\n\t\t\t\t\t\t\t<\/div>\n\t\t\t\t\t\t<\/div>\n\t\t\t\t\t\t\t\t\t\t<div class=\"info-box-content\">\n\t\t\t\t\t\t<h4 class=\"info-box-title title box-title-style-default wd-fontsize-m\">R\u00e9seau de trois microphones de qualit\u00e9 studio.<\/h4>\t\t\t\t\t\t<div class=\"info-box-inner reset-last-child\"><p>Capture les sons les plus subtils de la production audio et minimise les bruits de fond pour que votre voix s'exprime haut et fort.<\/p>\n<\/div>\n\n\t\t\t\t\t\t\t\t\t\t\t<\/div>\n\n\t\t\t\t\t\n\t\t\t\t\t\t\t\t\t<\/div>\n\t\t\t<\/div>\n\t\t\t\t\t<div class=\"info-box-wrapper\">\n\t\t\t\t<div id=\"wd-677d3a8b499d3\" class=\"wd-rs-677d3a8b499d3 wd-info-box wd-wpb text-left box-icon-align-top box-style- color-scheme- wd-bg-none vc_custom_1736260258566\">\n\t\t\t\t\t\t\t\t\t\t\t<div class=\"box-icon-wrapper  box-with-icon box-icon-simple\">\n\t\t\t\t\t\t\t<div class=\"info-box-icon\">\n\n\t\t\t\t\t\t\t\n\t\t\t\t\t\t\t\t\t\t\t\t\t\t\t\t\t<img loading=\"lazy\" decoding=\"async\" width=\"32\" height=\"33\" src=\"https:\/\/afrycom.com\/wp-content\/uploads\/2025\/01\/description-m3-ico-3.png\" class=\"attachment-32x33 size-32x33\" alt=\"\" \/>\t\t\t\t\t\t\t\t\t\t\t\t\t\t\t\n\t\t\t\t\t\t\t<\/div>\n\t\t\t\t\t\t<\/div>\n\t\t\t\t\t\t\t\t\t\t<div class=\"info-box-content\">\n\t\t\t\t\t\t<h4 class=\"info-box-title title box-title-style-default wd-fontsize-m\">Syst\u00e8me audio \u00e0 six haut-parleurs.<\/h4>\t\t\t\t\t\t<div class=\"info-box-inner reset-last-child\"><p>Deux paires de haut-parleurs de graves avec deux haut-parleurs d'aigus remplissent la pi\u00e8ce de son. Le syst\u00e8me Spatial Audio avec Dolby Atmos cr\u00e9e une sc\u00e8ne sonore tridimensionnelle.<\/p>\n<\/div>\n\n\t\t\t\t\t\t\t\t\t\t\t<\/div>\n\n\t\t\t\t\t\n\t\t\t\t\t\t\t\t\t<\/div>\n\t\t\t<\/div>\n\t\t<\/div><\/div><\/div><div class=\"wpb_column vc_column_container vc_col-sm-6 wd-rs-677d39ebcda3e\"><div class=\"vc_column-inner vc_custom_1736260079567\"><div class=\"wpb_wrapper\">\t\t<div id=\"wd-677d39f781e68\" class=\"wd-image wd-wpb wd-rs-677d39f781e68 text-left\">\n\t\t\t\n\t\t\t<img loading=\"lazy\" decoding=\"async\" width=\"445\" height=\"446\" src=\"https:\/\/afrycom.com\/wp-content\/uploads\/2025\/01\/description-m3-img-7.jpg\" class=\"attachment-full size-full\" alt=\"\" srcset=\"https:\/\/afrycom.com\/wp-content\/uploads\/2025\/01\/description-m3-img-7.jpg 445w, https:\/\/afrycom.com\/wp-content\/uploads\/2025\/01\/description-m3-img-7-150x150.jpg 150w\" sizes=\"auto, (max-width: 445px) 100vw, 445px\" \/>\n\t\t\t\t\t<\/div>\n\t\t<\/div><\/div><\/div><\/div>\n<\/div>","protected":false},"excerpt":{"rendered":"<p>Devenez Aloy, une chasseuse exp\u00e9riment\u00e9e dans un monde envahi par les machines. Explorez des for\u00eats luxuriantes, des montagnes tra\u00eetresses et des ruines anciennes dans ce jeu de r\u00f4le en monde ouvert. D\u00e9couvrez les secrets de votre pass\u00e9 et le destin de l'humanit\u00e9.<\/p>","protected":false},"featured_media":992,"comment_status":"open","ping_status":"closed","template":"","meta":[],"product_brand":[67],"product_cat":[43],"product_tag":[],"class_list":{"0":"post-906","1":"product","2":"type-product","3":"status-publish","4":"has-post-thumbnail","6":"product_brand-gigabyte","7":"product_cat-games-gaming-electronics","9":"first","10":"instock","11":"featured","12":"shipping-taxable","13":"purchasable","14":"product-type-simple"},"jetpack_sharing_enabled":true,"_links":{"self":[{"href":"https:\/\/afrycom.com\/fr\/wp-json\/wp\/v2\/product\/906","targetHints":{"allow":["GET"]}}],"collection":[{"href":"https:\/\/afrycom.com\/fr\/wp-json\/wp\/v2\/product"}],"about":[{"href":"https:\/\/afrycom.com\/fr\/wp-json\/wp\/v2\/types\/product"}],"replies":[{"embeddable":true,"href":"https:\/\/afrycom.com\/fr\/wp-json\/wp\/v2\/comments?post=906"}],"wp:featuredmedia":[{"embeddable":true,"href":"https:\/\/afrycom.com\/fr\/wp-json\/wp\/v2\/media\/992"}],"wp:attachment":[{"href":"https:\/\/afrycom.com\/fr\/wp-json\/wp\/v2\/media?parent=906"}],"wp:term":[{"taxonomy":"product_brand","embeddable":true,"href":"https:\/\/afrycom.com\/fr\/wp-json\/wp\/v2\/product_brand?post=906"},{"taxonomy":"product_cat","embeddable":true,"href":"https:\/\/afrycom.com\/fr\/wp-json\/wp\/v2\/product_cat?post=906"},{"taxonomy":"product_tag","embeddable":true,"href":"https:\/\/afrycom.com\/fr\/wp-json\/wp\/v2\/product_tag?post=906"}],"curies":[{"name":"wp","href":"https:\/\/api.w.org\/{rel}","templated":true}]}}