{"id":9048,"date":"2025-03-08T10:28:55","date_gmt":"2025-03-08T10:28:55","guid":{"rendered":"https:\/\/afrycom.com\/product\/hip-hop-personnalise-en-acier-inoxydable-or-cristal-pendentif-cubique-zircone-collier-hommes-carre-perle-chaine-en-gros\/"},"modified":"2025-03-08T10:29:03","modified_gmt":"2025-03-08T10:29:03","slug":"hip-hop-personnalise-en-acier-inoxydable-or-cristal-pendentif-cubique-zircone-collier-hommes-carre-perle-chaine-en-gros","status":"publish","type":"product","link":"https:\/\/afrycom.com\/fr\/produit\/hip-hop-personnalise-en-acier-inoxydable-or-cristal-pendentif-cubique-zircone-collier-hommes-carre-perle-chaine-en-gros\/","title":{"rendered":"Hip Hop personnalis\u00e9 en acier inoxydable or cristal pendentif cubique zircone collier hommes carr\u00e9 perle cha\u00eene en gros"},"content":{"rendered":"<div class=\"product-specs-list-container\">\n<ul class=\"product-specs-list util-clearfix\">\n<li class=\"product-prop line-limit-length\"><span\n                                        class=\"property-title\">Chimique Hign-concern\u00e9 :&nbsp;<\/span><span\n                                        class=\"property-desc line-limit-length\">Aucun<\/span>\n                            <\/li>\n<li class=\"product-prop line-limit-length\"><span\n                                        class=\"property-title\">Compatibilit\u00e9 :&nbsp;<\/span><span\n                                        class=\"property-desc line-limit-length\">Tous compatibles<\/span>\n                            <\/li>\n<li class=\"product-prop line-limit-length\"><span\n                                        class=\"property-title\">Fonction :&nbsp;<\/span><span\n                                        class=\"property-desc line-limit-length\">Tracker d\u2019humeur<\/span>\n                            <\/li>\n<li class=\"product-prop line-limit-length\"><span\n                                        class=\"property-title\">Num\u00e9ro de Mod\u00e8le :&nbsp;<\/span><span\n                                        class=\"property-desc line-limit-length\">PN589-PN610<\/span>\n                            <\/li>\n<li class=\"product-prop line-limit-length\"><span\n                                        class=\"property-title\">Formemotif :&nbsp;<\/span><span\n                                        class=\"property-desc line-limit-length\">Animal<\/span>\n                            <\/li>\n<li class=\"product-prop line-limit-length\"><span\n                                        class=\"property-title\">Style :&nbsp;<\/span><span\n                                        class=\"property-desc line-limit-length\">Hiphop \/ Rock<\/span>\n                            <\/li>\n<li class=\"product-prop line-limit-length\"><span\n                                        class=\"property-title\">Mat\u00e9riau :&nbsp;<\/span><span\n                                        class=\"property-desc line-limit-length\">M\u00e9tal<\/span>\n                            <\/li>\n<li class=\"product-prop line-limit-length\"><span\n                                        class=\"property-title\">Type de pendentifs:&nbsp;<\/span><span\n                                        class=\"property-desc line-limit-length\">Cercle<\/span>\n                            <\/li>\n<li class=\"product-prop line-limit-length\"><span\n                                        class=\"property-title\">Type de M\u00e9taux :&nbsp;<\/span><span\n                                        class=\"property-desc line-limit-length\">Acier inoxydable<\/span>\n                            <\/li>\n<li class=\"product-prop line-limit-length\"><span\n                                        class=\"property-title\">Sexe :&nbsp;<\/span><span\n                                        class=\"property-desc line-limit-length\">Hommes<\/span>\n                            <\/li>\n<li class=\"product-prop line-limit-length\"><span\n                                        class=\"property-title\">Nom de marque :&nbsp;<\/span><span\n                                        class=\"property-desc line-limit-length\">Dignorn<\/span>\n                            <\/li>\n<li class=\"product-prop line-limit-length\"><span\n                                        class=\"property-title\">Type d'article :&nbsp;<\/span><span\n                                        class=\"property-desc line-limit-length\">PENDENTIFS<\/span>\n                            <\/li>\n<li class=\"product-prop line-limit-length\"><span\n                                        class=\"property-title\">CN :&nbsp;<\/span><span\n                                        class=\"property-desc line-limit-length\">Guangdong<\/span>\n                            <\/li>\n<li class=\"product-prop line-limit-length\"><span\n                                        class=\"property-title\">Raffin\u00e9 ou mode :&nbsp;<\/span><span\n                                        class=\"property-desc line-limit-length\">Mode<\/span>\n                            <\/li>\n<li class=\"product-prop line-limit-length\"><span\n                                        class=\"property-title\">Origine :&nbsp;<\/span><span\n                                        class=\"property-desc line-limit-length\">CN (Origine)<\/span>\n                            <\/li>\n<\/ul><\/div>\n<div class=\"detailmodule_html\">\n<div class=\"detail-desc-decorate-richtext\">\n<div class=\"detailmodule_text-image\">\n<p style=\"font-size:28px\" id=\"tl_1\">Collier pendentif en acier inoxydable<\/p>\n<p style=\"font-size:24px;font-weight:normal\" id=\"tl_2\">Mat&eacute;riau : acier inoxydable <br \/>Placage : placage PVD <br \/>Respectueux de l&#8217;environnement (sans nickel, sans plomb) <br \/>Caract&eacute;ristiques : pas de rouille, pas de d&eacute;coloration, pas de d&eacute;formation.<\/p>\n<div>\n  \n <\/div>\n<div>\n  <img decoding=\"async\" style=\"margin-bottom:10px\" class=\"detail-desc-decorate-image\" src=\"https:\/\/ae01.alicdn.com\/kf\/Saed755c7dd12438984c91bdf0e15f8b1H.jpg\" slate-data-type=\"image\" \/>\n <\/div>\n<div>\n  <img decoding=\"async\" style=\"margin-bottom:10px\" class=\"detail-desc-decorate-image\" src=\"https:\/\/ae01.alicdn.com\/kf\/Sd30f4f439f854324b3a83b13e25057caV.jpg\" slate-data-type=\"image\" \/>\n <\/div>\n<div>\n  <img decoding=\"async\" style=\"margin-bottom:10px\" class=\"detail-desc-decorate-image\" src=\"https:\/\/ae01.alicdn.com\/kf\/Sb2e5d426699b426daa54cad056ec14ebN.jpg\" slate-data-type=\"image\" \/>\n <\/div>\n<div>\n  <img decoding=\"async\" style=\"margin-bottom:10px\" class=\"detail-desc-decorate-image\" src=\"https:\/\/ae01.alicdn.com\/kf\/S505a1d8356a14d309a2405aa1661371eZ.jpg\" slate-data-type=\"image\" \/>\n <\/div>\n<div>\n  <img decoding=\"async\" style=\"margin-bottom:10px\" class=\"detail-desc-decorate-image\" src=\"https:\/\/ae01.alicdn.com\/kf\/Scc67156428f944ecb99eaeeab0224f6c4.jpg\" slate-data-type=\"image\" \/>\n <\/div>\n<div>\n  <img decoding=\"async\" style=\"margin-bottom:10px\" class=\"detail-desc-decorate-image\" src=\"https:\/\/ae01.alicdn.com\/kf\/Sf418176946b6443bb0bba59c04913addy.jpg\" slate-data-type=\"image\" \/>\n <\/div>\n<div>\n  <img decoding=\"async\" style=\"margin-bottom:10px\" class=\"detail-desc-decorate-image\" src=\"https:\/\/ae01.alicdn.com\/kf\/S90fbce9e2353446f8ae1d7b852335307O.jpg\" slate-data-type=\"image\" \/><br \/>\n  <img decoding=\"async\" src=\"https:\/\/ae01.alicdn.com\/kf\/S8d39126211004e198578dd26802cfdb5I.jpg\" slate-data-type=\"image\" \/><br \/>\n  <img decoding=\"async\" src=\"https:\/\/ae01.alicdn.com\/kf\/S9088989ef0724bae8b090314b79c9392B.jpg\" slate-data-type=\"image\" \/><br \/>\n  <img decoding=\"async\" src=\"https:\/\/ae01.alicdn.com\/kf\/S757f2f42fc924131824b697fffa5136d4.jpg\" slate-data-type=\"image\" \/><br \/>\n  <img decoding=\"async\" src=\"https:\/\/ae01.alicdn.com\/kf\/Se05bd96e6c91433a94d433b9b129ce4cu.jpg\" slate-data-type=\"image\" \/>\n <\/div>\n<\/div>\n<div class=\"detailmodule_text\">\n<p style=\"font-family:OpenSans;font-size:20px;font-weight:900;line-height:28px;white-space:pre-wrap;color:rgb(0, 0, 0);margin-bottom:12px\" class=\"detail-desc-decorate-title\" id=\"tl_3\">Remarques :<\/p>\n<p style=\"font-family:OpenSans;font-size:14px;font-weight:300;line-height:20px;white-space:pre-wrap;color:rgb(0, 0, 0);margin-bottom:12px\" class=\"detail-desc-decorate-content\" id=\"tl_4\">1.En raison de la diff&eacute;rence de lumi&egrave;re et de la diff&eacute;rence entre les diff&eacute;rents moniteurs, l&#8217;image peut ne pas refl&eacute;ter la couleur r&eacute;elle de l&#8217;article.La livraison r&eacute;elle pr&eacute;vaudra donc! <\/p>\n<p>2.En raison des tol&eacute;rances de fabrication et de la mesure manuelle, il peut y avoir de l&eacute;g&egrave;res diff&eacute;rences entre les lots. Veuillez permettre un l&eacute;ger &eacute;cart de mesure manuelle (&plusmn; 1 cm) pour les donn&eacute;es. <\/p>\n<p>3. Aucun remboursement pour les probl&egrave;mes apr&egrave;s-vente en raison d&#8217;une taille inappropri&eacute;e. <\/p>\n<p>4. Les applications de remboursement pour des raisons autres que des probl&egrave;mes de qualit&eacute; du produit ne seront pas accept&eacute;es.<\/p>\n<\/div>\n<p><\/p>\n<\/div>\n<\/div>","protected":false},"excerpt":{"rendered":"<p>Chimique Hign-concern\u00e9:&nbsp;Aucun Compatibilit\u00e9:&nbsp;Tous compatibles Fonction:&nbsp;Tracker d\u2019humeur Num\u00e9ro de Mod\u00e8le:&nbsp;PN589-PN610 Formemotif:&nbsp;Animal Style:&nbsp;Hiphop \/ Rock Mat\u00e9riau:&nbsp;M\u00e9tal Type de pendentifs:&nbsp;Cercle Type de M\u00e9taux:&nbsp;Acier<\/p>","protected":false},"featured_media":9050,"comment_status":"open","ping_status":"closed","template":"","meta":[],"product_brand":[],"product_cat":[15],"product_tag":[],"class_list":{"0":"post-9048","1":"product","2":"type-product","3":"status-publish","4":"has-post-thumbnail","6":"product_cat-uncategorized","8":"first","9":"instock","10":"shipping-taxable","11":"purchasable","12":"product-type-variable"},"jetpack_sharing_enabled":true,"_links":{"self":[{"href":"https:\/\/afrycom.com\/fr\/wp-json\/wp\/v2\/product\/9048","targetHints":{"allow":["GET"]}}],"collection":[{"href":"https:\/\/afrycom.com\/fr\/wp-json\/wp\/v2\/product"}],"about":[{"href":"https:\/\/afrycom.com\/fr\/wp-json\/wp\/v2\/types\/product"}],"replies":[{"embeddable":true,"href":"https:\/\/afrycom.com\/fr\/wp-json\/wp\/v2\/comments?post=9048"}],"wp:featuredmedia":[{"embeddable":true,"href":"https:\/\/afrycom.com\/fr\/wp-json\/wp\/v2\/media\/9050"}],"wp:attachment":[{"href":"https:\/\/afrycom.com\/fr\/wp-json\/wp\/v2\/media?parent=9048"}],"wp:term":[{"taxonomy":"product_brand","embeddable":true,"href":"https:\/\/afrycom.com\/fr\/wp-json\/wp\/v2\/product_brand?post=9048"},{"taxonomy":"product_cat","embeddable":true,"href":"https:\/\/afrycom.com\/fr\/wp-json\/wp\/v2\/product_cat?post=9048"},{"taxonomy":"product_tag","embeddable":true,"href":"https:\/\/afrycom.com\/fr\/wp-json\/wp\/v2\/product_tag?post=9048"}],"curies":[{"name":"wp","href":"https:\/\/api.w.org\/{rel}","templated":true}]}}