{"id":9024,"date":"2025-03-08T10:28:50","date_gmt":"2025-03-08T10:28:50","guid":{"rendered":"https:\/\/afrycom.com\/product\/nouveaux-bracelets-impermeables-en-zircone-cubique-en-acier-inoxydable-bijoux-sans-ternissement-pour-femmes-vente-en-gros-dusine-personnalises\/"},"modified":"2025-03-08T10:29:03","modified_gmt":"2025-03-08T10:29:03","slug":"nouveaux-bracelets-impermeables-en-zircone-cubique-en-acier-inoxydable-bijoux-sans-ternissement-pour-femmes-vente-en-gros-dusine-personnalises","status":"publish","type":"product","link":"https:\/\/afrycom.com\/fr\/produit\/nouveaux-bracelets-impermeables-en-zircone-cubique-en-acier-inoxydable-bijoux-sans-ternissement-pour-femmes-vente-en-gros-dusine-personnalises\/","title":{"rendered":"Nouveaux Bracelets imperm\u00e9ables en zircone cubique, en acier inoxydable, bijoux sans ternissement pour femmes, vente en gros d'usine, personnalis\u00e9s"},"content":{"rendered":"<div class=\"product-specs-list-container\">\n<ul class=\"product-specs-list util-clearfix\">\n<li class=\"product-prop line-limit-length\"><span\n                                        class=\"property-title\">Chimique Hign-concern\u00e9 :&nbsp;<\/span><span\n                                        class=\"property-desc line-limit-length\">Aucun<\/span>\n                            <\/li>\n<li class=\"product-prop line-limit-length\"><span\n                                        class=\"property-title\">Compatibilit\u00e9 :&nbsp;<\/span><span\n                                        class=\"property-desc line-limit-length\">Tous compatibles<\/span>\n                            <\/li>\n<li class=\"product-prop line-limit-length\"><span\n                                        class=\"property-title\">Type de r\u00e9glage:&nbsp;<\/span><span\n                                        class=\"property-desc line-limit-length\">Aucun<\/span>\n                            <\/li>\n<li class=\"product-prop line-limit-length\"><span\n                                        class=\"property-title\">Formemotif :&nbsp;<\/span><span\n                                        class=\"property-desc line-limit-length\">Ronde<\/span>\n                            <\/li>\n<li class=\"product-prop line-limit-length\"><span\n                                        class=\"property-title\">Placage:&nbsp;<\/span><span\n                                        class=\"property-desc line-limit-length\">Couleur or<\/span>\n                            <\/li>\n<li class=\"product-prop line-limit-length\"><span\n                                        class=\"property-title\">Style :&nbsp;<\/span><span\n                                        class=\"property-desc line-limit-length\">TRENDY<\/span>\n                            <\/li>\n<li class=\"product-prop line-limit-length\"><span\n                                        class=\"property-title\">Mat\u00e9riau :&nbsp;<\/span><span\n                                        class=\"property-desc line-limit-length\">M\u00e9tal<\/span>\n                            <\/li>\n<li class=\"product-prop line-limit-length\"><span\n                                        class=\"property-title\">Sexe :&nbsp;<\/span><span\n                                        class=\"property-desc line-limit-length\">Femmes<\/span>\n                            <\/li>\n<li class=\"product-prop line-limit-length\"><span\n                                        class=\"property-title\">Type de M\u00e9taux :&nbsp;<\/span><span\n                                        class=\"property-desc line-limit-length\">Acier inoxydable<\/span>\n                            <\/li>\n<li class=\"product-prop line-limit-length\"><span\n                                        class=\"property-title\">Nom de marque :&nbsp;<\/span><span\n                                        class=\"property-desc line-limit-length\">XPEL<\/span>\n                            <\/li>\n<li class=\"product-prop line-limit-length\"><span\n                                        class=\"property-title\">Origine :&nbsp;<\/span><span\n                                        class=\"property-desc line-limit-length\">CN (Origine)<\/span>\n                            <\/li>\n<li class=\"product-prop line-limit-length\"><span\n                                        class=\"property-title\">Type de Bracelets:&nbsp;<\/span><span\n                                        class=\"property-desc line-limit-length\">BRACELETS<\/span>\n                            <\/li>\n<li class=\"product-prop line-limit-length\"><span\n                                        class=\"property-title\">Raffin\u00e9 ou mode :&nbsp;<\/span><span\n                                        class=\"property-desc line-limit-length\">Mode<\/span>\n                            <\/li>\n<\/ul><\/div>\n<div class=\"detailmodule_html\">\n<div class=\"detail-desc-decorate-richtext\">\n<div class=\"detailmodule_html\">\n<div class=\"detail-desc-decorate-richtext\">\n<div><\/div>\n<div class=\"detailmodule_dynamic\"><kse:widget data-widget-type=\"customText\" id=\"1005000001157751\" type=\"relation\"><\/kse:widget><\/div>\n<div><img decoding=\"async\" src=\"https:\/\/ae01.alicdn.com\/kf\/Sfa37e6c5eaf04c1bb0d58d0424760874H.jpg\" slate-data-type=\"image\"\/><img decoding=\"async\" src=\"https:\/\/ae01.alicdn.com\/kf\/Safecc936db16422a8045b3b74179aba2O.jpg\" slate-data-type=\"image\"\/><img decoding=\"async\" src=\"https:\/\/ae01.alicdn.com\/kf\/Scf309ff1a9554aad86392ea4c738d0a3f.jpg\" slate-data-type=\"image\"\/><img decoding=\"async\" src=\"https:\/\/ae01.alicdn.com\/kf\/S3d7436cd91d94fa1852f6af59c9349fcL.jpg\" slate-data-type=\"image\"\/><img decoding=\"async\" src=\"https:\/\/ae01.alicdn.com\/kf\/Sf0cd0088a42341fc9f13c87ce85f64796.jpg\" slate-data-type=\"image\"\/><img decoding=\"async\" src=\"https:\/\/ae01.alicdn.com\/kf\/S4b5067e698fb45a788ffc969f83eb4ef6.jpg\" slate-data-type=\"image\"\/><img decoding=\"async\" src=\"https:\/\/ae01.alicdn.com\/kf\/S149975053cd248a0952d802c65c5d3ddD.jpg\" slate-data-type=\"image\"\/><img decoding=\"async\" src=\"https:\/\/ae01.alicdn.com\/kf\/Secefe217d09647ccac25d70bf5916f16S.jpg\" slate-data-type=\"image\"\/><img decoding=\"async\" src=\"https:\/\/ae01.alicdn.com\/kf\/S9846c5307b9842b3886d91cdd1007dc5k.jpg\" slate-data-type=\"image\"\/><\/div>\n<div>\n<\/div>\n<div><\/div>\n<\/div>\n<\/div>\n<p><\/div>\n<\/div>","protected":false},"excerpt":{"rendered":"<p>Chimique Hign-concern\u00e9:&nbsp;Aucun Compatibilit\u00e9:&nbsp;Tous compatibles Type de r\u00e9glage:&nbsp;Aucun Formemotif:&nbsp;Ronde Placage:&nbsp;Couleur or Style:&nbsp;TRENDY Mat\u00e9riau:&nbsp;M\u00e9tal Sexe:&nbsp;Femmes Type de M\u00e9taux:&nbsp;Acier inoxydable Nom de marque:&nbsp;XPEL<\/p>","protected":false},"featured_media":9025,"comment_status":"open","ping_status":"closed","template":"","meta":[],"product_brand":[],"product_cat":[15],"product_tag":[],"class_list":{"0":"post-9024","1":"product","2":"type-product","3":"status-publish","4":"has-post-thumbnail","6":"product_cat-uncategorized","8":"first","9":"instock","10":"shipping-taxable","11":"purchasable","12":"product-type-variable"},"jetpack_sharing_enabled":true,"_links":{"self":[{"href":"https:\/\/afrycom.com\/fr\/wp-json\/wp\/v2\/product\/9024","targetHints":{"allow":["GET"]}}],"collection":[{"href":"https:\/\/afrycom.com\/fr\/wp-json\/wp\/v2\/product"}],"about":[{"href":"https:\/\/afrycom.com\/fr\/wp-json\/wp\/v2\/types\/product"}],"replies":[{"embeddable":true,"href":"https:\/\/afrycom.com\/fr\/wp-json\/wp\/v2\/comments?post=9024"}],"wp:featuredmedia":[{"embeddable":true,"href":"https:\/\/afrycom.com\/fr\/wp-json\/wp\/v2\/media\/9025"}],"wp:attachment":[{"href":"https:\/\/afrycom.com\/fr\/wp-json\/wp\/v2\/media?parent=9024"}],"wp:term":[{"taxonomy":"product_brand","embeddable":true,"href":"https:\/\/afrycom.com\/fr\/wp-json\/wp\/v2\/product_brand?post=9024"},{"taxonomy":"product_cat","embeddable":true,"href":"https:\/\/afrycom.com\/fr\/wp-json\/wp\/v2\/product_cat?post=9024"},{"taxonomy":"product_tag","embeddable":true,"href":"https:\/\/afrycom.com\/fr\/wp-json\/wp\/v2\/product_tag?post=9024"}],"curies":[{"name":"wp","href":"https:\/\/api.w.org\/{rel}","templated":true}]}}