{"id":9018,"date":"2025-03-08T10:28:46","date_gmt":"2025-03-08T10:28:46","guid":{"rendered":"https:\/\/afrycom.com\/product\/collier-de-perles-double-couche-vintage-pour-femme-boucles-doreilles-en-perles-emeraude-tour-de-cou-elegant-clavicule-fete-de-banquet-accessoires-de-mode\/"},"modified":"2025-08-02T10:05:07","modified_gmt":"2025-08-02T10:05:07","slug":"collier-de-perles-double-couche-vintage-pour-femme-boucles-doreilles-en-perles-emeraude-tour-de-cou-elegant-clavicule-fete-de-banquet-accessoires-de-mode","status":"publish","type":"product","link":"https:\/\/afrycom.com\/fr\/produit\/collier-de-perles-double-couche-vintage-pour-femme-boucles-doreilles-en-perles-emeraude-tour-de-cou-elegant-clavicule-fete-de-banquet-accessoires-de-mode\/","title":{"rendered":"Collier de perles double couche vintage pour femme, boucles d'oreilles en perles \u00e9meraude, tour de cou \u00e9l\u00e9gant, clavicule, f\u00eate de banquet, accessoires de mode"},"content":{"rendered":"<p>&nbsp;<\/p>\n<div class=\"product-specs-list-container\">\n<ul class=\"product-specs-list util-clearfix\">\n<li class=\"product-prop line-limit-length\"><span class=\"property-title\">Chimique Hign-concern\u00e9 :\u00a0<\/span><span class=\"property-desc line-limit-length\">Aucun<\/span><\/li>\n<li class=\"product-prop line-limit-length\"><span class=\"property-title\">Occasion :\u00a0<\/span><span class=\"property-desc line-limit-length\">Partie<\/span><\/li>\n<li class=\"product-prop line-limit-length\"><span class=\"property-title\">Compatibilit\u00e9 :\u00a0<\/span><span class=\"property-desc line-limit-length\">Tous compatibles<\/span><\/li>\n<li class=\"product-prop line-limit-length\"><span class=\"property-title\">Formemotif :\u00a0<\/span><span class=\"property-desc line-limit-length\">G\u00c9OM\u00c9TRIQUE<\/span><\/li>\n<li class=\"product-prop line-limit-length\"><span class=\"property-title\">Num\u00e9ro de Mod\u00e8le :\u00a0<\/span><span class=\"property-desc line-limit-length\">Collier de perles double couche vintage<\/span><\/li>\n<li class=\"product-prop line-limit-length\"><span class=\"property-title\">Mat\u00e9riau :\u00a0<\/span><span class=\"property-desc line-limit-length\">M\u00e9tal<\/span><\/li>\n<li class=\"product-prop line-limit-length\"><span class=\"property-title\">Style :\u00a0<\/span><span class=\"property-desc line-limit-length\">TRENDY<\/span><\/li>\n<li class=\"product-prop line-limit-length\"><span class=\"property-title\">Type de Collier :\u00a0<\/span><span class=\"property-desc line-limit-length\">Colliers pendentifs<\/span><\/li>\n<li class=\"product-prop line-limit-length\"><span class=\"property-title\">Sexe :\u00a0<\/span><span class=\"property-desc line-limit-length\">Femmes<\/span><\/li>\n<li class=\"product-prop line-limit-length\"><span class=\"property-title\">Type de M\u00e9taux :\u00a0<\/span><span class=\"property-desc line-limit-length\">Aucun<\/span><\/li>\n<li class=\"product-prop line-limit-length\"><span class=\"property-title\">Origine :\u00a0<\/span><span class=\"property-desc line-limit-length\">CN (Origine)<\/span><\/li>\n<li class=\"product-prop line-limit-length\"><span class=\"property-title\">CN :\u00a0<\/span><span class=\"property-desc line-limit-length\">Shanghai<\/span><\/li>\n<li class=\"product-prop line-limit-length\"><span class=\"property-title\">Raffin\u00e9 ou mode :\u00a0<\/span><span class=\"property-desc line-limit-length\">Mode<\/span><\/li>\n<li class=\"product-prop line-limit-length\"><span class=\"property-title\">Type d'article :\u00a0<\/span><span class=\"property-desc line-limit-length\">COLLIERS<\/span><\/li>\n<li class=\"product-prop line-limit-length\"><span class=\"property-title\">Type1 :\u00a0<\/span><span class=\"property-desc line-limit-length\">Collier de perles double couche vintage<\/span><\/li>\n<li class=\"product-prop line-limit-length\"><span class=\"property-title\">Type2 :\u00a0<\/span><span class=\"property-desc line-limit-length\">Boucles d'oreilles Emerald Pearl Choker<\/span><\/li>\n<li class=\"product-prop line-limit-length\"><span class=\"property-title\">Type3 :\u00a0<\/span><span class=\"property-desc line-limit-length\">Cha\u00eene de clavicule \u00e9l\u00e9gante pour femmes<\/span><\/li>\n<li class=\"product-prop line-limit-length\"><span class=\"property-title\">Type4 :\u00a0<\/span><span class=\"property-desc line-limit-length\">Accessoires de mode pour banquets et f\u00eates<\/span><\/li>\n<\/ul>\n<\/div>\n<div class=\"detailmodule_dynamic\"><\/div>\n<div class=\"detailmodule_html\">\n<div class=\"detail-desc-decorate-richtext\">\n<div class=\"detailmodule_dynamic\"><\/div>\n<div class=\"detailmodule_html\">\n<div class=\"detail-desc-decorate-richtext\">\n<div class=\"detailmodule_text\">\n<div><\/div>\n<p style=\"margin-left: auto; margin-right: auto;\">Sp\u00e9cification :<br \/>\nNom de l'article : collier\/boucles d'oreilles en perles.<br \/>\nMat\u00e9riel : alliage<br \/>\nTaille : Collier de perles : 35 +7 cm \/ Boucles d'oreilles : 2,6 * 2,2 cm<br \/>\nCouleur : comme indiqu\u00e9 sur l'image<br \/>\nLe forfait comprend : 1 * collier\/boucles d'oreilles en perles<\/p>\n<p>Description :<br \/>\n1. Le collier pendentif en perles ovale est fait d'alliage de haute qualit\u00e9 et de perles artificielles, facile \u00e0 assortir avec les v\u00eatements.<br \/>\n2. le collier de perles vintage convient \u00e0 un usage quotidien ou \u00e0 une discoth\u00e8que de bal de mariage ou \u00e0 toute occasion sp\u00e9ciale.<br \/>\n3 Ce collier est parfait pour un cadeau de No\u00ebl, un cadeau d'anniversaire, une demoiselle d'honneur ou un cadeau d'anniversaire pour les femmes.<\/p>\n<p>Conseils chaleureux<br \/>\n1 Nous vous fournissons les meilleurs produits et services.s Si vous rencontrez un probl\u00e8me, veuillez nous le faire savoir, nous le r\u00e9soudrons dans les plus brefs d\u00e9lais.Merci beaucoup.<br \/>\n2. en raison de la diff\u00e9rence d'affichage du moniteur et de la lumi\u00e8re, la couleur r\u00e9elle peut \u00eatre l\u00e9g\u00e8rement diff\u00e9rente de l'image du produit.<br \/>\n3.3.Comme les dimensions ci-dessus sont mesur\u00e9es manuellement, veuillez permettre une petite erreur.<br \/>\n4,1 cm = 0,39 pouces.<\/p>\n<div><\/div>\n<\/div>\n<div class=\"detailmodule_image\"><img decoding=\"async\" class=\"detail-desc-decorate-image\" src=\"https:\/\/ae01.alicdn.com\/kf\/S9a3867d34739441eb10c7f0a74c9cb79U.jpg\" \/><br \/>\n<img decoding=\"async\" class=\"detail-desc-decorate-image\" src=\"https:\/\/ae01.alicdn.com\/kf\/S19425e668b83442680f78bda9ff85e0fk.jpg\" \/><br \/>\n<img decoding=\"async\" class=\"detail-desc-decorate-image\" src=\"https:\/\/ae01.alicdn.com\/kf\/Sd6051dc4e56a4567b846d0bfe1dd9a89J.jpg\" \/><br \/>\n<img decoding=\"async\" class=\"detail-desc-decorate-image\" src=\"https:\/\/ae01.alicdn.com\/kf\/S2fb9ee3b17b3422bbf732c2526992191L.jpg\" \/><br \/>\n<img decoding=\"async\" class=\"detail-desc-decorate-image\" src=\"https:\/\/ae01.alicdn.com\/kf\/Sab38c1ccf15047c3813ffec4e3191085j.jpg\" \/><br \/>\n<img decoding=\"async\" class=\"detail-desc-decorate-image\" src=\"https:\/\/ae01.alicdn.com\/kf\/Sfa1da95371fb47a4a8ff85dccb2ff9d9x.jpg\" \/><br \/>\n<img decoding=\"async\" class=\"detail-desc-decorate-image\" src=\"https:\/\/ae01.alicdn.com\/kf\/Sec809c7668ae4c2ba412db414aa899b2E.jpg\" \/><br \/>\n<img decoding=\"async\" class=\"detail-desc-decorate-image\" src=\"https:\/\/ae01.alicdn.com\/kf\/S9e060e977b14473fbfbd1b2c71bfcd520.jpg\" \/><br \/>\n<img decoding=\"async\" class=\"detail-desc-decorate-image\" src=\"https:\/\/ae01.alicdn.com\/kf\/S4100941ce92940b29f4427eb80840fa8H.jpg\" \/><\/div>\n<p>&nbsp;<\/p>\n<\/div>\n<\/div>\n<\/div>\n<\/div>","protected":false},"excerpt":{"rendered":"<p>&nbsp; Chimique Hign-concern\u00e9:\u00a0Aucun Occasion:\u00a0Partie Compatibilit\u00e9:\u00a0Tous compatibles Formemotif:\u00a0GEOMETRIC Num\u00e9ro de Mod\u00e8le:\u00a0Vintage Double Layer Pearl Necklace Mat\u00e9riau:\u00a0M\u00e9tal Style:\u00a0TRENDY Type de Collier:\u00a0Colliers pendentifs<\/p>","protected":false},"featured_media":9019,"comment_status":"open","ping_status":"closed","template":"","meta":[],"product_brand":[],"product_cat":[4995,4999,1451],"product_tag":[],"class_list":{"0":"post-9018","1":"product","2":"type-product","3":"status-publish","4":"has-post-thumbnail","6":"product_cat-fashion","7":"product_cat-gloves-jewelry","8":"product_cat-womens-section","10":"first","11":"instock","12":"shipping-taxable","13":"purchasable","14":"product-type-variable"},"jetpack_sharing_enabled":true,"_links":{"self":[{"href":"https:\/\/afrycom.com\/fr\/wp-json\/wp\/v2\/product\/9018","targetHints":{"allow":["GET"]}}],"collection":[{"href":"https:\/\/afrycom.com\/fr\/wp-json\/wp\/v2\/product"}],"about":[{"href":"https:\/\/afrycom.com\/fr\/wp-json\/wp\/v2\/types\/product"}],"replies":[{"embeddable":true,"href":"https:\/\/afrycom.com\/fr\/wp-json\/wp\/v2\/comments?post=9018"}],"wp:featuredmedia":[{"embeddable":true,"href":"https:\/\/afrycom.com\/fr\/wp-json\/wp\/v2\/media\/9019"}],"wp:attachment":[{"href":"https:\/\/afrycom.com\/fr\/wp-json\/wp\/v2\/media?parent=9018"}],"wp:term":[{"taxonomy":"product_brand","embeddable":true,"href":"https:\/\/afrycom.com\/fr\/wp-json\/wp\/v2\/product_brand?post=9018"},{"taxonomy":"product_cat","embeddable":true,"href":"https:\/\/afrycom.com\/fr\/wp-json\/wp\/v2\/product_cat?post=9018"},{"taxonomy":"product_tag","embeddable":true,"href":"https:\/\/afrycom.com\/fr\/wp-json\/wp\/v2\/product_tag?post=9018"}],"curies":[{"name":"wp","href":"https:\/\/api.w.org\/{rel}","templated":true}]}}