{"id":8877,"date":"2025-03-08T08:16:05","date_gmt":"2025-03-08T08:16:05","guid":{"rendered":"https:\/\/afrycom.com\/product\/ensemble-de-bijoux-elegants-en-forme-de-goutte-deau-pour-femme-pendentif-en-strass-collier-boucles-doreilles-pour-robe-de-mariee-patients-2-pieces-ensemble\/"},"modified":"2025-08-07T15:42:44","modified_gmt":"2025-08-07T15:42:44","slug":"ensemble-de-bijoux-elegants-en-forme-de-goutte-deau-pour-femme-pendentif-en-strass-collier-boucles-doreilles-pour-robe-de-mariee-patients-2-pieces-ensemble","status":"publish","type":"product","link":"https:\/\/afrycom.com\/fr\/produit\/ensemble-de-bijoux-elegants-en-forme-de-goutte-deau-pour-femme-pendentif-en-strass-collier-boucles-doreilles-pour-robe-de-mariee-patients-2-pieces-ensemble\/","title":{"rendered":"Ensemble de Bijoux \u00c9l\u00e9gants en Forme de Goutte d'Eau pour Femme, Pendentif en Strass, Collier, Boucles d'Oreilles, pour Robe de Mari\u00e9e, Patients, 2 Pi\u00e8ces\/Ensemble"},"content":{"rendered":"<p>&nbsp;<\/p>\n<div class=\"product-specs-list-container\">\n<ul class=\"product-specs-list util-clearfix\">\n<li class=\"product-prop line-limit-length\"><span class=\"property-title\">Chimique Hign-concern\u00e9 :\u00a0<\/span><span class=\"property-desc line-limit-length\">Aucun<\/span><\/li>\n<li class=\"product-prop line-limit-length\"><span class=\"property-title\">Occasion :\u00a0<\/span><span class=\"property-desc line-limit-length\">Mariage<\/span><\/li>\n<li class=\"product-prop line-limit-length\"><span class=\"property-title\">Mat\u00e9riau :\u00a0<\/span><span class=\"property-desc line-limit-length\">M\u00e9tal<\/span><\/li>\n<li class=\"product-prop line-limit-length\"><span class=\"property-title\">Sexe :\u00a0<\/span><span class=\"property-desc line-limit-length\">Femmes<\/span><\/li>\n<li class=\"product-prop line-limit-length\"><span class=\"property-title\">Style :\u00a0<\/span><span class=\"property-desc line-limit-length\">TRENDY<\/span><\/li>\n<li class=\"product-prop line-limit-length\"><span class=\"property-title\">Type de parures de bijoux:\u00a0<\/span><span class=\"property-desc line-limit-length\">Collier\/Boucles d\u2019oreilles\/Bracelet<\/span><\/li>\n<li class=\"product-prop line-limit-length\"><span class=\"property-title\">Type de M\u00e9taux :\u00a0<\/span><span class=\"property-desc line-limit-length\">Aucun<\/span><\/li>\n<li class=\"product-prop line-limit-length\"><span class=\"property-title\">Nom de marque :\u00a0<\/span><span class=\"property-desc line-limit-length\">genenic<\/span><\/li>\n<li class=\"product-prop line-limit-length\"><span class=\"property-title\">Type d'article :\u00a0<\/span><span class=\"property-desc line-limit-length\">ensembles de bijoux<\/span><\/li>\n<li class=\"product-prop line-limit-length\"><span class=\"property-title\">Raffin\u00e9 ou mode :\u00a0<\/span><span class=\"property-desc line-limit-length\">Mode<\/span><\/li>\n<li class=\"product-prop line-limit-length\"><span class=\"property-title\">Origine :\u00a0<\/span><span class=\"property-desc line-limit-length\">CN (Origine)<\/span><\/li>\n<\/ul>\n<\/div>\n<div class=\"detailmodule_html\">\n<div class=\"detail-desc-decorate-richtext\">\n<div class=\"detailmodule_html\">\n<div class=\"detail-desc-decorate-richtext\">\n<div class=\"detailmodule_text\">\n<div><\/div>\n<div><img decoding=\"async\" src=\"https:\/\/ae01.alicdn.com\/kf\/Hd800a10a1827414c8735ef17248858ebD.jpg\" \/><\/p>\n<\/div>\n<p style=\"margin-left: auto; margin-right: auto;\">Caract\u00e9ristique :<br \/>\n&#8220;Ensembles de colliers \u00e9l\u00e9gants : cet ensemble luxueux comprend un collier ras du cou exquis et une paire de boucles d&#8217;oreilles magnifiquement assorties, parfaitement con\u00e7ues pour les femmes au style \u00e9l\u00e9gant.<br \/>\n&#8220;Design de luxe : notre ensemble collier et boucles d&#8217;oreilles brille brillamment avec des strass de haute qualit\u00e9 soigneusement s\u00e9lectionn\u00e9s pr\u00e9sent\u00e9s dans un design complexe et d\u00e9licatement \u00e9l\u00e9gant, parfait pour ajouter une touche de luxe \u00e0 n&#8217;importe quelle tenue.<br \/>\n&#8220;Id\u00e9al pour les mariages : ces bijoux compl\u00e8teront magnifiquement votre robe de mari\u00e9e ou toutes les robes de mari\u00e9e, ce qui en fait un accessoire id\u00e9al pour votre journ\u00e9e sp\u00e9ciale.Non seulement pour les mari\u00e9es, cet ensemble de bijoux peut mettre en valeur n&#8217;importe quelle tenue formelle, apportant la touche finale \u00e0 votre tenue.<br \/>\n&#8220;D\u00e9claration de mode&#8221; : un superbe m\u00e9lange de style classique et de mode contemporaine, cet ensemble fera certainement tourner les t\u00eates partout o\u00f9 vous allez.Son design unique attirera l&#8217;attention, ce qui en fait un accessoire incontournable pour toutes les femmes avant-gardistes.<br \/>\n\u00ab Construction de haute qualit\u00e9 \u00bb : Fabriqu\u00e9e \u00e0 partir de mat\u00e9riaux de qualit\u00e9 sup\u00e9rieure, chaque pi\u00e8ce de cet ensemble de bijoux est con\u00e7ue pour durer.Sa construction garantit qu&#8217;il peut r\u00e9sister aux rigueurs de l&#8217;usure quotidienne tout en conservant son \u00e9clat s\u00e9duisant.<\/p>\n<p style=\"margin-left: auto; margin-right: auto;\">Description :<br \/>\nMat\u00e9riel: Cristal<br \/>\nCouleur : comme image<br \/>\n\u00c9tat du produit : 100 % neuf et qualit\u00e9 exquise.<br \/>\nUtilis\u00e9 pour : mariages, discoth\u00e8ques, f\u00eates, d\u00e9fil\u00e9s de mode et cadeaux de vacances pour filles.<br \/>\nEmballage inclus: 1 ensemble de bijoux (boucles d&#8217;oreilles + collier)<\/p>\n<div><img decoding=\"async\" src=\"https:\/\/ae01.alicdn.com\/kf\/Hbb4899a6c1bb41b88fce6857030b34a8k.jpg\" \/><\/p>\n<\/div>\n<\/div>\n<div class=\"detailmodule_image\"><img decoding=\"async\" class=\"detail-desc-decorate-image\" src=\"https:\/\/ae01.alicdn.com\/kf\/Sf44025fe75254d1abefefa5205183aaft.jpg\" \/><br \/>\n<img decoding=\"async\" class=\"detail-desc-decorate-image\" src=\"https:\/\/ae01.alicdn.com\/kf\/Sd5a48364b15f4016923dbd2d1136909cO.jpg\" \/><br \/>\n<img decoding=\"async\" class=\"detail-desc-decorate-image\" src=\"https:\/\/ae01.alicdn.com\/kf\/S912c0ebeea024b03a6c415f39998e70dI.jpg\" \/><br \/>\n<img decoding=\"async\" class=\"detail-desc-decorate-image\" src=\"https:\/\/ae01.alicdn.com\/kf\/Sb0359612679c44b383ffed01c2fb6602L.jpg\" \/><br \/>\n<img decoding=\"async\" class=\"detail-desc-decorate-image\" src=\"https:\/\/ae01.alicdn.com\/kf\/S7a0e63b436eb40a18552d3eb82844d6dz.jpg\" \/><br \/>\n<img decoding=\"async\" class=\"detail-desc-decorate-image\" src=\"https:\/\/ae01.alicdn.com\/kf\/Sa07e9c2d42c44d28993744ace4c0f8b5w.jpg\" \/><br \/>\n<img decoding=\"async\" class=\"detail-desc-decorate-image\" src=\"https:\/\/ae01.alicdn.com\/kf\/Sbc6cbe0987794ed892f74b2f46d4539aN.jpeg\" \/><br \/>\n<img decoding=\"async\" class=\"detail-desc-decorate-image\" src=\"https:\/\/ae01.alicdn.com\/kf\/S2ce58b1761064522a34ee52877a8e86cf.jpg\" \/><br \/>\n<img decoding=\"async\" class=\"detail-desc-decorate-image\" src=\"https:\/\/ae01.alicdn.com\/kf\/S761b1082b6da40a39010bf6a73ad29d1g.jpg\" \/><br \/>\n<img decoding=\"async\" class=\"detail-desc-decorate-image\" src=\"https:\/\/ae01.alicdn.com\/kf\/S8bfb317de6fd45ecbffb1eb954b6a8ffS.jpg\" \/><\/div>\n<div class=\"detailmodule_image\"><img decoding=\"async\" class=\"detail-desc-decorate-image\" src=\"https:\/\/ae01.alicdn.com\/kf\/S8fa7f4abd3454ee4915a560a354194c9C.jpg\" \/><br \/>\n<img decoding=\"async\" class=\"detail-desc-decorate-image\" src=\"https:\/\/ae01.alicdn.com\/kf\/S71e6e379d4884186b111fd640db0c22aK.jpg\" \/><br \/>\n<img decoding=\"async\" class=\"detail-desc-decorate-image\" src=\"https:\/\/ae01.alicdn.com\/kf\/S60cc844af77a480385cac3cb05c52ee8D.jpg\" \/><br \/>\n<img decoding=\"async\" class=\"detail-desc-decorate-image\" src=\"https:\/\/ae01.alicdn.com\/kf\/Sfae322c72a13449e88c5b04a5b921046r.jpg\" \/><br \/>\n<img decoding=\"async\" class=\"detail-desc-decorate-image\" src=\"https:\/\/ae01.alicdn.com\/kf\/Se776c840599c475d9cbfd14d46166b18h.jpg\" \/><br \/>\n<img decoding=\"async\" class=\"detail-desc-decorate-image\" src=\"https:\/\/ae01.alicdn.com\/kf\/Se915bb393b2749829b12d277d34ddb963.jpg\" \/><br \/>\n<img decoding=\"async\" class=\"detail-desc-decorate-image\" src=\"https:\/\/ae01.alicdn.com\/kf\/S0096cbea5ae74806b7d3d1043c4b7da5O.jpg\" \/><\/div>\n<p>&nbsp;<\/p>\n<\/div>\n<\/div>\n<\/div>\n<\/div>","protected":false},"excerpt":{"rendered":"<p>&nbsp; Chimique Hign-concern\u00e9:\u00a0Aucun Occasion:\u00a0Mariage Mat\u00e9riau:\u00a0M\u00e9tal Sexe:\u00a0Femmes Style:\u00a0TRENDY Type de parures de bijoux:\u00a0Collier\/Boucles d\u2019oreilles\/Bracelet Type de M\u00e9taux:\u00a0Aucun Nom de marque:\u00a0genenic Type<\/p>","protected":false},"featured_media":8878,"comment_status":"open","ping_status":"closed","template":"","meta":[],"product_brand":[],"product_cat":[4995,4999],"product_tag":[],"class_list":{"0":"post-8877","1":"product","2":"type-product","3":"status-publish","4":"has-post-thumbnail","6":"product_cat-fashion","7":"product_cat-gloves-jewelry","9":"first","10":"instock","11":"shipping-taxable","12":"purchasable","13":"product-type-variable"},"jetpack_sharing_enabled":true,"_links":{"self":[{"href":"https:\/\/afrycom.com\/fr\/wp-json\/wp\/v2\/product\/8877","targetHints":{"allow":["GET"]}}],"collection":[{"href":"https:\/\/afrycom.com\/fr\/wp-json\/wp\/v2\/product"}],"about":[{"href":"https:\/\/afrycom.com\/fr\/wp-json\/wp\/v2\/types\/product"}],"replies":[{"embeddable":true,"href":"https:\/\/afrycom.com\/fr\/wp-json\/wp\/v2\/comments?post=8877"}],"wp:featuredmedia":[{"embeddable":true,"href":"https:\/\/afrycom.com\/fr\/wp-json\/wp\/v2\/media\/8878"}],"wp:attachment":[{"href":"https:\/\/afrycom.com\/fr\/wp-json\/wp\/v2\/media?parent=8877"}],"wp:term":[{"taxonomy":"product_brand","embeddable":true,"href":"https:\/\/afrycom.com\/fr\/wp-json\/wp\/v2\/product_brand?post=8877"},{"taxonomy":"product_cat","embeddable":true,"href":"https:\/\/afrycom.com\/fr\/wp-json\/wp\/v2\/product_cat?post=8877"},{"taxonomy":"product_tag","embeddable":true,"href":"https:\/\/afrycom.com\/fr\/wp-json\/wp\/v2\/product_tag?post=8877"}],"curies":[{"name":"wp","href":"https:\/\/api.w.org\/{rel}","templated":true}]}}