{"id":8865,"date":"2025-03-08T08:16:01","date_gmt":"2025-03-08T08:16:01","guid":{"rendered":"https:\/\/afrycom.com\/product\/golden-ballon-football-excellent-first-award-trophee-sphblades-recompense-dhonneur-meilleur-cadeau-decoration-dinterieur-25cm\/"},"modified":"2025-03-08T08:16:27","modified_gmt":"2025-03-08T08:16:27","slug":"golden-ballon-football-excellent-first-award-trophee-sphblades-recompense-dhonneur-meilleur-cadeau-decoration-dinterieur-25cm","status":"publish","type":"product","link":"https:\/\/afrycom.com\/fr\/produit\/golden-ballon-football-excellent-first-award-trophee-sphblades-recompense-dhonneur-meilleur-cadeau-decoration-dinterieur-25cm\/","title":{"rendered":"Golden Ballon Football Excellent First Award, Troph\u00e9e Sphblades, R\u00e9compense d'honneur, Meilleur cadeau, D\u00e9coration d'int\u00e9rieur, 25cm"},"content":{"rendered":"<div class=\"product-specs-list-container\">\n<ul class=\"product-specs-list util-clearfix\">\n<li class=\"product-prop line-limit-length\"><span\n                                        class=\"property-title\">Th\u00e8me :&nbsp;<\/span><span\n                                        class=\"property-desc line-limit-length\">Sportif<\/span>\n                            <\/li>\n<li class=\"product-prop line-limit-length\"><span\n                                        class=\"property-title\">Style :&nbsp;<\/span><span\n                                        class=\"property-desc line-limit-length\">Nouveau classique\/post-moderne<\/span>\n                            <\/li>\n<li class=\"product-prop line-limit-length\"><span\n                                        class=\"property-title\">Mat\u00e9riau :&nbsp;<\/span><span\n                                        class=\"property-desc line-limit-length\">R\u00c9SINE<\/span>\n                            <\/li>\n<li class=\"product-prop line-limit-length\"><span\n                                        class=\"property-title\">Origine :&nbsp;<\/span><span\n                                        class=\"property-desc line-limit-length\">CN (Origine)<\/span>\n                            <\/li>\n<\/ul><\/div>\n<div class=\"detailmodule_html\">\n<div class=\"detail-desc-decorate-richtext\">\n<div>\n  &nbsp;\n<\/div>\n<div>\n <img decoding=\"async\" class=\"detail-desc-decorate-image\" src=\"https:\/\/ae01.alicdn.com\/kf\/Sdc538f3ded3648a3b3ee931bf4009c215.jpg?width=790&amp;height=1032&amp;hash=1822\" slate-data-type=\"image\" \/><br \/>\n <img decoding=\"async\" class=\"detail-desc-decorate-image\" src=\"https:\/\/ae01.alicdn.com\/kf\/S53aae54aee2d45bb9048fbdc49dda851a.jpg?width=790&amp;height=520&amp;hash=1310\" slate-data-type=\"image\" \/><br \/>\n <img decoding=\"async\" class=\"detail-desc-decorate-image\" src=\"https:\/\/ae01.alicdn.com\/kf\/S8ad8989ef00b41d4930b6382745ab86aS.jpg?width=790&amp;height=807&amp;hash=1597\" slate-data-type=\"image\" \/><br \/>\n <img decoding=\"async\" class=\"detail-desc-decorate-image\" src=\"https:\/\/ae01.alicdn.com\/kf\/S1c7071681e8b4ecc8ff53c86b3fbbe97f.jpg?width=790&amp;height=726&amp;hash=1516\" slate-data-type=\"image\" \/><br \/>\n <img decoding=\"async\" class=\"detail-desc-decorate-image\" src=\"https:\/\/ae01.alicdn.com\/kf\/S0a6e5fdfaf004103be1d838c48ecfd79B.jpg?width=800&amp;height=800&amp;hash=1600\" slate-data-type=\"image\" \/><br \/>\n <img decoding=\"async\" class=\"detail-desc-decorate-image\" src=\"https:\/\/ae01.alicdn.com\/kf\/S683e0b4c07354473866ff31df74fade4M.jpg?width=750&amp;height=1000&amp;hash=1750\" slate-data-type=\"image\" \/><br \/>\n <img decoding=\"async\" class=\"detail-desc-decorate-image\" src=\"https:\/\/ae01.alicdn.com\/kf\/S02799e5603224f8a8bea4b8ad79da38ay.jpg?width=790&amp;height=1374&amp;hash=2164\" slate-data-type=\"image\" \/><br \/>\n <img decoding=\"async\" class=\"detail-desc-decorate-image\" src=\"https:\/\/ae01.alicdn.com\/kf\/Sab16fcb4f7eb435998481aab952e5065y.jpg?width=790&amp;height=1061&amp;hash=1851\" slate-data-type=\"image\" \/>\n<\/div>\n<\/div>\n<\/div>","protected":false},"excerpt":{"rendered":"<p>Th\u00e8me:&nbsp;Sportif Style:&nbsp;Nouveau classique\/post-moderne Mat\u00e9riau:&nbsp;R\u00c9SINE Origine:&nbsp;CN (Origine) &nbsp;<\/p>","protected":false},"featured_media":8866,"comment_status":"open","ping_status":"closed","template":"","meta":[],"product_brand":[],"product_cat":[15],"product_tag":[],"class_list":{"0":"post-8865","1":"product","2":"type-product","3":"status-publish","4":"has-post-thumbnail","6":"product_cat-uncategorized","8":"first","9":"instock","10":"shipping-taxable","11":"purchasable","12":"product-type-variable"},"jetpack_sharing_enabled":true,"_links":{"self":[{"href":"https:\/\/afrycom.com\/fr\/wp-json\/wp\/v2\/product\/8865","targetHints":{"allow":["GET"]}}],"collection":[{"href":"https:\/\/afrycom.com\/fr\/wp-json\/wp\/v2\/product"}],"about":[{"href":"https:\/\/afrycom.com\/fr\/wp-json\/wp\/v2\/types\/product"}],"replies":[{"embeddable":true,"href":"https:\/\/afrycom.com\/fr\/wp-json\/wp\/v2\/comments?post=8865"}],"wp:featuredmedia":[{"embeddable":true,"href":"https:\/\/afrycom.com\/fr\/wp-json\/wp\/v2\/media\/8866"}],"wp:attachment":[{"href":"https:\/\/afrycom.com\/fr\/wp-json\/wp\/v2\/media?parent=8865"}],"wp:term":[{"taxonomy":"product_brand","embeddable":true,"href":"https:\/\/afrycom.com\/fr\/wp-json\/wp\/v2\/product_brand?post=8865"},{"taxonomy":"product_cat","embeddable":true,"href":"https:\/\/afrycom.com\/fr\/wp-json\/wp\/v2\/product_cat?post=8865"},{"taxonomy":"product_tag","embeddable":true,"href":"https:\/\/afrycom.com\/fr\/wp-json\/wp\/v2\/product_tag?post=8865"}],"curies":[{"name":"wp","href":"https:\/\/api.w.org\/{rel}","templated":true}]}}