{"id":8861,"date":"2025-03-08T08:15:58","date_gmt":"2025-03-08T08:15:58","guid":{"rendered":"https:\/\/afrycom.com\/product\/trophee-du-gardien-de-but-de-football-dore-trophee-du-gardien-de-but-dor-trophee-du-gardien-de-but-dor-prix-exquis-trophee-du-football\/"},"modified":"2025-10-07T10:20:36","modified_gmt":"2025-10-07T10:20:36","slug":"trophee-du-gardien-de-but-de-football-dore-trophee-du-gardien-de-but-dor-trophee-du-gardien-de-but-dor-prix-exquis-trophee-du-football","status":"publish","type":"product","link":"https:\/\/afrycom.com\/fr\/produit\/trophee-du-gardien-de-but-de-football-dore-trophee-du-gardien-de-but-dor-trophee-du-gardien-de-but-dor-prix-exquis-trophee-du-football\/","title":{"rendered":"Troph\u00e9e du gardien de but de football dor\u00e9, troph\u00e9e du gardien de but d'or, troph\u00e9e du gardien de but d'or, prix exquis, troph\u00e9e du football"},"content":{"rendered":"<div class=\"product-specs-list-container\">\n<ul class=\"product-specs-list util-clearfix\">\n<li class=\"product-prop line-limit-length\"><span\n                                        class=\"property-title\">Chimique Hign-concern\u00e9 :&nbsp;<\/span><span\n                                        class=\"property-desc line-limit-length\">Aucun<\/span>\n                            <\/li>\n<li class=\"product-prop line-limit-length\"><span\n                                        class=\"property-title\">Mat\u00e9riau :&nbsp;<\/span><span\n                                        class=\"property-desc line-limit-length\">PVC<\/span>\n                            <\/li>\n<li class=\"product-prop line-limit-length\"><span\n                                        class=\"property-title\">Num\u00e9ro de Mod\u00e8le :&nbsp;<\/span><span\n                                        class=\"property-desc line-limit-length\">Troph\u00e9e<\/span>\n                            <\/li>\n<li class=\"product-prop line-limit-length\"><span\n                                        class=\"property-title\">Type :&nbsp;<\/span><span\n                                        class=\"property-desc line-limit-length\">Troph\u00e9e<\/span>\n                            <\/li>\n<li class=\"product-prop line-limit-length\"><span\n                                        class=\"property-title\">Origine :&nbsp;<\/span><span\n                                        class=\"property-desc line-limit-length\">CN (Origine)<\/span>\n                            <\/li>\n<li class=\"product-prop line-limit-length\"><span\n                                        class=\"property-title\">caract\u00e9ristique5 :&nbsp;<\/span><span\n                                        class=\"property-desc line-limit-length\">d\u00e9coration int\u00e9rieure<\/span>\n                            <\/li>\n<li class=\"product-prop line-limit-length\"><span\n                                        class=\"property-title\">caract\u00e9ristique2 :&nbsp;<\/span><span\n                                        class=\"property-desc line-limit-length\">troph\u00e9e exquis<\/span>\n                            <\/li>\n<li class=\"product-prop line-limit-length\"><span\n                                        class=\"property-title\">caract\u00e9ristique1 :&nbsp;<\/span><span\n                                        class=\"property-desc line-limit-length\">troph\u00e9e de football<\/span>\n                            <\/li>\n<li class=\"product-prop line-limit-length\"><span\n                                        class=\"property-title\">caract\u00e9ristique4 :&nbsp;<\/span><span\n                                        class=\"property-desc line-limit-length\">troph\u00e9e du gant de bureau<\/span>\n                            <\/li>\n<li class=\"product-prop line-limit-length\"><span\n                                        class=\"property-title\">caract\u00e9ristique3 :&nbsp;<\/span><span\n                                        class=\"property-desc line-limit-length\">troph\u00e9e d\u00e9coratif<\/span>\n                            <\/li>\n<\/ul><\/div>\n<p>            <strong>Description<\/strong> <\/p>\n<p><span>Ceci est une parure de gant de football, tr\u00e8s cr\u00e9ative. C'est pour les \u00e9coles, les \u00e9v\u00e9nements, les f\u00eates, les anniversaires et les bureaux pour les comp\u00e9titions, les r\u00e9compenses, les cadeaux de f\u00eate, les \u00e9v\u00e9nements d'entreprise, les fournitures de f\u00eate sur le th\u00e8me du sport et de la course, les accessoires, les prix, les jeux, la participation et plus encore.<\/span> <\/p>\n<p><strong>Caract\u00e9ristiques<\/strong> <\/p>\n<p>-Couleur : dor\u00e9<br \/>\n<br \/>-Mat\u00e9riau : ABS<br \/>\n<br \/>-Taille :<br \/>\n<span>21.00X12.00X8.00cm\/8.25X4.72X3.14in<\/span><br \/>\n<br \/> <br \/>\n<span>-D\u00e9fiez tout le monde de passer un bon moment \u00e0 votre f\u00eate et donnez-leur la reconnaissance et la reconnaissance.<\/span><br \/>\n<br \/> <br \/>\n<span>-Le troph\u00e9e est une grande faveur de f\u00eate pour tous vos invit\u00e9s. Faites la surprise pour la comp\u00e9tition de match de football avec un troph\u00e9e.<\/span><br \/>\n<br \/> <br \/>\n<span>-Fabrication exquise et avec une surface de couleur lisse et brillante, \u00e9l\u00e9gante et attrayante.<\/span><br \/>\n<br \/> <br \/>\n<span>-Fabriqu\u00e9 avec un mat\u00e9riau s\u00fbr et r\u00e9sistant \u00e0 l'usure, r\u00e9sistant \u00e0 l'usure et pour une utilisation de stockage \u00e0 long terme.<\/span><br \/>\n<br \/> <br \/>\n<span>-La taille appropri\u00e9e rend le troph\u00e9e pratique \u00e0 mettre dans une petite bo\u00eete et des sacs cadeaux.<\/span> <\/p>\n<p> <br \/>\n<strong>Liste d'emballage<\/strong> <\/p>\n<p>1 x Troph\u00e9e<\/p>\n<p> <img decoding=\"async\" alt=\"\" width=\"auto\" height=\"auto\" src=\"https:\/\/ae01.alicdn.com\/kf\/S6183d7f52f254cdcb9eab89331fca695d.jpg\" \/><img decoding=\"async\" alt=\"\" width=\"auto\" height=\"auto\" src=\"https:\/\/ae01.alicdn.com\/kf\/Se641a035cd5c40ff85da1cbe49b030640.jpg\" \/><img decoding=\"async\" alt=\"\" width=\"auto\" height=\"auto\" src=\"https:\/\/ae01.alicdn.com\/kf\/S9497dc2d83264481b330f35909e257d7N.jpg\" \/><img decoding=\"async\" alt=\"\" width=\"auto\" height=\"auto\" src=\"https:\/\/ae01.alicdn.com\/kf\/S4e830c702b57405b81ba89644476994cV.jpg\" \/><img decoding=\"async\" alt=\"\" width=\"auto\" height=\"auto\" src=\"https:\/\/ae01.alicdn.com\/kf\/Sdb1445d4f76b4f23a335d5e94d10eb1eT.jpg\" \/><img decoding=\"async\" alt=\"\" width=\"auto\" height=\"auto\" src=\"https:\/\/ae01.alicdn.com\/kf\/S346403d7cf7e45c3afae24b47b2fb313Q.jpg\" \/><img decoding=\"async\" alt=\"\" width=\"auto\" height=\"auto\" src=\"https:\/\/ae01.alicdn.com\/kf\/Saac919c7148943bab95e80c4d65e1f4bj.jpg\" \/><img decoding=\"async\" alt=\"\" width=\"auto\" height=\"auto\" src=\"https:\/\/ae01.alicdn.com\/kf\/S72e8b5c7d4df4b9c9476fec2c9ef3329l.jpg\" \/> <\/p>","protected":false},"excerpt":{"rendered":"<p>Chimique Hign-concern\u00e9:&nbsp;Aucun Mat\u00e9riau:&nbsp;PVC Num\u00e9ro de Mod\u00e8le:&nbsp;Trophy Type:&nbsp;Troph\u00e9e Origine:&nbsp;CN (Origine) feature5:&nbsp;home decoration feature2:&nbsp;exquisite award trophy feature1:&nbsp;soccer trophy feature4:&nbsp;desktop glove trophy feature3:&nbsp;decorative<\/p>","protected":false},"featured_media":8862,"comment_status":"open","ping_status":"closed","template":"","meta":[],"product_brand":[],"product_cat":[5749,5745],"product_tag":[],"class_list":{"0":"post-8861","1":"product","2":"type-product","3":"status-publish","4":"has-post-thumbnail","6":"product_cat-football","7":"product_cat-team-individual-sports","9":"first","10":"instock","11":"shipping-taxable","12":"purchasable","13":"product-type-simple"},"jetpack_sharing_enabled":true,"_links":{"self":[{"href":"https:\/\/afrycom.com\/fr\/wp-json\/wp\/v2\/product\/8861","targetHints":{"allow":["GET"]}}],"collection":[{"href":"https:\/\/afrycom.com\/fr\/wp-json\/wp\/v2\/product"}],"about":[{"href":"https:\/\/afrycom.com\/fr\/wp-json\/wp\/v2\/types\/product"}],"replies":[{"embeddable":true,"href":"https:\/\/afrycom.com\/fr\/wp-json\/wp\/v2\/comments?post=8861"}],"wp:featuredmedia":[{"embeddable":true,"href":"https:\/\/afrycom.com\/fr\/wp-json\/wp\/v2\/media\/8862"}],"wp:attachment":[{"href":"https:\/\/afrycom.com\/fr\/wp-json\/wp\/v2\/media?parent=8861"}],"wp:term":[{"taxonomy":"product_brand","embeddable":true,"href":"https:\/\/afrycom.com\/fr\/wp-json\/wp\/v2\/product_brand?post=8861"},{"taxonomy":"product_cat","embeddable":true,"href":"https:\/\/afrycom.com\/fr\/wp-json\/wp\/v2\/product_cat?post=8861"},{"taxonomy":"product_tag","embeddable":true,"href":"https:\/\/afrycom.com\/fr\/wp-json\/wp\/v2\/product_tag?post=8861"}],"curies":[{"name":"wp","href":"https:\/\/api.w.org\/{rel}","templated":true}]}}