{"id":8850,"date":"2025-03-08T08:15:54","date_gmt":"2025-03-08T08:15:54","guid":{"rendered":"https:\/\/afrycom.com\/product\/trophee-de-chaussure-dor-de-football-europeen-match-de-football-prix-de-chaussure-de-football-en-plastique-excellent-prix-du-joueur-ints-de-la-competition\/"},"modified":"2025-10-07T10:19:43","modified_gmt":"2025-10-07T10:19:43","slug":"trophee-de-chaussure-dor-de-football-europeen-match-de-football-prix-de-chaussure-de-football-en-plastique-excellent-prix-du-joueur-ints-de-la-competition","status":"publish","type":"product","link":"https:\/\/afrycom.com\/fr\/produit\/trophee-de-chaussure-dor-de-football-europeen-match-de-football-prix-de-chaussure-de-football-en-plastique-excellent-prix-du-joueur-ints-de-la-competition\/","title":{"rendered":"Troph\u00e9e de chaussure d'or de football europ\u00e9en, match de football, prix de chaussure de football en plastique, excellent prix du joueur, ints de la comp\u00e9tition"},"content":{"rendered":"<div class=\"product-specs-list-container\">\n<ul class=\"product-specs-list util-clearfix\">\n<li class=\"product-prop line-limit-length\"><span\n                                        class=\"property-title\">Chimique Hign-concern\u00e9 :&nbsp;<\/span><span\n                                        class=\"property-desc line-limit-length\">Aucun<\/span>\n                            <\/li>\n<li class=\"product-prop line-limit-length\"><span\n                                        class=\"property-title\">Origine :&nbsp;<\/span><span\n                                        class=\"property-desc line-limit-length\">CN (Origine)<\/span>\n                            <\/li>\n<\/ul><\/div>\n<div class=\"detailmodule_text\">\n<p class=\"detail-desc-decorate-title\" style=\"text-overflow: ellipsis;font-family: 'OpenSans';color:'#000';word-wrap: break-word;white-space: pre-wrap;font-weight: 900;font-size: 20px;line-height: 28px;color: #000;margin-bottom: 12px;\">\n<p class=\"detail-desc-decorate-content\" style=\"text-overflow: ellipsis;font-family: 'OpenSans';color:'#000';word-wrap: break-word;white-space: pre-wrap;font-weight: 300;font-size: 14px;line-height: 20px;color: #000;margin-bottom: 12px;\">Nom: Golden Boot Trophy Tailles (approx.): Hauteur: 16cm (6,30 pouces)\/20cm (7,87 pouces)\/24cm (9,45 pouces) Mat&eacute;riau: plastique Couleur: or Occasion: f&ecirc;te, c&eacute;r&eacute;monie, cadeau d&#8217;appr&eacute;ciation, r&eacute;compenses sportives, cadeau de fans, emballage de d&eacute;coration int&eacute;rieure inclus: 1 * troph&eacute;e Remarque: 1. Veuillez permettre 1-3mm(0.04-0.12in) Erreur due &agrave; la mesure manuelle et assurez-vous que cela ne vous d&eacute;range pas avant de commander. 2. Veuillez comprendre que les couleurs peuvent exister aberration chromatique comme le placement diff&eacute;rent des images.<\/p>\n<\/div>\n<div class=\"detailmodule_image\"><img decoding=\"async\" src=\"https:\/\/ae01.alicdn.com\/kf\/S07ef2748df6f4f10a8066b9929ee06afs.jpg\"  class=\"detail-desc-decorate-image\" ><img decoding=\"async\" src=\"https:\/\/ae01.alicdn.com\/kf\/S346cfc7cb1dc4956adacdedfeeef8f9fq.jpg\"  class=\"detail-desc-decorate-image\" ><img decoding=\"async\" src=\"https:\/\/ae01.alicdn.com\/kf\/S51ac557eede947e38b445e86e1ff8ba4j.jpg\"  class=\"detail-desc-decorate-image\" ><img decoding=\"async\" src=\"https:\/\/ae01.alicdn.com\/kf\/Scc4904aa955d4e219c39add9499e0af4b.jpg\"  class=\"detail-desc-decorate-image\" ><img decoding=\"async\" src=\"https:\/\/ae01.alicdn.com\/kf\/S7a5e0f96034f4b78a9bd2a41e6c2277du.jpg\"  class=\"detail-desc-decorate-image\" ><img decoding=\"async\" src=\"https:\/\/ae01.alicdn.com\/kf\/S93070d1e39f34a8aad67bfa2eb8b0228U.jpg\"  class=\"detail-desc-decorate-image\" ><img decoding=\"async\" src=\"https:\/\/ae01.alicdn.com\/kf\/S0ade3d277097416dbbe8cad6a47ef882U.jpg\"  class=\"detail-desc-decorate-image\" ><img decoding=\"async\" src=\"https:\/\/ae01.alicdn.com\/kf\/Se0b8a02fea66444a9ba5d6a0a9cc6e73X.jpg\"  class=\"detail-desc-decorate-image\" ><img decoding=\"async\" src=\"https:\/\/ae01.alicdn.com\/kf\/Sb54d0f63287e49bd867dcf4bd6d4aacbn.jpg\"  class=\"detail-desc-decorate-image\" ><\/div>","protected":false},"excerpt":{"rendered":"<p>Chimique Hign-concern\u00e9:&nbsp;Aucun Origine:&nbsp;CN (Origine) Nom: Golden Boot Trophy Tailles (approx.): Hauteur: 16cm (6,30 pouces)\/20cm (7,87 pouces)\/24cm (9,45 pouces) Mat&eacute;riau: plastique<\/p>","protected":false},"featured_media":8852,"comment_status":"open","ping_status":"closed","template":"","meta":[],"product_brand":[],"product_cat":[5749,5745],"product_tag":[],"class_list":{"0":"post-8850","1":"product","2":"type-product","3":"status-publish","4":"has-post-thumbnail","6":"product_cat-football","7":"product_cat-team-individual-sports","9":"first","10":"instock","11":"shipping-taxable","12":"purchasable","13":"product-type-variable"},"jetpack_sharing_enabled":true,"_links":{"self":[{"href":"https:\/\/afrycom.com\/fr\/wp-json\/wp\/v2\/product\/8850","targetHints":{"allow":["GET"]}}],"collection":[{"href":"https:\/\/afrycom.com\/fr\/wp-json\/wp\/v2\/product"}],"about":[{"href":"https:\/\/afrycom.com\/fr\/wp-json\/wp\/v2\/types\/product"}],"replies":[{"embeddable":true,"href":"https:\/\/afrycom.com\/fr\/wp-json\/wp\/v2\/comments?post=8850"}],"wp:featuredmedia":[{"embeddable":true,"href":"https:\/\/afrycom.com\/fr\/wp-json\/wp\/v2\/media\/8852"}],"wp:attachment":[{"href":"https:\/\/afrycom.com\/fr\/wp-json\/wp\/v2\/media?parent=8850"}],"wp:term":[{"taxonomy":"product_brand","embeddable":true,"href":"https:\/\/afrycom.com\/fr\/wp-json\/wp\/v2\/product_brand?post=8850"},{"taxonomy":"product_cat","embeddable":true,"href":"https:\/\/afrycom.com\/fr\/wp-json\/wp\/v2\/product_cat?post=8850"},{"taxonomy":"product_tag","embeddable":true,"href":"https:\/\/afrycom.com\/fr\/wp-json\/wp\/v2\/product_tag?post=8850"}],"curies":[{"name":"wp","href":"https:\/\/api.w.org\/{rel}","templated":true}]}}