{"id":8826,"date":"2025-03-08T08:15:49","date_gmt":"2025-03-08T08:15:49","guid":{"rendered":"https:\/\/afrycom.com\/product\/mini-masseur-de-cou-electrique-portable-ems-civiere-de-cou-pour-soulager-la-douleur-musculaire-cervicale-et-patch-de-massage-de-relaxation-des-epaules\/"},"modified":"2025-10-07T10:21:07","modified_gmt":"2025-10-07T10:21:07","slug":"mini-masseur-de-cou-electrique-portable-ems-civiere-de-cou-pour-soulager-la-douleur-musculaire-cervicale-et-patch-de-massage-de-relaxation-des-epaules","status":"publish","type":"product","link":"https:\/\/afrycom.com\/fr\/produit\/mini-masseur-de-cou-electrique-portable-ems-civiere-de-cou-pour-soulager-la-douleur-musculaire-cervicale-et-patch-de-massage-de-relaxation-des-epaules\/","title":{"rendered":"Mini masseur de cou \u00e9lectrique Portable EMS, civi\u00e8re de cou pour soulager la douleur musculaire cervicale et Patch de Massage de Relaxation des \u00e9paules"},"content":{"rendered":"<div class=\"product-specs-list-container\">\n<ul class=\"product-specs-list util-clearfix\">\n<li class=\"product-prop line-limit-length\"><span\n                                        class=\"property-title\">Application :&nbsp;<\/span><span\n                                        class=\"property-desc line-limit-length\">CORPS<\/span>\n                            <\/li>\n<li class=\"product-prop line-limit-length\"><span\n                                        class=\"property-title\">Type d'article :&nbsp;<\/span><span\n                                        class=\"property-desc line-limit-length\">Massage et relaxation<\/span>\n                            <\/li>\n<li class=\"product-prop line-limit-length\"><span\n                                        class=\"property-title\">Nom de marque :&nbsp;<\/span><span\n                                        class=\"property-desc line-limit-length\">SUOLAER<\/span>\n                            <\/li>\n<li class=\"product-prop line-limit-length\"><span\n                                        class=\"property-title\">Origine :&nbsp;<\/span><span\n                                        class=\"property-desc line-limit-length\">CN (Origine)<\/span>\n                            <\/li>\n<li class=\"product-prop line-limit-length\"><span\n                                        class=\"property-title\">type1:&nbsp;<\/span><span\n                                        class=\"property-desc line-limit-length\">Portable Neck Massager<\/span>\n                            <\/li>\n<li class=\"product-prop line-limit-length\"><span\n                                        class=\"property-title\">type2:&nbsp;<\/span><span\n                                        class=\"property-desc line-limit-length\">EMS Cervical Vertebra Massage<\/span>\n                            <\/li>\n<li class=\"product-prop line-limit-length\"><span\n                                        class=\"property-title\">type3:&nbsp;<\/span><span\n                                        class=\"property-desc line-limit-length\">Neck Back Leg Muscle Stimulator<\/span>\n                            <\/li>\n<li class=\"product-prop line-limit-length\"><span\n                                        class=\"property-title\">type4:&nbsp;<\/span><span\n                                        class=\"property-desc line-limit-length\">LCD Display EMS Neck Stretcher<\/span>\n                            <\/li>\n<li class=\"product-prop line-limit-length\"><span\n                                        class=\"property-title\">type5:&nbsp;<\/span><span\n                                        class=\"property-desc line-limit-length\">Neck Cervical Massager<\/span>\n                            <\/li>\n<li class=\"product-prop line-limit-length\"><span\n                                        class=\"property-title\">type6:&nbsp;<\/span><span\n                                        class=\"property-desc line-limit-length\">Mini Cervical Massage Stickers<\/span>\n                            <\/li>\n<li class=\"product-prop line-limit-length\"><span\n                                        class=\"property-title\">type7:&nbsp;<\/span><span\n                                        class=\"property-desc line-limit-length\">EMS Pulse Muscle Stimulator<\/span>\n                            <\/li>\n<li class=\"product-prop line-limit-length\"><span\n                                        class=\"property-title\">type8:&nbsp;<\/span><span\n                                        class=\"property-desc line-limit-length\">Tens Relief Pain Body Relax<\/span>\n                            <\/li>\n<li class=\"product-prop line-limit-length\"><span\n                                        class=\"property-title\">type9:&nbsp;<\/span><span\n                                        class=\"property-desc line-limit-length\">Remplacement du tapis<\/span>\n                            <\/li>\n<li class=\"product-prop line-limit-length\"><span\n                                        class=\"property-title\">type10:&nbsp;<\/span><span\n                                        class=\"property-desc line-limit-length\">Masseur corporel<\/span>\n                            <\/li>\n<li class=\"product-prop line-limit-length\"><span\n                                        class=\"property-title\">type11:&nbsp;<\/span><span\n                                        class=\"property-desc line-limit-length\">Coussinets \u00e9lectriques pour le cou<\/span>\n                            <\/li>\n<li class=\"product-prop line-limit-length\"><span\n                                        class=\"property-title\">Eletric muscle stimulator:&nbsp;<\/span><span\n                                        class=\"property-desc line-limit-length\">Muscle electrostimulator<\/span>\n                            <\/li>\n<li class=\"product-prop line-limit-length\"><span\n                                        class=\"property-title\">muscle stimulation electrodes:&nbsp;<\/span><span\n                                        class=\"property-desc line-limit-length\">Muscle stimulator electrodes<\/span>\n                            <\/li>\n<li class=\"product-prop line-limit-length\"><span\n                                        class=\"property-title\">ems muscle stimulation:&nbsp;<\/span><span\n                                        class=\"property-desc line-limit-length\">Electrical muscle stimulator<\/span>\n                            <\/li>\n<li class=\"product-prop line-limit-length\"><span\n                                        class=\"property-title\">body massage apparatus:&nbsp;<\/span><span\n                                        class=\"property-desc line-limit-length\">professional muscle electrostimulator<\/span>\n                            <\/li>\n<li class=\"product-prop line-limit-length\"><span\n                                        class=\"property-title\">Low frequency massager:&nbsp;<\/span><span\n                                        class=\"property-desc line-limit-length\">professional muscle stimulator<\/span>\n                            <\/li>\n<li class=\"product-prop line-limit-length\"><span\n                                        class=\"property-title\">professional electric body massager::&nbsp;<\/span><span\n                                        class=\"property-desc line-limit-length\">Neck and back massager<\/span>\n                            <\/li>\n<li class=\"product-prop line-limit-length\"><span\n                                        class=\"property-title\">foot massager machine:&nbsp;<\/span><span\n                                        class=\"property-desc line-limit-length\">hand massager<\/span>\n                            <\/li>\n<li class=\"product-prop line-limit-length\"><span\n                                        class=\"property-title\">Meridian massage tool:&nbsp;<\/span><span\n                                        class=\"property-desc line-limit-length\">cervical and back massage<\/span>\n                            <\/li>\n<\/ul><\/div>\n<div class=\"detailmodule_html\">\n<div class=\"detail-desc-decorate-richtext\">\n<div class=\"detailmodule_html\">\n<div class=\"detail-desc-decorate-richtext\">\n<div>\n<p style=\"font-family:OpenSans;font-size:20px;font-weight:900;line-height:28px;white-space:pre-wrap;color:rgb(0, 0, 0);margin-bottom:12px\" class=\"detail-desc-decorate-title\">Mini masseur de cou EMS Portable civi\u00e8re de cou \u00e9lectrique pour soulagement de la douleur musculaire cervicale et Patch de Massage de Relaxation des \u00e9paules<\/p>\n<\/div>\n<div>\n<p style=\"font-family:OpenSans;font-size:20px;font-weight:900;line-height:28px;white-space:pre-wrap;color:rgb(0, 0, 0);margin-bottom:12px\" class=\"detail-desc-decorate-title\">Sp\u00e9cification :<\/p>\n<p style=\"font-size:16px\">Nom du produit : p\u00e2te magique<br \/>Tension : 3,7 V<br \/>Comment utiliser : A-F (8 modes) 19 vitesses<br \/>Fr\u00e9quence : 1-100HZ<br \/>Heures de travail : 15 minutes<br \/>Sortie : 35 mA maximum<br \/>Capacit\u00e9 de la batterie : 200 mAh.<br \/>Fr\u00e9quence : 1 ~ 100 Hz<\/p>\n<p>Caract\u00e9ristiques :<\/p>\n<p>* 100 % neuf et de haute qualit\u00e9.<br \/>* Partie de massage : cou\/dos\/taille\/hanche\/jambe et autres parties.<br \/>* 8 modes et 19 niveaux : il existe diff\u00e9rents niveaux d'intensit\u00e9 pour chaque mode (tapotement, massage, massage, compression, tapotement, p\u00e9trissage, entra\u00eenement, mise en forme). Les utilisateurs peuvent choisir diff\u00e9rentes intensit\u00e9s en fonction des besoins individuels.<br \/>* Aide \u00e0 soulager la fatigue, \u00e0 d\u00e9tendre les muscles, \u00e0 am\u00e9liorer la circulation sanguine et \u00e0 br\u00fbler les graisses.<br \/>* Contrairement aux appareils de massage g\u00e9n\u00e9raux existants qui frottent uniquement l'ext\u00e9rieur des muscles, le masseur est \u00e9galement utilis\u00e9 pour stimuler l'int\u00e9rieur des muscles, pour am\u00e9liorer efficacement la circulation sanguine pour une r\u00e9cup\u00e9ration rapide de la fatigue.<br \/>* Petite taille, l\u00e9ger, facile \u00e0 transporter et \u00e0 ranger.<\/p>\n<p>Instructions :<\/p>\n<p>1. Tournez l'h\u00f4te avec le patch gel.<br \/>2. D\u00e9couvrez le film transparent sur le patch gel.<br \/>3. Fixez l'instrument \u00e0 la zone o\u00f9 vous devez masser.<br \/>4. Appuyez sur le bouton \"+ \" pour l'allumer.<br \/>5. Appuyez sur le bouton \" M \" pour s\u00e9lectionner le mode souhait\u00e9.<br \/>6. Ajustez l&#8217;intensit\u00e9 du massage qui vous convient.Continuez \u00e0 appuyer sur &#8220;+ &#8221; pour augmenter l&#8217;intensit\u00e9 et &#8220;-&#8221; pour diminuer l&#8217;intensit\u00e9.<\/p>\n<\/div>\n<div>\n<p style=\"font-size:20px;color:rgb(74, 144, 226)\">Remarque : le patch est un consommable, car le patch n&#8217;est pas collant, les personnes ayant une peau neutre doivent changer le patch apr\u00e8s environ 20 fois et les personnes ayant une peau grasse doivent changer le patch apr\u00e8s plus de dix fois.<\/p>\n<\/div>\n<div><img decoding=\"async\" class=\"detail-desc-decorate-image\" src=\"https:\/\/ae01.alicdn.com\/kf\/S56d18019d0954a8da7a4e55a1b274c8aX.jpg?width=1000&amp;height=1000&amp;hash=2000\" slate-data-type=\"image\"> <img decoding=\"async\" class=\"detail-desc-decorate-image\" src=\"https:\/\/ae01.alicdn.com\/kf\/S62193763d7aa44fdb2ab0771ffed7779m.jpg?width=1000&amp;height=1000&amp;hash=2000\" slate-data-type=\"image\"> <img decoding=\"async\" class=\"detail-desc-decorate-image\" src=\"https:\/\/ae01.alicdn.com\/kf\/S6fc63a62f6904178bc766c76594a61a2H.jpg?width=1000&amp;height=1000&amp;hash=2000\" slate-data-type=\"image\"> <img decoding=\"async\" class=\"detail-desc-decorate-image\" src=\"https:\/\/ae01.alicdn.com\/kf\/S7f1bdd1567254687a501e5f32eaebfecO.jpg?width=1000&amp;height=1000&amp;hash=2000\" slate-data-type=\"image\"> <img decoding=\"async\" class=\"detail-desc-decorate-image\" src=\"https:\/\/ae01.alicdn.com\/kf\/Sb2bf8687d6ab439ba069e9aaf00b225eZ.jpg?width=1000&amp;height=1000&amp;hash=2000\" slate-data-type=\"image\"> <img decoding=\"async\" class=\"detail-desc-decorate-image\" src=\"https:\/\/ae01.alicdn.com\/kf\/Se3fdc59cd0d5429b9ae46f53882cba164.jpg?width=1000&amp;height=1000&amp;hash=2000\" slate-data-type=\"image\"> <img decoding=\"async\" class=\"detail-desc-decorate-image\" src=\"https:\/\/ae01.alicdn.com\/kf\/S327b1cb2fd904fe395ef18eb186c6f89u.jpg?width=1000&amp;height=1000&amp;hash=2000\" slate-data-type=\"image\"> <img decoding=\"async\" class=\"detail-desc-decorate-image\" src=\"https:\/\/ae01.alicdn.com\/kf\/Sb27c7727267a43369c175cb00db228e4S.jpg?width=1000&amp;height=1000&amp;hash=2000\" slate-data-type=\"image\"> <img decoding=\"async\" class=\"detail-desc-decorate-image\" src=\"https:\/\/ae01.alicdn.com\/kf\/Sd9f2887178e24f4d929e3e6ffb28fbcex.jpg?width=1000&amp;height=1000&amp;hash=2000\" slate-data-type=\"image\"> <img decoding=\"async\" class=\"detail-desc-decorate-image\" src=\"https:\/\/ae01.alicdn.com\/kf\/S497fbab2626d45458a9dd9781edaa14cJ.jpg?width=1000&amp;height=1000&amp;hash=2000\" slate-data-type=\"image\"><\/div>\n<div><img decoding=\"async\" class=\"detail-desc-decorate-image\" src=\"https:\/\/ae01.alicdn.com\/kf\/Sc7bdf7fb2eaa43df80640ec1480c492bn.jpg?width=750&amp;height=1000&amp;hash=1750\" slate-data-type=\"image\"> <img decoding=\"async\" class=\"detail-desc-decorate-image\" src=\"https:\/\/ae01.alicdn.com\/kf\/S7ebeaaddd2094a7e83faaff0d83d7b36T.jpg?width=1000&amp;height=1000&amp;hash=2000\" slate-data-type=\"image\"> <img decoding=\"async\" class=\"detail-desc-decorate-image\" src=\"https:\/\/ae01.alicdn.com\/kf\/Sb9c05e7984de4dc38209b35d88adebdfQ.jpg?width=1000&amp;height=1000&amp;hash=2000\" slate-data-type=\"image\"> <img decoding=\"async\" class=\"detail-desc-decorate-image\" src=\"https:\/\/ae01.alicdn.com\/kf\/S72bd22ce445545d39fe359eb2432b600t.jpg?width=1000&amp;height=1000&amp;hash=2000\" slate-data-type=\"image\"><\/div>\n<\/div>\n<\/div>\n<p><\/p>\n<\/div>\n<\/div>","protected":false},"excerpt":{"rendered":"<p>Application:&nbsp;BODY Type D&#039;article:&nbsp;Massage et relaxation Nom de marque:&nbsp;SUOLAER Origine:&nbsp;CN (Origine) type1:&nbsp;Portable Neck Massager type2:&nbsp;EMS Cervical Vertebra Massage type3:&nbsp;Neck Back Leg<\/p>","protected":false},"featured_media":8828,"comment_status":"open","ping_status":"closed","template":"","meta":[],"product_brand":[],"product_cat":[5747,5762],"product_tag":[],"class_list":{"0":"post-8826","1":"product","2":"type-product","3":"status-publish","4":"has-post-thumbnail","6":"product_cat-fitness-accessories","7":"product_cat-fitness-trackers","9":"first","10":"instock","11":"shipping-taxable","12":"purchasable","13":"product-type-variable"},"jetpack_sharing_enabled":true,"_links":{"self":[{"href":"https:\/\/afrycom.com\/fr\/wp-json\/wp\/v2\/product\/8826","targetHints":{"allow":["GET"]}}],"collection":[{"href":"https:\/\/afrycom.com\/fr\/wp-json\/wp\/v2\/product"}],"about":[{"href":"https:\/\/afrycom.com\/fr\/wp-json\/wp\/v2\/types\/product"}],"replies":[{"embeddable":true,"href":"https:\/\/afrycom.com\/fr\/wp-json\/wp\/v2\/comments?post=8826"}],"wp:featuredmedia":[{"embeddable":true,"href":"https:\/\/afrycom.com\/fr\/wp-json\/wp\/v2\/media\/8828"}],"wp:attachment":[{"href":"https:\/\/afrycom.com\/fr\/wp-json\/wp\/v2\/media?parent=8826"}],"wp:term":[{"taxonomy":"product_brand","embeddable":true,"href":"https:\/\/afrycom.com\/fr\/wp-json\/wp\/v2\/product_brand?post=8826"},{"taxonomy":"product_cat","embeddable":true,"href":"https:\/\/afrycom.com\/fr\/wp-json\/wp\/v2\/product_cat?post=8826"},{"taxonomy":"product_tag","embeddable":true,"href":"https:\/\/afrycom.com\/fr\/wp-json\/wp\/v2\/product_tag?post=8826"}],"curies":[{"name":"wp","href":"https:\/\/api.w.org\/{rel}","templated":true}]}}