{"id":8813,"date":"2025-03-08T08:15:45","date_gmt":"2025-03-08T08:15:45","guid":{"rendered":"https:\/\/afrycom.com\/product\/physiotherapie-tens-stimulateur-musculaire-electrique-ems-acupuncture-massage-corporel-therapie-numerique-minceur-machine-electro-stimulateur\/"},"modified":"2025-03-08T08:16:27","modified_gmt":"2025-03-08T08:16:27","slug":"physiotherapie-tens-stimulateur-musculaire-electrique-ems-acupuncture-massage-corporel-therapie-numerique-minceur-machine-electro-stimulateur","status":"publish","type":"product","link":"https:\/\/afrycom.com\/fr\/produit\/physiotherapie-tens-stimulateur-musculaire-electrique-ems-acupuncture-massage-corporel-therapie-numerique-minceur-machine-electro-stimulateur\/","title":{"rendered":"Physioth\u00e9rapie Tens stimulateur musculaire \u00e9lectrique Ems Acupuncture Massage corporel th\u00e9rapie num\u00e9rique minceur Machine \u00e9lectro stimulateur"},"content":{"rendered":"<div class=\"product-specs-list-container\">\n<ul class=\"product-specs-list util-clearfix\">\n<li class=\"product-prop line-limit-length\"><span\n                                        class=\"property-title\">Chimique Hign-concern\u00e9 :&nbsp;<\/span><span\n                                        class=\"property-desc line-limit-length\">Aucun<\/span>\n                            <\/li>\n<li class=\"product-prop line-limit-length\"><span\n                                        class=\"property-title\">\u00c9lectronique :&nbsp;<\/span><span\n                                        class=\"property-desc line-limit-length\">OUI<\/span>\n                            <\/li>\n<li class=\"product-prop line-limit-length\"><span\n                                        class=\"property-title\">Nom de marque :&nbsp;<\/span><span\n                                        class=\"property-desc line-limit-length\">MERALL<\/span>\n                            <\/li>\n<li class=\"product-prop line-limit-length\"><span\n                                        class=\"property-title\">Origine :&nbsp;<\/span><span\n                                        class=\"property-desc line-limit-length\">CN (Origine)<\/span>\n                            <\/li>\n<\/ul><\/div>\n<div class=\"detailmodule_html\">\n<div class=\"detail-desc-decorate-richtext\">\n<div class=\"detailmodule_text\">\n<p style=\"color:rgb(208, 2, 27)\">REMARQUE :<\/p>\n<p style=\"font-size:16px;font-weight:bold;color:rgb(208, 2, 27)\">Le produit utilise auparavant des batteries, mais a depuis \u00e9t\u00e9 r\u00e9anim\u00e9 \u00e0 disposer d&#8217;une batterie au lithium int\u00e9gr\u00e9e.Il n&#8217;est pas n\u00e9cessaire d&#8217;utiliser des piles suppl\u00e9mentaires.Le couvercle arri\u00e8re de la batterie a \u00e9t\u00e9 scell\u00e9, veuillez ne pas l&#8217;ouvrir pour \u00e9viter d&#8217;affecter l&#8217;exp\u00e9rience, si cela vous d\u00e9range, veuillez ne pas commander.Merci.<\/p>\n<\/div>\n<div class=\"detailmodule_image\"><img decoding=\"async\" class=\"detail-desc-decorate-image\" src=\"https:\/\/ae01.alicdn.com\/kf\/Sca68e9d311ba40cfa05513b459f5de8aM.jpg\" slate-data-type=\"image\"><\/div>\n<div class=\"detailmodule_text\">\n<p style=\"font-family:OpenSans;font-size:14px;font-weight:300;line-height:20px;white-space:pre-wrap;color:rgb(0, 0, 0);margin-bottom:12px\" class=\"detail-desc-decorate-content\">Caract\u00e9ristiques :<\/p>\n<p style=\"font-family:OpenSans;font-size:14px;font-weight:300;line-height:20px;white-space:pre-wrap;color:rgb(0, 0, 0);margin-bottom:12px\" class=\"detail-desc-decorate-content\">Multifonctionnel et professionnel :<\/p>\n<p>Masseur \u00e9lectrique Tens avec 6 modes, 19 niveaux d&#8217;intensit\u00e9 pour soulager la douleur et les muscles.L&#8217;unit\u00e9 TENS aide \u00e0 soulager la douleur associ\u00e9e aux muscles endoloris et endoloris de l&#8217;\u00e9paule, de la taille, du dos, du cou, des membres sup\u00e9rieurs\/inf\u00e9rieurs (bras\/jambe) d\u00fb \u00e0 la tension due \u00e0 l&#8217;exercice, au surmenage ou aux activit\u00e9s de travail m\u00e9nag\u00e8res normales.Activez un m\u00e9canisme de porte anti-douleur naturel sp\u00e9cifique, d\u00e9tendez votre corps \u00e0 tout moment que vous ressentez besoin avec notre masseur \u00e0 impulsions et nos accessoires d&#8217;\u00e9lectroth\u00e9rapie TENS de qualit\u00e9 professionnelle.<\/p>\n<p>Hydrogel mis \u00e0 jour :<\/p>\n<p>Nos patchs de remplacement pour unit\u00e9 TENS ont \u00e9t\u00e9 mis \u00e0 niveau vers l&#8217;adh\u00e9sif leader du secteur, ce qui peut fournir de bien meilleures performances d&#8217;auto-adh\u00e9rence et un nettoyage facile pour une dur\u00e9e de vie plus longue.Il est assez facile de trouver des \u00e9lectrodes compatibles (2 patins d&#8217;unit\u00e9 de dizaines en queue de cochon) sur le march\u00e9 parmi lesquelles vous pouvez choisir<\/p>\n<p>Batterie puissante :<\/p>\n<p>Le forfait comprend un c\u00e2ble USB (sans adaptateur) qui peut \u00eatre connect\u00e9 \u00e0 un chargeur mural, une banque d&#8217;alimentation ou un port USB d&#8217;ordinateur portable pour charger. Une charge offre 40 heures d&#8217;utilisation, ce qui est plus respectueux de l&#8217;environnement que les piles AA et dure plus longtemps que les autres machines.<\/p>\n<\/div>\n<div class=\"detailmodule_image\"><img decoding=\"async\" class=\"detail-desc-decorate-image\" src=\"https:\/\/ae01.alicdn.com\/kf\/S5fad7dc0aae849389eaa940425ed3a9cL.jpg\" slate-data-type=\"image\"><img decoding=\"async\" class=\"detail-desc-decorate-image\" src=\"https:\/\/ae01.alicdn.com\/kf\/S2e5f5b9f04d549eaaa81c9673cb6600fi.jpg\" slate-data-type=\"image\"><img decoding=\"async\" class=\"detail-desc-decorate-image\" src=\"https:\/\/ae01.alicdn.com\/kf\/S18286b967ba64c788580642a59bdcd7cf.png\" slate-data-type=\"image\"><img decoding=\"async\" class=\"detail-desc-decorate-image\" src=\"https:\/\/ae01.alicdn.com\/kf\/S3dd29a66778d478e8254e060e42f665fw.jpg\" slate-data-type=\"image\"><\/div>\n<div class=\"detailmodule_image\"><img decoding=\"async\" style=\"margin-bottom:10px\" class=\"detail-desc-decorate-image\" src=\"https:\/\/ae01.alicdn.com\/kf\/S8a589762ee4f4775ba69802ec00660edD.png\" slate-data-type=\"image\"><img decoding=\"async\" class=\"detail-desc-decorate-image\" src=\"https:\/\/ae01.alicdn.com\/kf\/S9df01139ba704d59959b515718a046a4c.png\" slate-data-type=\"image\"><img decoding=\"async\" style=\"margin-bottom:10px\" class=\"detail-desc-decorate-image\" src=\"https:\/\/ae01.alicdn.com\/kf\/S152542ec8b6346359af36f04a2b0033bL.png\" slate-data-type=\"image\"><img decoding=\"async\" class=\"detail-desc-decorate-image\" src=\"https:\/\/ae01.alicdn.com\/kf\/See8ced0fe4f943eda3033b526c8111d0K.jpg\" slate-data-type=\"image\"><\/div>\n<div class=\"detailmodule_image\"><img decoding=\"async\" class=\"detail-desc-decorate-image\" src=\"https:\/\/ae01.alicdn.com\/kf\/S91b22b22fdaa49a88950591385e71839x.png\" slate-data-type=\"image\"><\/div>\n<div class=\"detailmodule_image\"><img decoding=\"async\" class=\"detail-desc-decorate-image\" src=\"https:\/\/ae01.alicdn.com\/kf\/S371e7de631a24167a48e1407c3ce196eN.jpg\" slate-data-type=\"image\"><\/div>\n<div class=\"detailmodule_image\"><img decoding=\"async\" class=\"detail-desc-decorate-image\" src=\"https:\/\/ae01.alicdn.com\/kf\/Scdb3d0e566b9498fabdfe7e69f914af70.jpg\" slate-data-type=\"image\"><\/div>\n<div class=\"detailmodule_image\"><img decoding=\"async\" class=\"detail-desc-decorate-image\" src=\"https:\/\/ae01.alicdn.com\/kf\/S7ce51b5251ee4570a4843e794b63f1adp.jpg\" slate-data-type=\"image\"><\/div>\n<div class=\"detailmodule_image\"><img decoding=\"async\" class=\"detail-desc-decorate-image\" src=\"https:\/\/ae01.alicdn.com\/kf\/S80e05d0f8180469ea2c30476cf7db003B.jpg\" slate-data-type=\"image\"><\/div>\n<div class=\"detailmodule_image\"><img decoding=\"async\" class=\"detail-desc-decorate-image\" src=\"https:\/\/ae01.alicdn.com\/kf\/S0260ca28052549e0b8f6c8bb5bcae0ber.jpg\" slate-data-type=\"image\"><\/div>\n<p><\/p>\n<\/div>\n<\/div>","protected":false},"excerpt":{"rendered":"<p>Chimique Hign-concern\u00e9:&nbsp;Aucun \u00c9lectronique:&nbsp;YES Nom de marque:&nbsp;MERALL Origine:&nbsp;CN (Origine) REMARQUE : Le produit utilise auparavant des batteries, mais a depuis \u00e9t\u00e9<\/p>","protected":false},"featured_media":8815,"comment_status":"open","ping_status":"closed","template":"","meta":[],"product_brand":[],"product_cat":[15],"product_tag":[],"class_list":{"0":"post-8813","1":"product","2":"type-product","3":"status-publish","4":"has-post-thumbnail","6":"product_cat-uncategorized","8":"first","9":"instock","10":"shipping-taxable","11":"purchasable","12":"product-type-variable"},"jetpack_sharing_enabled":true,"_links":{"self":[{"href":"https:\/\/afrycom.com\/fr\/wp-json\/wp\/v2\/product\/8813","targetHints":{"allow":["GET"]}}],"collection":[{"href":"https:\/\/afrycom.com\/fr\/wp-json\/wp\/v2\/product"}],"about":[{"href":"https:\/\/afrycom.com\/fr\/wp-json\/wp\/v2\/types\/product"}],"replies":[{"embeddable":true,"href":"https:\/\/afrycom.com\/fr\/wp-json\/wp\/v2\/comments?post=8813"}],"wp:featuredmedia":[{"embeddable":true,"href":"https:\/\/afrycom.com\/fr\/wp-json\/wp\/v2\/media\/8815"}],"wp:attachment":[{"href":"https:\/\/afrycom.com\/fr\/wp-json\/wp\/v2\/media?parent=8813"}],"wp:term":[{"taxonomy":"product_brand","embeddable":true,"href":"https:\/\/afrycom.com\/fr\/wp-json\/wp\/v2\/product_brand?post=8813"},{"taxonomy":"product_cat","embeddable":true,"href":"https:\/\/afrycom.com\/fr\/wp-json\/wp\/v2\/product_cat?post=8813"},{"taxonomy":"product_tag","embeddable":true,"href":"https:\/\/afrycom.com\/fr\/wp-json\/wp\/v2\/product_tag?post=8813"}],"curies":[{"name":"wp","href":"https:\/\/api.w.org\/{rel}","templated":true}]}}