{"id":8791,"date":"2025-03-08T08:15:40","date_gmt":"2025-03-08T08:15:40","guid":{"rendered":"https:\/\/afrycom.com\/product\/ecran-lcd-ems-massage-du-cou-masseur-electrique-cervical-cou-dos-patch-8-modes-impulsion-stimulateur-musculaire-portable-soulagement-de-la-douleur\/"},"modified":"2025-08-29T09:18:26","modified_gmt":"2025-08-29T09:18:26","slug":"ecran-lcd-ems-massage-du-cou-masseur-electrique-cervical-cou-dos-patch-8-modes-impulsion-stimulateur-musculaire-portable-soulagement-de-la-douleur","status":"publish","type":"product","link":"https:\/\/afrycom.com\/fr\/produit\/ecran-lcd-ems-massage-du-cou-masseur-electrique-cervical-cou-dos-patch-8-modes-impulsion-stimulateur-musculaire-portable-soulagement-de-la-douleur\/","title":{"rendered":"\u00c9cran LCD EMS Massage du cou masseur \u00e9lectrique Cervical cou dos Patch 8 modes impulsion stimulateur musculaire Portable soulagement de la douleur"},"content":{"rendered":"<p>&nbsp;<\/p>\n<div class=\"product-specs-list-container\">\n<ul class=\"product-specs-list util-clearfix\">\n<li class=\"product-prop line-limit-length\"><span class=\"property-title\">Chimique Hign-concern\u00e9 :\u00a0<\/span><span class=\"property-desc line-limit-length\">Aucun<\/span><\/li>\n<li class=\"product-prop line-limit-length\"><span class=\"property-title\">\u00c9lectronique :\u00a0<\/span><span class=\"property-desc line-limit-length\">OUI<\/span><\/li>\n<li class=\"product-prop line-limit-length\"><span class=\"property-title\">Nom de marque :\u00a0<\/span><span class=\"property-desc line-limit-length\">Voguish<\/span><\/li>\n<li class=\"product-prop line-limit-length\"><span class=\"property-title\">Origine :\u00a0<\/span><span class=\"property-desc line-limit-length\">CN (Origine)<\/span><\/li>\n<li class=\"product-prop line-limit-length\"><span class=\"property-title\">EMS :\u00a0<\/span><span class=\"property-desc line-limit-length\">Masseur de nuque<\/span><\/li>\n<li class=\"product-prop line-limit-length\"><span class=\"property-title\">fonction2 :\u00a0<\/span><span class=\"property-desc line-limit-length\">Masseur \u00e9lectrique pour le cou<\/span><\/li>\n<li class=\"product-prop line-limit-length\"><span class=\"property-title\">fonction3 :\u00a0<\/span><span class=\"property-desc line-limit-length\">Patch de massage<\/span><\/li>\n<li class=\"product-prop line-limit-length\"><span class=\"property-title\">fonction4 :\u00a0<\/span><span class=\"property-desc line-limit-length\">Stimulateur anti-douleur<\/span><\/li>\n<li class=\"product-prop line-limit-length\"><span class=\"property-title\">fonction5 :\u00a0<\/span><span class=\"property-desc line-limit-length\">Stimulateur de massage<\/span><\/li>\n<li class=\"product-prop line-limit-length\"><span class=\"property-title\">fonction6 :\u00a0<\/span><span class=\"property-desc line-limit-length\">Massage de la nuque portable<\/span><\/li>\n<li class=\"product-prop line-limit-length\"><span class=\"property-title\">fonction7 :\u00a0<\/span><span class=\"property-desc line-limit-length\">Coussinets \u00e9lectriques pour le cou<\/span><\/li>\n<li class=\"product-prop line-limit-length\"><span class=\"property-title\">fonction8 :\u00a0<\/span><span class=\"property-desc line-limit-length\">Masseur cervical<\/span><\/li>\n<li class=\"product-prop line-limit-length\"><span class=\"property-title\">fonction9 :\u00a0<\/span><span class=\"property-desc line-limit-length\">Masseur corporel<\/span><\/li>\n<li class=\"product-prop line-limit-length\"><span class=\"property-title\">fonction10 :\u00a0<\/span><span class=\"property-desc line-limit-length\">Remplacement du tapis<\/span><\/li>\n<li class=\"product-prop line-limit-length\"><span class=\"property-title\">fonction11 :\u00a0<\/span><span class=\"property-desc line-limit-length\">Sans fil<\/span><\/li>\n<li class=\"product-prop line-limit-length\"><span class=\"property-title\">Tendeur de cou EMS :\u00a0<\/span><span class=\"property-desc line-limit-length\">\u00c9cran LCD<\/span><\/li>\n<li class=\"product-prop line-limit-length\"><span class=\"property-title\">fonction13 :\u00a0<\/span><span class=\"property-desc line-limit-length\">8 Modes<\/span><\/li>\n<li class=\"product-prop line-limit-length\"><span class=\"property-title\">Massage portable :\u00a0<\/span><span class=\"property-desc line-limit-length\">impulsion basse fr\u00e9quence<\/span><\/li>\n<\/ul>\n<\/div>\n<div class=\"detailmodule_html\">\n<div class=\"detail-desc-decorate-richtext\">\n<div class=\"detailmodule_html\">\n<div class=\"detail-desc-decorate-richtext\">\n<div><\/div>\n<div><a class=\"\" href=\"https:\/\/www.aliexpress.com\/item\/1005005033577030.html\" target=\"_self\" rel=\"noopener\"><img loading=\"lazy\" decoding=\"async\" src=\"https:\/\/ae01.alicdn.com\/kf\/S23efcedc22a84d5d92838bc29670c5f0i.jpg\" width=\"944\" height=\"330\" \/><\/a><\/div>\n<div><a class=\"\" href=\"https:\/\/www.aliexpress.com\/item\/1005005061955842.html?spm=a2g0o.detail.1000060.2.11a77638Zq7MSh&amp;gps-id=pcDetailBottomMoreThisSeller&amp;scm=1007.13339.291025.0&amp;scm_id=1007.13339.291025.0&amp;scm-url=1007.13339.291025.0&amp;pvid=89f1a60e-c7bd-4cc7-b1b9-743b7cafdfea&amp;_t=gps-id:pcDetailBottomMoreThisSeller,scm-url:1007.13339.291025.0,pvid:89f1a60e-c7bd-4cc7-b1b9-743b7cafdfea,tpp_buckets:668%232846%238112%231997&amp;pdp_ext_f=%7B%22sku_id%22%3A%2212000032120144737%22%2C%22sceneId%22%3A%223339%22%7D&amp;pdp_npi=3%40dis%21USD%2110.51%212.83%21%21%21%21%21%400b015e7016778285095086167e1bc8%2112000032120144737%21rec%21BR%21239708594\" target=\"_self\" rel=\"noopener\"><img loading=\"lazy\" decoding=\"async\" src=\"https:\/\/ae01.alicdn.com\/kf\/Sc6d06ea30b2141bcaaf18f7eedba10d0C.jpg\" width=\"944\" height=\"330\" \/><\/a><\/div>\n<div><\/div>\n<div><span style=\"font-size: 20px;\">Masseur \u00e9lectrique EMS pour civi\u00e8re de cou, \u00e9cran LCD, 8 modes, Patch de Massage Cervical, stimulateur musculaire \u00e0 impulsion, Portable, soulagement de la douleur<\/span><\/div>\n<div><\/div>\n<div><span style=\"font-size: 18px; font-family: arial, helvetica, sans-serif;\">Sp\u00e9cification :<\/span><\/div>\n<div><\/div>\n<div><span style=\"font-size: 18px; font-family: arial, helvetica, sans-serif;\">Nom du produit : p\u00e2te magique<\/span><\/div>\n<div><span style=\"font-size: 18px; font-family: arial, helvetica, sans-serif;\">Tension : 3,7 V<\/span><\/div>\n<div><span style=\"font-size: 18px; font-family: arial, helvetica, sans-serif;\">Comment utiliser : A-F (8 modes) 19 vitesses<\/span><\/div>\n<div><span style=\"font-size: 18px; font-family: arial, helvetica, sans-serif;\">Fr\u00e9quence : 1-100HZ<\/span><\/div>\n<div><span style=\"font-size: 18px; font-family: arial, helvetica, sans-serif;\">Heures de travail : 15 minutes<\/span><\/div>\n<div><span style=\"font-size: 18px; font-family: arial, helvetica, sans-serif;\">Sortie : 35 mA maximum<\/span><\/div>\n<div><span style=\"font-size: 18px; font-family: arial, helvetica, sans-serif;\">Capacit\u00e9 de la batterie : 200 mAh.<\/span><\/div>\n<div><span style=\"font-size: 18px; font-family: arial, helvetica, sans-serif;\">Fr\u00e9quence : 1 ~ 100 Hz<\/span><\/div>\n<div><\/div>\n<div><span style=\"font-size: 18px; font-family: arial, helvetica, sans-serif;\">Caract\u00e9ristiques :<\/span><\/div>\n<div><\/div>\n<div><span style=\"font-size: 18px; font-family: arial, helvetica, sans-serif;\">* 100 % neuf et de haute qualit\u00e9.<\/span><\/div>\n<div><span style=\"font-size: 18px; font-family: arial, helvetica, sans-serif;\">* Partie de massage : cou\/dos\/taille\/hanche\/jambe et autres parties.<\/span><\/div>\n<div><span style=\"font-size: 18px; font-family: arial, helvetica, sans-serif;\">* 8 modes et 19 niveaux : il existe diff\u00e9rents niveaux d'intensit\u00e9 pour chaque mode (tapotement, massage, massage, compression, tapotement, p\u00e9trissage, entra\u00eenement, mise en forme). Les utilisateurs peuvent choisir diff\u00e9rentes intensit\u00e9s en fonction des besoins individuels.<\/span><\/div>\n<div><span style=\"font-size: 18px; font-family: arial, helvetica, sans-serif;\">* Aide \u00e0 soulager la fatigue, \u00e0 d\u00e9tendre les muscles, \u00e0 am\u00e9liorer la circulation sanguine et \u00e0 br\u00fbler les graisses.<\/span><\/div>\n<div><span style=\"font-size: 18px; font-family: arial, helvetica, sans-serif;\">* Contrairement aux appareils de massage g\u00e9n\u00e9raux existants qui frottent uniquement l'ext\u00e9rieur des muscles, le masseur est \u00e9galement utilis\u00e9 pour stimuler l'int\u00e9rieur des muscles, pour am\u00e9liorer efficacement la circulation sanguine pour une r\u00e9cup\u00e9ration rapide de la fatigue.<\/span><\/div>\n<div><span style=\"font-size: 18px; font-family: arial, helvetica, sans-serif;\">* Petite taille, l\u00e9ger, facile \u00e0 transporter et \u00e0 ranger.<\/span><\/div>\n<div><\/div>\n<div><span style=\"font-size: 18px; font-family: arial, helvetica, sans-serif;\">Instructions :<\/span><\/div>\n<div><\/div>\n<div><span style=\"font-size: 18px; font-family: arial, helvetica, sans-serif;\">1. Tournez l'h\u00f4te avec le patch gel.<\/span><\/div>\n<div><span style=\"font-size: 18px; font-family: arial, helvetica, sans-serif;\">2. D\u00e9couvrez le film transparent sur le patch gel.<\/span><\/div>\n<div><span style=\"font-size: 18px; font-family: arial, helvetica, sans-serif;\">3. Fixez l'instrument \u00e0 la zone o\u00f9 vous devez masser.<\/span><\/div>\n<div><span style=\"font-size: 18px; font-family: arial, helvetica, sans-serif;\">4. Appuyez sur le bouton \"+ \" pour l'allumer.<\/span><\/div>\n<div><span style=\"font-size: 18px; font-family: arial, helvetica, sans-serif;\">5. Appuyez sur le bouton \" M \" pour s\u00e9lectionner le mode souhait\u00e9.<\/span><\/div>\n<div><span style=\"font-size: 18px; font-family: arial, helvetica, sans-serif;\">6. Ajustez l'intensit\u00e9 du massage qui vous convient. Continuez \u00e0 appuyer sur \"+ \" pour augmenter l'intensit\u00e9 et \"-\" pour diminuer l'intensit\u00e9.<\/span><\/div>\n<div><img decoding=\"async\" src=\"https:\/\/ae01.alicdn.com\/kf\/S5e67e5d779e640b6a6852ae49c8a657aT.jpg\" \/><span style=\"font-size: 18px; font-family: arial, helvetica, sans-serif;\"><br \/>\n<\/span><\/div>\n<div style=\"text-align: center;\" align=\"center\">\n<p><img decoding=\"async\" src=\"https:\/\/ae01.alicdn.com\/kf\/A7504c33abde04796a93da9f5b008ef4dZ.jpg\" \/><\/p>\n<p><img decoding=\"async\" style=\"max-width: 100%;\" src=\"https:\/\/ae01.alicdn.com\/kf\/Sdb54f2114ea840bdb5a281b36ce8a4abc.jpg\" \/><\/p>\n<p><img decoding=\"async\" style=\"max-width: 100%;\" src=\"https:\/\/ae01.alicdn.com\/kf\/S4290a57e765d4d0786ba0af48664020dU.jpg\" \/><\/p>\n<p><img decoding=\"async\" style=\"max-width: 100%;\" src=\"https:\/\/ae01.alicdn.com\/kf\/Scd19331ab856422b8b72670e85279b4a5.jpg\" \/><\/p>\n<p><img decoding=\"async\" src=\"https:\/\/ae01.alicdn.com\/kf\/S79ef476a9e6b47b88531e485f6ef3c14E.jpg\" \/><\/p>\n<p><img decoding=\"async\" src=\"https:\/\/ae01.alicdn.com\/kf\/S6e8e41f375a04d38b59e55bdd9398722f.jpg\" \/><\/p>\n<p><img decoding=\"async\" style=\"max-width: 100%;\" src=\"https:\/\/ae01.alicdn.com\/kf\/S5352b3a1aa8b476abaf47db49af9ac34z.jpg\" \/><\/p>\n<p><img decoding=\"async\" src=\"https:\/\/ae01.alicdn.com\/kf\/S91355ad976a3479d99d6dca0b475a7acp.jpg\" \/><\/p>\n<p><img decoding=\"async\" style=\"max-width: 100%;\" src=\"https:\/\/ae01.alicdn.com\/kf\/S0d072709bbc144598ad1afaf29372011X.jpg\" \/><\/p>\n<div><\/div>\n<p><img decoding=\"async\" style=\"max-width: 100%;\" src=\"https:\/\/ae01.alicdn.com\/kf\/S03e4f5cac1374087873aefb4679b87daX.jpg\" \/><\/p>\n<p><img decoding=\"async\" style=\"max-width: 100%;\" src=\"https:\/\/ae01.alicdn.com\/kf\/S7bc5512394604feaa279cd25b2b709beJ.jpg\" \/><\/p>\n<div><\/div>\n<\/div>\n<div><\/div>\n<\/div>\n<\/div>\n<p>&nbsp;<\/p>\n<\/div>\n<\/div>","protected":false},"excerpt":{"rendered":"<p>&nbsp; Chimique Hign-concern\u00e9:\u00a0Aucun \u00c9lectronique:\u00a0YES Nom de marque:\u00a0Voguish Origine:\u00a0CN (Origine) EMS:\u00a0Neck Massager function2:\u00a0Electric Neck Massager function3:\u00a0Massage Patch function4:\u00a0Stimulator Pain Relief function5:\u00a0Massage<\/p>","protected":false},"featured_media":8792,"comment_status":"open","ping_status":"closed","template":"","meta":[],"product_brand":[],"product_cat":[5747,84],"product_tag":[],"class_list":{"0":"post-8791","1":"product","2":"type-product","3":"status-publish","4":"has-post-thumbnail","6":"product_cat-fitness-accessories","7":"product_cat-sports-outdoors","9":"first","10":"instock","11":"shipping-taxable","12":"purchasable","13":"product-type-variable"},"jetpack_sharing_enabled":true,"_links":{"self":[{"href":"https:\/\/afrycom.com\/fr\/wp-json\/wp\/v2\/product\/8791","targetHints":{"allow":["GET"]}}],"collection":[{"href":"https:\/\/afrycom.com\/fr\/wp-json\/wp\/v2\/product"}],"about":[{"href":"https:\/\/afrycom.com\/fr\/wp-json\/wp\/v2\/types\/product"}],"replies":[{"embeddable":true,"href":"https:\/\/afrycom.com\/fr\/wp-json\/wp\/v2\/comments?post=8791"}],"wp:featuredmedia":[{"embeddable":true,"href":"https:\/\/afrycom.com\/fr\/wp-json\/wp\/v2\/media\/8792"}],"wp:attachment":[{"href":"https:\/\/afrycom.com\/fr\/wp-json\/wp\/v2\/media?parent=8791"}],"wp:term":[{"taxonomy":"product_brand","embeddable":true,"href":"https:\/\/afrycom.com\/fr\/wp-json\/wp\/v2\/product_brand?post=8791"},{"taxonomy":"product_cat","embeddable":true,"href":"https:\/\/afrycom.com\/fr\/wp-json\/wp\/v2\/product_cat?post=8791"},{"taxonomy":"product_tag","embeddable":true,"href":"https:\/\/afrycom.com\/fr\/wp-json\/wp\/v2\/product_tag?post=8791"}],"curies":[{"name":"wp","href":"https:\/\/api.w.org\/{rel}","templated":true}]}}