{"id":8781,"date":"2025-03-08T08:15:37","date_gmt":"2025-03-08T08:15:37","guid":{"rendered":"https:\/\/afrycom.com\/product\/masseur-de-genou-chauffant-3-en-1-compresse-chaude-coudieres-depaule-avec-genouillere-electrique-physiotherapie-pour-soulager-les-douleurs-articulaires\/"},"modified":"2025-03-08T08:16:06","modified_gmt":"2025-03-08T08:16:06","slug":"masseur-de-genou-chauffant-3-en-1-compresse-chaude-coudieres-depaule-avec-genouillere-electrique-physiotherapie-pour-soulager-les-douleurs-articulaires","status":"publish","type":"product","link":"https:\/\/afrycom.com\/fr\/produit\/masseur-de-genou-chauffant-3-en-1-compresse-chaude-coudieres-depaule-avec-genouillere-electrique-physiotherapie-pour-soulager-les-douleurs-articulaires\/","title":{"rendered":"Masseur de genou chauffant 3 en 1, compresse chaude, coudi\u00e8res d'\u00e9paule avec genouill\u00e8re \u00e9lectrique, physioth\u00e9rapie pour soulager les douleurs articulaires"},"content":{"rendered":"<div class=\"product-specs-list-container\">\n<ul class=\"product-specs-list util-clearfix\">\n<li class=\"product-prop line-limit-length\"><span\n                                        class=\"property-title\">Chimique Hign-concern\u00e9 :&nbsp;<\/span><span\n                                        class=\"property-desc line-limit-length\">Aucun<\/span>\n                            <\/li>\n<li class=\"product-prop line-limit-length\"><span\n                                        class=\"property-title\">\u00c9lectronique :&nbsp;<\/span><span\n                                        class=\"property-desc line-limit-length\">Oui<\/span>\n                            <\/li>\n<li class=\"product-prop line-limit-length\"><span\n                                        class=\"property-title\">Certification :&nbsp;<\/span><span\n                                        class=\"property-desc line-limit-length\">CE<\/span>\n                            <\/li>\n<li class=\"product-prop line-limit-length\"><span\n                                        class=\"property-title\">Application :&nbsp;<\/span><span\n                                        class=\"property-desc line-limit-length\">Jambe<\/span>\n                            <\/li>\n<li class=\"product-prop line-limit-length\"><span\n                                        class=\"property-title\">Num\u00e9ro de Mod\u00e8le :&nbsp;<\/span><span\n                                        class=\"property-desc line-limit-length\">102343<\/span>\n                            <\/li>\n<li class=\"product-prop line-limit-length\"><span\n                                        class=\"property-title\">Type d'article :&nbsp;<\/span><span\n                                        class=\"property-desc line-limit-length\">Massage et relaxation<\/span>\n                            <\/li>\n<li class=\"product-prop line-limit-length\"><span\n                                        class=\"property-title\">Mat\u00e9riau :&nbsp;<\/span><span\n                                        class=\"property-desc line-limit-length\">Non - tiss\u00e9<\/span>\n                            <\/li>\n<li class=\"product-prop line-limit-length\"><span\n                                        class=\"property-title\">Origine :&nbsp;<\/span><span\n                                        class=\"property-desc line-limit-length\">CN (Origine)<\/span>\n                            <\/li>\n<li class=\"product-prop line-limit-length\"><span\n                                        class=\"property-title\">Nom de marque :&nbsp;<\/span><span\n                                        class=\"property-desc line-limit-length\">gr\u00eale<\/span>\n                            <\/li>\n<\/ul><\/div>\n<div class=\"detailmodule_html\">\n<div class=\"detail-desc-decorate-richtext\">\n<p>\n <kse:widget data-widget-type=\"customText\" id=\"24251367\" type=\"custom\"><\/kse:widget><\/p>\n<p><span style=\"font-size:20px;font-family:verdana, geneva, sans-serif\" id=\"tl_1\">Coussin chauffant pour genoux 3 en 1 avec compresses chaudes pour \u00e9paules et coudes avec coussin chauffant \u00e9lectrique pour genoux pour soulager les douleurs articulaires<\/span><\/p>\n<p style=\"text-align:center\" align=\"center\"><img decoding=\"async\" src=\"https:\/\/ae01.alicdn.com\/kf\/S016d8c3ebc2f403998475da77ce3481ct.jpg\" slate-data-type=\"image\" \/><img decoding=\"async\" src=\"https:\/\/ae01.alicdn.com\/kf\/Sd73317c872f54da88d2c6949dbb0240ft.jpg\" slate-data-type=\"image\" \/><img decoding=\"async\" src=\"https:\/\/ae01.alicdn.com\/kf\/S73768113596c4cf59cee27cdd58e85c65.jpg\" slate-data-type=\"image\" \/><img decoding=\"async\" src=\"https:\/\/ae01.alicdn.com\/kf\/S58385d4a87f04e92a44cd2d436533043b.jpg\" slate-data-type=\"image\" \/><img decoding=\"async\" src=\"https:\/\/ae01.alicdn.com\/kf\/S1e0579bd9782435497528db6540254e63.jpg\" slate-data-type=\"image\" \/><img decoding=\"async\" src=\"https:\/\/ae01.alicdn.com\/kf\/S2148b8b57a0543a79c95be058d39243bE.jpg\" slate-data-type=\"image\" \/><img decoding=\"async\" src=\"https:\/\/ae01.alicdn.com\/kf\/Se507d6deb0bd40e3a130b5d38b4a454az.jpg\" slate-data-type=\"image\" \/><img decoding=\"async\" src=\"https:\/\/ae01.alicdn.com\/kf\/S4125a83604d14cc39a3fdc815baf5ac41.jpg\" slate-data-type=\"image\" \/><img decoding=\"async\" src=\"https:\/\/ae01.alicdn.com\/kf\/S9f01d9fa7cd547e7940ad27c0fb3b2fbW.jpg\" slate-data-type=\"image\" \/><img decoding=\"async\" src=\"https:\/\/ae01.alicdn.com\/kf\/S10fcdce0b91d465d895cb0abadb13b6eP.jpg\" slate-data-type=\"image\" \/><img decoding=\"async\" src=\"https:\/\/ae01.alicdn.com\/kf\/S34d60472533040dea76ad7ac5e445db7v.jpg\" slate-data-type=\"image\" \/><img decoding=\"async\" src=\"https:\/\/ae01.alicdn.com\/kf\/S84798ecabcf14068afbcae01aad2aebdX.jpg\" slate-data-type=\"image\" \/><\/p>\n<p><\/p>\n<p style=\"text-align:left\" align=\"left\">\n <kse:widget data-widget-type=\"customText\" id=\"22321020\" type=\"custom\"><\/kse:widget><\/p>\n<\/div>\n<\/div>","protected":false},"excerpt":{"rendered":"<p>Chimique Hign-concern\u00e9:&nbsp;Aucun \u00c9lectronique:&nbsp;Oui Certification:&nbsp;CE Application:&nbsp;Jambe Num\u00e9ro de Mod\u00e8le:&nbsp;102343 Type D&#039;article:&nbsp;Massage et relaxation Mat\u00e9riau:&nbsp;Non &#8211; tiss\u00e9 Origine:&nbsp;CN (Origine) Nom de marque:&nbsp;hailicare<\/p>","protected":false},"featured_media":8783,"comment_status":"open","ping_status":"closed","template":"","meta":[],"product_brand":[],"product_cat":[15],"product_tag":[],"class_list":{"0":"post-8781","1":"product","2":"type-product","3":"status-publish","4":"has-post-thumbnail","6":"product_cat-uncategorized","8":"first","9":"instock","10":"shipping-taxable","11":"purchasable","12":"product-type-variable"},"jetpack_sharing_enabled":true,"_links":{"self":[{"href":"https:\/\/afrycom.com\/fr\/wp-json\/wp\/v2\/product\/8781","targetHints":{"allow":["GET"]}}],"collection":[{"href":"https:\/\/afrycom.com\/fr\/wp-json\/wp\/v2\/product"}],"about":[{"href":"https:\/\/afrycom.com\/fr\/wp-json\/wp\/v2\/types\/product"}],"replies":[{"embeddable":true,"href":"https:\/\/afrycom.com\/fr\/wp-json\/wp\/v2\/comments?post=8781"}],"wp:featuredmedia":[{"embeddable":true,"href":"https:\/\/afrycom.com\/fr\/wp-json\/wp\/v2\/media\/8783"}],"wp:attachment":[{"href":"https:\/\/afrycom.com\/fr\/wp-json\/wp\/v2\/media?parent=8781"}],"wp:term":[{"taxonomy":"product_brand","embeddable":true,"href":"https:\/\/afrycom.com\/fr\/wp-json\/wp\/v2\/product_brand?post=8781"},{"taxonomy":"product_cat","embeddable":true,"href":"https:\/\/afrycom.com\/fr\/wp-json\/wp\/v2\/product_cat?post=8781"},{"taxonomy":"product_tag","embeddable":true,"href":"https:\/\/afrycom.com\/fr\/wp-json\/wp\/v2\/product_tag?post=8781"}],"curies":[{"name":"wp","href":"https:\/\/api.w.org\/{rel}","templated":true}]}}