{"id":8760,"date":"2025-03-08T08:15:32","date_gmt":"2025-03-08T08:15:32","guid":{"rendered":"https:\/\/afrycom.com\/product\/ceinture-amincissante-pour-hommes-modelant-le-corps-controle-du-ventre-enveloppe-de-sueur-en-neoprene-pour-le-ventre-et-le-dos-soutien-lombaire\/"},"modified":"2025-08-07T15:59:09","modified_gmt":"2025-08-07T15:59:09","slug":"ceinture-amincissante-pour-hommes-modelant-le-corps-controle-du-ventre-enveloppe-de-sueur-en-neoprene-pour-le-ventre-et-le-dos-soutien-lombaire","status":"publish","type":"product","link":"https:\/\/afrycom.com\/fr\/produit\/ceinture-amincissante-pour-hommes-modelant-le-corps-controle-du-ventre-enveloppe-de-sueur-en-neoprene-pour-le-ventre-et-le-dos-soutien-lombaire\/","title":{"rendered":"Ceinture amincissante pour hommes, modelant le corps, contr\u00f4le du ventre, enveloppe de sueur en n\u00e9opr\u00e8ne pour le ventre et le dos, soutien lombaire"},"content":{"rendered":"<div class=\"product-specs-list-container\">\n<ul class=\"product-specs-list util-clearfix\">\n<li class=\"product-prop line-limit-length\"><span\n                                        class=\"property-title\">Chimique Hign-concern\u00e9 :&nbsp;<\/span><span\n                                        class=\"property-desc line-limit-length\">Aucun<\/span>\n                            <\/li>\n<li class=\"product-prop line-limit-length\"><span\n                                        class=\"property-title\">Artisanat du tissage :&nbsp;<\/span><span\n                                        class=\"property-desc line-limit-length\">Tricoter<\/span>\n                            <\/li>\n<li class=\"product-prop line-limit-length\"><span\n                                        class=\"property-title\">Sexuellement suggestif :&nbsp;<\/span><span\n                                        class=\"property-desc line-limit-length\">Pas de<\/span>\n                            <\/li>\n<li class=\"product-prop line-limit-length\"><span\n                                        class=\"property-title\">Image D'obsc\u00e8ne :&nbsp;<\/span><span\n                                        class=\"property-desc line-limit-length\">Pas de<\/span>\n                            <\/li>\n<li class=\"product-prop line-limit-length\"><span\n                                        class=\"property-title\">Num\u00e9ro de Mod\u00e8le :&nbsp;<\/span><span\n                                        class=\"property-desc line-limit-length\">YW-0003<\/span>\n                            <\/li>\n<li class=\"product-prop line-limit-length\"><span\n                                        class=\"property-title\">Mat\u00e9riau :&nbsp;<\/span><span\n                                        class=\"property-desc line-limit-length\">M\u00e9langes de polyester<\/span>\n                            <\/li>\n<li class=\"product-prop line-limit-length\"><span\n                                        class=\"property-title\">Nom de marque :&nbsp;<\/span><span\n                                        class=\"property-desc line-limit-length\">miss moly<\/span>\n                            <\/li>\n<li class=\"product-prop line-limit-length\"><span\n                                        class=\"property-title\">Type d'article :&nbsp;<\/span><span\n                                        class=\"property-desc line-limit-length\">Fa\u00e7onneurs<\/span>\n                            <\/li>\n<li class=\"product-prop line-limit-length\"><span\n                                        class=\"property-title\">CN :&nbsp;<\/span><span\n                                        class=\"property-desc line-limit-length\">Guangdong<\/span>\n                            <\/li>\n<li class=\"product-prop line-limit-length\"><span\n                                        class=\"property-title\">Origine :&nbsp;<\/span><span\n                                        class=\"property-desc line-limit-length\">CN (Origine)<\/span>\n                            <\/li>\n<li class=\"product-prop line-limit-length\"><span\n                                        class=\"property-title\">Sexe :&nbsp;<\/span><span\n                                        class=\"property-desc line-limit-length\">MEN<\/span>\n                            <\/li>\n<li class=\"product-prop line-limit-length\"><span\n                                        class=\"property-title\">Effet :&nbsp;<\/span><span\n                                        class=\"property-desc line-limit-length\">Taille de contr\u00f4le\/Slim\/Gym\/Train\/Sport<\/span>\n                            <\/li>\n<li class=\"product-prop line-limit-length\"><span\n                                        class=\"property-title\">Occasion :&nbsp;<\/span><span\n                                        class=\"property-desc line-limit-length\">Tous les jours\/Yoga\/Gym\/Entra\u00eenement\/Sport<\/span>\n                            <\/li>\n<li class=\"product-prop line-limit-length\"><span\n                                        class=\"property-title\">Mat\u00e9riau :&nbsp;<\/span><span\n                                        class=\"property-desc line-limit-length\">Polyester, N\u00e9opr\u00e8ne<\/span>\n                            <\/li>\n<li class=\"product-prop line-limit-length\"><span\n                                        class=\"property-title\">Fonctionnalit\u00e9 :&nbsp;<\/span><span\n                                        class=\"property-desc line-limit-length\">Favorise la transpiration et la combustion des graisses<\/span>\n                            <\/li>\n<li class=\"product-prop line-limit-length\"><span\n                                        class=\"property-title\">Personnes concern\u00e9es :&nbsp;<\/span><span\n                                        class=\"property-desc line-limit-length\">Hommes\/Femmes<\/span>\n                            <\/li>\n<\/ul><\/div>\n<div class=\"detailmodule_html\">\n<div class=\"detail-desc-decorate-richtext\">\n<div class=\"detailmodule_html\">\n<div class=\"detail-desc-decorate-richtext\">\n<p style=\"font-family:OpenSans;font-size:20px;font-weight:900;line-height:28px;white-space:pre-wrap;color:rgb(0, 0, 0);margin-bottom:12px\" class=\"detail-desc-decorate-title\">Pour les hommes-ceinture gainante \u00e0 perte de poids rapide pour br\u00fbler les graisses<\/p>\n<div>\n<div>\n<div class=\"detailmodule_text-image\">\n<div><img decoding=\"async\" style=\"margin-bottom:10px\" class=\"detail-desc-decorate-image\" src=\"https:\/\/ae01.alicdn.com\/kf\/Ha14d39c91a554ed0a8c3a79193d1392fa.jpg\" slate-data-type=\"image\"><img decoding=\"async\" style=\"margin-bottom:10px\" class=\"detail-desc-decorate-image\" src=\"https:\/\/ae01.alicdn.com\/kf\/Hd6805f985da548f8930e08ca44c26f09R.jpg\" slate-data-type=\"image\"><img decoding=\"async\" style=\"margin-bottom:10px\" class=\"detail-desc-decorate-image\" src=\"https:\/\/ae01.alicdn.com\/kf\/Hd3577ca9013c4c14a783a96ff9218f97O.jpg\" slate-data-type=\"image\"><\/div>\n<\/div>\n<div class=\"detailmodule_text-image\">\n<p style=\"font-family:OpenSans;font-size:20px;font-weight:900;line-height:28px;white-space:pre-wrap;color:rgb(0, 0, 0);margin-bottom:12px\" class=\"detail-desc-decorate-title\">Pour les femmes-ceinture gainante \u00e0 perte de poids rapide qui br\u00fble les graisses<\/p>\n<div><img decoding=\"async\" style=\"margin-bottom:10px\" class=\"detail-desc-decorate-image\" src=\"https:\/\/ae01.alicdn.com\/kf\/Hc9da2eff12084326826b8e92e463937bZ.jpg\" slate-data-type=\"image\"><img decoding=\"async\" style=\"margin-bottom:10px\" class=\"detail-desc-decorate-image\" src=\"https:\/\/ae01.alicdn.com\/kf\/H3de2cd9c5ae14e51917212a6fbb7372f0.jpg\" slate-data-type=\"image\"><\/div>\n<\/div>\n<div class=\"detailmodule_text-image\"><img decoding=\"async\" class=\"detail-desc-decorate-image\" src=\"https:\/\/ae01.alicdn.com\/kf\/H9208e97f9ced40688a6c10486fd21969d.jpg\" slate-data-type=\"image\"><img decoding=\"async\" class=\"detail-desc-decorate-image\" src=\"https:\/\/ae01.alicdn.com\/kf\/H3799640d415947a88a8ff868509d575dS.jpg\" slate-data-type=\"image\"><\/div>\n<div class=\"detailmodule_text-image\">\n<p style=\"font-family:OpenSans;font-size:20px;font-weight:900;line-height:28px;white-space:pre-wrap;color:rgb(0, 0, 0);margin-bottom:12px\" class=\"detail-desc-decorate-title\">Informations sur la taille<\/p>\n<p style=\"font-family:OpenSans;font-size:14px;font-weight:300;line-height:20px;white-space:pre-wrap;color:rgb(0, 0, 0);margin-bottom:12px\" class=\"detail-desc-decorate-content\">Tour de taille<br \/>S 20\u2033~34\u2033(pouce) 51-86,5(cm)<br \/>M 24\u2033~38\u2033(pouces) 61-96,5(cm)<br \/>L 28\u2033~41\u2033(pouce) 71-104(cm)<\/p>\n<div><img decoding=\"async\" src=\"https:\/\/ae01.alicdn.com\/kf\/H969073f75ede4da390d9f4878b8d68ff1.jpg\" slate-data-type=\"image\"><\/div>\n<\/div>\n<div class=\"detailmodule_text-image\">\n<p style=\"font-family:OpenSans;font-size:14px;font-weight:300;line-height:20px;white-space:pre-wrap;color:rgb(0, 0, 0);margin-bottom:12px\" class=\"detail-desc-decorate-content\">Description<\/p>\n<p>Couleur : noir\/rose\/jaune\/vert\/bleu<br \/>Taille : S\/M\/L<br \/>Mat\u00e9riel : Polyester, N\u00e9opr\u00e8ne<br \/>Emplacement de l'entrep\u00f4t : Chine, \u00c9tats-Unis<\/p>\n<p>Effet thermique et SWEAT : Il s'agit d'un amincissement thermog\u00e9nique am\u00e9liorant la transpiration pour hommes et femmes qui est suffisamment large pour couvrir tout l'abdomen, tout en am\u00e9liorant votre entra\u00eenement et en br\u00fblant les graisses en aidant \u00e0 am\u00e9liorer l'activit\u00e9 thermog\u00e9nique et le SWEAT !<br \/>QUALIT\u00c9 SUP\u00c9RIEURE : Fabriqu\u00e9 avec du n\u00e9opr\u00e8ne sans latex de 0,14 pouce d'\u00e9paisseur pour une exp\u00e9rience de transpiration am\u00e9lior\u00e9e.Mais ne vous inqui\u00e9tez pas de la sueur suppl\u00e9mentaire, notre doublure int\u00e9rieure en grille coupe-taille repoussera non seulement l'absorption de l'humidit\u00e9, mais limitera \u00e9galement le glissement et le regroupement.<br \/>CROCHET ET SANGLE R\u00c9GLABLES : La surface du coupe-taille est faite d'un tissu facile \u00e0 coller et est naturellement flexible pour s'adapter \u00e0 votre taille et \u00e0 votre forme et aider la ceinture profil\u00e9e \u00e0 s'adapter confortablement autour de votre taille pendant l'exercice.CROCHET ET BOUCLE solides et coutures overlock durables aident la ceinture \u00e0 un soutien suppl\u00e9mentaire.<br \/>ADAPT\u00c9 \u00c0 TOUTE OCCASION : Cet entra\u00eeneur de taille de sauna peut \u00eatre utilis\u00e9 comme cadeau pour les hommes ou les femmes.Vous pouvez le porter au travail, au fitness, \u00e0 l'entra\u00eenement et \u00e0 la course.Particuli\u00e8rement adapt\u00e9 au ventre de bi\u00e8re ou au post-partum.<\/p>\n<div><img decoding=\"async\" style=\"margin-bottom:10px\" class=\"detail-desc-decorate-image\" src=\"https:\/\/ae01.alicdn.com\/kf\/H4e83690f0a06498da1e3b45d34993f4fY.jpg\" slate-data-type=\"image\"><img decoding=\"async\" style=\"margin-bottom:10px\" class=\"detail-desc-decorate-image\" src=\"https:\/\/ae01.alicdn.com\/kf\/Hb42220a224e744cfa53241193ac6bc6dT.jpg\" slate-data-type=\"image\"><img decoding=\"async\" style=\"margin-bottom:10px\" class=\"detail-desc-decorate-image\" src=\"https:\/\/ae01.alicdn.com\/kf\/Hd69e1dc4ee764112ab688ba3bf5bbf75n.jpg\" slate-data-type=\"image\"><img decoding=\"async\" style=\"margin-bottom:10px\" class=\"detail-desc-decorate-image\" src=\"https:\/\/ae01.alicdn.com\/kf\/Hab8fce145580414a8e85a1694f6bf63ed.jpg\" slate-data-type=\"image\"><img decoding=\"async\" style=\"margin-bottom:10px\" class=\"detail-desc-decorate-image\" src=\"https:\/\/ae01.alicdn.com\/kf\/Hc8ef498f627446cb8b7983914c3c80d9h.jpg\" slate-data-type=\"image\"><img decoding=\"async\" style=\"margin-bottom:10px\" class=\"detail-desc-decorate-image\" src=\"https:\/\/ae01.alicdn.com\/kf\/H0c26be8183714ccf97a22c388c6bd1d2e.jpg\" slate-data-type=\"image\"><img decoding=\"async\" style=\"margin-bottom:10px\" class=\"detail-desc-decorate-image\" src=\"https:\/\/ae01.alicdn.com\/kf\/H1f4b9fec786345d681d86c34bb906a60q.jpg\" slate-data-type=\"image\"><img decoding=\"async\" style=\"margin-bottom:10px\" class=\"detail-desc-decorate-image\" src=\"https:\/\/ae01.alicdn.com\/kf\/Hc6acbac7af014b4b88c0208952323ad8C.jpg\" slate-data-type=\"image\"><\/div>\n<\/div>\n<div class=\"detailmodule_text-image\">\n<p style=\"font-family:OpenSans;font-size:20px;font-weight:900;line-height:28px;white-space:pre-wrap;color:rgb(0, 0, 0);margin-bottom:12px\" class=\"detail-desc-decorate-title\">Informations sur le produit<\/p>\n<p style=\"font-family:OpenSans;font-size:14px;font-weight:300;line-height:20px;white-space:pre-wrap;color:rgb(0, 0, 0);margin-bottom:12px\" class=\"detail-desc-decorate-content\">-La hauteur est de 31 cm<br \/>-Il est fabriqu\u00e9 en tissu n\u00e9opr\u00e8ne.<\/p>\n<div><img decoding=\"async\" class=\"detail-desc-decorate-image\" src=\"https:\/\/ae01.alicdn.com\/kf\/H98668c979d50434f816b9ea0c0778b7cl.jpg\" slate-data-type=\"image\"><\/div>\n<\/div>\n<div class=\"detailmodule_text-image\">\n<p style=\"font-family:OpenSans;font-size:20px;font-weight:900;line-height:28px;white-space:pre-wrap;color:rgb(0, 0, 0);margin-bottom:12px\" class=\"detail-desc-decorate-title\">Pour les hommes<\/p>\n<div><img decoding=\"async\" class=\"detail-desc-decorate-image\" src=\"https:\/\/ae01.alicdn.com\/kf\/Hbafd0cd4af8f4658a924864ff15600f34.jpg\" slate-data-type=\"image\"><img decoding=\"async\" class=\"detail-desc-decorate-image\" src=\"https:\/\/ae01.alicdn.com\/kf\/Hf234a2915a794c62ac6db69dc826612ex.jpg\" slate-data-type=\"image\"><img decoding=\"async\" class=\"detail-desc-decorate-image\" src=\"https:\/\/ae01.alicdn.com\/kf\/H5a9adeae81f241979ee9a62658f20619t.jpg\" slate-data-type=\"image\"><img decoding=\"async\" class=\"detail-desc-decorate-image\" src=\"https:\/\/ae01.alicdn.com\/kf\/H440d293bd760482586f74319a2a67865M.jpg\" slate-data-type=\"image\"><img decoding=\"async\" class=\"detail-desc-decorate-image\" src=\"https:\/\/ae01.alicdn.com\/kf\/H1372ae605e304cb4ab4a108ff85d32133.jpg\" slate-data-type=\"image\"><\/div>\n<\/div>\n<div class=\"detailmodule_text-image\">\n<p style=\"font-family:OpenSans;font-size:20px;font-weight:900;line-height:28px;white-space:pre-wrap;color:rgb(0, 0, 0);margin-bottom:12px\" class=\"detail-desc-decorate-title\">Pour les femmes<\/p>\n<div><img decoding=\"async\" class=\"detail-desc-decorate-image\" src=\"https:\/\/ae01.alicdn.com\/kf\/H2597dbf71dc54b36bee44d0664acb2b3r.jpg\" slate-data-type=\"image\"><img decoding=\"async\" class=\"detail-desc-decorate-image\" src=\"https:\/\/ae01.alicdn.com\/kf\/Hde86ea7673fa47a4bf08d8daa334f231L.jpg\" slate-data-type=\"image\"><img decoding=\"async\" class=\"detail-desc-decorate-image\" src=\"https:\/\/ae01.alicdn.com\/kf\/H99f0637f8960455e9a18c5b60034bcdcY.jpg\" slate-data-type=\"image\"><img decoding=\"async\" class=\"detail-desc-decorate-image\" src=\"https:\/\/ae01.alicdn.com\/kf\/Hee3633ab63154626a6c7862d1435afc7q.jpg\" slate-data-type=\"image\"><img decoding=\"async\" class=\"detail-desc-decorate-image\" src=\"https:\/\/ae01.alicdn.com\/kf\/Hee3633ab63154626a6c7862d1435afc7q.jpg\" slate-data-type=\"image\"><\/div>\n<\/div>\n<div class=\"detailmodule_image\"><img decoding=\"async\" class=\"detail-desc-decorate-image\" src=\"https:\/\/ae01.alicdn.com\/kf\/Ha23982a3e4b5497ca55320a8fca77f88n.jpg\" slate-data-type=\"image\"><img decoding=\"async\" class=\"detail-desc-decorate-image\" src=\"https:\/\/ae01.alicdn.com\/kf\/Hf56da9de25de4e58990302b012b92172r.jpg\" slate-data-type=\"image\"><img decoding=\"async\" class=\"detail-desc-decorate-image\" src=\"https:\/\/ae01.alicdn.com\/kf\/H5d6e7462fd25488da72f643479f70f689.jpg\" slate-data-type=\"image\"><img decoding=\"async\" class=\"detail-desc-decorate-image\" src=\"https:\/\/ae01.alicdn.com\/kf\/H660e4c0a1a064bf0971740c09d664b92C.jpg\" slate-data-type=\"image\"><\/div>\n<div class=\"detailmodule_text-image\">\n<p style=\"font-family:OpenSans;font-size:20px;font-weight:900;line-height:28px;white-space:pre-wrap;color:rgb(0, 0, 0);margin-bottom:12px\" class=\"detail-desc-decorate-title\">1. Sangle r\u00e9glable \u00e0 crochets et boucles<\/p>\n<p style=\"font-family:OpenSans;font-size:14px;font-weight:300;line-height:20px;white-space:pre-wrap;color:rgb(0, 0, 0);margin-bottom:12px\" class=\"detail-desc-decorate-content\">La surface du coupe-taille est faite d'un tissu facile \u00e0 coller et naturellement flexible pour s'adapter \u00e0 votre taille et \u00e0 votre forme.<\/p>\n<div><img decoding=\"async\" class=\"detail-desc-decorate-image\" src=\"https:\/\/ae01.alicdn.com\/kf\/Habcfe0595ada43c5b308de401a1be0bbX.jpg\" slate-data-type=\"image\"><\/div>\n<\/div>\n<div class=\"detailmodule_text-image\">\n<p style=\"font-family:OpenSans;font-size:20px;font-weight:900;line-height:28px;white-space:pre-wrap;color:rgb(0, 0, 0);margin-bottom:12px\" class=\"detail-desc-decorate-title\">2. N\u00e9opr\u00e8ne de qualit\u00e9 maximale<\/p>\n<p style=\"font-family:OpenSans;font-size:14px;font-weight:300;line-height:20px;white-space:pre-wrap;color:rgb(0, 0, 0);margin-bottom:12px\" class=\"detail-desc-decorate-content\">Fabriqu\u00e9 en n\u00e9opr\u00e8ne de 0,14 pouce d'\u00e9paisseur sans latex pour une exp\u00e9rience de transpiration am\u00e9lior\u00e9e.<\/p>\n<div><img decoding=\"async\" class=\"detail-desc-decorate-image\" src=\"https:\/\/ae01.alicdn.com\/kf\/Hac34ee043fb7403ca8c1d0a2395206eco.jpg\" slate-data-type=\"image\"><\/div>\n<\/div>\n<div class=\"detailmodule_text-image\">\n<p style=\"font-family:OpenSans;font-size:20px;font-weight:900;line-height:28px;white-space:pre-wrap;color:rgb(0, 0, 0);margin-bottom:12px\" class=\"detail-desc-decorate-title\">3. Doublure int\u00e9rieure de grille de coupe-taille<\/p>\n<p style=\"font-family:OpenSans;font-size:14px;font-weight:300;line-height:20px;white-space:pre-wrap;color:rgb(0, 0, 0);margin-bottom:12px\" class=\"detail-desc-decorate-content\">Non seulement repousse l'absorption de l'humidit\u00e9, mais limite \u00e9galement le glissement et le regroupement.<\/p>\n<div><img decoding=\"async\" class=\"detail-desc-decorate-image\" src=\"https:\/\/ae01.alicdn.com\/kf\/H30c5ee21445c4d54a9b5ba1d2bff3abeQ.jpg\" slate-data-type=\"image\"><\/div>\n<\/div>\n<div class=\"detailmodule_text-image\">\n<p style=\"font-family:OpenSans;font-size:20px;font-weight:900;line-height:28px;white-space:pre-wrap;color:rgb(0, 0, 0);margin-bottom:12px\" class=\"detail-desc-decorate-title\">4. Pratique \u00e0 transporter<\/p>\n<p style=\"font-family:OpenSans;font-size:14px;font-weight:300;line-height:20px;white-space:pre-wrap;color:rgb(0, 0, 0);margin-bottom:12px\" class=\"detail-desc-decorate-content\">Peut le porter en toute occasion, comme le travail, le fitness, l'entra\u00eenement et la course \u00e0 pied<\/p>\n<div><img decoding=\"async\" class=\"detail-desc-decorate-image\" src=\"https:\/\/ae01.alicdn.com\/kf\/Hc835ea62ef6b4c26b29f89b762a02b55I.jpg\" slate-data-type=\"image\"><\/div>\n<\/div>\n<div class=\"detailmodule_text-image\">\n<p style=\"font-family:OpenSans;font-size:20px;font-weight:900;line-height:28px;white-space:pre-wrap;color:rgb(0, 0, 0);margin-bottom:12px\" class=\"detail-desc-decorate-title\">Service<\/p>\n<p style=\"font-family:OpenSans;font-size:14px;font-weight:300;line-height:20px;white-space:pre-wrap;color:rgb(0, 0, 0);margin-bottom:12px\" class=\"detail-desc-decorate-content\">Commentaires<br \/>Si vous n'\u00eates pas satisfait de nos articles, veuillez nous contacter. Nous ferons de notre mieux pour vous servir dans les 24 heures.<\/p>\n<p>Exp\u00e9dition<br \/>Les articles seront exp\u00e9di\u00e9s dans un d\u00e9lai d'un jour ouvrable apr\u00e8s le paiement.<\/p>\n<p>Retour<br \/>Si vous \u00eates d\u00e9\u00e7u de l'article que vous avez re\u00e7u, veuillez nous en informer dans les 7 jours.<\/p>\n<p>revendeur<br \/>Pour le revendeur, nous pouvons proposer la LIVRAISON DIRECTE \u00e0 votre client directement sans aucune information de notre magasin.<\/p>\n<p>Service<br \/>Veuillez m'envoyer un e-mail par message si vous avez des questions, nous vous r\u00e9pondrons dans les 24 heures<br \/>Le message recevra une r\u00e9ponse dans les 24 heures (week-end non inclus)<\/p>\n<p>1) Que puis-je faire lorsque le d\u00e9lai de protection des achats arrive \u00e0 expiration ?<\/p>\n<p>Si le d\u00e9lai de protection de votre achat est \u00e9puis\u00e9, veuillez nous contacter et nous pourrons vous aider \u00e0 le prolonger.Votre argent n'ira donc pas sur notre compte.<\/p>\n<p>2) Comment payer l'argent lorsque vous passez une commande ou rencontrez un probl\u00e8me avec votre carte ?<\/p>\n<p>http:\/\/help.aliexpress.com\/payment_method.html<\/p>\n<p>Ou veuillez contacter les acheteurs en ligne :<\/p>\n<p>https:\/\/helppage.aliexpress.com\/buyercenter\/index.htm<\/p>\n<p>3) Quelle taille dois-je choisir ?<\/p>\n<p>Veuillez choisir selon le tableau des tailles. Ou contactez-nous pour une id\u00e9e.<\/p>\n<p>4) La vente en gros et la livraison directe sont toutes deux les bienvenues.<\/p>\n<p>Pour la vente en gros, nous offrons une r\u00e9duction ou une livraison express gratuite qui ne prend que 3 \u00e0 7 jours pour arriver.<\/p>\n<p>Pour la livraison directe, nous pouvons envoyer les marchandises directement \u00e0 vos clients et ne laisserons aucune information publicitaire sur nous si vous le souhaitez.<\/p>\n<p>5) Comment puis-je suivre mon colis ?<\/p>\n<p>Vous pouvez suivre votre colis sur le site suivant \u00e0 l'aide de votre num\u00e9ro de suivi :<\/p>\n<p>http:\/\/www.17track.net\/en<\/p>\n<p>http:\/\/global.cainiao.com\/detail.htm<\/p>\n<div><img decoding=\"async\" style=\"margin-bottom:10px\" class=\"detail-desc-decorate-image\" src=\"https:\/\/ae01.alicdn.com\/kf\/H5e86c9270731456a800ac4f27de02793e.jpg\" slate-data-type=\"image\"><img decoding=\"async\" style=\"margin-bottom:10px\" class=\"detail-desc-decorate-image\" src=\"https:\/\/ae01.alicdn.com\/kf\/H6382b4ac27b447598484576fae90c82fi.jpg\" slate-data-type=\"image\"><img decoding=\"async\" style=\"margin-bottom:10px\" class=\"detail-desc-decorate-image\" src=\"https:\/\/ae01.alicdn.com\/kf\/Hf0b2406eb261431ab68f12250aaefddcI.jpg\" slate-data-type=\"image\"><img decoding=\"async\" style=\"margin-bottom:10px\" class=\"detail-desc-decorate-image\" src=\"https:\/\/ae01.alicdn.com\/kf\/Hbe7b2c93df5f4270aab6f96244a96f69i.jpg\" slate-data-type=\"image\"><\/div>\n<\/div>\n<p><\/p>\n<\/div>\n<\/div>\n<div><\/div>\n<\/div>\n<\/div>\n<p><\/p>\n<\/div>\n<\/div>","protected":false},"excerpt":{"rendered":"<p>Chimique Hign-concern\u00e9:&nbsp;Aucun Artisanat du tissage:&nbsp;Tricoter Sexuellement Suggestive:&nbsp;Pas de Image D&#039;obsc\u00e8ne:&nbsp;Pas de Num\u00e9ro de Mod\u00e8le:&nbsp;YW-0003 Mat\u00e9riau:&nbsp;M\u00e9langes de polyester Nom de marque:&nbsp;miss<\/p>","protected":false},"featured_media":8761,"comment_status":"open","ping_status":"closed","template":"","meta":[],"product_brand":[],"product_cat":[5746,5758,5755],"product_tag":[],"class_list":{"0":"post-8760","1":"product","2":"type-product","3":"status-publish","4":"has-post-thumbnail","6":"product_cat-athletic-apparels","7":"product_cat-weighting-belts-wrist-wrap","8":"product_cat-workout-shorts-skirts","10":"first","11":"instock","12":"shipping-taxable","13":"purchasable","14":"product-type-variable"},"jetpack_sharing_enabled":true,"_links":{"self":[{"href":"https:\/\/afrycom.com\/fr\/wp-json\/wp\/v2\/product\/8760","targetHints":{"allow":["GET"]}}],"collection":[{"href":"https:\/\/afrycom.com\/fr\/wp-json\/wp\/v2\/product"}],"about":[{"href":"https:\/\/afrycom.com\/fr\/wp-json\/wp\/v2\/types\/product"}],"replies":[{"embeddable":true,"href":"https:\/\/afrycom.com\/fr\/wp-json\/wp\/v2\/comments?post=8760"}],"wp:featuredmedia":[{"embeddable":true,"href":"https:\/\/afrycom.com\/fr\/wp-json\/wp\/v2\/media\/8761"}],"wp:attachment":[{"href":"https:\/\/afrycom.com\/fr\/wp-json\/wp\/v2\/media?parent=8760"}],"wp:term":[{"taxonomy":"product_brand","embeddable":true,"href":"https:\/\/afrycom.com\/fr\/wp-json\/wp\/v2\/product_brand?post=8760"},{"taxonomy":"product_cat","embeddable":true,"href":"https:\/\/afrycom.com\/fr\/wp-json\/wp\/v2\/product_cat?post=8760"},{"taxonomy":"product_tag","embeddable":true,"href":"https:\/\/afrycom.com\/fr\/wp-json\/wp\/v2\/product_tag?post=8760"}],"curies":[{"name":"wp","href":"https:\/\/api.w.org\/{rel}","templated":true}]}}