{"id":8611,"date":"2025-03-08T08:15:23","date_gmt":"2025-03-08T08:15:23","guid":{"rendered":"https:\/\/afrycom.com\/product\/hommes-minceur-corps-shaper-gilet-chemise-abs-abdomen-mince-gymnastique-entrainement-ventre-controle-compression-debardeur-sans-manches-shapewear\/"},"modified":"2025-03-08T08:16:06","modified_gmt":"2025-03-08T08:16:06","slug":"hommes-minceur-corps-shaper-gilet-chemise-abs-abdomen-mince-gymnastique-entrainement-ventre-controle-compression-debardeur-sans-manches-shapewear","status":"publish","type":"product","link":"https:\/\/afrycom.com\/fr\/produit\/hommes-minceur-corps-shaper-gilet-chemise-abs-abdomen-mince-gymnastique-entrainement-ventre-controle-compression-debardeur-sans-manches-shapewear\/","title":{"rendered":"Hommes minceur corps Shaper gilet chemise Abs Abdomen mince gymnastique entra\u00eenement ventre contr\u00f4le Compression d\u00e9bardeur sans manches Shapewear"},"content":{"rendered":"<div class=\"product-specs-list-container\">\n<ul class=\"product-specs-list util-clearfix\">\n<li class=\"product-prop line-limit-length\"><span\n                                        class=\"property-title\">Chimique Hign-concern\u00e9 :&nbsp;<\/span><span\n                                        class=\"property-desc line-limit-length\">Aucun<\/span>\n                            <\/li>\n<li class=\"product-prop line-limit-length\"><span\n                                        class=\"property-title\">Artisanat du tissage :&nbsp;<\/span><span\n                                        class=\"property-desc line-limit-length\">Tricoter<\/span>\n                            <\/li>\n<li class=\"product-prop line-limit-length\"><span\n                                        class=\"property-title\">Sexuellement suggestif :&nbsp;<\/span><span\n                                        class=\"property-desc line-limit-length\">Pas de<\/span>\n                            <\/li>\n<li class=\"product-prop line-limit-length\"><span\n                                        class=\"property-title\">Image D'obsc\u00e8ne :&nbsp;<\/span><span\n                                        class=\"property-desc line-limit-length\">Pas de<\/span>\n                            <\/li>\n<li class=\"product-prop line-limit-length\"><span\n                                        class=\"property-title\">Num\u00e9ro de Mod\u00e8le :&nbsp;<\/span><span\n                                        class=\"property-desc line-limit-length\">Y9995<\/span>\n                            <\/li>\n<li class=\"product-prop line-limit-length\"><span\n                                        class=\"property-title\">Mat\u00e9riau :&nbsp;<\/span><span\n                                        class=\"property-desc line-limit-length\">Nylon, SPANDEX<\/span>\n                            <\/li>\n<li class=\"product-prop line-limit-length\"><span\n                                        class=\"property-title\">Nom de marque :&nbsp;<\/span><span\n                                        class=\"property-desc line-limit-length\">miss moly<\/span>\n                            <\/li>\n<li class=\"product-prop line-limit-length\"><span\n                                        class=\"property-title\">Type d'article :&nbsp;<\/span><span\n                                        class=\"property-desc line-limit-length\">Fa\u00e7onneurs<\/span>\n                            <\/li>\n<li class=\"product-prop line-limit-length\"><span\n                                        class=\"property-title\">CN :&nbsp;<\/span><span\n                                        class=\"property-desc line-limit-length\">Guangdong<\/span>\n                            <\/li>\n<li class=\"product-prop line-limit-length\"><span\n                                        class=\"property-title\">Origine :&nbsp;<\/span><span\n                                        class=\"property-desc line-limit-length\">CN (Origine)<\/span>\n                            <\/li>\n<li class=\"product-prop line-limit-length\"><span\n                                        class=\"property-title\">Sexe :&nbsp;<\/span><span\n                                        class=\"property-desc line-limit-length\">MEN<\/span>\n                            <\/li>\n<li class=\"product-prop line-limit-length\"><span\n                                        class=\"property-title\">Couleur :&nbsp;<\/span><span\n                                        class=\"property-desc line-limit-length\">Black, White, Beige<\/span>\n                            <\/li>\n<li class=\"product-prop line-limit-length\"><span\n                                        class=\"property-title\">Taille :&nbsp;<\/span><span\n                                        class=\"property-desc line-limit-length\">S,M,L,XL,2XL,3XL<\/span>\n                            <\/li>\n<li class=\"product-prop line-limit-length\"><span\n                                        class=\"property-title\">Material for all:&nbsp;<\/span><span\n                                        class=\"property-desc line-limit-length\">Nylon80%, Spandex20%<\/span>\n                            <\/li>\n<li class=\"product-prop line-limit-length\"><span\n                                        class=\"property-title\">Fonctionnalit\u00e9 :&nbsp;<\/span><span\n                                        class=\"property-desc line-limit-length\">Helps with back support<\/span>\n                            <\/li>\n<li class=\"product-prop line-limit-length\"><span\n                                        class=\"property-title\">Men Shapers:&nbsp;<\/span><span\n                                        class=\"property-desc line-limit-length\">Slimming Vest<\/span>\n                            <\/li>\n<li class=\"product-prop line-limit-length\"><span\n                                        class=\"property-title\">Men Body Shaper:&nbsp;<\/span><span\n                                        class=\"property-desc line-limit-length\">Tank Top<\/span>\n                            <\/li>\n<li class=\"product-prop line-limit-length\"><span\n                                        class=\"property-title\">Effet :&nbsp;<\/span><span\n                                        class=\"property-desc line-limit-length\">Give great support to your chest<\/span>\n                            <\/li>\n<li class=\"product-prop line-limit-length\"><span\n                                        class=\"property-title\">Occasion :&nbsp;<\/span><span\n                                        class=\"property-desc line-limit-length\">Workout\/Every day\/Glamour\/Party\/Wedding\/Show<\/span>\n                            <\/li>\n<\/ul><\/div>\n<div class=\"detailmodule_html\">\n<div class=\"detail-desc-decorate-richtext\">\n<p><\/p>\n<\/p>\n<div>\n <br \/> \n<\/div>\n<div>\n <dada-widget:video id=\"1100125996623\" src=\"https:\/\/ae01.alicdn.com\/kf\/S8145637e31534efa806d011c4de2a64br.jpg\" type=\"custom\"><\/dada-widget:video>\n<\/div>\n<div>\n <br \/> \n<\/div>\n<div class=\"detailmodule_text\">\n<p style=\"font-family:OpenSans;font-size:20px;font-weight:900;line-height:28px;white-space:pre-wrap;color:rgb(0, 0, 0);margin-bottom:12px\" class=\"detail-desc-decorate-title\" id=\"tl_1\">Men Slimming Corset Vest(Build your good stature)<\/p>\n<\/div>\n<div class=\"detailmodule_image\">\n <img decoding=\"async\" class=\"detail-desc-decorate-image\" src=\"https:\/\/ae01.alicdn.com\/kf\/S3c7ea945f0e144e88e0c4a4992fdc551A.jpg\" slate-data-type=\"image\" \/>\n<\/div>\n<div class=\"detailmodule_image\">\n <img decoding=\"async\" class=\"detail-desc-decorate-image\" src=\"https:\/\/ae01.alicdn.com\/kf\/Sbe62fa000b86493690ce6d5f2258b74es.jpg\" slate-data-type=\"image\" \/>\n<\/div>\n<div class=\"detailmodule_text\">\n<p style=\"font-family:OpenSans;font-size:20px;font-weight:900;line-height:28px;white-space:pre-wrap;color:rgb(0, 0, 0);margin-bottom:12px\" class=\"detail-desc-decorate-title\" id=\"tl_2\">T-shirts and Vest for Men Shaper( Invisible underwear)<\/p>\n<\/div>\n<div class=\"detailmodule_image\">\n <img decoding=\"async\" class=\"detail-desc-decorate-image\" src=\"https:\/\/ae01.alicdn.com\/kf\/Sfc271ef7e1b14289824b2cf69d330c67W.jpg\" slate-data-type=\"image\" \/>\n<\/div>\n<div class=\"detailmodule_text\">\n<p style=\"font-family:OpenSans;font-size:20px;font-weight:900;line-height:28px;white-space:pre-wrap;color:rgb(0, 0, 0);margin-bottom:12px\" class=\"detail-desc-decorate-title\" id=\"tl_3\">Waist Size Chart(Please Check Your Right Size, 1&quot;inch-2.54cm)<\/p>\n<\/div>\n<div class=\"detailmodule_text\">\n<p style=\"font-family:OpenSans;font-size:14px;font-weight:300;line-height:20px;white-space:pre-wrap;color:rgb(0, 0, 0);margin-bottom:12px\" class=\"detail-desc-decorate-content\" id=\"tl_4\">Size (S): 27&quot;~30&quot;(inch) \/ 66cm~76cm<br \/>Size (M): 30&quot;~32&quot;(inch) \/ 76cm~86cm<br \/>Size (L): 32&quot;~35&quot;(inch) \/ 86cm~96cm<br \/>Size (XL): 35&quot;~38&quot;(inch) \/ 96cm~106cm<br \/>Size (2XL): 38~41&quot;(inch) \/ 106cm~116cm<br \/>Size (3XL): 41~44&quot;(inch) \/ 116cm~126cm<\/p>\n<\/div>\n<div class=\"detailmodule_image\">\n <img decoding=\"async\" style=\"margin-bottom:10px\" class=\"detail-desc-decorate-image\" src=\"https:\/\/ae01.alicdn.com\/kf\/Sf9dbe9effa85419f960f72c361f71bb5I.jpg\" slate-data-type=\"image\" \/>\n<\/div>\n<div class=\"detailmodule_text\">\n<p style=\"font-family:OpenSans;font-size:20px;font-weight:900;line-height:28px;white-space:pre-wrap;color:rgb(0, 0, 0);margin-bottom:12px\" class=\"detail-desc-decorate-title\" id=\"tl_5\">Features &amp; Specifications<\/p>\n<\/div>\n<div class=\"detailmodule_text\">\n<p style=\"font-family:OpenSans;font-size:14px;font-weight:300;line-height:20px;white-space:pre-wrap;color:rgb(0, 0, 0);margin-bottom:12px\" class=\"detail-desc-decorate-content\" id=\"tl_6\">Basic Information:<br \/>Material: Nylon80%+Polyester20% \/ Nylon80%+Spandex20%<br \/>Color: Black,White<br \/>Size: S,M,L,XL,2XL <br \/>Occasions: Perfect for workout, daily wear, home, sports, running, Gym<\/p>\n<p>Caract\u00e9ristiques :<\/p>\n<p>&#8211; COMFORTABLE FABRIC: High quality fabric for improving blood circulation and fat burning, wide shoulder straps &amp; low collar design make you more comfortable to wear and easy to exercise.<br \/>&#8211; COMPRESSION SHAPING: Strongly chest shaping to say goodbye to flabby fat. Special weave design on tummy enhances higher abdominal compression on the belly and reducing your belly size.<br \/>&#8211; LET&#8217;S RESHAPE YOUR FIGURE: Our tank top effectively helps to tighten your loose skin, flatten your chest and abdomen, reshape your curve of waist and tummy to get the perfect posture!<\/p>\n<\/div>\n<div class=\"detailmodule_image\">\n <img decoding=\"async\" class=\"detail-desc-decorate-image\" src=\"https:\/\/ae03.alicdn.com\/kf\/S169310800ba8467697f66948b3139a29j.jpg\" slate-data-type=\"image\" \/>\n<\/div>\n<div class=\"detailmodule_text\">\n<p style=\"font-family:OpenSans;font-size:20px;font-weight:900;line-height:28px;white-space:pre-wrap;color:rgb(0, 0, 0);margin-bottom:12px\" class=\"detail-desc-decorate-title\" id=\"tl_7\">LOOKS THINNER AND MUSCLED<\/p>\n<\/div>\n<div class=\"detailmodule_text\">\n<p style=\"font-family:OpenSans;font-size:14px;font-weight:300;line-height:20px;white-space:pre-wrap;color:rgb(0, 0, 0);margin-bottom:12px\" class=\"detail-desc-decorate-content\" id=\"tl_8\">Once put on our body shaper, you can get instant slimming results. It is specifically designed to hide Gynecomastia or &quot;man boobs&quot;, tighten &quot;beer belly&quot; , smooth out love handles and eliminate back fat. With this body shaper, you will have a slim figure and a smooth body silhouette.<\/p>\n<\/div>\n<div class=\"detailmodule_image\">\n <img decoding=\"async\" class=\"detail-desc-decorate-image\" src=\"https:\/\/ae01.alicdn.com\/kf\/S6c5ab5277b814c7e9ccf4898b16f1121t.jpg\" slate-data-type=\"image\" \/>\n<\/div>\n<div class=\"detailmodule_text\">\n<p style=\"font-family:OpenSans;font-size:20px;font-weight:900;line-height:28px;white-space:pre-wrap;color:rgb(0, 0, 0);margin-bottom:12px\" class=\"detail-desc-decorate-title\" id=\"tl_9\">HIGH QUALITY NYLON TO STAY SHAPE<\/p>\n<\/div>\n<div class=\"detailmodule_text\">\n<p style=\"font-family:OpenSans;font-size:14px;font-weight:300;line-height:20px;white-space:pre-wrap;color:rgb(0, 0, 0);margin-bottom:12px\" class=\"detail-desc-decorate-content\" id=\"tl_10\">This body shaper is constructed by high quality Nylon. Stretchy and lightweight fabric offers full range of movement. The seams are very sturdy, unbreakable even under strong pull and won&#8217;t lose its elasticity after use, which make it great for body shaping. body shaper for men, made of extremely breathable and sweat absorbing material, gives you lasting elegant sense and excellent comfort.<\/p>\n<\/div>\n<div class=\"detailmodule_image\">\n <img decoding=\"async\" class=\"detail-desc-decorate-image\" src=\"https:\/\/ae01.alicdn.com\/kf\/S2dfee9d833dc4236a415bc2324c1ee99e.jpg\" slate-data-type=\"image\" \/>\n<\/div>\n<div class=\"detailmodule_text\">\n<p style=\"font-family:OpenSans;font-size:20px;font-weight:900;line-height:28px;white-space:pre-wrap;color:rgb(0, 0, 0);margin-bottom:12px\" class=\"detail-desc-decorate-title\" id=\"tl_11\">&#8211; BACK SUPPORT: \u201cX shape\u201d<\/p>\n<\/div>\n<div class=\"detailmodule_text\">\n<p style=\"font-family:OpenSans;font-size:14px;font-weight:300;line-height:20px;white-space:pre-wrap;color:rgb(0, 0, 0);margin-bottom:12px\" class=\"detail-desc-decorate-content\" id=\"tl_12\">&#8211; BACK SUPPORT: \u201cX shape\u201d back design provides stronger lumbar support, making you stand taller, look more confident and correct posture.<\/p>\n<\/div>\n<div class=\"detailmodule_image\">\n <img decoding=\"async\" class=\"detail-desc-decorate-image\" src=\"https:\/\/ae01.alicdn.com\/kf\/S972101581a4047ebb7b6640d6455cb405.jpg\" slate-data-type=\"image\" \/>\n<\/div>\n<div class=\"detailmodule_text-image\">\n<p style=\"font-family:OpenSans;font-size:20px;font-weight:900;line-height:28px;white-space:pre-wrap;color:rgb(0, 0, 0);margin-bottom:12px\" class=\"detail-desc-decorate-title\" id=\"tl_13\">Showcase The Model and Product For Beige<\/p>\n<div>\n  <img decoding=\"async\" class=\"detail-desc-decorate-image\" src=\"https:\/\/ae01.alicdn.com\/kf\/Sbddf60fab6834092b47eb368a8d10cc5Y.jpg\" slate-data-type=\"image\" \/><br \/>\n  <img decoding=\"async\" class=\"detail-desc-decorate-image\" src=\"https:\/\/ae01.alicdn.com\/kf\/S9bcb23c734304771b36b139f9487fdb0Z.jpg\" slate-data-type=\"image\" \/>\n <\/div>\n<\/div>\n<div class=\"detailmodule_text\">\n<p style=\"font-family:OpenSans;font-size:20px;font-weight:900;line-height:28px;white-space:pre-wrap;color:rgb(0, 0, 0);margin-bottom:12px\" class=\"detail-desc-decorate-title\" id=\"tl_14\">Showcase The Model and Product For Black<\/p>\n<\/div>\n<div class=\"detailmodule_image\">\n <img decoding=\"async\" class=\"detail-desc-decorate-image\" src=\"https:\/\/ae01.alicdn.com\/kf\/S6be7661b84d24e578c2474e6a705b64aR.jpg\" slate-data-type=\"image\" \/><br \/>\n <img decoding=\"async\" class=\"detail-desc-decorate-image\" src=\"https:\/\/ae01.alicdn.com\/kf\/Sbe8fe648e50541cdb4897893eb67c0a5V.jpg\" slate-data-type=\"image\" \/>\n<\/div>\n<div class=\"detailmodule_text\">\n<p style=\"font-family:OpenSans;font-size:20px;font-weight:900;line-height:28px;white-space:pre-wrap;color:rgb(0, 0, 0);margin-bottom:12px\" class=\"detail-desc-decorate-title\" id=\"tl_15\">Showcase The Model and Product For Black<\/p>\n<\/div>\n<div class=\"detailmodule_image\">\n <img decoding=\"async\" class=\"detail-desc-decorate-image\" src=\"https:\/\/ae01.alicdn.com\/kf\/S12e90006fdbb46f59208bd3c216d7746L.jpg\" slate-data-type=\"image\" \/><br \/>\n <img decoding=\"async\" class=\"detail-desc-decorate-image\" src=\"https:\/\/ae01.alicdn.com\/kf\/Sad1f2f8ad281495c8059e9cfad8d763ei.jpg\" slate-data-type=\"image\" \/>\n<\/div>\n<div class=\"detailmodule_text-image\">\n<p style=\"font-family:OpenSans;font-size:20px;font-weight:900;line-height:28px;white-space:pre-wrap;color:rgb(0, 0, 0);margin-bottom:12px\" class=\"detail-desc-decorate-title\" id=\"tl_16\">Showcase The Model and Product For White short-sleeve<\/p>\n<div>\n  <img decoding=\"async\" style=\"margin-bottom:10px\" class=\"detail-desc-decorate-image\" src=\"https:\/\/ae01.alicdn.com\/kf\/S0a81f5ddd75443928d823ec2257438feU.jpg\" slate-data-type=\"image\" \/><br \/>\n  <img decoding=\"async\" style=\"margin-bottom:10px\" class=\"detail-desc-decorate-image\" src=\"https:\/\/ae01.alicdn.com\/kf\/S78586273b6a242f491b6ae0e32e29f5bO.jpg\" slate-data-type=\"image\" \/>\n <\/div>\n<\/div>\n<div class=\"detailmodule_text-image\">\n<p style=\"font-family:OpenSans;font-size:20px;font-weight:900;line-height:28px;white-space:pre-wrap;color:rgb(0, 0, 0);margin-bottom:12px\" class=\"detail-desc-decorate-title\" id=\"tl_17\">Showcase The Model and Product For Black short-sleeve<\/p>\n<div>\n  <img decoding=\"async\" style=\"margin-bottom:10px\" class=\"detail-desc-decorate-image\" src=\"https:\/\/ae01.alicdn.com\/kf\/Sa93fbe3cf9744d8e81dcf9dc54bcf8c2n.jpg\" slate-data-type=\"image\" \/><br \/>\n  <img decoding=\"async\" style=\"margin-bottom:10px\" class=\"detail-desc-decorate-image\" src=\"https:\/\/ae01.alicdn.com\/kf\/S377271dd60a14473af91313e3749a526w.jpg\" slate-data-type=\"image\" \/>\n <\/div>\n<\/div>\n<div class=\"detailmodule_text\">\n<p style=\"font-family:OpenSans;font-size:20px;font-weight:900;line-height:28px;white-space:pre-wrap;color:rgb(0, 0, 0);margin-bottom:12px\" class=\"detail-desc-decorate-title\" id=\"tl_18\">High quality nylon and spandex Elastic band<\/p>\n<\/div>\n<div class=\"detailmodule_text\">\n<p style=\"font-family:OpenSans;font-size:14px;font-weight:300;line-height:20px;white-space:pre-wrap;color:rgb(0, 0, 0);margin-bottom:12px\" class=\"detail-desc-decorate-content\" id=\"tl_19\">Made of high-end nylon and spandex, our seamless shirts for men is very sturdy, unbreakable even under strong pull<\/p>\n<\/div>\n<div class=\"detailmodule_image\">\n <img decoding=\"async\" class=\"detail-desc-decorate-image\" src=\"https:\/\/ae01.alicdn.com\/kf\/S9bff231bce1a4f149c74d6ced81b2b14m.jpg\" slate-data-type=\"image\" \/>\n<\/div>\n<div class=\"detailmodule_text\">\n<p style=\"font-family:OpenSans;font-size:20px;font-weight:900;line-height:28px;white-space:pre-wrap;color:rgb(0, 0, 0);margin-bottom:12px\" class=\"detail-desc-decorate-title\" id=\"tl_20\">Wide neckline<\/p>\n<\/div>\n<div class=\"detailmodule_text\">\n<p style=\"font-family:OpenSans;font-size:14px;font-weight:300;line-height:20px;white-space:pre-wrap;color:rgb(0, 0, 0);margin-bottom:12px\" class=\"detail-desc-decorate-content\" id=\"tl_21\">Can help you not feel the feeling of neck being strangled after walking or exercising<\/p>\n<\/div>\n<div class=\"detailmodule_image\">\n <img decoding=\"async\" class=\"detail-desc-decorate-image\" src=\"https:\/\/ae01.alicdn.com\/kf\/Sedd97a471fc1485990bf8004a4d9e64eq.jpg\" slate-data-type=\"image\" \/>\n<\/div>\n<div class=\"detailmodule_text\">\n<p style=\"font-family:OpenSans;font-size:20px;font-weight:900;line-height:28px;white-space:pre-wrap;color:rgb(0, 0, 0);margin-bottom:12px\" class=\"detail-desc-decorate-title\" id=\"tl_22\">It is soft and breathable for skin, keeping moisture wicking all day<\/p>\n<\/div>\n<div class=\"detailmodule_text\">\n<p style=\"font-family:OpenSans;font-size:14px;font-weight:300;line-height:20px;white-space:pre-wrap;color:rgb(0, 0, 0);margin-bottom:12px\" class=\"detail-desc-decorate-content\" id=\"tl_23\">\u26a1\ufe0fLight Weight Vest &#8212; This athletic top is made of top grade Nylon\/Spandex blend material. It is soft and breathable for skin, keeping moisture wicking all day. This top is super-strong elastic, can expedite blood circulation, absorb heat and release sweat while exercise, offering excellent comfort and full range of movement. It also keeps you warm in the cold winter and give you a slim look.<\/p>\n<\/div>\n<div class=\"detailmodule_image\">\n <img decoding=\"async\" class=\"detail-desc-decorate-image\" src=\"https:\/\/ae01.alicdn.com\/kf\/S7dbe41459446443198a445afe537151d8.jpg\" slate-data-type=\"image\" \/>\n<\/div>\n<div class=\"detailmodule_text\">\n<p style=\"font-family:OpenSans;font-size:20px;font-weight:900;line-height:28px;white-space:pre-wrap;color:rgb(0, 0, 0);margin-bottom:12px\" class=\"detail-desc-decorate-title\" id=\"tl_24\">Service<\/p>\n<\/div>\n<div class=\"detailmodule_text\">\n<p style=\"font-family:OpenSans;font-size:14px;font-weight:300;line-height:20px;white-space:pre-wrap;color:rgb(0, 0, 0);margin-bottom:12px\" class=\"detail-desc-decorate-content\" id=\"tl_25\">Feedback<\/p>\n<p>If you are not satisfied with our items,please contact us. We will do our best to service you in 24 hours .<\/p>\n<p>Shipping<br \/>Items will be shipped within 1 business day after the payment cleared.<\/p>\n<p>Return<br \/>If you feel disappointed with the item you received, please tell us within 7 day.<\/p>\n<p>Reseller<br \/>For reseller, we can offer DROP SHIPPING to your customer directly without any our store information.<\/p>\n<p>Service<br \/>Please email me through message if you have any questions, we will response you within 24 hours<br \/>Message will be reply within 24 hours ( weekend not included)<\/p>\n<p>1) What can I do when purchase protection time is running out?<\/p>\n<p>If your purchase protection time is running out, please contact us and we can help you to extend it. So your money will not go to our account.<\/p>\n<p>2) How to pay the money when place an order or problem about your card ?<\/p>\n<p>http:\/\/help.aliexpress.com\/payment_method.html<\/p>\n<p>Or Please contact the Buyers Online:<\/p>\n<p>https:\/\/helppage.aliexpress.com\/buyercenter\/index.htm <\/p>\n<p>3) What Size Should I Choose?<\/p>\n<p>Please choose according to the size chart.Or contact us for an idea.<\/p>\n<p>4) Wholesale and drop shipping are both welcomed.<\/p>\n<p>For wholesale, we will offer discount or free express shipping which only takes 3-7 days to arrive.<\/p>\n<p>For drop shipping , we could send the goods to your customers directly and won&#8217;t leave ad information about us if you&#8217;d like to.<\/p>\n<p>5) How can track my parcel?<\/p>\n<p>You can track your parcel on the following website using your tracking number:<\/p>\n<p>http:\/\/www.17track.net\/en<\/p>\n<p>http:\/\/global.cainiao.com\/detail.htm<\/p>\n<\/div>\n<div class=\"detailmodule_image\">\n <img decoding=\"async\" class=\"detail-desc-decorate-image\" src=\"https:\/\/ae01.alicdn.com\/kf\/H5dd9d66feb114f6ca8183a4dbca2dc35i.jpg\" slate-data-type=\"image\" \/><br \/>\n <img decoding=\"async\" class=\"detail-desc-decorate-image\" src=\"https:\/\/ae01.alicdn.com\/kf\/H5cf6ac562e8b4cb6b5e5f5d54f2e77943.jpg\" slate-data-type=\"image\" \/><br \/>\n <img decoding=\"async\" class=\"detail-desc-decorate-image\" src=\"https:\/\/ae01.alicdn.com\/kf\/Hb9c0a34e831a415fb7c6d633c7305282y.jpg\" slate-data-type=\"image\" \/>\n<\/div>\n<div>\n <br \/> \n<\/div>\n<p><\/p>\n<p><\/p>\n<\/div>\n<\/div>","protected":false},"excerpt":{"rendered":"<p>Chimique Hign-concern\u00e9:&nbsp;Aucun Artisanat du tissage:&nbsp;Tricoter Sexuellement Suggestive:&nbsp;Pas de Image D&#039;obsc\u00e8ne:&nbsp;Pas de Num\u00e9ro de Mod\u00e8le:&nbsp;Y9995 Mat\u00e9riau:&nbsp;Nylon,SPANDEX Nom de marque:&nbsp;miss moly Type<\/p>","protected":false},"featured_media":8612,"comment_status":"open","ping_status":"closed","template":"","meta":[],"product_brand":[],"product_cat":[15],"product_tag":[],"class_list":{"0":"post-8611","1":"product","2":"type-product","3":"status-publish","4":"has-post-thumbnail","6":"product_cat-uncategorized","8":"first","9":"instock","10":"shipping-taxable","11":"purchasable","12":"product-type-variable"},"jetpack_sharing_enabled":true,"_links":{"self":[{"href":"https:\/\/afrycom.com\/fr\/wp-json\/wp\/v2\/product\/8611","targetHints":{"allow":["GET"]}}],"collection":[{"href":"https:\/\/afrycom.com\/fr\/wp-json\/wp\/v2\/product"}],"about":[{"href":"https:\/\/afrycom.com\/fr\/wp-json\/wp\/v2\/types\/product"}],"replies":[{"embeddable":true,"href":"https:\/\/afrycom.com\/fr\/wp-json\/wp\/v2\/comments?post=8611"}],"wp:featuredmedia":[{"embeddable":true,"href":"https:\/\/afrycom.com\/fr\/wp-json\/wp\/v2\/media\/8612"}],"wp:attachment":[{"href":"https:\/\/afrycom.com\/fr\/wp-json\/wp\/v2\/media?parent=8611"}],"wp:term":[{"taxonomy":"product_brand","embeddable":true,"href":"https:\/\/afrycom.com\/fr\/wp-json\/wp\/v2\/product_brand?post=8611"},{"taxonomy":"product_cat","embeddable":true,"href":"https:\/\/afrycom.com\/fr\/wp-json\/wp\/v2\/product_cat?post=8611"},{"taxonomy":"product_tag","embeddable":true,"href":"https:\/\/afrycom.com\/fr\/wp-json\/wp\/v2\/product_tag?post=8611"}],"curies":[{"name":"wp","href":"https:\/\/api.w.org\/{rel}","templated":true}]}}