{"id":8593,"date":"2025-03-08T08:15:19","date_gmt":"2025-03-08T08:15:19","guid":{"rendered":"https:\/\/afrycom.com\/product\/correcteur-de-posture-pour-femmes-et-hommes-attelle-de-posture-depaule-reglable-redresseur-de-posture-du-dos-utilise-pour-la-colonne-vertebrale-superieure-du-milieu\/"},"modified":"2025-07-14T15:38:42","modified_gmt":"2025-07-14T15:38:42","slug":"correcteur-de-posture-reglable-pour-femme-et-homme-attelle-depaule-et-dos-redresse-dos-pour-colonne-vertebrale-haute-et-moyenne","status":"publish","type":"product","link":"https:\/\/afrycom.com\/fr\/produit\/correcteur-de-posture-reglable-pour-femme-et-homme-attelle-depaule-et-dos-redresse-dos-pour-colonne-vertebrale-haute-et-moyenne\/","title":{"rendered":"Correcteur de Posture R\u00e9glable pour Femme et Homme - Attelle d'\u00c9paule et Dos, Redresse-Dos pour Colonne Vert\u00e9brale Haute et Moyenne"},"content":{"rendered":"<p>&nbsp;<\/p>\n<div class=\"product-specs-list-container\">\n<ul class=\"product-specs-list util-clearfix\">\n<li class=\"product-prop line-limit-length\"><span class=\"property-title\">Chimique Hign-concern\u00e9 :\u00a0<\/span><span class=\"property-desc line-limit-length\">Aucun<\/span><\/li>\n<li class=\"product-prop line-limit-length\"><span class=\"property-title\">\u00c2ge :\u00a0<\/span><span class=\"property-desc line-limit-length\">Au-dessus de 13<\/span><\/li>\n<li class=\"product-prop line-limit-length\"><span class=\"property-title\">Num\u00e9ro de Mod\u00e8le :\u00a0<\/span><span class=\"property-desc line-limit-length\">Posture Corrector<\/span><\/li>\n<li class=\"product-prop line-limit-length\"><span class=\"property-title\">Mat\u00e9riau :\u00a0<\/span><span class=\"property-desc line-limit-length\">Nylon+SBR<\/span><\/li>\n<li class=\"product-prop line-limit-length\"><span class=\"property-title\">\u00c2ge :\u00a0<\/span><span class=\"property-desc line-limit-length\">Adulte<\/span><\/li>\n<li class=\"product-prop line-limit-length\"><span class=\"property-title\">Nom de marque :\u00a0<\/span><span class=\"property-desc line-limit-length\">AOFIT<\/span><\/li>\n<li class=\"product-prop line-limit-length\"><span class=\"property-title\">Origine :\u00a0<\/span><span class=\"property-desc line-limit-length\">CN (Origine)<\/span><\/li>\n<\/ul>\n<\/div>\n<div class=\"detailmodule_html\">\n<div class=\"detail-desc-decorate-richtext\">\n<p><span style=\"color: #f44e3b; font-size: 26px;\">Attention : notre produit peut \u00eatre ajust\u00e9 en taille, afin que vous puissiez acheter une taille plus adapt\u00e9e, nous vous sugg\u00e9rons de choisir une taille l\u00e9g\u00e8rement plus grande, qui peut avoir plus de place pour le r\u00e9glage.<\/span><\/p>\n<p>&nbsp;<\/p>\n<p><span style=\"font-size: 24px;\">Dimensionnez votre tour de taille (CM)<\/span><br \/>\n<span style=\"font-size: 24px;\">S 60-69 CM<\/span><br \/>\n<span style=\"font-size: 24px;\">M 65-74 CM<\/span><br \/>\n<span style=\"font-size: 24px;\">L 70-79 CM<\/span><br \/>\n<span style=\"font-size: 24px;\">XL 75-84 CM<\/span><br \/>\n<span style=\"font-size: 24px;\">XXL 80-89 CM<\/span><br \/>\n<span style=\"font-size: 24px;\">XXXL 85-94 CM<\/span><\/p>\n<p>&nbsp;<\/p>\n<\/div>\n<\/div>","protected":false},"excerpt":{"rendered":"<p>&nbsp; Chimique Hign-concern\u00e9:\u00a0Aucun \u00c2ge:\u00a0Au-dessus de 13 Num\u00e9ro de Mod\u00e8le:\u00a0Posture Corrector Mat\u00e9riau:\u00a0Nylon+SBR \u00c2ge:\u00a0Adult Nom de marque:\u00a0AOFIT Origine:\u00a0CN (Origine) Attention : notre<\/p>","protected":false},"featured_media":8594,"comment_status":"open","ping_status":"closed","template":"","meta":[],"product_brand":[],"product_cat":[4988,1451],"product_tag":[],"class_list":{"0":"post-8593","1":"product","2":"type-product","3":"status-publish","4":"has-post-thumbnail","6":"product_cat-sportswear-activewear","7":"product_cat-womens-section","9":"first","10":"instock","11":"shipping-taxable","12":"purchasable","13":"product-type-variable"},"jetpack_sharing_enabled":true,"_links":{"self":[{"href":"https:\/\/afrycom.com\/fr\/wp-json\/wp\/v2\/product\/8593","targetHints":{"allow":["GET"]}}],"collection":[{"href":"https:\/\/afrycom.com\/fr\/wp-json\/wp\/v2\/product"}],"about":[{"href":"https:\/\/afrycom.com\/fr\/wp-json\/wp\/v2\/types\/product"}],"replies":[{"embeddable":true,"href":"https:\/\/afrycom.com\/fr\/wp-json\/wp\/v2\/comments?post=8593"}],"wp:featuredmedia":[{"embeddable":true,"href":"https:\/\/afrycom.com\/fr\/wp-json\/wp\/v2\/media\/8594"}],"wp:attachment":[{"href":"https:\/\/afrycom.com\/fr\/wp-json\/wp\/v2\/media?parent=8593"}],"wp:term":[{"taxonomy":"product_brand","embeddable":true,"href":"https:\/\/afrycom.com\/fr\/wp-json\/wp\/v2\/product_brand?post=8593"},{"taxonomy":"product_cat","embeddable":true,"href":"https:\/\/afrycom.com\/fr\/wp-json\/wp\/v2\/product_cat?post=8593"},{"taxonomy":"product_tag","embeddable":true,"href":"https:\/\/afrycom.com\/fr\/wp-json\/wp\/v2\/product_tag?post=8593"}],"curies":[{"name":"wp","href":"https:\/\/api.w.org\/{rel}","templated":true}]}}