{"id":8543,"date":"2025-03-08T08:15:14","date_gmt":"2025-03-08T08:15:14","guid":{"rendered":"https:\/\/afrycom.com\/product\/hommes-corps-shaper-taille-formateur-gilet-minceur-chemise-sauna-sueur-gilet-compression-maillot-de-corps-shapewear-gros-bruleur-entrainement-debardeurs\/"},"modified":"2025-03-08T08:15:45","modified_gmt":"2025-03-08T08:15:45","slug":"hommes-corps-shaper-taille-formateur-gilet-minceur-chemise-sauna-sueur-gilet-compression-maillot-de-corps-shapewear-gros-bruleur-entrainement-debardeurs","status":"publish","type":"product","link":"https:\/\/afrycom.com\/fr\/produit\/hommes-corps-shaper-taille-formateur-gilet-minceur-chemise-sauna-sueur-gilet-compression-maillot-de-corps-shapewear-gros-bruleur-entrainement-debardeurs\/","title":{"rendered":"Hommes corps Shaper taille formateur gilet minceur chemise Sauna sueur gilet Compression maillot de corps Shapewear gros br\u00fbleur entra\u00eenement d\u00e9bardeurs"},"content":{"rendered":"<div class=\"product-specs-list-container\">\n<ul class=\"product-specs-list util-clearfix\">\n<li class=\"product-prop line-limit-length\"><span\n                                        class=\"property-title\">Chimique Hign-concern\u00e9 :&nbsp;<\/span><span\n                                        class=\"property-desc line-limit-length\">Aucun<\/span>\n                            <\/li>\n<li class=\"product-prop line-limit-length\"><span\n                                        class=\"property-title\">Artisanat du tissage :&nbsp;<\/span><span\n                                        class=\"property-desc line-limit-length\">Tricoter<\/span>\n                            <\/li>\n<li class=\"product-prop line-limit-length\"><span\n                                        class=\"property-title\">Sexuellement suggestif :&nbsp;<\/span><span\n                                        class=\"property-desc line-limit-length\">Pas de<\/span>\n                            <\/li>\n<li class=\"product-prop line-limit-length\"><span\n                                        class=\"property-title\">Image D'obsc\u00e8ne :&nbsp;<\/span><span\n                                        class=\"property-desc line-limit-length\">Pas de<\/span>\n                            <\/li>\n<li class=\"product-prop line-limit-length\"><span\n                                        class=\"property-title\">Num\u00e9ro de Mod\u00e8le :&nbsp;<\/span><span\n                                        class=\"property-desc line-limit-length\">Formeur d'hommes YW-0111<\/span>\n                            <\/li>\n<li class=\"product-prop line-limit-length\"><span\n                                        class=\"property-title\">Mat\u00e9riau :&nbsp;<\/span><span\n                                        class=\"property-desc line-limit-length\">POLYESTER, SPANDEX<\/span>\n                            <\/li>\n<li class=\"product-prop line-limit-length\"><span\n                                        class=\"property-title\">Nom de marque :&nbsp;<\/span><span\n                                        class=\"property-desc line-limit-length\">miss moly<\/span>\n                            <\/li>\n<li class=\"product-prop line-limit-length\"><span\n                                        class=\"property-title\">Type d'article :&nbsp;<\/span><span\n                                        class=\"property-desc line-limit-length\">Fa\u00e7onneurs<\/span>\n                            <\/li>\n<li class=\"product-prop line-limit-length\"><span\n                                        class=\"property-title\">CN :&nbsp;<\/span><span\n                                        class=\"property-desc line-limit-length\">Guangdong<\/span>\n                            <\/li>\n<li class=\"product-prop line-limit-length\"><span\n                                        class=\"property-title\">Origine :&nbsp;<\/span><span\n                                        class=\"property-desc line-limit-length\">CN (Origine)<\/span>\n                            <\/li>\n<li class=\"product-prop line-limit-length\"><span\n                                        class=\"property-title\">Sexe :&nbsp;<\/span><span\n                                        class=\"property-desc line-limit-length\">MEN<\/span>\n                            <\/li>\n<li class=\"product-prop line-limit-length\"><span\n                                        class=\"property-title\">Couleur :&nbsp;<\/span><span\n                                        class=\"property-desc line-limit-length\">Noir<\/span>\n                            <\/li>\n<li class=\"product-prop line-limit-length\"><span\n                                        class=\"property-title\">Taille :&nbsp;<\/span><span\n                                        class=\"property-desc line-limit-length\">S,M,L,XL,2XL,3XL<\/span>\n                            <\/li>\n<li class=\"product-prop line-limit-length\"><span\n                                        class=\"property-title\">Mat\u00e9riau :&nbsp;<\/span><span\n                                        class=\"property-desc line-limit-length\">Combinaison de sauna amincissante en n\u00e9opr\u00e8ne<\/span>\n                            <\/li>\n<li class=\"product-prop line-limit-length\"><span\n                                        class=\"property-title\">Fermeture :&nbsp;<\/span><span\n                                        class=\"property-desc line-limit-length\">V\u00eatements d'entra\u00eenement ajustables par fermeture \u00e0 glissi\u00e8re<\/span>\n                            <\/li>\n<li class=\"product-prop line-limit-length\"><span\n                                        class=\"property-title\">Occasion :&nbsp;<\/span><span\n                                        class=\"property-desc line-limit-length\">Gymnastique, sports, entra\u00eenement<\/span>\n                            <\/li>\n<li class=\"product-prop line-limit-length\"><span\n                                        class=\"property-title\">Fermetures \u00e0 glissi\u00e8re :&nbsp;<\/span><span\n                                        class=\"property-desc line-limit-length\">Crochets et boucles<\/span>\n                            <\/li>\n<\/ul><\/div>\n<div class=\"detailmodule_html\">\n<div class=\"detail-desc-decorate-richtext\">\n<div class=\"detailmodule_html\">\n<div class=\"detail-desc-decorate-richtext\">\n<div class=\"detailmodule_dynamic\"><kse:widget data-widget-type=\"customText\" id=\"34148877\" type=\"custom\"><\/kse:widget><\/div>\n<div class=\"detailmodule_text-image\"><img decoding=\"async\" style=\"margin-bottom:10px\" class=\"detail-desc-decorate-image\" src=\"https:\/\/ae01.alicdn.com\/kf\/H1ed70ea30e464629af25a6e5b10dd2141.jpg\" slate-data-type=\"image\"><img decoding=\"async\" style=\"margin-bottom:10px\" class=\"detail-desc-decorate-image\" src=\"https:\/\/ae01.alicdn.com\/kf\/H3507e61dc10d420e951ccf7ef05a141fO.jpg\" slate-data-type=\"image\"><img decoding=\"async\" style=\"margin-bottom:10px\" class=\"detail-desc-decorate-image\" src=\"https:\/\/ae01.alicdn.com\/kf\/Hf3d13a201664480bb6c07c09ad79ec4dT.jpg\" slate-data-type=\"image\"><\/div>\n<div class=\"detailmodule_text-image\">\n<p style=\"font-family:OpenSans;font-size:20px;font-weight:900;line-height:28px;white-space:pre-wrap;color:rgb(0, 0, 0);margin-bottom:12px\" class=\"detail-desc-decorate-title\">Informations sur la taille<\/p>\n<p>Tour de taille (1\u2033 pouce-2,54 cm)<br \/>Taille (S) : 28\u2033~32\u2033(pouces) \/ 72 cm~81 cm<br \/>Taille (M) : 32\u2033~34\u2033(pouces) \/ 81 cm~87,5 cm<br \/>Taille (L) : 34\u2033~37\u2033(pouces) \/ 87,5 cm ~ 94 cm<br \/>Taille (XL) : 37\u2033~39\u2033(pouces) \/ 94 cm~100 cm<br \/>Taille (2XL) : 39\u2033~42\u2033(pouces) \/ 100 cm~106,5 cm<br \/>Taille (3XL) : 42\u2033~45\u2033(pouces) \/ 106,5 cm ~ 114 cm<\/p>\n<div><img decoding=\"async\" style=\"margin-bottom:10px\" class=\"detail-desc-decorate-image\" src=\"https:\/\/ae01.alicdn.com\/kf\/H0f04893df1d24db7a93e9d2b0b405af1M.jpg\" slate-data-type=\"image\"><\/div>\n<\/div>\n<div class=\"detailmodule_text-image\">\n<p style=\"font-family:OpenSans;font-size:20px;font-weight:900;line-height:28px;white-space:pre-wrap;color:rgb(0, 0, 0);margin-bottom:12px\" class=\"detail-desc-decorate-title\">Caract\u00e9ristiques et sp\u00e9cifications<\/p>\n<p>Caract\u00e9ristique<\/p>\n<p>- Couleur : noir, gris - Mat\u00e9riau : polyester 95 % ;Spandex5 % - Taille : S, M, L, XL, 2XL, 3XL - Os : Non - SOUS-SHIRT L\u00c9GER - Fibre hautement \u00e9lastique qui garantit que la chemise de costume pour hommes ne blessera pas partiellement votre peau pendant la course, le jogging, la randonn\u00e9e, offrant un excellent confort et une amplitude de mouvement compl\u00e8te, extr\u00eamement respirante, absorbant la chaleur et lib\u00e9rant la transpiration.- Assistant \u00e0 la combustion des graisses : notre d\u00e9bardeur est sp\u00e9cialement con\u00e7u pour r\u00e9duire l'apparence de la gyn\u00e9comastie, cacher les \" seins d'homme \", mieux vaut le \" ventre de bi\u00e8re \".Respirant pour am\u00e9liorer la circulation sanguine et la combustion des graisses, et fa\u00e7onner fortement la poitrine pendant l'entra\u00eenement ou la salle de sport.- FORME DE CORPS CACH\u00c9 ET MINCE - Le polyester de haute qualit\u00e9 s'adaptera parfaitement \u00e0 votre corps, le design confortable mais pratique de notre maillot de corps amincissant pour hommes offre un effet amincissant imm\u00e9diat tout en le portant sous tous les types de v\u00eatements, tels que des chemises d'entra\u00eenement, des t-shirts..., Notre gilet shaper utilise un tissu qui emprisonne la chaleur pour augmenter la chaleur naturelle de votre corps et stimuler la transpiration avec tout type d'activit\u00e9 physique.Le port de Sweat Shaper pendant l'entra\u00eenement ou lors des activit\u00e9s quotidiennes, ou m\u00eame au travail, cr\u00e9e une exp\u00e9rience chaude semblable \u00e0 celle d'un sauna.- COMPRESSION ET INSTANTAN\u00c9EMENT LIM - Cette chemise de compression fonctionne bien pour mettre la peau l\u00e2che dans un endroit serr\u00e9 et ferme, ce qui vous aide \u00e0 vous d\u00e9barrasser des rouleaux graisseux ind\u00e9sirables, des grumeaux et des dessus de muffins sans causer d'inconfort, aplatissant votre poitrine et votre abdomen.- POSTURE ET SOUTIEN DOS - Body shaper serr\u00e9 pour hommes, compression abdominale thermique plus l\u00e9g\u00e8re et soutien lombaire pour aider \u00e0 la posture du dos et des abdominaux pendant que vous vous entra\u00eenez. Ainsi, vous aurez une posture plus ferme et un soutien dorsal plus \u00e9lev\u00e9.- OCCAT APPROPRI\u00c9E - Cette chemise musculaire de gymnastique pour hommes est id\u00e9ale pour la zumba, le yoga, la gym, le fitness, la course, le cyclisme et bien d'autres sports, br\u00fbler les graisses et perdre du poids et renforcer le corps, r\u00e9duire la taille de votre ventre et am\u00e9liorer la pression sur le ventre, aide vous avez une belle forme corporelle.<\/p>\n<p>Liste de colisage<\/p>\n<p>- 1 x gilet shaper pour homme<\/p>\n<div><img decoding=\"async\" style=\"margin-bottom:10px\" class=\"detail-desc-decorate-image\" src=\"https:\/\/ae01.alicdn.com\/kf\/H58e72b3c8467494a922e1572eb2774c1J.jpg\" slate-data-type=\"image\"><img decoding=\"async\" style=\"margin-bottom:10px\" class=\"detail-desc-decorate-image\" src=\"https:\/\/ae01.alicdn.com\/kf\/H9b11f5fcc322492daf59d393942dab91H.jpg\" slate-data-type=\"image\"><img decoding=\"async\" style=\"margin-bottom:10px\" class=\"detail-desc-decorate-image\" src=\"https:\/\/ae01.alicdn.com\/kf\/H5b32158d4ce949e8afa4f34462a81da3j.jpg\" slate-data-type=\"image\"><img decoding=\"async\" style=\"margin-bottom:10px\" class=\"detail-desc-decorate-image\" src=\"https:\/\/ae01.alicdn.com\/kf\/H3a7e4a8b2ce546418d48fcfb0ff2bf11w.jpg\" slate-data-type=\"image\"><img decoding=\"async\" style=\"margin-bottom:10px\" class=\"detail-desc-decorate-image\" src=\"https:\/\/ae01.alicdn.com\/kf\/H9513d1ec9b824e829acdb2bcd20eab2c5.jpg\" slate-data-type=\"image\"><\/div>\n<\/div>\n<div class=\"detailmodule_image\"><img decoding=\"async\" style=\"margin-bottom:10px\" class=\"detail-desc-decorate-image\" src=\"https:\/\/ae01.alicdn.com\/kf\/Hfaff42574bb84123b885184fcf2184b2x.jpg\" slate-data-type=\"image\"><img decoding=\"async\" style=\"margin-bottom:10px\" class=\"detail-desc-decorate-image\" src=\"https:\/\/ae01.alicdn.com\/kf\/Hb94c6c40b4ca4a4097cc8c4a25939f88c.jpg\" slate-data-type=\"image\"><img decoding=\"async\" style=\"margin-bottom:10px\" class=\"detail-desc-decorate-image\" src=\"https:\/\/ae01.alicdn.com\/kf\/H63d24a2e68dd4aa9aeb03e63634512e9E.jpg\" slate-data-type=\"image\"><img decoding=\"async\" style=\"margin-bottom:10px\" class=\"detail-desc-decorate-image\" src=\"https:\/\/ae01.alicdn.com\/kf\/Ha10ddddb5ba34e4ba9cf7b78923d9c9cD.jpg\" slate-data-type=\"image\"><img decoding=\"async\" style=\"margin-bottom:10px\" class=\"detail-desc-decorate-image\" src=\"https:\/\/ae01.alicdn.com\/kf\/H0ceb86bf5475403bbc5ea96884df02adK.jpg\" slate-data-type=\"image\"><\/div>\n<div class=\"detailmodule_text-image\">\n<p style=\"font-family:OpenSans;font-size:20px;font-weight:900;line-height:28px;white-space:pre-wrap;color:rgb(0, 0, 0);margin-bottom:12px\" class=\"detail-desc-decorate-title\">Pr\u00e9sentez le mod\u00e8le et le produit<\/p>\n<p style=\"font-family:OpenSans;font-size:14px;font-weight:300;line-height:20px;white-space:pre-wrap;color:rgb(0, 0, 0);margin-bottom:12px\" class=\"detail-desc-decorate-content\">D\u00e9crivez les informations de base du mod\u00e8le et la taille qu'il porte.<\/p>\n<div><img decoding=\"async\" style=\"margin-bottom:10px\" class=\"detail-desc-decorate-image\" src=\"https:\/\/ae01.alicdn.com\/kf\/Hbc8482d00aa64d518fa5a906102ae554G.jpg\" slate-data-type=\"image\"><img decoding=\"async\" style=\"margin-bottom:10px\" class=\"detail-desc-decorate-image\" src=\"https:\/\/ae01.alicdn.com\/kf\/Hfdd0e934fc5a40238a98211b07c167e89.jpg\" slate-data-type=\"image\"><img decoding=\"async\" style=\"margin-bottom:10px\" class=\"detail-desc-decorate-image\" src=\"https:\/\/ae01.alicdn.com\/kf\/H346dbb09cd5d49b5a8d78238d919524dB.jpg\" slate-data-type=\"image\"><img decoding=\"async\" style=\"margin-bottom:10px\" class=\"detail-desc-decorate-image\" src=\"https:\/\/ae01.alicdn.com\/kf\/Hb697ac9876db4b6f89aa64aae243bf142.jpg\" slate-data-type=\"image\"><img decoding=\"async\" style=\"margin-bottom:10px\" class=\"detail-desc-decorate-image\" src=\"https:\/\/ae01.alicdn.com\/kf\/H7011908f5b7344e782edd26161e26cdfW.jpg\" slate-data-type=\"image\"><\/div>\n<\/div>\n<div class=\"detailmodule_image\"><img decoding=\"async\" style=\"margin-bottom:10px\" class=\"detail-desc-decorate-image\" src=\"https:\/\/ae01.alicdn.com\/kf\/Hbdbb5bcf754d4ebd81c4f9a2f5a51a7bt.jpg\" slate-data-type=\"image\"><img decoding=\"async\" style=\"margin-bottom:10px\" class=\"detail-desc-decorate-image\" src=\"https:\/\/ae01.alicdn.com\/kf\/H9b3df2ba143d4ceaabcafe890a8e64612.jpg\" slate-data-type=\"image\"><img decoding=\"async\" style=\"margin-bottom:10px\" class=\"detail-desc-decorate-image\" src=\"https:\/\/ae01.alicdn.com\/kf\/H29e422013cb34d379af953d026906698v.jpg\" slate-data-type=\"image\"><img decoding=\"async\" style=\"margin-bottom:10px\" class=\"detail-desc-decorate-image\" src=\"https:\/\/ae01.alicdn.com\/kf\/Ha03514efd4e84cef85cbb15ee6b0e2cb2.jpg\" slate-data-type=\"image\"><\/div>\n<div class=\"detailmodule_image\"><img decoding=\"async\" class=\"detail-desc-decorate-image\" src=\"https:\/\/ae01.alicdn.com\/kf\/H13d02cd3de8a46e08c2c8d599014bb8e2.jpg\" slate-data-type=\"image\"><img decoding=\"async\" class=\"detail-desc-decorate-image\" src=\"https:\/\/ae01.alicdn.com\/kf\/Ha56f63d5e66b4baaaf1ffa60f04c297di.jpg\" slate-data-type=\"image\"><img decoding=\"async\" class=\"detail-desc-decorate-image\" src=\"https:\/\/ae01.alicdn.com\/kf\/H7cdb68590d5f4169ac750b40f747a59cr.jpg\" slate-data-type=\"image\"><img decoding=\"async\" class=\"detail-desc-decorate-image\" src=\"https:\/\/ae01.alicdn.com\/kf\/Hfea27bc10383439da991ee80c4ce3a90O.jpg\" slate-data-type=\"image\"><img decoding=\"async\" class=\"detail-desc-decorate-image\" src=\"https:\/\/ae01.alicdn.com\/kf\/H93055bff9022471a9d404602e1318b2d1.jpg\" slate-data-type=\"image\"><img decoding=\"async\" class=\"detail-desc-decorate-image\" src=\"https:\/\/ae01.alicdn.com\/kf\/Hffbe7355d4b343c1a9e5d865160ad0e21.jpg\" slate-data-type=\"image\"><img decoding=\"async\" class=\"detail-desc-decorate-image\" src=\"https:\/\/ae01.alicdn.com\/kf\/H197003b53aa148a08ab117104debbe92P.jpg\" slate-data-type=\"image\"><img decoding=\"async\" class=\"detail-desc-decorate-image\" src=\"https:\/\/ae01.alicdn.com\/kf\/H614d5d1fba2944dbb5e0e5170c28d5f36.jpg\" slate-data-type=\"image\"><\/div>\n<div class=\"detailmodule_text\">\n<p style=\"font-family:OpenSans;font-size:20px;font-weight:900;line-height:28px;white-space:pre-wrap;color:rgb(0, 0, 0);margin-bottom:12px\" class=\"detail-desc-decorate-title\">Instructions de lavage<\/p>\n<p style=\"font-family:OpenSans;font-size:14px;font-weight:300;line-height:20px;white-space:pre-wrap;color:rgb(0, 0, 0);margin-bottom:12px\" class=\"detail-desc-decorate-content\">Instructions de lavage d\u00e9taill\u00e9es. Par exemple, laver \u00e0 une temp\u00e9rature ne d\u00e9passant pas 30, ne pas utiliser d'eau de Javel, suspendre pour s\u00e9cher, ne pas repasser, ne pas nettoyer \u00e0 sec, etc.<\/p>\n<\/div>\n<div><\/div>\n<\/div>\n<\/div>\n<p><\/p>\n<\/div>\n<\/div>","protected":false},"excerpt":{"rendered":"<p>Chimique Hign-concern\u00e9:&nbsp;Aucun Artisanat du tissage:&nbsp;Tricoter Sexuellement Suggestive:&nbsp;Pas de Image D&#039;obsc\u00e8ne:&nbsp;Pas de Num\u00e9ro de Mod\u00e8le:&nbsp;Men Shaper YW-0111 Mat\u00e9riau:&nbsp;POLYESTER,SPANDEX Nom de marque:&nbsp;miss<\/p>","protected":false},"featured_media":8545,"comment_status":"open","ping_status":"closed","template":"","meta":[],"product_brand":[],"product_cat":[15],"product_tag":[],"class_list":{"0":"post-8543","1":"product","2":"type-product","3":"status-publish","4":"has-post-thumbnail","6":"product_cat-uncategorized","8":"first","9":"instock","10":"shipping-taxable","11":"purchasable","12":"product-type-variable"},"jetpack_sharing_enabled":true,"_links":{"self":[{"href":"https:\/\/afrycom.com\/fr\/wp-json\/wp\/v2\/product\/8543","targetHints":{"allow":["GET"]}}],"collection":[{"href":"https:\/\/afrycom.com\/fr\/wp-json\/wp\/v2\/product"}],"about":[{"href":"https:\/\/afrycom.com\/fr\/wp-json\/wp\/v2\/types\/product"}],"replies":[{"embeddable":true,"href":"https:\/\/afrycom.com\/fr\/wp-json\/wp\/v2\/comments?post=8543"}],"wp:featuredmedia":[{"embeddable":true,"href":"https:\/\/afrycom.com\/fr\/wp-json\/wp\/v2\/media\/8545"}],"wp:attachment":[{"href":"https:\/\/afrycom.com\/fr\/wp-json\/wp\/v2\/media?parent=8543"}],"wp:term":[{"taxonomy":"product_brand","embeddable":true,"href":"https:\/\/afrycom.com\/fr\/wp-json\/wp\/v2\/product_brand?post=8543"},{"taxonomy":"product_cat","embeddable":true,"href":"https:\/\/afrycom.com\/fr\/wp-json\/wp\/v2\/product_cat?post=8543"},{"taxonomy":"product_tag","embeddable":true,"href":"https:\/\/afrycom.com\/fr\/wp-json\/wp\/v2\/product_tag?post=8543"}],"curies":[{"name":"wp","href":"https:\/\/api.w.org\/{rel}","templated":true}]}}