{"id":8521,"date":"2025-03-08T08:15:08","date_gmt":"2025-03-08T08:15:08","guid":{"rendered":"https:\/\/afrycom.com\/product\/1-paire-allonger-fitness-genouillere-soutien-bretelles-bandage-elastique-nylon-sport-compression-genouilleres-pour-basket-ball-running-genoux-chaud\/"},"modified":"2026-02-02T07:28:50","modified_gmt":"2026-02-02T07:28:50","slug":"paire-allonger-fitness-genouillere-soutien-bretelles-bandage-elastique-nylon-sport-compression-genouilleres-pour-basket-ball-running-genoux-chaud","status":"publish","type":"product","link":"https:\/\/afrycom.com\/fr\/produit\/paire-allonger-fitness-genouillere-soutien-bretelles-bandage-elastique-nylon-sport-compression-genouilleres-pour-basket-ball-running-genoux-chaud\/","title":{"rendered":"Paire Allonger Fitness Genouill\u00e8re Soutien Bretelles Bandage \u00c9lastique Nylon Sport Compression Genouill\u00e8res pour Basket-ball Running Genoux Chaud"},"content":{"rendered":"<p>&nbsp;<\/p>\n<div class=\"product-specs-list-container\">\n<ul class=\"product-specs-list util-clearfix\">\n<li class=\"product-prop line-limit-length\"><span class=\"property-title\">Artisanat du tissage :\u00a0<\/span><span class=\"property-desc line-limit-length\">Tricoter<\/span><\/li>\n<li class=\"product-prop line-limit-length\"><span class=\"property-title\">Que ce soit avec un \u00e9quipement de protection dur :\u00a0<\/span><span class=\"property-desc line-limit-length\">Non<\/span><\/li>\n<li class=\"product-prop line-limit-length\"><span class=\"property-title\">Chimique Hign-concern\u00e9 :\u00a0<\/span><span class=\"property-desc line-limit-length\">Aucun<\/span><\/li>\n<li class=\"product-prop line-limit-length\"><span class=\"property-title\">\u00c2ge :\u00a0<\/span><span class=\"property-desc line-limit-length\">Au-dessus de 13<\/span><\/li>\n<li class=\"product-prop line-limit-length\"><span class=\"property-title\">Num\u00e9ro de Mod\u00e8le :\u00a0<\/span><span class=\"property-desc line-limit-length\">Genouill\u00e8res 60023<\/span><\/li>\n<li class=\"product-prop line-limit-length\"><span class=\"property-title\">Mat\u00e9riau :\u00a0<\/span><span class=\"property-desc line-limit-length\">Nylon\/Spandex\/Latex Soie<\/span><\/li>\n<li class=\"product-prop line-limit-length\"><span class=\"property-title\">\u00c2ge :\u00a0<\/span><span class=\"property-desc line-limit-length\">Adulte<\/span><\/li>\n<li class=\"product-prop line-limit-length\"><span class=\"property-title\">Origine :\u00a0<\/span><span class=\"property-desc line-limit-length\">CN (Origine)<\/span><\/li>\n<li class=\"product-prop line-limit-length\"><span class=\"property-title\">Cat\u00e9gories :\u00a0<\/span><span class=\"property-desc line-limit-length\">Genouill\u00e8res<\/span><\/li>\n<li class=\"product-prop line-limit-length\"><span class=\"property-title\">Lieu d'utilisation :\u00a0<\/span><span class=\"property-desc line-limit-length\">Gymnase, Fitness sportif en plein air<\/span><\/li>\n<li class=\"product-prop line-limit-length\"><span class=\"property-title\">Convient aux personnes :\u00a0<\/span><span class=\"property-desc line-limit-length\">Adultes, hommes, femmes, amateurs de fitness, amateurs de sport<\/span><\/li>\n<li class=\"product-prop line-limit-length\"><span class=\"property-title\">Accessoires de gymnastique 1 :\u00a0<\/span><span class=\"property-desc line-limit-length\">Attelle d'entra\u00eenement pour les jambes<\/span><\/li>\n<li class=\"product-prop line-limit-length\"><span class=\"property-title\">Accessoires de gymnastique 2 :\u00a0<\/span><span class=\"property-desc line-limit-length\">Protecteur pour l'halt\u00e9rophilie<\/span><\/li>\n<li class=\"product-prop line-limit-length\"><span class=\"property-title\">Accessoires de gymnastique 3 :\u00a0<\/span><span class=\"property-desc line-limit-length\">Appareils orthop\u00e9diques de fitness<\/span><\/li>\n<li class=\"product-prop line-limit-length\"><span class=\"property-title\">Accessoires pour les sports de balle 4 :\u00a0<\/span><span class=\"property-desc line-limit-length\">Attelle d'entra\u00eenement pour les jambes<\/span><\/li>\n<\/ul>\n<\/div>\n<div class=\"detailmodule_html\">\n<div class=\"detail-desc-decorate-richtext\">\n<div class=\"detailmodule_html\">\n<div class=\"detail-desc-decorate-richtext\">\n<div><\/div>\n<p style=\"text-align: left; margin: 0px;\" align=\"left\"><a class=\"\" href=\"http:\/\/tnlsportsstore.aliexpress.com\/store\/group\/Knee-Support\/1102853826_40000004196534.html?spm=a2g0o.store_pc_groupList.0.0.22be61cceekPOB\" target=\"_blank\" rel=\"noopener\"><img decoding=\"async\" style=\"display: initial;\" src=\"https:\/\/ae01.alicdn.com\/kf\/S4d45b86c688249cfb2c6e59320b8eee4B.jpg?width=750&amp;height=370&amp;hash=1120\" \/><\/a><\/p>\n<table style=\"border-collapse: collapse; border: 0.5pt solid #2b2b2b;\">\n<tbody>\n<tr>\n<td style=\"font-family: BlinkMacSystemFont; font-size: 14pt; text-align: center; background-color: #d4e9d6; border: 0.5pt solid #2b2b2b; width: 750px;\" align=\"center\">1 paire allonger les genouill\u00e8res de Fitness bandes \u00e9lastiques en Nylon Sport Compression genouill\u00e8res pour le basket-ball course genoux chaud<\/td>\n<\/tr>\n<tr>\n<td style=\"font-family: BlinkMacSystemFont; font-size: 14pt; color: #ffffff; background-color: #1c7231; border: 0.5pt solid #2b2b2b; width: 750px;\">Pr\u00e9sentation du produit<\/td>\n<\/tr>\n<tr>\n<td style=\"font-family: 'Times New Roman'; font-size: 11pt; border: 0.5pt solid #2b2b2b; width: 750px;\">\u2705Nom : genouill\u00e8res\/support de genou\/supports de genou.<\/td>\n<\/tr>\n<tr>\n<td style=\"font-family: 'Times New Roman'; font-size: 11pt; border: 0.5pt solid #2b2b2b; width: 750px;\">\u2705Taille : M\/L\/XL<\/td>\n<\/tr>\n<tr>\n<td style=\"font-family: 'Times New Roman'; font-size: 11pt; border: 0.5pt solid #2b2b2b; width: 750px;\">\u2705Mat\u00e9riau : nylon, \u00e9lasthanne, soie latex.<\/td>\n<\/tr>\n<tr>\n<td style=\"font-family: 'Times New Roman'; font-size: 11pt; border: 0.5pt solid #2b2b2b; width: 750px;\">\u2705Couleur :<span style=\"background-color: #000000;\"><span style=\"color: #ffffff;\">Noir<\/span><\/span><span style=\"color: #ffffff;\"><span style=\"background-color: #d35400;\">Orange<\/span><\/span><span style=\"background-color: #006600;\"><span style=\"color: #ffffff;\">Vert<\/span><\/span>disponible<\/td>\n<\/tr>\n<tr>\n<td style=\"font-family: 'Times New Roman'; font-size: 11pt; border: 0.5pt solid #2b2b2b; width: 750px;\">\u2705Personnes appropri\u00e9es : adultes, hommes, femmes, amateurs de fitness.<\/td>\n<\/tr>\n<tr>\n<td style=\"font-family: 'Times New Roman'; font-size: 11pt; border: 0.5pt solid #2b2b2b; width: 750px;\">\u2705Num\u00e9ro de mod\u00e8le.. : 60023<\/td>\n<\/tr>\n<tr>\n<td style=\"font-family: BlinkMacSystemFont; font-size: 14pt; color: #ffffff; background-color: #1c7231; border: 0.5pt solid #2b2b2b; width: 750px;\">Emballage inclus :<\/td>\n<\/tr>\n<tr>\n<td style=\"border: 0.5pt solid #2b2b2b; width: 750px;\">Genouill\u00e8re<span style=\"color: #222222; font-size: 12pt; font-family: 'Times New Roman', 'PingFang SC', Helvetica, Tahoma, 'Hiragino Sans GB', 'Microsoft YaHei', SimSun, Heiti, sans-serif;\">X 2<\/span><span style=\"color: #ff0000; font-size: 12pt; font-family: FZDaHei-B02S, 'PingFang SC', Helvetica, Tahoma, 'Hiragino Sans GB', 'Microsoft YaHei', SimSun, Heiti, sans-serif;\">(1 paire)<\/span><\/td>\n<\/tr>\n<tr>\n<td style=\"font-family: FZDaHei-B02S; font-size: 14pt; color: #ff0000; background-color: #1c7231; border: 0.5pt solid #2b2b2b; width: 750px;\">Remarques :<\/td>\n<\/tr>\n<tr>\n<td style=\"border: 0.5pt solid #2b2b2b; width: 750px;\">En raison de la diff\u00e9rence entre les diff\u00e9rents moniteurs, les images peuvent ne pas refl\u00e9ter la couleur r\u00e9elle de l'article.<br \/>\nComparez les tailles de d\u00e9tail avec les v\u00f4tres, veuillez permettre une erreur de 1 \u00e0 3 cm en raison de la mesure manuelle.<br \/>\nVeuillez laisser un message avant de donner un mauvais commentaire, si les produits ont des probl\u00e8mes.<br \/>\nMerci pour votre compr\u00e9hension.<\/td>\n<\/tr>\n<\/tbody>\n<\/table>\n<div><\/div>\n<\/div>\n<\/div>\n<p>&nbsp;<\/p>\n<\/div>\n<\/div>","protected":false},"excerpt":{"rendered":"<p>&nbsp; Artisanat du tissage:\u00a0Tricoter Que ce soit avec un \u00e9quipement de protection dur:\u00a0Non Chimique Hign-concern\u00e9:\u00a0Aucun \u00c2ge:\u00a0Au-dessus de 13 Num\u00e9ro de<\/p>","protected":false},"featured_media":8523,"comment_status":"open","ping_status":"closed","template":"","meta":[],"product_brand":[],"product_cat":[84],"product_tag":[],"class_list":{"0":"post-8521","1":"product","2":"type-product","3":"status-publish","4":"has-post-thumbnail","6":"product_cat-sports-outdoors","8":"first","9":"instock","10":"shipping-taxable","11":"purchasable","12":"product-type-variable"},"jetpack_sharing_enabled":true,"_links":{"self":[{"href":"https:\/\/afrycom.com\/fr\/wp-json\/wp\/v2\/product\/8521","targetHints":{"allow":["GET"]}}],"collection":[{"href":"https:\/\/afrycom.com\/fr\/wp-json\/wp\/v2\/product"}],"about":[{"href":"https:\/\/afrycom.com\/fr\/wp-json\/wp\/v2\/types\/product"}],"replies":[{"embeddable":true,"href":"https:\/\/afrycom.com\/fr\/wp-json\/wp\/v2\/comments?post=8521"}],"wp:featuredmedia":[{"embeddable":true,"href":"https:\/\/afrycom.com\/fr\/wp-json\/wp\/v2\/media\/8523"}],"wp:attachment":[{"href":"https:\/\/afrycom.com\/fr\/wp-json\/wp\/v2\/media?parent=8521"}],"wp:term":[{"taxonomy":"product_brand","embeddable":true,"href":"https:\/\/afrycom.com\/fr\/wp-json\/wp\/v2\/product_brand?post=8521"},{"taxonomy":"product_cat","embeddable":true,"href":"https:\/\/afrycom.com\/fr\/wp-json\/wp\/v2\/product_cat?post=8521"},{"taxonomy":"product_tag","embeddable":true,"href":"https:\/\/afrycom.com\/fr\/wp-json\/wp\/v2\/product_tag?post=8521"}],"curies":[{"name":"wp","href":"https:\/\/api.w.org\/{rel}","templated":true}]}}