{"id":8498,"date":"2025-03-08T08:15:04","date_gmt":"2025-03-08T08:15:04","guid":{"rendered":"https:\/\/afrycom.com\/product\/1-pieces-manches-longues-de-compression-du-genou-arthrite-femmes-hommes-jambe-complete-genou-manches-rotule-stabilisateur-genouillere-menisque-dechirure\/"},"modified":"2025-08-16T13:49:37","modified_gmt":"2025-08-16T13:49:37","slug":"genouillere-compression-longue-soutien-rotulien-soulagement-arthrite-menisque-homme-femme","status":"publish","type":"product","link":"https:\/\/afrycom.com\/fr\/produit\/genouillere-compression-longue-soutien-rotulien-soulagement-arthrite-menisque-homme-femme\/","title":{"rendered":"Genouill\u00e8re de Compression Longue avec Soutien Rotulien - Soulagement Arthrite et M\u00e9nisque - Manchon Stabilisateur pour Homme et Femme - Id\u00e9al pour Sport, Douleur au Genou et R\u00e9cup\u00e9ration"},"content":{"rendered":"<p>&nbsp;<\/p>\n<div class=\"product-specs-list-container\">\n<ul class=\"product-specs-list util-clearfix\">\n<li class=\"product-prop line-limit-length\"><span class=\"property-title\">Artisanat du tissage :\u00a0<\/span><span class=\"property-desc line-limit-length\">Tricoter<\/span><\/li>\n<li class=\"product-prop line-limit-length\"><span class=\"property-title\">Que ce soit avec un \u00e9quipement de protection dur :\u00a0<\/span><span class=\"property-desc line-limit-length\">Non<\/span><\/li>\n<li class=\"product-prop line-limit-length\"><span class=\"property-title\">Chimique Hign-concern\u00e9 :\u00a0<\/span><span class=\"property-desc line-limit-length\">Aucun<\/span><\/li>\n<li class=\"product-prop line-limit-length\"><span class=\"property-title\">\u00c2ge :\u00a0<\/span><span class=\"property-desc line-limit-length\">Au-dessus de 13<\/span><\/li>\n<li class=\"product-prop line-limit-length\"><span class=\"property-title\">Mat\u00e9riau :\u00a0<\/span><span class=\"property-desc line-limit-length\">100 % en polyester<\/span><\/li>\n<li class=\"product-prop line-limit-length\"><span class=\"property-title\">\u00c2ge :\u00a0<\/span><span class=\"property-desc line-limit-length\">Universel<\/span><\/li>\n<li class=\"product-prop line-limit-length\"><span class=\"property-title\">Nom de marque :\u00a0<\/span><span class=\"property-desc line-limit-length\">UWWWMM<\/span><\/li>\n<li class=\"product-prop line-limit-length\"><span class=\"property-title\">Origine :\u00a0<\/span><span class=\"property-desc line-limit-length\">CN (Origine)<\/span><\/li>\n<li class=\"product-prop line-limit-length\"><span class=\"property-title\">genouill\u00e8re stabilisateur de rotule :\u00a0<\/span><span class=\"property-desc line-limit-length\">genouill\u00e8re longue<\/span><\/li>\n<li class=\"product-prop line-limit-length\"><span class=\"property-title\">manchon de compression long pour le genou :\u00a0<\/span><span class=\"property-desc line-limit-length\">manchon de compression de la jambe enti\u00e8re<\/span><\/li>\n<li class=\"product-prop line-limit-length\"><span class=\"property-title\">compression knee sleeve men :\u00a0<\/span><span class=\"property-desc line-limit-length\">manchon de compression de la cuisse<\/span><\/li>\n<li class=\"product-prop line-limit-length\"><span class=\"property-title\">manchon de genou arthriti :\u00a0<\/span><span class=\"property-desc line-limit-length\">manchon de compression genou-mollet<\/span><\/li>\n<li class=\"product-prop line-limit-length\"><span class=\"property-title\">d\u00e9chirure du m\u00e9nisque dans le manchon du genou :\u00a0<\/span><span class=\"property-desc line-limit-length\">douleur du manchon du genou<\/span><\/li>\n<li class=\"product-prop line-limit-length\"><span class=\"property-title\">manchon de compression du genou et du mollet :\u00a0<\/span><span class=\"property-desc line-limit-length\">genouill\u00e8re rotulienne<\/span><\/li>\n<li class=\"product-prop line-limit-length\"><span class=\"property-title\">genouill\u00e8re arthrite douleur :\u00a0<\/span><span class=\"property-desc line-limit-length\">genouill\u00e8re stabilisateur de rotule<\/span><\/li>\n<li class=\"product-prop line-limit-length\"><span class=\"property-title\">genouill\u00e8re avec stabilisateur lat\u00e9ral :\u00a0<\/span><span class=\"property-desc line-limit-length\">genouill\u00e8re de basket-ball<\/span><\/li>\n<\/ul>\n<\/div>\n<div class=\"detailmodule_html\">\n<div class=\"detail-desc-decorate-richtext\">\n<div class=\"detailmodule_html\">\n<div class=\"detail-desc-decorate-richtext\">\n<p><strong><span style=\"font-family: Arial,Helvetica,sans-serif;\"><img decoding=\"async\" src=\"https:\/\/ae01.alicdn.com\/kf\/S426f112bf578468c84fabe28aa0bffb31.jpg?width=1000&amp;height=1000&amp;hash=2000\" \/><img decoding=\"async\" src=\"https:\/\/ae01.alicdn.com\/kf\/S21f20fa989ef45fb9260238c1a504002Z.jpg?width=1000&amp;height=1000&amp;hash=2000\" \/><img decoding=\"async\" src=\"https:\/\/ae01.alicdn.com\/kf\/S7d746c353bef46f8b66e65bf3584705eS.jpg?width=1000&amp;height=1000&amp;hash=2000\" \/><img decoding=\"async\" src=\"https:\/\/ae01.alicdn.com\/kf\/Sd07fa9a2c68b4e6d8b5c83a7f6bfbe86t.jpg?width=1000&amp;height=1000&amp;hash=2000\" \/><br \/>\nPLUS DE CARACT\u00c9RISTIQUES QU'UN SOMMIQUE DE COMPRESSION :<\/span><\/strong><span style=\"font-family: Arial,Helvetica,sans-serif;\"><br \/>\nUn coussin de gel rotulien int\u00e9rieur et des stabilisateurs \u00e0 ressort m\u00e9talliques double face ajoutent une STABILIT\u00c9, un soutien complet et une compression \u00e0 la zone du genou pour une aide au soulagement de la douleur et une r\u00e9cup\u00e9ration des blessures.Ces fonctionnalit\u00e9s sp\u00e9ciales dispersent efficacement la pression, gardant votre genou au chaud et lubrifiant vos articulations.<\/span><span style=\"font-family: Arial,Helvetica,sans-serif;\"><br \/>\nSoutien complet des jambes : le manchon complet de qualit\u00e9 m\u00e9dicale offre un soulagement efficace des douleurs musculaires, des cuisses, des genoux, des mollets, des attelles tibiales, des crampes dans les jambes et plus encore.<\/span><span style=\"font-family: Arial,Helvetica,sans-serif;\"><br \/>\nMEILLEUR pour toute activit\u00e9 qui implique une grande quantit\u00e9 de stress sur les articulations comme le baseball, le basket-ball, la course \u00e0 pied, le volley-ball, le crossfit, le football, le golf, la gym, etc.<br \/>\n<img decoding=\"async\" src=\"https:\/\/ae01.alicdn.com\/kf\/S330a16e140ec400489d98097ea1dd8944.jpg?width=1000&amp;height=1567&amp;hash=2567\" \/><img decoding=\"async\" src=\"https:\/\/ae01.alicdn.com\/kf\/S35b8162dc87d4cd88b159c18d1ddec4c3.jpg?width=1000&amp;height=1537&amp;hash=2537\" \/><img decoding=\"async\" src=\"https:\/\/ae01.alicdn.com\/kf\/Sa4b95a9f19cd4b88bde0b0cb4df3e519y.jpg?width=1000&amp;height=1537&amp;hash=2537\" \/><\/span><\/p>\n<p><span style=\"font-family: Arial,Helvetica,sans-serif;\"><strong>Mat\u00e9riel :<\/strong>Tissu hautement \u00e9lastique, coussinets rotuliens en silicone + stabilisateurs lat\u00e9raux \u00e0 ressort m\u00e9tallique<\/span><span style=\"font-family: Arial,Helvetica,sans-serif;\"><br \/>\n<strong>Poids :<\/strong>203 g\/pi\u00e8ces<\/span><\/p>\n<p><strong><span style=\"font-family: Arial,Helvetica,sans-serif;\">Taille :<\/span><\/strong><span style=\"font-family: Arial,Helvetica,sans-serif;\"><br \/>\nS - Longueur : 50 cm\/19,68 pouces<\/span><span style=\"font-family: Arial,Helvetica,sans-serif;\"><br \/>\nCirconf\u00e9rence sup\u00e9rieure : 30-46 cm\/11,8-18,1 pouces<\/span><span style=\"font-family: Arial,Helvetica,sans-serif;\"><br \/>\nCirconf\u00e9rence inf\u00e9rieure : 22-38 cm\/8,6-14,9 pouces<\/span><span style=\"font-family: Arial,Helvetica,sans-serif;\"><br \/>\nPoids appropri\u00e9 : 40-50 KG<\/span><\/p>\n<p><span style=\"font-family: Arial,Helvetica,sans-serif;\">M - Longueur : 50 cm\/19,68 pouces<\/span><span style=\"font-family: Arial,Helvetica,sans-serif;\"><br \/>\nCirconf\u00e9rence sup\u00e9rieure : 32-48 cm\/12,6-18,9 pouces<\/span><span style=\"font-family: Arial,Helvetica,sans-serif;\"><br \/>\nCirconf\u00e9rence inf\u00e9rieure : 22-38 cm\/8,6-14,9 pouces<\/span><span style=\"font-family: Arial,Helvetica,sans-serif;\"><br \/>\nPoids appropri\u00e9 : 50-60 kg<\/span><\/p>\n<p><span style=\"font-family: Arial,Helvetica,sans-serif;\">L - Longueur : 50 cm\/19,68 pouces<\/span><span style=\"font-family: Arial,Helvetica,sans-serif;\"><br \/>\nCirconf\u00e9rence sup\u00e9rieure : 35-51 cm\/13,7-20 pouces<\/span><span style=\"font-family: Arial,Helvetica,sans-serif;\"><br \/>\nCirconf\u00e9rence inf\u00e9rieure : 23-39 cm\/9-15,3 pouces<\/span><span style=\"font-family: Arial,Helvetica,sans-serif;\"><br \/>\nPoids appropri\u00e9 : 60-67,5 kg.<\/span><\/p>\n<p><span style=\"font-family: Arial,Helvetica,sans-serif;\">XL - Longueur : 50 cm\/19,68 pouces<\/span><span style=\"font-family: Arial,Helvetica,sans-serif;\"><br \/>\nCirconf\u00e9rence sup\u00e9rieure : 38-54 cm\/14,9-21,2 pouces<\/span><span style=\"font-family: Arial,Helvetica,sans-serif;\"><br \/>\nCirconf\u00e9rence inf\u00e9rieure : 24-40 cm\/9,4-15,7 pouces<\/span><span style=\"font-family: Arial,Helvetica,sans-serif;\"><br \/>\nPoids appropri\u00e9 : 67,5-77,5 KG<\/span><\/p>\n<p><span style=\"font-family: Arial,Helvetica,sans-serif;\">XXL - Longueur : 50 cm\/19,68 pouces<\/span><span style=\"font-family: Arial,Helvetica,sans-serif;\"><br \/>\nCirconf\u00e9rence sup\u00e9rieure : 40-56 cm\/15,7-22 pouces<\/span><span style=\"font-family: Arial,Helvetica,sans-serif;\"><br \/>\nCirconf\u00e9rence inf\u00e9rieure : 24-40 cm\/9,4-15,7 pouces<\/span><span style=\"font-family: Arial,Helvetica,sans-serif;\"><br \/>\nPoids appropri\u00e9 : 77,5-90 KG<\/span><\/p>\n<p><strong><span style=\"font-family: Arial,Helvetica,sans-serif;\">Remarques : Veuillez permettre un \u00e9cart de mesure de 1 \u00e0 2 cm en raison de la mesure manuelle.<\/span><\/strong><\/p>\n<p><strong><span style=\"font-family: Arial,Helvetica,sans-serif;\">Le forfait comprend :<\/span><span style=\"font-family: Arial,Helvetica,sans-serif;\">1 pi\u00e8ce * genouill\u00e8res \u00e0 manches de jambe pour femmes et hommes<\/span><\/strong><\/p>\n<p>&nbsp;<\/p>\n<\/div>\n<\/div>\n<\/div>\n<\/div>","protected":false},"excerpt":{"rendered":"<p>&nbsp; Artisanat du tissage:\u00a0Tricoter Que ce soit avec un \u00e9quipement de protection dur:\u00a0Non Chimique Hign-concern\u00e9:\u00a0Aucun \u00c2ge:\u00a0Au-dessus de 13 Mat\u00e9riau:\u00a0100 %<\/p>","protected":false},"featured_media":8499,"comment_status":"open","ping_status":"closed","template":"","meta":[],"product_brand":[],"product_cat":[5747,84,5745],"product_tag":[],"class_list":{"0":"post-8498","1":"product","2":"type-product","3":"status-publish","4":"has-post-thumbnail","6":"product_cat-fitness-accessories","7":"product_cat-sports-outdoors","8":"product_cat-team-individual-sports","10":"first","11":"instock","12":"shipping-taxable","13":"purchasable","14":"product-type-variable"},"jetpack_sharing_enabled":true,"_links":{"self":[{"href":"https:\/\/afrycom.com\/fr\/wp-json\/wp\/v2\/product\/8498","targetHints":{"allow":["GET"]}}],"collection":[{"href":"https:\/\/afrycom.com\/fr\/wp-json\/wp\/v2\/product"}],"about":[{"href":"https:\/\/afrycom.com\/fr\/wp-json\/wp\/v2\/types\/product"}],"replies":[{"embeddable":true,"href":"https:\/\/afrycom.com\/fr\/wp-json\/wp\/v2\/comments?post=8498"}],"wp:featuredmedia":[{"embeddable":true,"href":"https:\/\/afrycom.com\/fr\/wp-json\/wp\/v2\/media\/8499"}],"wp:attachment":[{"href":"https:\/\/afrycom.com\/fr\/wp-json\/wp\/v2\/media?parent=8498"}],"wp:term":[{"taxonomy":"product_brand","embeddable":true,"href":"https:\/\/afrycom.com\/fr\/wp-json\/wp\/v2\/product_brand?post=8498"},{"taxonomy":"product_cat","embeddable":true,"href":"https:\/\/afrycom.com\/fr\/wp-json\/wp\/v2\/product_cat?post=8498"},{"taxonomy":"product_tag","embeddable":true,"href":"https:\/\/afrycom.com\/fr\/wp-json\/wp\/v2\/product_tag?post=8498"}],"curies":[{"name":"wp","href":"https:\/\/api.w.org\/{rel}","templated":true}]}}