{"id":8412,"date":"2025-03-08T08:14:54","date_gmt":"2025-03-08T08:14:54","guid":{"rendered":"https:\/\/afrycom.com\/product\/1-pieces-basket-ball-coudiere-nid-dabeille-mousse-coudiere-protecteur-manchon-elastique-bras-plus-chaud-pour-hommes-femmes-volley-ball-coudiere-soutien\/"},"modified":"2025-07-24T23:53:48","modified_gmt":"2025-07-24T23:53:48","slug":"1-pieces-basket-ball-coudiere-nid-dabeille-mousse-coudiere-protecteur-manchon-elastique-bras-plus-chaud-pour-hommes-femmes-volley-ball-coudiere-soutien","status":"publish","type":"product","link":"https:\/\/afrycom.com\/fr\/produit\/1-pieces-basket-ball-coudiere-nid-dabeille-mousse-coudiere-protecteur-manchon-elastique-bras-plus-chaud-pour-hommes-femmes-volley-ball-coudiere-soutien\/","title":{"rendered":"1 pi\u00e8ces basket-ball coudi\u00e8re nid d'abeille mousse coudi\u00e8re protecteur manchon \u00e9lastique bras plus chaud pour hommes femmes volley-ball coudi\u00e8re soutien"},"content":{"rendered":"<p>&nbsp;<\/p>\n<div class=\"product-specs-list-container\">\n<ul class=\"product-specs-list util-clearfix\">\n<li class=\"product-prop line-limit-length\"><span class=\"property-title\">\u00c2ge :\u00a0<\/span><span class=\"property-desc line-limit-length\">Au-dessus de 13<\/span><\/li>\n<li class=\"product-prop line-limit-length\"><span class=\"property-title\">Num\u00e9ro de Mod\u00e8le :\u00a0<\/span><span class=\"property-desc line-limit-length\">A0717<\/span><\/li>\n<li class=\"product-prop line-limit-length\"><span class=\"property-title\">Mat\u00e9riau :\u00a0<\/span><span class=\"property-desc line-limit-length\">Acrylique et Spandex<\/span><\/li>\n<li class=\"product-prop line-limit-length\"><span class=\"property-title\">\u00c2ge :\u00a0<\/span><span class=\"property-desc line-limit-length\">Adulte<\/span><\/li>\n<li class=\"product-prop line-limit-length\"><span class=\"property-title\">Nom de marque :\u00a0<\/span><span class=\"property-desc line-limit-length\">WEUPFLY<\/span><\/li>\n<li class=\"product-prop line-limit-length\"><span class=\"property-title\">Origine :\u00a0<\/span><span class=\"property-desc line-limit-length\">CN (Origine)<\/span><\/li>\n<li class=\"product-prop line-limit-length\"><span class=\"property-title\">manchon de bras :\u00a0<\/span><span class=\"property-desc line-limit-length\">manchon de coude<\/span><\/li>\n<li class=\"product-prop line-limit-length\"><span class=\"property-title\">manchon de football :\u00a0<\/span><span class=\"property-desc line-limit-length\">coudi\u00e8re<\/span><\/li>\n<li class=\"product-prop line-limit-length\"><span class=\"property-title\">manchon de volley-ball :\u00a0<\/span><span class=\"property-desc line-limit-length\">prot\u00e8ge-bras baseball<\/span><\/li>\n<li class=\"product-prop line-limit-length\"><span class=\"property-title\">coudi\u00e8res de compression :\u00a0<\/span><span class=\"property-desc line-limit-length\">jardin d'arc-en-ciel<\/span><\/li>\n<li class=\"product-prop line-limit-length\"><span class=\"property-title\">les coudi\u00e8res :\u00a0<\/span><span class=\"property-desc line-limit-length\">manches de basket-ball<\/span><\/li>\n<\/ul>\n<\/div>\n<div class=\"detailmodule_html\">\n<div class=\"detail-desc-decorate-richtext\">\n<div class=\"detailmodule_html\">\n<div class=\"detail-desc-decorate-richtext\">\n<div><span style=\"color: #d33115;\"><strong>Liste de colisage<\/strong><\/span><\/p>\n<p>1 pi\u00e8ce X support de coude de s\u00e9curit\u00e9 sportive en nid d'abeille (1 pi\u00e8ce, pas 1 paire)<\/p>\n<p><span style=\"color: #e74c3c;\">Sp\u00e9cifications<\/span><br \/>\nMat\u00e9riel : acrylique et \u00e9lasthanne<br \/>\nCostume pour : adulte<br \/>\nSc\u00e8ne applicable : fitness, basket-ball, volley-ball, cyclisme, course \u00e0 pied, etc.<br \/>\nVeuillez permettre un \u00e9cart de mesure de 1 \u00e0 2 cm en raison de la mesure manuelle<br \/>\nEn raison des diff\u00e9rents \u00e9crans et conditions d'\u00e9clairage, les couleurs peuvent \u00eatre l\u00e9g\u00e8rement diff\u00e9rentes des photos r\u00e9pertori\u00e9es.<\/p>\n<p><span style=\"color: #e74c3c;\">Caract\u00e9ristiques<\/span><br \/>\n1. Bande antid\u00e9rapante en silicone, int\u00e9rieure avec particules EVA, coutures fines de qualit\u00e9 durable<br \/>\n2. Mat\u00e9riau respirant hautement \u00e9lastique<br \/>\n3. Fermeture flexible, antid\u00e9rapante en silicone, la barre antid\u00e9rapante en silicone souple emp\u00eache le bras de glisser vers le bas pendant le mouvement.<br \/>\n4. Pressurisation concentr\u00e9e sur les zones de protection, soulage les arr\u00eats<br \/>\n5. Quatre broches six fils, sensation lisse, combinaison lisse \u00e0 quatre aiguilles et six fils, sensation lisse, r\u00e9duit l'inconfort de l'usure humaine<br \/>\n6. Tissu confortable, transpiration respirante, tissu Lycra adopt\u00e9, doux et confortable, dilue instantan\u00e9ment le sueur et l'humidit\u00e9.<\/div>\n<p style=\"text-align: left; margin: 0px;\" align=\"left\"><img decoding=\"async\" src=\"https:\/\/ae01.alicdn.com\/kf\/Se3c9034cdfe845c6a7bbb85fb5f42fc3m.jpg?width=1000&amp;height=1000&amp;hash=2000\" \/><img decoding=\"async\" src=\"https:\/\/ae01.alicdn.com\/kf\/S35b3da3707694d928c7d3101c814cc394.jpg?width=1000&amp;height=1000&amp;hash=2000\" \/><img decoding=\"async\" src=\"https:\/\/ae01.alicdn.com\/kf\/Sdc21b449fd824187b072f3ec68bfb3dfS.jpg?width=1000&amp;height=1000&amp;hash=2000\" \/><img decoding=\"async\" src=\"https:\/\/ae01.alicdn.com\/kf\/Sc92135fa6c6c4d2c9f4913f0ddd2b9bas.jpg?width=1000&amp;height=1000&amp;hash=2000\" \/><img decoding=\"async\" src=\"https:\/\/ae01.alicdn.com\/kf\/S8b1d3f2d17ea45ec92e161e63d18661dl.jpg?width=1000&amp;height=1000&amp;hash=2000\" \/><img decoding=\"async\" src=\"https:\/\/ae01.alicdn.com\/kf\/S472e5a1ce1b84e7e82f28232989f2b4e6.jpg?width=1000&amp;height=1000&amp;hash=2000\" \/><img decoding=\"async\" src=\"https:\/\/ae01.alicdn.com\/kf\/Sf8a53ae607584546b6df00fda49472a9K.jpg?width=1000&amp;height=1000&amp;hash=2000\" \/><img decoding=\"async\" src=\"https:\/\/ae01.alicdn.com\/kf\/S41e09f93b3ef48af80633041e41523a8S.jpg?width=1000&amp;height=1000&amp;hash=2000\" \/><img decoding=\"async\" src=\"https:\/\/ae01.alicdn.com\/kf\/S244304b84cb14bc088052d3a0621f673O.jpg?width=1000&amp;height=1000&amp;hash=2000\" \/><img decoding=\"async\" src=\"https:\/\/ae01.alicdn.com\/kf\/S25bfdcd0176c467d83b907cd3fcbbf4fz.jpg?width=1000&amp;height=1000&amp;hash=2000\" \/><img decoding=\"async\" src=\"https:\/\/ae01.alicdn.com\/kf\/S1b8bde0a644142058b43e3e06d5be480c.jpg?width=1000&amp;height=1000&amp;hash=2000\" \/><img decoding=\"async\" src=\"https:\/\/ae01.alicdn.com\/kf\/S33236d076d0c40ae840a31a01a3df3d8E.jpg?width=1000&amp;height=1000&amp;hash=2000\" \/><img decoding=\"async\" src=\"https:\/\/ae01.alicdn.com\/kf\/Se3d8da48b30041a583de66ef03f3aec9Z.jpg?width=1000&amp;height=1000&amp;hash=2000\" \/><img decoding=\"async\" src=\"https:\/\/ae01.alicdn.com\/kf\/S0eea49215e9544b7ba9a6bf9226085c6V.jpg?width=1000&amp;height=1000&amp;hash=2000\" \/><img decoding=\"async\" src=\"https:\/\/ae01.alicdn.com\/kf\/S51c6a8f49e684444af3a5cb251049a086.jpg?width=1000&amp;height=1000&amp;hash=2000\" \/><\/p>\n<\/div>\n<\/div>\n<p>&nbsp;<\/p>\n<\/div>\n<\/div>","protected":false},"excerpt":{"rendered":"<p>&nbsp; \u00c2ge:\u00a0Au-dessus de 13 Num\u00e9ro de Mod\u00e8le:\u00a0A0717 Mat\u00e9riau:\u00a0Acrylic and Spandex \u00c2ge:\u00a0Adult Nom de marque:\u00a0WEUPFLY Origine:\u00a0CN (Origine) arm sleeve:\u00a0elbow sleeve football<\/p>","protected":false},"featured_media":8413,"comment_status":"open","ping_status":"closed","template":"","meta":[],"product_brand":[],"product_cat":[5750,5751],"product_tag":[],"class_list":{"0":"post-8412","1":"product","2":"type-product","3":"status-publish","4":"has-post-thumbnail","6":"product_cat-basketball","7":"product_cat-volleyball","9":"first","10":"instock","11":"shipping-taxable","12":"purchasable","13":"product-type-variable"},"jetpack_sharing_enabled":true,"_links":{"self":[{"href":"https:\/\/afrycom.com\/fr\/wp-json\/wp\/v2\/product\/8412","targetHints":{"allow":["GET"]}}],"collection":[{"href":"https:\/\/afrycom.com\/fr\/wp-json\/wp\/v2\/product"}],"about":[{"href":"https:\/\/afrycom.com\/fr\/wp-json\/wp\/v2\/types\/product"}],"replies":[{"embeddable":true,"href":"https:\/\/afrycom.com\/fr\/wp-json\/wp\/v2\/comments?post=8412"}],"wp:featuredmedia":[{"embeddable":true,"href":"https:\/\/afrycom.com\/fr\/wp-json\/wp\/v2\/media\/8413"}],"wp:attachment":[{"href":"https:\/\/afrycom.com\/fr\/wp-json\/wp\/v2\/media?parent=8412"}],"wp:term":[{"taxonomy":"product_brand","embeddable":true,"href":"https:\/\/afrycom.com\/fr\/wp-json\/wp\/v2\/product_brand?post=8412"},{"taxonomy":"product_cat","embeddable":true,"href":"https:\/\/afrycom.com\/fr\/wp-json\/wp\/v2\/product_cat?post=8412"},{"taxonomy":"product_tag","embeddable":true,"href":"https:\/\/afrycom.com\/fr\/wp-json\/wp\/v2\/product_tag?post=8412"}],"curies":[{"name":"wp","href":"https:\/\/api.w.org\/{rel}","templated":true}]}}