{"id":8405,"date":"2025-03-08T08:14:50","date_gmt":"2025-03-08T08:14:50","guid":{"rendered":"https:\/\/afrycom.com\/product\/projecteur-de-galaxie-led-veilleuse-etoile-projecteur-astronaute-projecteur-galaxie-lumiere-pour-la-maison-decorative-chambre-enfants-enfants-cadeau\/"},"modified":"2025-03-08T08:15:24","modified_gmt":"2025-03-08T08:15:24","slug":"projecteur-de-galaxie-led-veilleuse-etoile-projecteur-astronaute-projecteur-galaxie-lumiere-pour-la-maison-decorative-chambre-enfants-enfants-cadeau","status":"publish","type":"product","link":"https:\/\/afrycom.com\/fr\/produit\/projecteur-de-galaxie-led-veilleuse-etoile-projecteur-astronaute-projecteur-galaxie-lumiere-pour-la-maison-decorative-chambre-enfants-enfants-cadeau\/","title":{"rendered":"Projecteur de galaxie Led veilleuse \u00e9toile projecteur astronaute projecteur galaxie lumi\u00e8re pour la maison d\u00e9corative chambre enfants enfants cadeau"},"content":{"rendered":"<div class=\"product-specs-list-container\">\n<ul class=\"product-specs-list util-clearfix\">\n<li class=\"product-prop line-limit-length\"><span\n                                        class=\"property-title\">Num\u00e9ro de Mod\u00e8le :&nbsp;<\/span><span\n                                        class=\"property-desc line-limit-length\">Astronaute de Gemini<\/span>\n                            <\/li>\n<li class=\"product-prop line-limit-length\"><span\n                                        class=\"property-title\">Utilisation :&nbsp;<\/span><span\n                                        class=\"property-desc line-limit-length\">VACANCES<\/span>\n                            <\/li>\n<li class=\"product-prop line-limit-length\"><span\n                                        class=\"property-title\">La tension :&nbsp;<\/span><span\n                                        class=\"property-desc line-limit-length\">5V<\/span>\n                            <\/li>\n<li class=\"product-prop line-limit-length\"><span\n                                        class=\"property-title\">Source de lumi\u00e8re :&nbsp;<\/span><span\n                                        class=\"property-desc line-limit-length\">Ampoules LED<\/span>\n                            <\/li>\n<li class=\"product-prop line-limit-length\"><span\n                                        class=\"property-title\">Ampoules Sont Incluses :&nbsp;<\/span><span\n                                        class=\"property-desc line-limit-length\">Pas de<\/span>\n                            <\/li>\n<li class=\"product-prop line-limit-length\"><span\n                                        class=\"property-title\">Mat\u00e9riel du corps :&nbsp;<\/span><span\n                                        class=\"property-desc line-limit-length\">ABS<\/span>\n                            <\/li>\n<li class=\"product-prop line-limit-length\"><span\n                                        class=\"property-title\">Certification :&nbsp;<\/span><span\n                                        class=\"property-desc line-limit-length\">ce<\/span>\n                            <\/li>\n<li class=\"product-prop line-limit-length\"><span\n                                        class=\"property-title\">Forme :&nbsp;<\/span><span\n                                        class=\"property-desc line-limit-length\">dessin anim\u00e9<\/span>\n                            <\/li>\n<li class=\"product-prop line-limit-length\"><span\n                                        class=\"property-title\">Type de Batterie :&nbsp;<\/span><span\n                                        class=\"property-desc line-limit-length\">AUCUN<\/span>\n                            <\/li>\n<li class=\"product-prop line-limit-length\"><span\n                                        class=\"property-title\">Production d'\u00e9lectricit\u00e9 :&nbsp;<\/span><span\n                                        class=\"property-desc line-limit-length\">INTERRUPTEUR<\/span>\n                            <\/li>\n<li class=\"product-prop line-limit-length\"><span\n                                        class=\"property-title\">Type :&nbsp;<\/span><span\n                                        class=\"property-desc line-limit-length\">Projecteur<\/span>\n                            <\/li>\n<li class=\"product-prop line-limit-length\"><span\n                                        class=\"property-title\">Origine :&nbsp;<\/span><span\n                                        class=\"property-desc line-limit-length\">CN (Origine)<\/span>\n                            <\/li>\n<li class=\"product-prop line-limit-length\"><span\n                                        class=\"property-title\">Puissance :&nbsp;<\/span><span\n                                        class=\"property-desc line-limit-length\">6-10W<\/span>\n                            <\/li>\n<li class=\"product-prop line-limit-length\"><span\n                                        class=\"property-title\">Type d'article :&nbsp;<\/span><span\n                                        class=\"property-desc line-limit-length\">Lumi\u00e8res de nuit<\/span>\n                            <\/li>\n<li class=\"product-prop line-limit-length\"><span\n                                        class=\"property-title\">Est Besoin de Piles :&nbsp;<\/span><span\n                                        class=\"property-desc line-limit-length\">Pas de<\/span>\n                            <\/li>\n<li class=\"product-prop line-limit-length\"><span\n                                        class=\"property-title\">Les piles sont incluses :&nbsp;<\/span><span\n                                        class=\"property-desc line-limit-length\">Pas de<\/span>\n                            <\/li>\n<li class=\"product-prop line-limit-length\"><span\n                                        class=\"property-title\">Nom de marque :&nbsp;<\/span><span\n                                        class=\"property-desc line-limit-length\">Himist<\/span>\n                            <\/li>\n<li class=\"product-prop line-limit-length\"><span\n                                        class=\"property-title\">Est dispositif intelligent :&nbsp;<\/span><span\n                                        class=\"property-desc line-limit-length\">non<\/span>\n                            <\/li>\n<li class=\"product-prop line-limit-length\"><span\n                                        class=\"property-title\">Source d'\u00e9nergie :&nbsp;<\/span><span\n                                        class=\"property-desc line-limit-length\">Dc<\/span>\n                            <\/li>\n<li class=\"product-prop line-limit-length\"><span\n                                        class=\"property-title\">Temp\u00e9rature de couleur (CCT) :&nbsp;<\/span><span\n                                        class=\"property-desc line-limit-length\">2700K (blanc chaud doux)<\/span>\n                            <\/li>\n<li class=\"product-prop line-limit-length\"><span\n                                        class=\"property-title\">Source de lumi\u00e8re :&nbsp;<\/span><span\n                                        class=\"property-desc line-limit-length\">LED<\/span>\n                            <\/li>\n<li class=\"product-prop line-limit-length\"><span\n                                        class=\"property-title\">Service de solutions d'\u00e9clairage :&nbsp;<\/span><span\n                                        class=\"property-desc line-limit-length\">Conception de l'\u00e9clairage du projet<\/span>\n                            <\/li>\n<li class=\"product-prop line-limit-length\"><span\n                                        class=\"property-title\">Application :&nbsp;<\/span><span\n                                        class=\"property-desc line-limit-length\">B\u00e9b\u00e9s et enfants, B\u00e9b\u00e9 Kids Rom ,D\u00e9coration de chambre, veilleuse apaisante pour b\u00e9b\u00e9<\/span>\n                            <\/li>\n<li class=\"product-prop line-limit-length\"><span\n                                        class=\"property-title\">Dimension du produit :&nbsp;<\/span><span\n                                        class=\"property-desc line-limit-length\">120*113*228 mm<\/span>\n                            <\/li>\n<li class=\"product-prop line-limit-length\"><span\n                                        class=\"property-title\">Taille du produit :&nbsp;<\/span><span\n                                        class=\"property-desc line-limit-length\">4.72*4.45*8.98 pouces<\/span>\n                            <\/li>\n<li class=\"product-prop line-limit-length\"><span\n                                        class=\"property-title\">Tension\/Courant nominal :&nbsp;<\/span><span\n                                        class=\"property-desc line-limit-length\">5V\/1A<\/span>\n                            <\/li>\n<li class=\"product-prop line-limit-length\"><span\n                                        class=\"property-title\">Couleur d'\u00e9mission :&nbsp;<\/span><span\n                                        class=\"property-desc line-limit-length\">Multicolore<\/span>\n                            <\/li>\n<\/ul><\/div>\n<div class=\"detailmodule_html\">\n<div class=\"detail-desc-decorate-richtext\">\n<div class=\"detailmodule_html\">\n<div class=\"detail-desc-decorate-richtext\">\n<div id=\"detail_decorate_root\">\n<div class=\"J_module\">\n<h3 class=\"magic-2\">Caract\u00e9ristiques<\/h3>\n<\/div>\n<div class=\"J_module\">\n<div class=\"detail-decorate-json-renderer-container\">\n<div class=\"magic-1\">\n<div class=\"magic-3\">\n<div class=\"magic-4\">\n<div class=\"magic-5\">\n<div><strong>Le plus r\u00e9cent projecteur d'astronaute de taille plus petite, le m\u00eame effet de projection<\/strong>: La n\u00e9buleuse color\u00e9e et impr\u00e9visible est disponible dans une vari\u00e9t\u00e9 de combinaisons de couleurs et est<br \/>d\u00e9cor\u00e9 de lumi\u00e8res \u00e9toiles clignotantes, qui peuvent \u00eatre commut\u00e9es par t\u00e9l\u00e9commande ou par des boutons.La galaxie \u00e9toil\u00e9e haute d\u00e9finition<br \/>est projet\u00e9 sur le mur et le plafond, vous donnant l'impression d'\u00eatre dans la vaste galaxie, cr\u00e9ant une atmosph\u00e8re romantique et<br \/>profiter de votre temps libre.<br \/> <strong>Deux m\u00e9thodes de contr\u00f4le<\/strong>: La lumi\u00e8re du ciel \u00e9toil\u00e9 dispose de deux m\u00e9thodes de contr\u00f4le : le bouton retour et la t\u00e9l\u00e9commande.Le bouton sur le<br \/>L'arri\u00e8re ne peut allumer que la lumi\u00e8re, changer le mode de la n\u00e9buleuse et du ciel \u00e9toil\u00e9 et appuyer longuement pour l'\u00e9teindre ; La t\u00e9l\u00e9commande peut<br \/>Ajustez la couleur, la luminosit\u00e9 et la fr\u00e9quence de clignotement de la n\u00e9buleuse et du ciel \u00e9toil\u00e9, ainsi que changez la machine et la synchronisation.<br \/>Offrez-vous l'exp\u00e9rience de t\u00e9l\u00e9commande la plus pratique.<br \/> <strong>Design innovant et apparence unique<\/strong>: Le design de l'apparence de l'astronaute est novateur et unique, faisant \u00e9cho au ciel \u00e9toil\u00e9 et<br \/>th\u00e8me de la galaxie, et vous emm\u00e8ne explorer le vaste ciel \u00e9toil\u00e9.La t\u00eate de l'astronaute, qui peut pivoter \u00e0 360\u00b0 ; avec magn\u00e9tique<br \/>attraction, permet de projeter la n\u00e9buleuse n'importe o\u00f9 sans restriction.De plus, la base lunaire de l'astronaute est<br \/>d\u00e9tachable, les bras peuvent \u00eatre d\u00e9plac\u00e9s et diverses poses peuvent \u00eatre prises, ce qui est \u00e9galement un bon ornement d\u00e9coratif.<br \/> <strong>Conception multifonction<\/strong>: La lumi\u00e8re \u00e9toile peut \u00eatre utilis\u00e9e comme veilleuses \u00e0 luminosit\u00e9 r\u00e9glable,<br \/>Lumi\u00e8res d'ambiance de chambre \u00e0 coucher, lumi\u00e8res de d\u00e9coration de table de canap\u00e9 de salon, lumi\u00e8res d'ambiance de voiture, lumi\u00e8res de d\u00e9coration de salle de jeux, petites<br \/>Lumi\u00e8res stroboscopiques de cin\u00e9ma maison, bureaux d'\u00e9tude et d\u00e9corations de bureau d'ordinateur.Vous pouvez utiliser le projecteur d'\u00e9toiles dans le b\u00e9b\u00e9<br \/>chambre\/chambre\/voiture\/tente\/salon\/petit home cin\u00e9ma\/No\u00ebl\/date de la Saint-Valentin\/salle de jeux\/salle d'\u00e9tude\/salle informatique, etc.<br \/> <strong>Excellente id\u00e9e cadeau pour les enfants et les adultes<\/strong>: En tant que parents, souhaitez-vous cr\u00e9er une belle nuit pour votre doux gar\u00e7on\/fille ? Comme un<br \/>fils\/fille, Voulez-vous que vos parents passent une nuit confortable et relaxante pour r\u00e9duire leur stress et leur fatigue?Tu veux<br \/>faites une surprise \u00e0 votre petite amie\/petit ami ? C'est un cadeau de vacances id\u00e9al pour vos proches, vos enfants, votre famille et vos amis.<\/div>\n<\/div>\n<\/div>\n<\/div>\n<\/div>\n<\/div>\n<\/div>\n<div class=\"J_module\">\n<div class=\"icbu-pc-images magic-7\"><\/div>\n<\/div>\n<div class=\"J_module\">\n<div class=\"icbu-pc-detailManyImage magic-10\">\n<div class=\"magic-11\"><img decoding=\"async\" class=\"magic-12\" src=\"https:\/\/ae01.alicdn.com\/kf\/S88df0b4a6e4d42438f0f68ef232e3376M.jpg\" slate-data-type=\"image\"><\/div>\n<div class=\"magic-11\"><img decoding=\"async\" class=\"magic-12\" src=\"https:\/\/ae01.alicdn.com\/kf\/Sae31dffee75148d79174ca16e1e5b64f4.jpg\" slate-data-type=\"image\"><img decoding=\"async\" class=\"magic-12\" src=\"https:\/\/csp.aliexpress.com\/apps\/product\/publish?spm=5261.ProductManageOnline.0.0.44922ddbrXF1HX&amp;productId=1005005614452130\" slate-data-type=\"image\"><\/div>\n<div class=\"magic-11\"><img decoding=\"async\" class=\"magic-12\" src=\"https:\/\/ae01.alicdn.com\/kf\/S8e6e8aaf39644ceebd1b483c341dfcc5m.jpg\" slate-data-type=\"image\"><img decoding=\"async\" class=\"magic-12\" src=\"https:\/\/csp.aliexpress.com\/apps\/product\/publish?spm=5261.ProductManageOnline.0.0.44922ddbrXF1HX&amp;productId=1005005614452130\" slate-data-type=\"image\"><\/div>\n<div class=\"magic-11\"><img decoding=\"async\" class=\"magic-12\" src=\"https:\/\/ae01.alicdn.com\/kf\/S932a6b81be714fc2b070606b15c09d71o.jpg\" slate-data-type=\"image\"><img decoding=\"async\" class=\"magic-12\" src=\"https:\/\/csp.aliexpress.com\/apps\/product\/publish?spm=5261.ProductManageOnline.0.0.44922ddbrXF1HX&amp;productId=1005005614452130\" slate-data-type=\"image\"><\/div>\n<div class=\"magic-11\"><img decoding=\"async\" class=\"magic-12\" src=\"https:\/\/ae01.alicdn.com\/kf\/S8fec19f75fe747dea83e8a73f27d4aeaZ.jpg\" slate-data-type=\"image\"><img decoding=\"async\" class=\"magic-12\" src=\"https:\/\/csp.aliexpress.com\/apps\/product\/publish?spm=5261.ProductManageOnline.0.0.44922ddbrXF1HX&amp;productId=1005005614452130\" slate-data-type=\"image\"><\/div>\n<div class=\"magic-11\"><img decoding=\"async\" class=\"magic-12\" src=\"https:\/\/ae01.alicdn.com\/kf\/S73e96a6711d24b838a33bc0274848b488.jpg\" slate-data-type=\"image\"><img decoding=\"async\" class=\"magic-12\" src=\"https:\/\/csp.aliexpress.com\/apps\/product\/publish?spm=5261.ProductManageOnline.0.0.44922ddbrXF1HX&amp;productId=1005005614452130\" slate-data-type=\"image\"><\/div>\n<div class=\"magic-11\"><img decoding=\"async\" class=\"magic-12\" src=\"https:\/\/ae01.alicdn.com\/kf\/S822f4f170c2d4a499ccd346654167a46G.jpg\" slate-data-type=\"image\"><img decoding=\"async\" class=\"magic-12\" src=\"https:\/\/csp.aliexpress.com\/apps\/product\/publish?spm=5261.ProductManageOnline.0.0.44922ddbrXF1HX&amp;productId=1005005614452130\" slate-data-type=\"image\"><\/div>\n<div class=\"magic-11\"><img decoding=\"async\" class=\"magic-12\" src=\"https:\/\/ae01.alicdn.com\/kf\/S8fd566a92e004c5dbd11535d724b36486.jpg\" slate-data-type=\"image\"><img decoding=\"async\" class=\"magic-12\" src=\"https:\/\/csp.aliexpress.com\/apps\/product\/publish?spm=5261.ProductManageOnline.0.0.44922ddbrXF1HX&amp;productId=1005005614452130\" slate-data-type=\"image\"><\/div>\n<div class=\"magic-11\"><img decoding=\"async\" class=\"magic-12\" src=\"https:\/\/ae01.alicdn.com\/kf\/S4df2cf1daf304a1eb3c45ba90efcbcacG.jpg\" slate-data-type=\"image\"><img decoding=\"async\" class=\"magic-12\" src=\"https:\/\/csp.aliexpress.com\/apps\/product\/publish?spm=5261.ProductManageOnline.0.0.44922ddbrXF1HX&amp;productId=1005005614452130\" slate-data-type=\"image\"><\/div>\n<div class=\"magic-11\"><img decoding=\"async\" class=\"magic-12\" src=\"https:\/\/ae01.alicdn.com\/kf\/Sba245e0b93b84528863d2e5dc20dc4f2H.jpg\" slate-data-type=\"image\"><img decoding=\"async\" class=\"magic-12\" src=\"https:\/\/csp.aliexpress.com\/apps\/product\/publish?spm=5261.ProductManageOnline.0.0.44922ddbrXF1HX&amp;productId=1005005614452130\" slate-data-type=\"image\"><\/div>\n<\/div>\n<\/div>\n<div class=\"J_module\">\n<div class=\"icbu-pc-images magic-7\">\n<div>&nbsp;<\/div>\n<\/div>\n<\/div>\n<div class=\"J_module\">\n<div id=\"ali-anchor-AliMagic-acks7n\" class=\"magic-0\"><\/div>\n<\/div>\n<div class=\"J_module\">\n<div class=\"detail-decorate-json-renderer-container\">\n<div class=\"magic-1\">\n<div class=\"magic-3\">\n<div class=\"magic-4\">\n<div class=\"magic-5\">\n<div><\/div>\n<\/div>\n<\/div>\n<\/div>\n<\/div>\n<\/div>\n<\/div>\n<div class=\"J_module\">\n<div id=\"ali-anchor-AliMagic-jcd96i\" class=\"magic-0\">\n<\/div>\n<\/div>\n<\/div>\n<\/div>\n<\/div>\n<p><\/p>\n<\/div>\n<\/div>","protected":false},"excerpt":{"rendered":"<p>Num\u00e9ro de Mod\u00e8le:&nbsp;Gemini Astronaut Usage:&nbsp;HOLIDAY Tension:&nbsp;5V Source de lumi\u00e8re:&nbsp;Ampoules LED Ampoules Sont Incluses:&nbsp;Pas de Mat\u00e9riel du corps:&nbsp;ABS Certification:&nbsp;ce Forme:&nbsp;cartoon Type<\/p>","protected":false},"featured_media":8406,"comment_status":"open","ping_status":"closed","template":"","meta":[],"product_brand":[],"product_cat":[15],"product_tag":[],"class_list":{"0":"post-8405","1":"product","2":"type-product","3":"status-publish","4":"has-post-thumbnail","6":"product_cat-uncategorized","8":"first","9":"instock","10":"shipping-taxable","11":"purchasable","12":"product-type-variable"},"jetpack_sharing_enabled":true,"_links":{"self":[{"href":"https:\/\/afrycom.com\/fr\/wp-json\/wp\/v2\/product\/8405","targetHints":{"allow":["GET"]}}],"collection":[{"href":"https:\/\/afrycom.com\/fr\/wp-json\/wp\/v2\/product"}],"about":[{"href":"https:\/\/afrycom.com\/fr\/wp-json\/wp\/v2\/types\/product"}],"replies":[{"embeddable":true,"href":"https:\/\/afrycom.com\/fr\/wp-json\/wp\/v2\/comments?post=8405"}],"wp:featuredmedia":[{"embeddable":true,"href":"https:\/\/afrycom.com\/fr\/wp-json\/wp\/v2\/media\/8406"}],"wp:attachment":[{"href":"https:\/\/afrycom.com\/fr\/wp-json\/wp\/v2\/media?parent=8405"}],"wp:term":[{"taxonomy":"product_brand","embeddable":true,"href":"https:\/\/afrycom.com\/fr\/wp-json\/wp\/v2\/product_brand?post=8405"},{"taxonomy":"product_cat","embeddable":true,"href":"https:\/\/afrycom.com\/fr\/wp-json\/wp\/v2\/product_cat?post=8405"},{"taxonomy":"product_tag","embeddable":true,"href":"https:\/\/afrycom.com\/fr\/wp-json\/wp\/v2\/product_tag?post=8405"}],"curies":[{"name":"wp","href":"https:\/\/api.w.org\/{rel}","templated":true}]}}