{"id":8390,"date":"2025-03-08T08:14:42","date_gmt":"2025-03-08T08:14:42","guid":{"rendered":"https:\/\/afrycom.com\/product\/salange-hm400-pro-mini-projecteur-android-11-bluetooth-5-0-exterieur-wifi-portable-1280720p-4-points-keystone-hdmi-compatible\/"},"modified":"2025-03-08T08:15:24","modified_gmt":"2025-03-08T08:15:24","slug":"salange-hm400-pro-mini-projecteur-android-11-bluetooth-5-0-exterieur-wifi-portable-1280720p-4-points-keystone-hdmi-compatible","status":"publish","type":"product","link":"https:\/\/afrycom.com\/fr\/produit\/salange-hm400-pro-mini-projecteur-android-11-bluetooth-5-0-exterieur-wifi-portable-1280720p-4-points-keystone-hdmi-compatible\/","title":{"rendered":"Salange HM400 Pro Mini projecteur Android 11 Bluetooth 5.0 ext\u00e9rieur Wifi Portable 1280*720P 4 points Keystone Compatible HDMI"},"content":{"rendered":"<div class=\"product-specs-list-container\">\n<ul class=\"product-specs-list util-clearfix\">\n<li class=\"product-prop line-limit-length\"><span\n                                        class=\"property-title\">Chimique Hign-concern\u00e9 :&nbsp;<\/span><span\n                                        class=\"property-desc line-limit-length\">Aucun<\/span>\n                            <\/li>\n<li class=\"product-prop line-limit-length\"><span\n                                        class=\"property-title\">Entr\u00e9e\/sortie:&nbsp;<\/span><span\n                                        class=\"property-desc line-limit-length\">\u00c9couteur 3.5mm,c\u00e2ble HDMI,POWER,USB<\/span>\n                            <\/li>\n<li class=\"product-prop line-limit-length\"><span\n                                        class=\"property-title\">T\u00e9l\u00e9commande incluse:&nbsp;<\/span><span\n                                        class=\"property-desc line-limit-length\">OUI<\/span>\n                            <\/li>\n<li class=\"product-prop line-limit-length\"><span\n                                        class=\"property-title\">Haut-parleur Int\u00e9gr\u00e9:&nbsp;<\/span><span\n                                        class=\"property-desc line-limit-length\">OUI<\/span>\n                            <\/li>\n<li class=\"product-prop line-limit-length\"><span\n                                        class=\"property-title\">Batterie :&nbsp;<\/span><span\n                                        class=\"property-desc line-limit-length\">non<\/span>\n                            <\/li>\n<li class=\"product-prop line-limit-length\"><span\n                                        class=\"property-title\">Compatible avec le Bluetooth :&nbsp;<\/span><span\n                                        class=\"property-desc line-limit-length\">OUI<\/span>\n                            <\/li>\n<li class=\"product-prop line-limit-length\"><span\n                                        class=\"property-title\">Cat\u00e9gorie:&nbsp;<\/span><span\n                                        class=\"property-desc line-limit-length\">Projecteurs<\/span>\n                            <\/li>\n<li class=\"product-prop line-limit-length\"><span\n                                        class=\"property-title\">Lumens ANSI:&nbsp;<\/span><span\n                                        class=\"property-desc line-limit-length\">300 ANSI<\/span>\n                            <\/li>\n<li class=\"product-prop line-limit-length\"><span\n                                        class=\"property-title\">Syst\u00e8me:&nbsp;<\/span><span\n                                        class=\"property-desc line-limit-length\">ANDROID<\/span>\n                            <\/li>\n<li class=\"product-prop line-limit-length\"><span\n                                        class=\"property-title\">Puissance :&nbsp;<\/span><span\n                                        class=\"property-desc line-limit-length\">50W<\/span>\n                            <\/li>\n<li class=\"product-prop line-limit-length\"><span\n                                        class=\"property-title\">Dimension de projection:&nbsp;<\/span><span\n                                        class=\"property-desc line-limit-length\">40-150 pouces<\/span>\n                            <\/li>\n<li class=\"product-prop line-limit-length\"><span\n                                        class=\"property-title\">Mode projectif:&nbsp;<\/span><span\n                                        class=\"property-desc line-limit-length\">T4,PROJETER,Plafond,R\u00e9troprojection,Image r\u00e9fl\u00e9chie<\/span>\n                            <\/li>\n<li class=\"product-prop line-limit-length\"><span\n                                        class=\"property-title\">Source de Lumi\u00e8re:&nbsp;<\/span><span\n                                        class=\"property-desc line-limit-length\">LED<\/span>\n                            <\/li>\n<li class=\"product-prop line-limit-length\"><span\n                                        class=\"property-title\">Technologie de projection:&nbsp;<\/span><span\n                                        class=\"property-desc line-limit-length\">LCD<\/span>\n                            <\/li>\n<li class=\"product-prop line-limit-length\"><span\n                                        class=\"property-title\">\u00c9chelle d\u2019\u00e9cran:&nbsp;<\/span><span\n                                        class=\"property-desc line-limit-length\">4:3\/16:9<\/span>\n                            <\/li>\n<li class=\"product-prop line-limit-length\"><span\n                                        class=\"property-title\">R\u00e9solution optique:&nbsp;<\/span><span\n                                        class=\"property-desc line-limit-length\">1280x720dpi<\/span>\n                            <\/li>\n<li class=\"product-prop line-limit-length\"><span\n                                        class=\"property-title\">Zoom:&nbsp;<\/span><span\n                                        class=\"property-desc line-limit-length\">Focus<\/span>\n                            <\/li>\n<li class=\"product-prop line-limit-length\"><span\n                                        class=\"property-title\">Portable:&nbsp;<\/span><span\n                                        class=\"property-desc line-limit-length\">Oui<\/span>\n                            <\/li>\n<li class=\"product-prop line-limit-length\"><span\n                                        class=\"property-title\">Utiliser :&nbsp;<\/span><span\n                                        class=\"property-desc line-limit-length\">HOME<\/span>\n                            <\/li>\n<li class=\"product-prop line-limit-length\"><span\n                                        class=\"property-title\">Type :&nbsp;<\/span><span\n                                        class=\"property-desc line-limit-length\">Projecteur num\u00e9rique<\/span>\n                            <\/li>\n<li class=\"product-prop line-limit-length\"><span\n                                        class=\"property-title\">Projecteur home cin\u00e9ma:&nbsp;<\/span><span\n                                        class=\"property-desc line-limit-length\">Oui<\/span>\n                            <\/li>\n<li class=\"product-prop line-limit-length\"><span\n                                        class=\"property-title\">Projection Distance:&nbsp;<\/span><span\n                                        class=\"property-desc line-limit-length\">1-4M<\/span>\n                            <\/li>\n<li class=\"product-prop line-limit-length\"><span\n                                        class=\"property-title\">Poids :&nbsp;<\/span><span\n                                        class=\"property-desc line-limit-length\">1.0 kg<\/span>\n                            <\/li>\n<li class=\"product-prop line-limit-length\"><span\n                                        class=\"property-title\">Ratio de contraste:&nbsp;<\/span><span\n                                        class=\"property-desc line-limit-length\">10 000: 1<\/span>\n                            <\/li>\n<li class=\"product-prop line-limit-length\"><span\n                                        class=\"property-title\">Luminosit\u00e9:&nbsp;<\/span><span\n                                        class=\"property-desc line-limit-length\">8500lumens<\/span>\n                            <\/li>\n<li class=\"product-prop line-limit-length\"><span\n                                        class=\"property-title\">Correction Trap\u00e9zo\u00efdale:&nbsp;<\/span><span\n                                        class=\"property-desc line-limit-length\">Correction automatique<\/span>\n                            <\/li>\n<li class=\"product-prop line-limit-length\"><span\n                                        class=\"property-title\">Nom de marque :&nbsp;<\/span><span\n                                        class=\"property-desc line-limit-length\">salange<\/span>\n                            <\/li>\n<li class=\"product-prop line-limit-length\"><span\n                                        class=\"property-title\">Origine :&nbsp;<\/span><span\n                                        class=\"property-desc line-limit-length\">CN (Origine)<\/span>\n                            <\/li>\n<li class=\"product-prop line-limit-length\"><span\n                                        class=\"property-title\">Certification :&nbsp;<\/span><span\n                                        class=\"property-desc line-limit-length\">CE,FCC,ROHS,KC<\/span>\n                            <\/li>\n<li class=\"product-prop line-limit-length\"><span\n                                        class=\"property-title\">Salange Mod\u00e8le:&nbsp;<\/span><span\n                                        class=\"property-desc line-limit-length\">HCS350<\/span>\n                            <\/li>\n<li class=\"product-prop line-limit-length\"><span\n                                        class=\"property-title\">CPU:&nbsp;<\/span><span\n                                        class=\"property-desc line-limit-length\">4 cores ARM Cortex-A53<\/span>\n                            <\/li>\n<li class=\"product-prop line-limit-length\"><span\n                                        class=\"property-title\">GPU:&nbsp;<\/span><span\n                                        class=\"property-desc line-limit-length\">Mali-G31  supports OpenGL ES3.2,Vulkan 1.1,and OpenCL2.0<\/span>\n                            <\/li>\n<li class=\"product-prop line-limit-length\"><span\n                                        class=\"property-title\">RAM\/ROM:&nbsp;<\/span><span\n                                        class=\"property-desc line-limit-length\">2G\/16G<\/span>\n                            <\/li>\n<li class=\"product-prop line-limit-length\"><span\n                                        class=\"property-title\">Android version:&nbsp;<\/span><span\n                                        class=\"property-desc line-limit-length\">11.0 OS<\/span>\n                            <\/li>\n<li class=\"product-prop line-limit-length\"><span\n                                        class=\"property-title\">Bluetooth version:&nbsp;<\/span><span\n                                        class=\"property-desc line-limit-length\">BT 5.0<\/span>\n                            <\/li>\n<li class=\"product-prop line-limit-length\"><span\n                                        class=\"property-title\">Color Temperature:&nbsp;<\/span><span\n                                        class=\"property-desc line-limit-length\">8000K(\u00b110%)<\/span>\n                            <\/li>\n<li class=\"product-prop line-limit-length\"><span\n                                        class=\"property-title\">Bulb Life:&nbsp;<\/span><span\n                                        class=\"property-desc line-limit-length\">50000 Hrs<\/span>\n                            <\/li>\n<li class=\"product-prop line-limit-length\"><span\n                                        class=\"property-title\">Audio File:&nbsp;<\/span><span\n                                        class=\"property-desc line-limit-length\">MP3\/WMA\/ACC<\/span>\n                            <\/li>\n<li class=\"product-prop line-limit-length\"><span\n                                        class=\"property-title\">Video File:&nbsp;<\/span><span\n                                        class=\"property-desc line-limit-length\">Full-format decoding including HEVC\/VP9\/AVS2\/AVC 4K@30fps and MPEG1\/MPEG2\/AV1 1080p\/60fps decoding and so on<\/span>\n                            <\/li>\n<li class=\"product-prop line-limit-length\"><span\n                                        class=\"property-title\">Working Voltage(V):&nbsp;<\/span><span\n                                        class=\"property-desc line-limit-length\">AC90-260V\/50-60HZ<\/span>\n                            <\/li>\n<li class=\"product-prop line-limit-length\"><span\n                                        class=\"property-title\">Keystone:&nbsp;<\/span><span\n                                        class=\"property-desc line-limit-length\">Auto Correction<\/span>\n                            <\/li>\n<li class=\"product-prop line-limit-length\"><span\n                                        class=\"property-title\">WIFI:&nbsp;<\/span><span\n                                        class=\"property-desc line-limit-length\">AW869A &#8212; Dual band WiFi6 + BT5.0 Module<\/span>\n                            <\/li>\n<li class=\"product-prop line-limit-length\"><span\n                                        class=\"property-title\">Video Format:&nbsp;<\/span><span\n                                        class=\"property-desc line-limit-length\">Full-format decoding including HEVC\/VP9\/AVS2\/AVC 4K@30fps and MPEG1\/MPEG2\/AV1 1080p\/60fps decoding and so on<\/span>\n                            <\/li>\n<li class=\"product-prop line-limit-length\"><span\n                                        class=\"property-title\">Audio Format:&nbsp;<\/span><span\n                                        class=\"property-desc line-limit-length\">MP3\/WMA\/ACC<\/span>\n                            <\/li>\n<li class=\"product-prop line-limit-length\"><span\n                                        class=\"property-title\">Image File:&nbsp;<\/span><span\n                                        class=\"property-desc line-limit-length\">JPG,BMP,PNG,support image scaling<\/span>\n                            <\/li>\n<li class=\"product-prop line-limit-length\"><span\n                                        class=\"property-title\">Remote Control:&nbsp;<\/span><span\n                                        class=\"property-desc line-limit-length\">Infrared remote controller<\/span>\n                            <\/li>\n<li class=\"product-prop line-limit-length\"><span\n                                        class=\"property-title\">Speaker:&nbsp;<\/span><span\n                                        class=\"property-desc line-limit-length\">1X3W<\/span>\n                            <\/li>\n<li class=\"product-prop line-limit-length\"><span\n                                        class=\"property-title\">Taille du produit :&nbsp;<\/span><span\n                                        class=\"property-desc line-limit-length\">90*98*175.5MM<\/span>\n                            <\/li>\n<\/ul><\/div>\n<div class=\"detailmodule_html\">\n<div class=\"detail-desc-decorate-richtext\">\n<div class=\"detailmodule_text\">\n<p style=\"font-family:OpenSans;font-size:20px;font-weight:900;line-height:28px;white-space:pre-wrap;color:rgb(0, 0, 0);margin-bottom:12px\" class=\"detail-desc-decorate-title\" id=\"tl_1\">Salange HM400 Pro Mini projecteur Android 11 Bluetooth 5.0 ext&eacute;rieur Wifi Portable 1280*720P 4 points Keystone HDMI Compatible<\/p>\n<\/div>\n<div class=\"detailmodule_image\">\n <img decoding=\"async\" class=\"detail-desc-decorate-image\" src=\"https:\/\/ae01.alicdn.com\/kf\/Hfb71bbdd687d4ac083b1c98ad698f6052.jpg\" slate-data-type=\"image\" \/>\n<\/div>\n<div class=\"detailmodule_text\">\n<p style=\"font-family:OpenSans;font-size:20px;font-weight:900;line-height:28px;white-space:pre-wrap;color:rgb(0, 0, 0);margin-bottom:12px\" class=\"detail-desc-decorate-title\" id=\"tl_2\">Sepcification<\/p>\n<p style=\"font-family:OpenSans;font-size:14px;font-weight:300;line-height:20px;white-space:pre-wrap;color:rgb(0, 0, 0);margin-bottom:12px\" class=\"detail-desc-decorate-content\" id=\"tl_3\">CPU: H716 <br \/>Syst&egrave;me d&#8217;exploitation: Android 11 <br \/>M&eacute;moire: 2 Go <br \/>ROM: 8 Go <br \/>Haut-parleur: 1&#215;4 \u03a9 3W <br \/>Couleur: noir\/blanc <br \/>Mat\u00e9riau : ABS <br \/>Puissance: 40W <br \/>Focus: Mise au point manuelle <br \/>Correction Keystone: Correction Keystone &agrave; 4 points <br \/>Luminosit&eacute;: 200 ANSI <br \/>Rapport d&#8217;aspect: 16: 9 <br \/>Rapport de lancer: 0.9:1 <br \/>Technologie d&#8217;affichage: LCD <br \/>Source lumineuse: LED <br \/>R&eacute;solution physique: 720P <br \/>Rapport de contraste: 1000: 1 <br \/>Taille de l&#8217;image: 40-130 pouces <br \/>WiFi double bande: 2.4G\/5GHz 802.11 a\/b\/g\/n\/ac\/ax <br \/>Bluetooth: V5.0 <br \/>&Eacute;cran miroir: DLNA + Airscreen + GoogleCast <br \/>Puissance AC: 110-240V <br \/>Entr&eacute;e HDMI: 1 x HDMI 2.0<\/p>\n<\/div>\n<div class=\"detailmodule_image\">\n <img decoding=\"async\" style=\"margin-bottom:10px\" class=\"detail-desc-decorate-image\" src=\"https:\/\/ae01.alicdn.com\/kf\/Sba0a5e0944284f6db3de6d993ddec271Q.jpg\" slate-data-type=\"image\" \/>\n<\/div>\n<div class=\"detailmodule_image\">\n <img decoding=\"async\" style=\"margin-bottom:10px\" class=\"detail-desc-decorate-image\" src=\"https:\/\/ae01.alicdn.com\/kf\/S39f1a580b001488d8ae5922935f5b048d.jpg\" slate-data-type=\"image\" \/>\n<\/div>\n<div class=\"detailmodule_image\">\n <img decoding=\"async\" style=\"margin-bottom:10px\" class=\"detail-desc-decorate-image\" src=\"https:\/\/ae01.alicdn.com\/kf\/Sf198e1e6bdc44223a96c2fd5c0f53ac3Y.jpg\" slate-data-type=\"image\" \/>\n<\/div>\n<div class=\"detailmodule_image\">\n <img decoding=\"async\" style=\"margin-bottom:10px\" class=\"detail-desc-decorate-image\" src=\"https:\/\/ae01.alicdn.com\/kf\/S6219dde1a3354cfabd93153768aa979bw.jpg\" slate-data-type=\"image\" \/>\n<\/div>\n<div class=\"detailmodule_image\">\n <img decoding=\"async\" class=\"detail-desc-decorate-image\" src=\"https:\/\/ae01.alicdn.com\/kf\/S119b2eab2e2746d780d1b69bf14e565cc.jpg\" slate-data-type=\"image\" \/>\n<\/div>\n<div class=\"detailmodule_image\">\n <img decoding=\"async\" class=\"detail-desc-decorate-image\" src=\"https:\/\/ae01.alicdn.com\/kf\/S4a0a22d02fb04660bce96df9477cf6db6.jpg\" slate-data-type=\"image\" \/>\n<\/div>\n<div class=\"detailmodule_image\">\n <img decoding=\"async\" class=\"detail-desc-decorate-image\" src=\"https:\/\/ae01.alicdn.com\/kf\/S61fc2945357e4ffcb29c4356cf8c65b9W.jpg\" slate-data-type=\"image\" \/>\n<\/div>\n<div class=\"detailmodule_image\">\n <img decoding=\"async\" class=\"detail-desc-decorate-image\" src=\"https:\/\/ae01.alicdn.com\/kf\/S2068d9ffeb1a4528867386586197d2bdw.jpg\" slate-data-type=\"image\" \/>\n<\/div>\n<div class=\"detailmodule_image\">\n <img decoding=\"async\" class=\"detail-desc-decorate-image\" src=\"https:\/\/ae01.alicdn.com\/kf\/Sa9def76593af465292ada6429555c137D.jpg\" slate-data-type=\"image\" \/>\n<\/div>\n<div class=\"detailmodule_image\">\n <img decoding=\"async\" class=\"detail-desc-decorate-image\" src=\"https:\/\/ae01.alicdn.com\/kf\/S4bd230a5c6d442d4b78b169167749aaen.jpg\" slate-data-type=\"image\" \/>\n<\/div>\n<div class=\"detailmodule_image\">\n <img decoding=\"async\" class=\"detail-desc-decorate-image\" src=\"https:\/\/ae01.alicdn.com\/kf\/Sacb7a50c5a6540448a680b26b12a38fc4.jpg\" slate-data-type=\"image\" \/>\n<\/div>\n<div class=\"detailmodule_image\">\n <img decoding=\"async\" class=\"detail-desc-decorate-image\" src=\"https:\/\/ae01.alicdn.com\/kf\/S40cb43974a12453bb0ca9e9b0bf5aa1eX.jpg\" slate-data-type=\"image\" \/>\n<\/div>\n<div class=\"detailmodule_image\">\n <img decoding=\"async\" class=\"detail-desc-decorate-image\" src=\"https:\/\/ae01.alicdn.com\/kf\/Sdf982d6fb9954bffb08c2c5e67da61df6.jpg\" slate-data-type=\"image\" \/>\n<\/div>\n<div class=\"detailmodule_text\">\n<p style=\"font-family:OpenSans;font-size:20px;font-weight:900;line-height:28px;white-space:pre-wrap;color:rgb(0, 0, 0);margin-bottom:12px\" class=\"detail-desc-decorate-title\" id=\"tl_4\">Le forfait comprend<\/p>\n<\/div>\n<div class=\"detailmodule_image\">\n <img decoding=\"async\" class=\"detail-desc-decorate-image\" src=\"https:\/\/ae01.alicdn.com\/kf\/S487e91db98b44f1291d056016bafcc0bJ.jpg\" slate-data-type=\"image\" \/>\n<\/div>\n<p><\/div>\n<\/div>","protected":false},"excerpt":{"rendered":"<p>Chimique Hign-concern\u00e9:&nbsp;Aucun Entr\u00e9e\/sortie:&nbsp;\u00c9couteur 3.5mm,c\u00e2ble HDMI,POWER,USB T\u00e9l\u00e9commande incluse:&nbsp;YES Haut-parleur Int\u00e9gr\u00e9:&nbsp;YES Batterie:&nbsp;no Bluetooth-compatible:&nbsp;YES Cat\u00e9gorie:&nbsp;Projecteurs Lumens ANSI:&nbsp;300 ANSI Syst\u00e8me:&nbsp;ANDROID Puissance:&nbsp;50W Dimension de projection:&nbsp;40-150<\/p>","protected":false},"featured_media":8391,"comment_status":"open","ping_status":"closed","template":"","meta":[],"product_brand":[],"product_cat":[15],"product_tag":[],"class_list":{"0":"post-8390","1":"product","2":"type-product","3":"status-publish","4":"has-post-thumbnail","6":"product_cat-uncategorized","8":"first","9":"instock","10":"shipping-taxable","11":"purchasable","12":"product-type-variable"},"jetpack_sharing_enabled":true,"_links":{"self":[{"href":"https:\/\/afrycom.com\/fr\/wp-json\/wp\/v2\/product\/8390","targetHints":{"allow":["GET"]}}],"collection":[{"href":"https:\/\/afrycom.com\/fr\/wp-json\/wp\/v2\/product"}],"about":[{"href":"https:\/\/afrycom.com\/fr\/wp-json\/wp\/v2\/types\/product"}],"replies":[{"embeddable":true,"href":"https:\/\/afrycom.com\/fr\/wp-json\/wp\/v2\/comments?post=8390"}],"wp:featuredmedia":[{"embeddable":true,"href":"https:\/\/afrycom.com\/fr\/wp-json\/wp\/v2\/media\/8391"}],"wp:attachment":[{"href":"https:\/\/afrycom.com\/fr\/wp-json\/wp\/v2\/media?parent=8390"}],"wp:term":[{"taxonomy":"product_brand","embeddable":true,"href":"https:\/\/afrycom.com\/fr\/wp-json\/wp\/v2\/product_brand?post=8390"},{"taxonomy":"product_cat","embeddable":true,"href":"https:\/\/afrycom.com\/fr\/wp-json\/wp\/v2\/product_cat?post=8390"},{"taxonomy":"product_tag","embeddable":true,"href":"https:\/\/afrycom.com\/fr\/wp-json\/wp\/v2\/product_tag?post=8390"}],"curies":[{"name":"wp","href":"https:\/\/api.w.org\/{rel}","templated":true}]}}