{"id":8124,"date":"2025-03-08T08:12:33","date_gmt":"2025-03-08T08:12:33","guid":{"rendered":"https:\/\/afrycom.com\/product\/nouveau-l900-pro-se-4k-hd-double-camera-drone-visuel-evitement-dobstacles-moteur-sans-brosse-gps-5g-wifi-rc-dron-professionnel-fpv\/"},"modified":"2025-03-08T08:12:57","modified_gmt":"2025-03-08T08:12:57","slug":"nouveau-l900-pro-se-4k-hd-double-camera-drone-visuel-evitement-dobstacles-moteur-sans-brosse-gps-5g-wifi-rc-dron-professionnel-fpv","status":"publish","type":"product","link":"https:\/\/afrycom.com\/fr\/produit\/nouveau-l900-pro-se-4k-hd-double-camera-drone-visuel-evitement-dobstacles-moteur-sans-brosse-gps-5g-wifi-rc-dron-professionnel-fpv\/","title":{"rendered":"Nouveau ! L900 PRO SE 4K HD double cam\u00e9ra Drone visuel \u00e9vitement d'obstacles moteur sans brosse GPS 5G WIFI RC Dron professionnel FPV"},"content":{"rendered":"<div class=\"product-specs-list-container\">\n<ul class=\"product-specs-list util-clearfix\">\n<li class=\"product-prop line-limit-length\"><span\n                                        class=\"property-title\">Chimique Hign-concern\u00e9 :&nbsp;<\/span><span\n                                        class=\"property-desc line-limit-length\">Certaines chimioth\u00e9rapies combin\u00e9es pour les lymphomes<\/span>\n                            <\/li>\n<li class=\"product-prop line-limit-length\"><span\n                                        class=\"property-title\">Max R\u00e9sistance \u00c0 La Vitesse Du Vent:&nbsp;<\/span><span\n                                        class=\"property-desc line-limit-length\">30-46,2 km\/h<\/span>\n                            <\/li>\n<li class=\"product-prop line-limit-length\"><span\n                                        class=\"property-title\">Poids Max d\u00e9collage:&nbsp;<\/span><span\n                                        class=\"property-desc line-limit-length\">&gt; 7kg<\/span>\n                            <\/li>\n<li class=\"product-prop line-limit-length\"><span\n                                        class=\"property-title\">\u00c9quip\u00e9 d&#039;un syst\u00e8me de pulv\u00e9risation d&#039;a\u00e9rosol\/volume du r\u00e9servoir de propagation:&nbsp;<\/span><span\n                                        class=\"property-desc line-limit-length\">non<\/span>\n                            <\/li>\n<li class=\"product-prop line-limit-length\"><span\n                                        class=\"property-title\">Stockage extensible:&nbsp;<\/span><span\n                                        class=\"property-desc line-limit-length\">autres<\/span>\n                            <\/li>\n<li class=\"product-prop line-limit-length\"><span\n                                        class=\"property-title\">Batterie amovible\/rempla\u00e7able:&nbsp;<\/span><span\n                                        class=\"property-desc line-limit-length\">non<\/span>\n                            <\/li>\n<li class=\"product-prop line-limit-length\"><span\n                                        class=\"property-title\">Affichage int\u00e9gr\u00e9:&nbsp;<\/span><span\n                                        class=\"property-desc line-limit-length\">non<\/span>\n                            <\/li>\n<li class=\"product-prop line-limit-length\"><span\n                                        class=\"property-title\">R\u00e9solution maximale vid\u00e9o [Pixel X Pixel]:&nbsp;<\/span><span\n                                        class=\"property-desc line-limit-length\">360P(480*360)<\/span>\n                            <\/li>\n<li class=\"product-prop line-limit-length\"><span\n                                        class=\"property-title\">Cat\u00e9gorie:&nbsp;<\/span><span\n                                        class=\"property-desc line-limit-length\">Drone \u00e0 cam\u00e9ra<\/span>\n                            <\/li>\n<li class=\"product-prop line-limit-length\"><span\n                                        class=\"property-title\">Stobe:&nbsp;<\/span><span\n                                        class=\"property-desc line-limit-length\">OUI<\/span>\n                            <\/li>\n<li class=\"product-prop line-limit-length\"><span\n                                        class=\"property-title\">Projecteur:&nbsp;<\/span><span\n                                        class=\"property-desc line-limit-length\">OUI<\/span>\n                            <\/li>\n<li class=\"product-prop line-limit-length\"><span\n                                        class=\"property-title\">Haut-parleur:&nbsp;<\/span><span\n                                        class=\"property-desc line-limit-length\">non<\/span>\n                            <\/li>\n<li class=\"product-prop line-limit-length\"><span\n                                        class=\"property-title\">Module RTK (cin\u00e9matique en temps r\u00e9el):&nbsp;<\/span><span\n                                        class=\"property-desc line-limit-length\">non<\/span>\n                            <\/li>\n<li class=\"product-prop line-limit-length\"><span\n                                        class=\"property-title\">Stabilisation de cam\u00e9ra:&nbsp;<\/span><span\n                                        class=\"property-desc line-limit-length\">Stabilisation \u00e9lectronique de l\u2019image<\/span>\n                            <\/li>\n<li class=\"product-prop line-limit-length\"><span\n                                        class=\"property-title\">Aircraf Fr\u00e9quence de Fonctionnement:&nbsp;<\/span><span\n                                        class=\"property-desc line-limit-length\">autres<\/span>\n                            <\/li>\n<li class=\"product-prop line-limit-length\"><span\n                                        class=\"property-title\">Temps De Vol maximum:&nbsp;<\/span><span\n                                        class=\"property-desc line-limit-length\">\/<\/span>\n                            <\/li>\n<li class=\"product-prop line-limit-length\"><span\n                                        class=\"property-title\">Drone de Capacit\u00e9 de Batterie:&nbsp;<\/span><span\n                                        class=\"property-desc line-limit-length\">\/<\/span>\n                            <\/li>\n<li class=\"product-prop line-limit-length\"><span\n                                        class=\"property-title\">Drone Poids:&nbsp;<\/span><span\n                                        class=\"property-desc line-limit-length\">220g<\/span>\n                            <\/li>\n<li class=\"product-prop line-limit-length\"><span\n                                        class=\"property-title\">Stockage:&nbsp;<\/span><span\n                                        class=\"property-desc line-limit-length\">\/<\/span>\n                            <\/li>\n<li class=\"product-prop line-limit-length\"><span\n                                        class=\"property-title\">Port\u00e9e De Transmission:&nbsp;<\/span><span\n                                        class=\"property-desc line-limit-length\">2.7km<\/span>\n                            <\/li>\n<li class=\"product-prop line-limit-length\"><span\n                                        class=\"property-title\">Support de cam\u00e9ra Type:&nbsp;<\/span><span\n                                        class=\"property-desc line-limit-length\">autres<\/span>\n                            <\/li>\n<li class=\"product-prop line-limit-length\"><span\n                                        class=\"property-title\">GPS:&nbsp;<\/span><span\n                                        class=\"property-desc line-limit-length\">Oui<\/span>\n                            <\/li>\n<li class=\"product-prop line-limit-length\"><span\n                                        class=\"property-title\">Pixels:&nbsp;<\/span><span\n                                        class=\"property-desc line-limit-length\">1.12 millions<\/span>\n                            <\/li>\n<li class=\"product-prop line-limit-length\"><span\n                                        class=\"property-title\">Ratio de Zoom Optique:&nbsp;<\/span><span\n                                        class=\"property-desc line-limit-length\">50x<\/span>\n                            <\/li>\n<li class=\"product-prop line-limit-length\"><span\n                                        class=\"property-title\">FPV Operration:&nbsp;<\/span><span\n                                        class=\"property-desc line-limit-length\">Oui<\/span>\n                            <\/li>\n<li class=\"product-prop line-limit-length\"><span\n                                        class=\"property-title\">Connectivit\u00e9:&nbsp;<\/span><span\n                                        class=\"property-desc line-limit-length\">Connexion Wi-Fi<\/span>\n                            <\/li>\n<li class=\"product-prop line-limit-length\"><span\n                                        class=\"property-title\">Canaux de contr\u00f4le :&nbsp;<\/span><span\n                                        class=\"property-desc line-limit-length\">4 Canaux<\/span>\n                            <\/li>\n<li class=\"product-prop line-limit-length\"><span\n                                        class=\"property-title\">Gyro:&nbsp;<\/span><span\n                                        class=\"property-desc line-limit-length\">6<\/span>\n                            <\/li>\n<li class=\"product-prop line-limit-length\"><span\n                                        class=\"property-title\">Diam\u00e8tre du rotor principal:&nbsp;<\/span><span\n                                        class=\"property-desc line-limit-length\">8CM<\/span>\n                            <\/li>\n<li class=\"product-prop line-limit-length\"><span\n                                        class=\"property-title\">Temps d&#039;action:&nbsp;<\/span><span\n                                        class=\"property-desc line-limit-length\">27 minutes<\/span>\n                            <\/li>\n<li class=\"product-prop line-limit-length\"><span\n                                        class=\"property-title\">Distance :&nbsp;<\/span><span\n                                        class=\"property-desc line-limit-length\">1200m<\/span>\n                            <\/li>\n<li class=\"product-prop line-limit-length\"><span\n                                        class=\"property-title\">Fr\u00e9quence:&nbsp;<\/span><span\n                                        class=\"property-desc line-limit-length\">2.4G\/5G WIFI<\/span>\n                            <\/li>\n<li class=\"product-prop line-limit-length\"><span\n                                        class=\"property-title\">Taille de Capteur:&nbsp;<\/span><span\n                                        class=\"property-desc line-limit-length\">Aucun<\/span>\n                            <\/li>\n<li class=\"product-prop line-limit-length\"><span\n                                        class=\"property-title\">Int\u00e9gration de Cam\u00e9ra:&nbsp;<\/span><span\n                                        class=\"property-desc line-limit-length\">Cam\u00e9ra incluse<\/span>\n                            <\/li>\n<li class=\"product-prop line-limit-length\"><span\n                                        class=\"property-title\">Caract\u00e9ristiques de Cam\u00e9ra:&nbsp;<\/span><span\n                                        class=\"property-desc line-limit-length\">Cam\u00e9ra d&#039;imagerie thermique<\/span>\n                            <\/li>\n<li class=\"product-prop line-limit-length\"><span\n                                        class=\"property-title\">Nom de marque :&nbsp;<\/span><span\n                                        class=\"property-desc line-limit-length\">OEING(OEING)<\/span>\n                            <\/li>\n<li class=\"product-prop line-limit-length\"><span\n                                        class=\"property-title\">Origine :&nbsp;<\/span><span\n                                        class=\"property-desc line-limit-length\">CN (Origine)<\/span>\n                            <\/li>\n<li class=\"product-prop line-limit-length\"><span\n                                        class=\"property-title\">Photographie A\u00e9rienne:&nbsp;<\/span><span\n                                        class=\"property-desc line-limit-length\">Oui<\/span>\n                            <\/li>\n<li class=\"product-prop line-limit-length\"><span\n                                        class=\"property-title\">FIJ Model:&nbsp;<\/span><span\n                                        class=\"property-desc line-limit-length\">L900 PRO SE<\/span>\n                            <\/li>\n<li class=\"product-prop line-limit-length\"><span\n                                        class=\"property-title\">Video Resolution:&nbsp;<\/span><span\n                                        class=\"property-desc line-limit-length\">1920*1080P<\/span>\n                            <\/li>\n<li class=\"product-prop line-limit-length\"><span\n                                        class=\"property-title\">Photo Resolution:&nbsp;<\/span><span\n                                        class=\"property-desc line-limit-length\">5120*2880P<\/span>\n                            <\/li>\n<li class=\"product-prop line-limit-length\"><span\n                                        class=\"property-title\">Frame rate:&nbsp;<\/span><span\n                                        class=\"property-desc line-limit-length\">25 fps<\/span>\n                            <\/li>\n<li class=\"product-prop line-limit-length\"><span\n                                        class=\"property-title\">Quadcopter Rechargeable Battery:&nbsp;<\/span><span\n                                        class=\"property-desc line-limit-length\">7.4V 2200mAh Lithium Battery<\/span>\n                            <\/li>\n<li class=\"product-prop line-limit-length\"><span\n                                        class=\"property-title\">Quadcopter Size:&nbsp;<\/span><span\n                                        class=\"property-desc line-limit-length\">32*32*5cm (Unfoldable),13*10*5cm(Foldable)<\/span>\n                            <\/li>\n<li class=\"product-prop line-limit-length\"><span\n                                        class=\"property-title\">Caract\u00e9ristique1 :&nbsp;<\/span><span\n                                        class=\"property-desc line-limit-length\">4K Drone<\/span>\n                            <\/li>\n<li class=\"product-prop line-limit-length\"><span\n                                        class=\"property-title\">Caract\u00e9ristique2 :&nbsp;<\/span><span\n                                        class=\"property-desc line-limit-length\">Professional Drones<\/span>\n                            <\/li>\n<li class=\"product-prop line-limit-length\"><span\n                                        class=\"property-title\">Caract\u00e9ristique3 :&nbsp;<\/span><span\n                                        class=\"property-desc line-limit-length\">ECS Camera<\/span>\n                            <\/li>\n<li class=\"product-prop line-limit-length\"><span\n                                        class=\"property-title\">Couleur :&nbsp;<\/span><span\n                                        class=\"property-desc line-limit-length\">Noir<\/span>\n                            <\/li>\n<\/ul><\/div>\n<div class=\"detailmodule_html\">\n<div class=\"detail-desc-decorate-richtext\">\n<div class=\"detailmodule_html\">\n<div class=\"detail-desc-decorate-richtext\">\n<p id=\"tl_1\">L900 PRO SE 4K HD double cam&eacute;ra Drone visuel &eacute;vitement d&#8217;obstacles moteur sans balais GPS 5G WIFI RC Dron professionnel FPV quadrirotor<\/p>\n<p id=\"tl_2\">Description :<\/p>\n<p id=\"tl_3\">Produit : L900 Pro SE 4K HD (nouvelle version)<\/p>\n<p id=\"tl_4\">Canal : 4 canaux<\/p>\n<p id=\"tl_5\">Gyro : 6 axes<\/p>\n<p id=\"tl_6\">Moteur : moteur sans balais 1503<\/p>\n<p id=\"tl_7\">Angle de la cam&eacute;ra de r&eacute;glage &eacute;lectrique : 90&deg;<\/p>\n<p id=\"tl_8\">Grand angle de la cam&eacute;ra : 120&deg;<\/p>\n<p id=\"tl_9\">Fr&eacute;quence de la t&eacute;l&eacute;commande : 2,4 GHz<\/p>\n<p id=\"tl_10\">M&eacute;thode de r&eacute;ception du smartphone : canal WIFI 5G<\/p>\n<p id=\"tl_11\">Distance de la t&eacute;l&eacute;commande : environ 1 200 m&egrave;tres (sans interf&eacute;rence, sans occlusion)<\/p>\n<p id=\"tl_12\">Distance de transmission WIFI : 300-600 m&egrave;tres (pas d&#8217;interf&eacute;rence, pas d&#8217;occlusion)<\/p>\n<p id=\"tl_13\">Batterie du drone : batterie au lithium 7,4 V\/2 200 mAh. Temps de vol : environ 28 minutes.<\/p>\n<p id=\"tl_14\">Temps de charge : environ 4 heures<\/p>\n<p id=\"tl_15\">R&eacute;solution photo de la cam&eacute;ra frontale : 5120*2880P<\/p>\n<p id=\"tl_16\">R&eacute;solution vid&eacute;o de la cam&eacute;ra frontale : 1920*1080P<\/p>\n<p id=\"tl_17\">R&eacute;solution photo de la cam&eacute;ra inf&eacute;rieure : 1280*720P<\/p>\n<p id=\"tl_18\">R&eacute;solution vid&eacute;o de la cam&eacute;ra inf&eacute;rieure : 1280*720P<\/p>\n<p id=\"tl_19\">Fr&eacute;quence d&#8217;images : 25 ips<\/p>\n<p id=\"tl_20\">Mode d&#8217;enregistrement photo : t&eacute;l&eacute;commande + contr&ocirc;le APP.<\/p>\n<p id=\"tl_21\">Batterie de la t&eacute;l&eacute;commande : batterie au lithium 3,7 V\/350 mAh (incluse)<\/p>\n<p id=\"tl_22\">Taille du quadricopt&egrave;re : 32*32*5 cm (d&eacute;pliable), 13*10*5 cm (pliable)<\/p>\n<p id=\"tl_23\">Poids du quadricopt&egrave;re : 220 g<\/p>\n<p id=\"tl_24\">Caract&eacute;ristiques :<\/p>\n<p id=\"tl_25\">1.Avec bras pliable, petite taille, facile &agrave; transporter.<\/p>\n<p id=\"tl_26\">2.Cam&eacute;ra grand angle ESC 4k HD.peut &ecirc;tre ajust&eacute; l&#8217;angle 90&deg;par contr&ocirc;leur.<\/p>\n<p id=\"tl_27\">3.Avec la fonction WIFI 5G, vous pouvez connecter l&#8217;application, prendre des photos\/vid&eacute;o, transformer en temps r&eacute;el via l&#8217;image de la cam&eacute;ra du t&eacute;l&eacute;phone<\/p>\n<p id=\"tl_28\">4.Vol assist&eacute; par GPS.Vous fournit des d&eacute;tails de positionnement pr&eacute;cis de votre drone. Le drone reviendra automatiquement &agrave; la maison pr&eacute;cis&eacute;ment lorsque sa batterie est faible ou que le signal est faible lorsque vous volez hors de port&eacute;e, sans vous soucier de perdre le drone.<\/p>\n<p id=\"tl_29\">5.Positionnement du flux optique. Hauteur du point fixe, et il peut prendre des photos plus facilement et plus r&eacute;guli&egrave;rement &agrave; l&#8217;int&eacute;rieur.<\/p>\n<p id=\"tl_30\">6.Mode de maintien d&#8217;altitude.En r&eacute;glant la pression de l&#8217;air &agrave; l&#8217;ext&eacute;rieur, le quadricopt&egrave;re peut planer dans l&#8217;air de mani&egrave;re stable, ce qui facilite la prise de vue.<\/p>\n<p id=\"tl_31\">7.Photo\/vid&eacute;o gestuelle.Vous briserez l&#8217;ancienne fa&ccedil;on de prendre des photos et trouverez la nouvelle chose en faisant des gestes pour enregistrer votre beaut&eacute;.(dans la port&eacute;e de 1 &agrave; 3 m)<\/p>\n<p id=\"tl_32\">8.Temps de vol maximum de 28 minutes. La batterie intelligente haute capacit&eacute; 7,4 V 2 200 mAh offre jusqu&#8217;&agrave; 28 minutes de temps de vol.<\/p>\n<p id=\"tl_33\">9.Moteur sans balais.Il est si silencieux mais tr&egrave;s puissant en courant.Une panne se produit rarement et un remplacement du moteur est rarement n&eacute;cessaire, ce qui rend votre vol plus agr&eacute;able.<\/p>\n<p id=\"tl_34\">10.Mode Suivez-moi. Le drone vous suivra et vous capturera automatiquement partout o&ugrave; vous vous d&eacute;placez.Vous gardant dans le cadre &agrave; tout moment, plus facile pour obtenir des photos complexes, permet de voler et de selfie mains libres.<\/p>\n<p id=\"tl_35\">11.Mode de vol Waypoint. Ouvrez l&#8217;application du drone, utilisez le plan de vol du bout des doigts, tracez simplement un itin&eacute;raire sur l&#8217;&eacute;cran, l&#8217;h&eacute;licopt&egrave;re volera automatiquement selon le chemin donn&eacute;.<\/p>\n<p id=\"tl_36\">12.Point Surround fixe. Choisissez un point, puis le drone volera autour du point en cercle.<\/p>\n<p id=\"tl_37\">13.G-yro &agrave; 6 axes qui peut avoir un vol plus stable et &ecirc;tre facile &agrave; contr&ocirc;ler.<\/p>\n<p id=\"tl_38\">14.Le fuselage du quadricopt&egrave;re est fait de plastiques techniques de haute r&eacute;sistance et r&eacute;sistants, l&eacute;gers et durables.<\/p>\n<\/p>\n<p id=\"tl_39\">Remarque :<\/p>\n<p id=\"tl_40\">Veuillez v&eacute;rifier les photos : le design du L900 PRO SE est diff&eacute;rent du L900 PRO.Et la batterie est diff&eacute;rente.<\/p>\n<p id=\"tl_41\">Pour L900 PRO SE, le bouton de commutation se trouve au bas du drone ;<\/p>\n<p id=\"tl_42\">Pour L900 PRO, le bouton de commutation est en haut du drone.<\/p>\n<p id=\"tl_43\">Nous vendons uniquement du L900 PRO SE (version plus r&eacute;cente). Il existe deux versions du L900 PRO SE :<\/p>\n<p id=\"tl_44\">L900 PRO SE 4K HD a une fonction visuelle d&#8217;&eacute;vitement d&#8217;obstacles<\/p>\n<p id=\"tl_45\">L900 PRO SE 4K sans fonction visuelle d&#8217;&eacute;vitement des obstacles<\/p>\n<div>\n   <img decoding=\"async\" src=\"https:\/\/ae01.alicdn.com\/kf\/Se0c50ddd89c14152b47bc5b378fc043eU.jpg\" \/><br \/>\n   <img decoding=\"async\" src=\"https:\/\/ae01.alicdn.com\/kf\/S3cac0636f74f44b0962b6917541cd6bdo.jpg\" \/><br \/>\n   <img decoding=\"async\" src=\"https:\/\/ae01.alicdn.com\/kf\/Sb8c1d75504724319899cae568234a7ffd.jpg\" \/><br \/>\n   <img decoding=\"async\" src=\"https:\/\/ae01.alicdn.com\/kf\/S5ea69ddb977f44668569cf1b6ce11957F.jpg\" \/><br \/>\n   <img decoding=\"async\" src=\"https:\/\/ae01.alicdn.com\/kf\/Sbc6291c039f24cc18614302f3c880debv.jpg\" \/><br \/>\n   <img decoding=\"async\" src=\"https:\/\/ae01.alicdn.com\/kf\/Sf81bc50c24d44b019cb22cb8db60dbfeG.jpg\" \/><br \/>\n   <img decoding=\"async\" src=\"https:\/\/ae01.alicdn.com\/kf\/S53302f7dcbec425fb9ed25c1786fcbe7M.jpg\" \/><br \/>\n   <img decoding=\"async\" src=\"https:\/\/ae01.alicdn.com\/kf\/Scfa4aa3812894e9ea64083f2df0f319ae.jpg\" \/><br \/>\n   <img decoding=\"async\" src=\"https:\/\/ae01.alicdn.com\/kf\/S2593ac7e5ed546998c8a8f60a956435eb.jpg\" \/><br \/>\n   <img decoding=\"async\" src=\"https:\/\/ae01.alicdn.com\/kf\/S1130f48273974cdcb5ff091b4df1e262X.jpg\" \/><br \/>\n   <img decoding=\"async\" src=\"https:\/\/ae01.alicdn.com\/kf\/Sc794d0dd8d56463384707ed580346925Y.jpg\" \/><br \/>\n   <img decoding=\"async\" src=\"https:\/\/ae01.alicdn.com\/kf\/S6d43e4cb08d0450ebb176539d546b716M.jpg\" \/><br \/>\n   <img decoding=\"async\" src=\"https:\/\/ae01.alicdn.com\/kf\/S802f9b08bb024d0ba9c176f590cce8f4E.jpg\" \/><br \/>\n   <img decoding=\"async\" src=\"https:\/\/ae01.alicdn.com\/kf\/S0e668ee1a815498da8596afeaaee18079.jpg\" \/><br \/>\n   <img decoding=\"async\" src=\"https:\/\/ae01.alicdn.com\/kf\/S2fc0c255b307465783c78429a3c00fa8S.jpg\" \/><br \/>\n   <img decoding=\"async\" src=\"https:\/\/ae01.alicdn.com\/kf\/S9c917737888b48a089688a414869fd5fI.jpg\" \/><br \/>\n   <img decoding=\"async\" src=\"https:\/\/ae01.alicdn.com\/kf\/S94f938ab5db54c8092192b749278269cC.jpg\" \/><br \/>\n   <img decoding=\"async\" src=\"https:\/\/ae01.alicdn.com\/kf\/S912a5d1bb0eb44809fe3e909af03e8baN.jpg\" \/><br \/>\n   <img decoding=\"async\" src=\"https:\/\/ae01.alicdn.com\/kf\/S4220a563300443378914607d8d3d5441T.jpg\" \/><br \/>\n   <img decoding=\"async\" src=\"https:\/\/ae01.alicdn.com\/kf\/S9eeb02bcce9b4705a3805f67e633cda7P.jpg\" \/><br \/>\n   <img decoding=\"async\" src=\"https:\/\/ae01.alicdn.com\/kf\/S1f8b21e5d490451b88005e180b56973bk.jpg\" \/><br \/>\n   <img decoding=\"async\" src=\"https:\/\/ae01.alicdn.com\/kf\/S260d1e4808b34ab08d0a6578e069cd74M.jpg\" \/><br \/>\n   <img decoding=\"async\" src=\"https:\/\/ae01.alicdn.com\/kf\/S9faa65f570ea413983e491b36e76ebadb.jpg\" \/><br \/>\n   <img decoding=\"async\" src=\"https:\/\/ae01.alicdn.com\/kf\/S31ac66edff534540a9723947dc6d9ab8m.jpg\" \/><br \/>\n   <img decoding=\"async\" src=\"https:\/\/ae01.alicdn.com\/kf\/S15ed0b4439954bca932da7cfa844a7adZ.jpg\" \/><br \/>\n   <img decoding=\"async\" src=\"https:\/\/ae01.alicdn.com\/kf\/S1958c28b81a045ada83c7e8fd262bceb2.jpg\" \/><br \/>\n   <img decoding=\"async\" src=\"https:\/\/ae01.alicdn.com\/kf\/S782e4e6f7c4e487fb4204213752a43f9k.jpg\" \/><br \/>\n   <img decoding=\"async\" src=\"https:\/\/ae01.alicdn.com\/kf\/Sbed39cbfe1724c69b9d24af79b655193a.jpg\" \/><br \/>\n   <img decoding=\"async\" src=\"https:\/\/ae01.alicdn.com\/kf\/Scd1a10d8bc2244d7ad41f7b9ec6eb5feE.jpg\" \/><br \/>\n   <img decoding=\"async\" src=\"https:\/\/ae01.alicdn.com\/kf\/S9712a39cd87447a5b706db9275525ed2k.jpg\" \/><br \/>\n   <img decoding=\"async\" src=\"https:\/\/ae01.alicdn.com\/kf\/S966350a88d2e4de9b99836de0b9f6761d.jpg\" \/><br \/>\n   <img decoding=\"async\" src=\"https:\/\/ae01.alicdn.com\/kf\/S57e2889a4b104d5abfbbc3a3c50e6ed7o.jpg\" \/><br \/>\n   <img decoding=\"async\" src=\"https:\/\/ae01.alicdn.com\/kf\/S26a934eea33e4c74a50eb9c5f800d888y.jpg\" \/><br \/>\n   <img decoding=\"async\" src=\"https:\/\/ae01.alicdn.com\/kf\/S1f8392854f2746ad85045c2ef1ebc8e7Y.jpg\" \/><br \/>\n   <img decoding=\"async\" src=\"https:\/\/ae01.alicdn.com\/kf\/Sead330759b13468892b33fc18ad86710E.jpg\" \/><br \/>\n   <img decoding=\"async\" src=\"https:\/\/ae01.alicdn.com\/kf\/S4c664fe937cf414db4995bf3af5298c3t.jpg\" \/><br \/>\n   <img decoding=\"async\" src=\"https:\/\/ae01.alicdn.com\/kf\/S3811af5dfd6c45ef8ca48fbef81fbc0eF.jpg\" \/><br \/>\n   <img decoding=\"async\" src=\"https:\/\/ae01.alicdn.com\/kf\/Sf06258c3ae484ebdbb61cee20f534f06N.jpg\" \/><br \/>\n   <img decoding=\"async\" src=\"https:\/\/ae01.alicdn.com\/kf\/S5303f2a122c34b21a1ae7856a860c1b4c.jpg\" \/>\n  <\/div><\/div>\n<\/div>\n<\/div>\n<\/div>","protected":false},"excerpt":{"rendered":"<p>Chimique Hign-concern\u00e9:&nbsp;Certaines chimioth\u00e9rapies combin\u00e9es pour les lymphomes Max R\u00e9sistance \u00c0 La Vitesse Du Vent:&nbsp;30-46,2 km\/h Poids Max d\u00e9collage:&nbsp;&gt; 7kg \u00c9quip\u00e9<\/p>","protected":false},"featured_media":8125,"comment_status":"open","ping_status":"closed","template":"","meta":[],"product_brand":[],"product_cat":[15],"product_tag":[],"class_list":{"0":"post-8124","1":"product","2":"type-product","3":"status-publish","4":"has-post-thumbnail","6":"product_cat-uncategorized","8":"first","9":"instock","10":"shipping-taxable","11":"purchasable","12":"product-type-variable"},"jetpack_sharing_enabled":true,"_links":{"self":[{"href":"https:\/\/afrycom.com\/fr\/wp-json\/wp\/v2\/product\/8124","targetHints":{"allow":["GET"]}}],"collection":[{"href":"https:\/\/afrycom.com\/fr\/wp-json\/wp\/v2\/product"}],"about":[{"href":"https:\/\/afrycom.com\/fr\/wp-json\/wp\/v2\/types\/product"}],"replies":[{"embeddable":true,"href":"https:\/\/afrycom.com\/fr\/wp-json\/wp\/v2\/comments?post=8124"}],"wp:featuredmedia":[{"embeddable":true,"href":"https:\/\/afrycom.com\/fr\/wp-json\/wp\/v2\/media\/8125"}],"wp:attachment":[{"href":"https:\/\/afrycom.com\/fr\/wp-json\/wp\/v2\/media?parent=8124"}],"wp:term":[{"taxonomy":"product_brand","embeddable":true,"href":"https:\/\/afrycom.com\/fr\/wp-json\/wp\/v2\/product_brand?post=8124"},{"taxonomy":"product_cat","embeddable":true,"href":"https:\/\/afrycom.com\/fr\/wp-json\/wp\/v2\/product_cat?post=8124"},{"taxonomy":"product_tag","embeddable":true,"href":"https:\/\/afrycom.com\/fr\/wp-json\/wp\/v2\/product_tag?post=8124"}],"curies":[{"name":"wp","href":"https:\/\/api.w.org\/{rel}","templated":true}]}}