{"id":8104,"date":"2025-03-08T08:12:29","date_gmt":"2025-03-08T08:12:29","guid":{"rendered":"https:\/\/afrycom.com\/product\/xiaomi-drone-ata-jia-z908-pro-max-moteur-brushless-8k-gps-touristes-professionnels-photographie-aerienne-hd-fpv-evitement-dobstacles-quadrotor\/"},"modified":"2025-03-08T08:12:57","modified_gmt":"2025-03-08T08:12:57","slug":"xiaomi-drone-ata-jia-z908-pro-max-moteur-brushless-8k-gps-touristes-professionnels-photographie-aerienne-hd-fpv-evitement-dobstacles-quadrotor","status":"publish","type":"product","link":"https:\/\/afrycom.com\/fr\/produit\/xiaomi-drone-ata-jia-z908-pro-max-moteur-brushless-8k-gps-touristes-professionnels-photographie-aerienne-hd-fpv-evitement-dobstacles-quadrotor\/","title":{"rendered":"Xiaomi-Drone Ata Jia Z908 Pro Max, Moteur Brushless, 8K, GPS, Touristes Professionnels, Photographie A\u00e9rienne HD, FPV, \u00c9vitement d'Obstacles, Quadrotor"},"content":{"rendered":"<div class=\"product-specs-list-container\">\n<ul class=\"product-specs-list util-clearfix\">\n<li class=\"product-prop line-limit-length\"><span\n                                        class=\"property-title\">Chimique Hign-concern\u00e9 :&nbsp;<\/span><span\n                                        class=\"property-desc line-limit-length\">Actinomycine D<\/span>\n                            <\/li>\n<li class=\"product-prop line-limit-length\"><span\n                                        class=\"property-title\">Max R\u00e9sistance \u00c0 La Vitesse Du Vent:&nbsp;<\/span><span\n                                        class=\"property-desc line-limit-length\">&lt;10 km\/h<\/span>\n                            <\/li>\n<li class=\"product-prop line-limit-length\"><span\n                                        class=\"property-title\">Poids Max d\u00e9collage:&nbsp;<\/span><span\n                                        class=\"property-desc line-limit-length\">&lt;1kg<\/span>\n                            <\/li>\n<li class=\"product-prop line-limit-length\"><span\n                                        class=\"property-title\">\u00c9quip\u00e9 d&#039;un syst\u00e8me de pulv\u00e9risation d&#039;a\u00e9rosol\/volume du r\u00e9servoir de propagation:&nbsp;<\/span><span\n                                        class=\"property-desc line-limit-length\">non<\/span>\n                            <\/li>\n<li class=\"product-prop line-limit-length\"><span\n                                        class=\"property-title\">Batterie amovible\/rempla\u00e7able:&nbsp;<\/span><span\n                                        class=\"property-desc line-limit-length\">OUI<\/span>\n                            <\/li>\n<li class=\"product-prop line-limit-length\"><span\n                                        class=\"property-title\">Format vid\u00e9o [nom\/Type]:&nbsp;<\/span><span\n                                        class=\"property-desc line-limit-length\">MP4<\/span>\n                            <\/li>\n<li class=\"product-prop line-limit-length\"><span\n                                        class=\"property-title\">Poids de la batterie [g]:&nbsp;<\/span><span\n                                        class=\"property-desc line-limit-length\">30<\/span>\n                            <\/li>\n<li class=\"product-prop line-limit-length\"><span\n                                        class=\"property-title\">\u00c2ge recommand\u00e9 [ann\u00e9es]:&nbsp;<\/span><span\n                                        class=\"property-desc line-limit-length\">over 7 years old<\/span>\n                            <\/li>\n<li class=\"product-prop line-limit-length\"><span\n                                        class=\"property-title\">R\u00e9solution maximale vid\u00e9o [Pixel X Pixel]:&nbsp;<\/span><span\n                                        class=\"property-desc line-limit-length\">8K(7680*4320)<\/span>\n                            <\/li>\n<li class=\"product-prop line-limit-length\"><span\n                                        class=\"property-title\">Vitesse de descente Max [m\/s]:&nbsp;<\/span><span\n                                        class=\"property-desc line-limit-length\">18<\/span>\n                            <\/li>\n<li class=\"product-prop line-limit-length\"><span\n                                        class=\"property-title\">Cat\u00e9gorie:&nbsp;<\/span><span\n                                        class=\"property-desc line-limit-length\">Drone \u00e0 cam\u00e9ra<\/span>\n                            <\/li>\n<li class=\"product-prop line-limit-length\"><span\n                                        class=\"property-title\">Stobe:&nbsp;<\/span><span\n                                        class=\"property-desc line-limit-length\">OUI<\/span>\n                            <\/li>\n<li class=\"product-prop line-limit-length\"><span\n                                        class=\"property-title\">APPLICATION Langues Prises en Charge:&nbsp;<\/span><span\n                                        class=\"property-desc line-limit-length\">Japonais,French,Allemand,Espagnol,Cor\u00e9en,Portugais,Espagnol latino-Am\u00e9ricain,Portugais br\u00e9silien,english,Ukrainiaan,Russe<\/span>\n                            <\/li>\n<li class=\"product-prop line-limit-length\"><span\n                                        class=\"property-title\">Syst\u00e8me de d\u00e9tection:&nbsp;<\/span><span\n                                        class=\"property-desc line-limit-length\">Complet Omnidirectionnel<\/span>\n                            <\/li>\n<li class=\"product-prop line-limit-length\"><span\n                                        class=\"property-title\">Stabilisation de cam\u00e9ra:&nbsp;<\/span><span\n                                        class=\"property-desc line-limit-length\">Stabilisateur d&#039;image optique,Cardan Stabilisateur D&#039;image,Stabilisation \u00e9lectronique de l\u2019image<\/span>\n                            <\/li>\n<li class=\"product-prop line-limit-length\"><span\n                                        class=\"property-title\">Aircraf Fr\u00e9quence de Fonctionnement:&nbsp;<\/span><span\n                                        class=\"property-desc line-limit-length\">5GHz<\/span>\n                            <\/li>\n<li class=\"product-prop line-limit-length\"><span\n                                        class=\"property-title\">Temps De Vol maximum:&nbsp;<\/span><span\n                                        class=\"property-desc line-limit-length\">28min<\/span>\n                            <\/li>\n<li class=\"product-prop line-limit-length\"><span\n                                        class=\"property-title\">Drone de Capacit\u00e9 de Batterie:&nbsp;<\/span><span\n                                        class=\"property-desc line-limit-length\">3.7V 3000mAh<\/span>\n                            <\/li>\n<li class=\"product-prop line-limit-length\"><span\n                                        class=\"property-title\">Drone Poids:&nbsp;<\/span><span\n                                        class=\"property-desc line-limit-length\">400g<\/span>\n                            <\/li>\n<li class=\"product-prop line-limit-length\"><span\n                                        class=\"property-title\">Fps:&nbsp;<\/span><span\n                                        class=\"property-desc line-limit-length\">48 * fps,60 * fps<\/span>\n                            <\/li>\n<li class=\"product-prop line-limit-length\"><span\n                                        class=\"property-title\">Support de cam\u00e9ra Type:&nbsp;<\/span><span\n                                        class=\"property-desc line-limit-length\">Fixe Support de Cam\u00e9ra,Cardan \u00e0 3 axes,2 axes Cardan<\/span>\n                            <\/li>\n<li class=\"product-prop line-limit-length\"><span\n                                        class=\"property-title\">GPS:&nbsp;<\/span><span\n                                        class=\"property-desc line-limit-length\">Oui<\/span>\n                            <\/li>\n<li class=\"product-prop line-limit-length\"><span\n                                        class=\"property-title\">Connectivit\u00e9:&nbsp;<\/span><span\n                                        class=\"property-desc line-limit-length\">Contr\u00f4leur APP,T\u00e9l\u00e9commande,Connexion Wi-Fi<\/span>\n                            <\/li>\n<li class=\"product-prop line-limit-length\"><span\n                                        class=\"property-title\">Canaux de contr\u00f4le :&nbsp;<\/span><span\n                                        class=\"property-desc line-limit-length\">3 canaux<\/span>\n                            <\/li>\n<li class=\"product-prop line-limit-length\"><span\n                                        class=\"property-title\">Temps d&#039;action:&nbsp;<\/span><span\n                                        class=\"property-desc line-limit-length\">28min<\/span>\n                            <\/li>\n<li class=\"product-prop line-limit-length\"><span\n                                        class=\"property-title\">Taille de Capteur:&nbsp;<\/span><span\n                                        class=\"property-desc line-limit-length\">Aucun<\/span>\n                            <\/li>\n<li class=\"product-prop line-limit-length\"><span\n                                        class=\"property-title\">Int\u00e9gration de Cam\u00e9ra:&nbsp;<\/span><span\n                                        class=\"property-desc line-limit-length\">Cam\u00e9ra incluse<\/span>\n                            <\/li>\n<li class=\"product-prop line-limit-length\"><span\n                                        class=\"property-title\">Caract\u00e9ristiques de Cam\u00e9ra:&nbsp;<\/span><span\n                                        class=\"property-desc line-limit-length\">4K HD Video Recording,Enregistrement vid\u00e9o HD 6K,Enregistrement vid\u00e9o HD 8K<\/span>\n                            <\/li>\n<li class=\"product-prop line-limit-length\"><span\n                                        class=\"property-title\">Nom de marque :&nbsp;<\/span><span\n                                        class=\"property-desc line-limit-length\">MIJIA<\/span>\n                            <\/li>\n<li class=\"product-prop line-limit-length\"><span\n                                        class=\"property-title\">Origine :&nbsp;<\/span><span\n                                        class=\"property-desc line-limit-length\">CN (Origine)<\/span>\n                            <\/li>\n<li class=\"product-prop line-limit-length\"><span\n                                        class=\"property-title\">Photographie A\u00e9rienne:&nbsp;<\/span><span\n                                        class=\"property-desc line-limit-length\">Oui<\/span>\n                            <\/li>\n<li class=\"product-prop line-limit-length\"><span\n                                        class=\"property-title\">Certification :&nbsp;<\/span><span\n                                        class=\"property-desc line-limit-length\">CE<\/span>\n                            <\/li>\n<li class=\"product-prop line-limit-length\"><span\n                                        class=\"property-title\">Item No:&nbsp;<\/span><span\n                                        class=\"property-desc line-limit-length\">Z908 Pro Max<\/span>\n                            <\/li>\n<\/ul><\/div>\n<div class=\"detailmodule_html\">\n<div class=\"detail-desc-decorate-richtext\">\n<div class=\"detailmodule_html\">\n<div class=\"detail-desc-decorate-richtext\">\n<div>\n<div>\n<div>\n   \n  <\/div>\n<div>\n<p><kse:widget data-widget-type=\"customText\" id=\"1005000005619205\" type=\"relation\"><\/kse:widget><\/p>\n<\/p><\/div>\n<div>\n<div>\n<div>\n     &nbsp;\n    <\/div>\n<p style=\"text-align:right\" align=\"right\"><span style=\"font-size:26px\"><strong>Z908 Pro Max Drone moteur sans balais 8K GPS professionnel double HD photographie a\u00e9rienne FPV quadrotor d&#8217;\u00e9vitement d&#8217;obstacles<\/strong><\/span><\/p>\n<div>\n     &nbsp;\n    <\/div>\n<div>\n     &nbsp;\n    <\/div>\n<div>\n     &nbsp;\n    <\/div>\n<div>\n<div>\n<p style=\"text-align:left\" align=\"left\"><span style=\"font-size:20px\"><strong>Param\u00e8tres de configuration du produit :<\/strong><\/span><\/p>\n<\/p><\/div><\/div>\n<p><span style=\"font-size:18px\">1.Fr\u00e9quence\/canal de la t\u00e9l\u00e9commande : 5 GHz\/6 canaux<\/span><\/p>\n<p><span style=\"font-size:18px\">2.Mat\u00e9riau du produit : plastique\/m\u00e9tal\/composants \u00e9lectroniques<\/span><\/p>\n<p><span style=\"font-size:18px\">3.Ajustez la cam\u00e9ra : 150\u00b0 r\u00e9glage \u00e9lectrique [peut r\u00e9aliser des prises de vue \u00e0 l&#8217;envers]<\/span><\/p>\n<p><span style=\"font-size:18px\">4.Couleur du produit : noir<\/span><\/p>\n<p><span style=\"font-size:18px\">5.Mod\u00e8le de moteur : moteur sans balais 816<\/span><\/p>\n<p><span style=\"font-size:18px\">6.Mode de t\u00e9l\u00e9commande : acc\u00e9l\u00e9rateur gauche<\/span><\/p>\n<p><span style=\"font-size:18px\">7.Temps de vol : environ 30 minutes<\/span><\/p>\n<p><span style=\"font-size:18px\">8.Taille du clip de t\u00e9l\u00e9phone : 5,5 pouces<\/span><\/p>\n<p><span style=\"font-size:18px\">9.Pile de la t\u00e9l\u00e9commande : pile AAA*3<\/span><\/p>\n<p><span style=\"font-size:18px\">10.Batterie du corps : 3,7 V 3000 mAh.<\/span><\/p>\n<p><span style=\"font-size:18px\">11.Distance de la t\u00e9l\u00e9commande (pas d&#8217;interf\u00e9rence) : 5000 m<\/span><\/p>\n<p><span style=\"font-size:18px\">12.M\u00e9thode de chargement : USB<\/span><\/p>\n<p><span style=\"font-size:18px\">13.Temps de charge : environ 60 minutes<\/span><\/p>\n<p><span style=\"font-size:18px\">14.M\u00e9thode d&#8217;emballage : sac de rangement + bo\u00eete de couleur<\/span><\/p>\n<p><span style=\"font-size:18px\">15.Taille du corps: 25*25*5 cm<\/span><\/p>\n<p><span style=\"font-size:18px\">16.Taille de pliage: 13*9*5 cm<\/span><\/p>\n<p><span style=\"font-size:18px\">17.Taille de l&#8217;emballage: 23,2*8,1*18,6 cm<\/span><\/p>\n<p><span style=\"font-size:18px\">18.Signal de transmission d&#8217;image : le drone poss\u00e8de son propre signal WiFi<\/span><\/p>\n<p><span style=\"font-size:18px\">19.Distance de retour de l&#8217;image (sans interf\u00e9rence) : 5000 m<\/span><\/p>\n<p><span style=\"font-size:18px\">20.Poids du drone (batterie incluse) : 138 g<\/span><\/p>\n<p><span style=\"font-size:18px\">21.Poids du colis (bo\u00eete de couleur + sac de rangement) : 460 g<\/span><\/p>\n<div>\n     \n    <\/div>\n<p><span style=\"font-size:20px\"><strong>Fonction de t\u00e9l\u00e9commande :<\/strong><\/span><\/p>\n<p><span style=\"font-size:18px\">D\u00e9collage \u00e0 une touche\/atterrissage \u00e0 une touche\/mont\u00e9e\/descente\/direction gauche\/droite\/360\u00b0 mode rouleau\/sans t\u00eate\/vitesse et vitesse lente\/r\u00e9initialisation \u00e0 une touche\/r\u00e9glage de la direction fine\/angle de r\u00e9glage de l&#8217;objectif<\/span><\/p>\n<div>\n     \n    <\/div>\n<p><span style=\"font-size:20px\"><strong>Fonction d&#8217;application de photographie a\u00e9rienne :<\/strong><\/span><\/p>\n<p><span style=\"font-size:18px\">D\u00e9collage \u00e0 une touche\/atterrissage \u00e0 une touche\/mont\u00e9e\/descente\/direction gauche\/droite\/360\u00b0 rouleau\/mode sans t\u00eate\/vitesse\/vitesse lente\/photo\/vid\u00e9o\/commutateur double cam\u00e9ra\/reconnaissance automatique des visages photo\/capteur de gravit\u00e9\/vol en piste\/<\/span><\/p>\n<div>\n     \n    <\/div>\n<p><span style=\"font-size:20px\"><strong>Param\u00e8tres de la cam\u00e9ra :<\/strong><\/span><\/p>\n<p><span style=\"font-size:16px\">R\u00e9solution vid\u00e9o : autonome 8K 7680*4320<\/span><\/p>\n<p><span style=\"font-size:16px\">R\u00e9solution photo : 8K simple shot 7680*4320<\/span><\/p>\n<p><span style=\"font-size:16px\">R\u00e9solution vid\u00e9o : double cam\u00e9ra frontale 8K 7680*4320, cam\u00e9ra inf\u00e9rieure 7680*4320<\/span><\/p>\n<p><span style=\"font-size:16px\">R\u00e9solution photo : double cam\u00e9ra frontale 8K 7680*4320, cam\u00e9ra inf\u00e9rieure 7680*4320<\/span><\/p>\n<div>\n     \n    <\/div>\n<p><span style=\"font-size:20px\"><strong>Emballage inclus :<\/strong><\/span><\/p>\n<p><span style=\"font-size:18px\">1 drone Z908.<\/span><\/p>\n<p><span style=\"font-size:18px\">1 x t\u00e9l\u00e9commande<\/span><\/p>\n<p><span style=\"font-size:18px\">1 batterie 3,7 V 3000 MAH.<\/span><\/p>\n<p><span style=\"font-size:18px\">1 x c\u00e2ble de chargement USB<\/span><\/p>\n<p><span style=\"font-size:18px\">2 x lame de rechange<\/span><\/p>\n<p><span style=\"font-size:18px\">1 x tournevis<\/span><\/p>\n<p><span style=\"font-size:18px\">1 x manuel<\/span><\/p>\n<p><img decoding=\"async\" style=\"width:800px\" width=\"800px\" src=\"https:\/\/ae01.alicdn.com\/kf\/S5456ffdaef554fccaf86abe05ef0a6ceZ.jpg\" slate-data-type=\"image\"><\/p>\n<p><img loading=\"lazy\" decoding=\"async\" style=\"border-bottom:0px;border-left:0px;border-right:0px;border-top:0px;margin:0px;margin-bottom:0px;margin-top:0px;margin-left:0px;margin-right:0px;padding:0px;padding-bottom:0px;padding-top:0px;padding-left:0px;padding-right:0px;max-width:100%;box-sizing:border-box\" width=\"944\" height=\"2165\" src=\"https:\/\/ae01.alicdn.com\/kf\/S97a8ede287e0451386ca24c0879842baU.jpg\" slate-data-type=\"image\"><img loading=\"lazy\" decoding=\"async\" style=\"border-bottom:0px;border-left:0px;border-right:0px;border-top:0px;margin:0px;margin-bottom:0px;margin-top:0px;margin-left:0px;margin-right:0px;padding:0px;padding-bottom:0px;padding-top:0px;padding-left:0px;padding-right:0px;max-width:100%;box-sizing:border-box\" width=\"944\" height=\"1461\" src=\"https:\/\/ae01.alicdn.com\/kf\/S5a4cc12035d34f088bebd1f646ea4c8cL.jpg\" slate-data-type=\"image\"><img loading=\"lazy\" decoding=\"async\" style=\"border-bottom:0px;border-left:0px;border-right:0px;border-top:0px;margin:0px;margin-bottom:0px;margin-top:0px;margin-left:0px;margin-right:0px;padding:0px;padding-bottom:0px;padding-top:0px;padding-left:0px;padding-right:0px;max-width:100%;box-sizing:border-box\" width=\"944\" height=\"1416\" src=\"https:\/\/ae01.alicdn.com\/kf\/Sf5cc346db584462e9caaad7055cef871U.jpg\" slate-data-type=\"image\"><img loading=\"lazy\" decoding=\"async\" style=\"border-bottom:0px;border-left:0px;border-right:0px;border-top:0px;margin:0px;margin-bottom:0px;margin-top:0px;margin-left:0px;margin-right:0px;padding:0px;padding-bottom:0px;padding-top:0px;padding-left:0px;padding-right:0px;max-width:100%;box-sizing:border-box\" width=\"944\" height=\"1220\" src=\"https:\/\/ae01.alicdn.com\/kf\/Sb4c64e51905f427d9a7e835f048d785eg.jpg\" slate-data-type=\"image\"><img loading=\"lazy\" decoding=\"async\" style=\"border-bottom:0px;border-left:0px;border-right:0px;border-top:0px;margin:0px;margin-bottom:0px;margin-top:0px;margin-left:0px;margin-right:0px;padding:0px;padding-bottom:0px;padding-top:0px;padding-left:0px;padding-right:0px;max-width:100%;box-sizing:border-box\" width=\"944\" height=\"1504\" src=\"https:\/\/ae01.alicdn.com\/kf\/S61df6f778e6e4e2da11800762e4eb8cbH.jpg\" slate-data-type=\"image\"><img loading=\"lazy\" decoding=\"async\" style=\"border-bottom:0px;border-left:0px;border-right:0px;border-top:0px;margin:0px;margin-bottom:0px;margin-top:0px;margin-left:0px;margin-right:0px;padding:0px;padding-bottom:0px;padding-top:0px;padding-left:0px;padding-right:0px;max-width:100%;box-sizing:border-box\" width=\"944\" height=\"2165\" src=\"https:\/\/ae01.alicdn.com\/kf\/Sc141c047784f4698bf7a3ec430e82361F.jpg\" slate-data-type=\"image\"><img loading=\"lazy\" decoding=\"async\" style=\"border-bottom:0px;border-left:0px;border-right:0px;border-top:0px;margin:0px;margin-bottom:0px;margin-top:0px;margin-left:0px;margin-right:0px;padding:0px;padding-bottom:0px;padding-top:0px;padding-left:0px;padding-right:0px;max-width:100%;box-sizing:border-box\" width=\"944\" height=\"1420\" src=\"https:\/\/ae01.alicdn.com\/kf\/Sf2fc45f354b447a5bf0d3cdb3c9c2d8ca.jpg\" slate-data-type=\"image\"><img loading=\"lazy\" decoding=\"async\" style=\"border-bottom:0px;border-left:0px;border-right:0px;border-top:0px;margin:0px;margin-bottom:0px;margin-top:0px;margin-left:0px;margin-right:0px;padding:0px;padding-bottom:0px;padding-top:0px;padding-left:0px;padding-right:0px;max-width:100%;box-sizing:border-box\" width=\"944\" height=\"2119\" src=\"https:\/\/ae01.alicdn.com\/kf\/S6859e1d2140541dcb6bf8249c711c93f1.jpg\" slate-data-type=\"image\"><img loading=\"lazy\" decoding=\"async\" style=\"border-bottom:0px;border-left:0px;border-right:0px;border-top:0px;margin:0px;margin-bottom:0px;margin-top:0px;margin-left:0px;margin-right:0px;padding:0px;padding-bottom:0px;padding-top:0px;padding-left:0px;padding-right:0px;max-width:100%;box-sizing:border-box\" width=\"944\" height=\"2039\" src=\"https:\/\/ae01.alicdn.com\/kf\/Sa83a00a1b9774d7a9c45109ebd28c426y.jpg\" slate-data-type=\"image\"><img loading=\"lazy\" decoding=\"async\" style=\"border-bottom:0px;border-left:0px;border-right:0px;border-top:0px;margin:0px;margin-bottom:0px;margin-top:0px;margin-left:0px;margin-right:0px;padding:0px;padding-bottom:0px;padding-top:0px;padding-left:0px;padding-right:0px;max-width:100%;box-sizing:border-box\" width=\"944\" height=\"1504\" src=\"https:\/\/ae01.alicdn.com\/kf\/S45490357fba9404dbc4a5708e78d4b09O.jpg\" slate-data-type=\"image\"><img loading=\"lazy\" decoding=\"async\" style=\"border-bottom:0px;border-left:0px;border-right:0px;border-top:0px;margin:0px;margin-bottom:0px;margin-top:0px;margin-left:0px;margin-right:0px;padding:0px;padding-bottom:0px;padding-top:0px;padding-left:0px;padding-right:0px;max-width:100%;box-sizing:border-box\" width=\"944\" height=\"1503\" src=\"https:\/\/ae01.alicdn.com\/kf\/S092518a1c335406f85355aeda5daee15v.jpg\" slate-data-type=\"image\"><img loading=\"lazy\" decoding=\"async\" style=\"border-bottom:0px;border-left:0px;border-right:0px;border-top:0px;margin:0px;margin-bottom:0px;margin-top:0px;margin-left:0px;margin-right:0px;padding:0px;padding-bottom:0px;padding-top:0px;padding-left:0px;padding-right:0px;max-width:100%;box-sizing:border-box\" width=\"944\" height=\"1504\" src=\"https:\/\/ae01.alicdn.com\/kf\/S1ec8930eaee9484ba2894ed3f8233fd3l.jpg\" slate-data-type=\"image\"><img loading=\"lazy\" decoding=\"async\" style=\"border-bottom:0px;border-left:0px;border-right:0px;border-top:0px;margin:0px;margin-bottom:0px;margin-top:0px;margin-left:0px;margin-right:0px;padding:0px;padding-bottom:0px;padding-top:0px;padding-left:0px;padding-right:0px;max-width:100%;box-sizing:border-box\" width=\"944\" height=\"1415\" src=\"https:\/\/ae01.alicdn.com\/kf\/Sc269a6d553a6442eb230c30deb123e0fT.jpg\" slate-data-type=\"image\"><\/p>\n<p><img decoding=\"async\" style=\"border-bottom:0px;border-left:0px;border-right:0px;border-top:0px;margin:0px;margin-bottom:0px;margin-top:0px;margin-left:0px;margin-right:0px;padding:0px;padding-bottom:0px;padding-top:0px;padding-left:0px;padding-right:0px;max-width:100%;box-sizing:border-box\" width=\"944\" src=\"https:\/\/ae01.alicdn.com\/kf\/S42b46c337f6247ccbafa76e014c697a8a.jpg\" slate-data-type=\"image\"><\/p>\n<p><img loading=\"lazy\" decoding=\"async\" width=\"944\" height=\"2012\" src=\"https:\/\/ae01.alicdn.com\/kf\/S917d5061ec294aa98927f8098f1e2daf2.jpg\" slate-data-type=\"image\"><\/p>\n<div>\n     \n    <\/div><\/div><\/div>\n<div><\/div><\/div>\n<\/div>\n<p><\/p>\n<\/div>\n<\/div>\n<\/div>\n<\/div>","protected":false},"excerpt":{"rendered":"<p>Chimique Hign-concern\u00e9:&nbsp;Actinomycine D Max R\u00e9sistance \u00c0 La Vitesse Du Vent:&nbsp;&lt;10 km\/h Poids Max d\u00e9collage:&nbsp;&lt;1kg \u00c9quip\u00e9 d&#039;un syst\u00e8me de pulv\u00e9risation d&#039;a\u00e9rosol\/volume<\/p>","protected":false},"featured_media":8106,"comment_status":"open","ping_status":"closed","template":"","meta":[],"product_brand":[],"product_cat":[15],"product_tag":[],"class_list":{"0":"post-8104","1":"product","2":"type-product","3":"status-publish","4":"has-post-thumbnail","6":"product_cat-uncategorized","8":"first","9":"instock","10":"shipping-taxable","11":"purchasable","12":"product-type-variable"},"jetpack_sharing_enabled":true,"_links":{"self":[{"href":"https:\/\/afrycom.com\/fr\/wp-json\/wp\/v2\/product\/8104","targetHints":{"allow":["GET"]}}],"collection":[{"href":"https:\/\/afrycom.com\/fr\/wp-json\/wp\/v2\/product"}],"about":[{"href":"https:\/\/afrycom.com\/fr\/wp-json\/wp\/v2\/types\/product"}],"replies":[{"embeddable":true,"href":"https:\/\/afrycom.com\/fr\/wp-json\/wp\/v2\/comments?post=8104"}],"wp:featuredmedia":[{"embeddable":true,"href":"https:\/\/afrycom.com\/fr\/wp-json\/wp\/v2\/media\/8106"}],"wp:attachment":[{"href":"https:\/\/afrycom.com\/fr\/wp-json\/wp\/v2\/media?parent=8104"}],"wp:term":[{"taxonomy":"product_brand","embeddable":true,"href":"https:\/\/afrycom.com\/fr\/wp-json\/wp\/v2\/product_brand?post=8104"},{"taxonomy":"product_cat","embeddable":true,"href":"https:\/\/afrycom.com\/fr\/wp-json\/wp\/v2\/product_cat?post=8104"},{"taxonomy":"product_tag","embeddable":true,"href":"https:\/\/afrycom.com\/fr\/wp-json\/wp\/v2\/product_tag?post=8104"}],"curies":[{"name":"wp","href":"https:\/\/api.w.org\/{rel}","templated":true}]}}