{"id":8080,"date":"2025-03-08T08:12:24","date_gmt":"2025-03-08T08:12:24","guid":{"rendered":"https:\/\/afrycom.com\/product\/ensemble-deux-pieces-respirant-a-taille-elastique-pour-le-nombril-haut-et-pantalon-exposes-elegant-voyage\/"},"modified":"2025-08-12T13:51:09","modified_gmt":"2025-08-12T13:51:09","slug":"ensemble-deux-pieces-respirant-a-taille-elastique-pour-le-nombril-haut-et-pantalon-exposes-elegant-voyage","status":"publish","type":"product","link":"https:\/\/afrycom.com\/fr\/produit\/ensemble-deux-pieces-respirant-a-taille-elastique-pour-le-nombril-haut-et-pantalon-exposes-elegant-voyage\/","title":{"rendered":"Ensemble deux pi\u00e8ces respirant \u00e0 taille \u00e9lastique pour le nombril, haut et pantalon expos\u00e9s, \u00e9l\u00e9gant, voyage"},"content":{"rendered":"<p>&nbsp;<\/p>\n<div class=\"product-specs-list-container\">\n<ul class=\"product-specs-list util-clearfix\">\n<li class=\"product-prop line-limit-length\"><span class=\"property-title\">Saison :\u00a0<\/span><span class=\"property-desc line-limit-length\">\u00c9t\u00e9<\/span><\/li>\n<li class=\"product-prop line-limit-length\"><span class=\"property-title\">Type de tissu :\u00a0<\/span><span class=\"property-desc line-limit-length\">Mousseline<\/span><\/li>\n<li class=\"product-prop line-limit-length\"><span class=\"property-title\">D\u00e9coration :\u00a0<\/span><span class=\"property-desc line-limit-length\">Pli<\/span><\/li>\n<li class=\"product-prop line-limit-length\"><span class=\"property-title\">Style :\u00a0<\/span><span class=\"property-desc line-limit-length\">Formelle<\/span><\/li>\n<li class=\"product-prop line-limit-length\"><span class=\"property-title\">Mat\u00e9riau :\u00a0<\/span><span class=\"property-desc line-limit-length\">POLYESTER<\/span><\/li>\n<li class=\"product-prop line-limit-length\"><span class=\"property-title\">Origine :\u00a0<\/span><span class=\"property-desc line-limit-length\">CN (Origine)<\/span><\/li>\n<\/ul>\n<\/div>\n<div class=\"detailmodule_html\">\n<div class=\"detail-desc-decorate-richtext\">\n<p style=\"font-size: 22px; color: #333333; font-weight: bold; margin: 0 0 12px 0; padding-top: 20px; border-top: 1px solid #eeeeee;\">Information importante<\/p>\n<p style=\"font-size: 16px;\">Mat\u00e9riau : Polyester<\/p>\n<p style=\"font-size: 16px;\">Taille du paquet :<\/p>\n<p style=\"font-size: 16px;\">[Notre taille S] Buste : 84cm\/33.1 \", hanche : 94cm\/37\", taille : 64cm\/25.2 \", longueur : 39cm\/15.4\", \u00e9paule : 37cm\/14.6 \", Longueur du pantalon : 111cm\/43.7\", Manches : 17cm\/6.7 \"(Approx.)<br \/>\n[Notre taille M] Buste : 88cm\/34.6 \", Hanche : 98cm\/38.6\", Taille : 68cm\/26.8 \", Longueur : 40cm\/15.7\", \u00c9paule : 38cm\/15 \", longueur du pantalon : 112cm\/44.1\", manches : 18cm\/7.1 \"(environ)<br \/>\n[Notre taille L] Buste : 92cm\/36.2 \", hanche : 102cm\/40.2\", taille : 72cm\/28.3 \", longueur : 41cm\/16.1\", \u00e9paule : 39cm\/15.4 \", Longueur du pantalon : 113cm\/44.5\u2033, Manches : 19cm\/7.5 \" (Approx.)<br \/>\n[Notre taille XL] Buste : 96cm\/37.8 \", Hanche : 106cm\/41.7\", Taille : 76cm\/29.9 \", Longueur : 42cm\/16.5\", \u00e9paule 40cm\/15.7 \", longueur du pantalon : 114cm\/44.9\", manches : 20cm\/7.9 \"(environ)<br \/>\n[Notre taille 2XL] Longueur : 100cm\/39.4 \", Hanche : 110cm\/43.3\", Taille : 80cm\/31.5 \", Longueur : 43cm\/16.9\", \u00c9paule : 41cm\/16.1 \", Longueur du pantalon : 115cm\/45.3\u2033, Manches : 21cm\/8.3 \" (Approx.)<br \/>\n[Notre taille 3XL] Longueur : 44cm\/17.3 \", \u00c9paule : 42cm\/16.5\", Buste : 104cm\/40.9 \", Manches : 22cm\/8.7\", Taille : 84cm\/33.1 \", hanche : 114cm\/44.9\", longueur du pantalon : 116cm\/45.7 \"(environ)<br \/>\n[Notre taille 4XL] Longueur : 45cm\/17.7 \", \u00c9paule : 43cm\/16.9\", Poitrine : 108cm\/42.5 \", Manches : 23cm\/9.1\", Taille : 88cm\/34.6 \", Hanche : 118cm\/46.5\", Longueur du pantalon, 117cm\/46.1 \"(Approx.)<\/p>\n<p style=\"font-size: 16px;\"><span style=\"font-weight: bold; font-size: 22px;\">Aper\u00e7u :<\/span><br \/>\nCe costume d\u00e9connect\u00e9 vous permet de les r\u00e9assortir avec d'autres hauts ou pantalons diff\u00e9rents. De plus, ils sont tr\u00e8s faciles \u00e0 assortir.<br \/>\nVotre silhouette mince et charmante parlera d'elle-m\u00eame si vous portez cette robe, et beaucoup d'attention sera attir\u00e9e par votre belle silhouette.<br \/>\nFabriqu\u00e9e en polyester de haute qualit\u00e9, la robe est douce, respirante et confortable \u00e0 porter.<br \/>\nIl y a 5 tailles au choix : S, M, L, XL, 2XL.<br \/>\nIl convient aux sorties, aux f\u00eates, aux v\u00eatements quotidiens, aux rencontres, etc.<\/p>\n<p style=\"font-size: 16px;\"><span style=\"font-weight: bold; font-size: 22px;\">Remarque :<\/span><br \/>\nVeuillez consulter notre tableau des tailles et choisir la bonne taille.<br \/>\nEn raison de la diff\u00e9rence d'\u00e9clairage et de r\u00e9glage de l'\u00e9cran, la couleur de l'article peut \u00eatre l\u00e9g\u00e8rement diff\u00e9rente de celle des photos.<\/p>\n<p style=\"font-size: 16px;\"><span style=\"font-weight: bold; font-size: 22px;\">Sp\u00e9cifications :<\/span><br \/>\nStyle : Sexy<br \/>\nSexe : Femmes<br \/>\nSaison : \u00e9t\u00e9<br \/>\nLongueur du haut : court<br \/>\nType de cou : O Cou<br \/>\nLongueur du pantalon : Long<br \/>\nType d'ajustement : serr\u00e9, l\u00e2che<br \/>\nType de taille : taille haute<br \/>\nLongueur des manches : manches courtes<br \/>\nCaract\u00e9ristiques : manches courtes, couleur unie, nombril expos\u00e9, jambes amples<\/p>\n<p style=\"font-size: 16px;\"><span style=\"font-weight: bold; font-size: 22px;\">Contenu de l'emballage :<\/span><br \/>\n1 x Haut<br \/>\n1 x pantalon<\/p>\n<p>&nbsp;<\/p>\n<\/div>\n<\/div>","protected":false},"excerpt":{"rendered":"<p>&nbsp; Saison:\u00a0\u00c9t\u00e9 Type de tissu:\u00a0Mousseline D\u00e9coration:\u00a0Pli Style:\u00a0Formelle Mat\u00e9riau:\u00a0POLYESTER Origine:\u00a0CN (Origine) Information importante Mat\u00e9riau: Polyester Taille du paquet: [Notre taille S]<\/p>","protected":false},"featured_media":8081,"comment_status":"open","ping_status":"closed","template":"","meta":[],"product_brand":[],"product_cat":[4990,1451],"product_tag":[],"class_list":{"0":"post-8080","1":"product","2":"type-product","3":"status-publish","4":"has-post-thumbnail","6":"product_cat-dresses-skirts","7":"product_cat-womens-section","9":"first","10":"instock","11":"shipping-taxable","12":"purchasable","13":"product-type-variable"},"jetpack_sharing_enabled":true,"_links":{"self":[{"href":"https:\/\/afrycom.com\/fr\/wp-json\/wp\/v2\/product\/8080","targetHints":{"allow":["GET"]}}],"collection":[{"href":"https:\/\/afrycom.com\/fr\/wp-json\/wp\/v2\/product"}],"about":[{"href":"https:\/\/afrycom.com\/fr\/wp-json\/wp\/v2\/types\/product"}],"replies":[{"embeddable":true,"href":"https:\/\/afrycom.com\/fr\/wp-json\/wp\/v2\/comments?post=8080"}],"wp:featuredmedia":[{"embeddable":true,"href":"https:\/\/afrycom.com\/fr\/wp-json\/wp\/v2\/media\/8081"}],"wp:attachment":[{"href":"https:\/\/afrycom.com\/fr\/wp-json\/wp\/v2\/media?parent=8080"}],"wp:term":[{"taxonomy":"product_brand","embeddable":true,"href":"https:\/\/afrycom.com\/fr\/wp-json\/wp\/v2\/product_brand?post=8080"},{"taxonomy":"product_cat","embeddable":true,"href":"https:\/\/afrycom.com\/fr\/wp-json\/wp\/v2\/product_cat?post=8080"},{"taxonomy":"product_tag","embeddable":true,"href":"https:\/\/afrycom.com\/fr\/wp-json\/wp\/v2\/product_tag?post=8080"}],"curies":[{"name":"wp","href":"https:\/\/api.w.org\/{rel}","templated":true}]}}