{"id":8007,"date":"2025-03-08T08:12:12","date_gmt":"2025-03-08T08:12:12","guid":{"rendered":"https:\/\/afrycom.com\/product\/ensemble-deux-pieces-decontracte-pour-femmes-chemise-plissee-a-revers-pantalon-droit-taille-haute-survetement-feminin-elegant-ete-et-automne-2023\/"},"modified":"2025-08-07T16:00:26","modified_gmt":"2025-08-07T16:00:26","slug":"ensemble-deux-pieces-decontracte-pour-femmes-chemise-plissee-a-revers-pantalon-droit-taille-haute-survetement-feminin-elegant-ete-et-automne-2023","status":"publish","type":"product","link":"https:\/\/afrycom.com\/fr\/produit\/ensemble-deux-pieces-decontracte-pour-femmes-chemise-plissee-a-revers-pantalon-droit-taille-haute-survetement-feminin-elegant-ete-et-automne-2023\/","title":{"rendered":"Ensemble deux pi\u00e8ces d\u00e9contract\u00e9 pour femmes, chemise pliss\u00e9e \u00e0 revers, pantalon droit taille haute, surv\u00eatement f\u00e9minin \u00e9l\u00e9gant, \u00e9t\u00e9 et automne, 2023."},"content":{"rendered":"<div class=\"product-specs-list-container\">\n<ul class=\"product-specs-list util-clearfix\">\n<li class=\"product-prop line-limit-length\"><span\n                                        class=\"property-title\">Taille :&nbsp;<\/span><span\n                                        class=\"property-desc line-limit-length\">Taille haute<\/span>\n                            <\/li>\n<li class=\"product-prop line-limit-length\"><span\n                                        class=\"property-title\">Style de Manches :&nbsp;<\/span><span\n                                        class=\"property-desc line-limit-length\">manche de chemise<\/span>\n                            <\/li>\n<li class=\"product-prop line-limit-length\"><span\n                                        class=\"property-title\">Saison :&nbsp;<\/span><span\n                                        class=\"property-desc line-limit-length\">\u00c9t\u00e9<\/span>\n                            <\/li>\n<li class=\"product-prop line-limit-length\"><span\n                                        class=\"property-title\">Type de Motif :&nbsp;<\/span><span\n                                        class=\"property-desc line-limit-length\">Ray\u00e9<\/span>\n                            <\/li>\n<li class=\"product-prop line-limit-length\"><span\n                                        class=\"property-title\">Style de Pantalon :&nbsp;<\/span><span\n                                        class=\"property-desc line-limit-length\">Pantalon jambe large<\/span>\n                            <\/li>\n<li class=\"product-prop line-limit-length\"><span\n                                        class=\"property-title\">Longueur :&nbsp;<\/span><span\n                                        class=\"property-desc line-limit-length\">Pantalon \u00e0 la cheville<\/span>\n                            <\/li>\n<li class=\"product-prop line-limit-length\"><span\n                                        class=\"property-title\">Date de sortie :&nbsp;<\/span><span\n                                        class=\"property-desc line-limit-length\">Printemps 2023<\/span>\n                            <\/li>\n<li class=\"product-prop line-limit-length\"><span\n                                        class=\"property-title\">Style avant :&nbsp;<\/span><span\n                                        class=\"property-desc line-limit-length\">Pliss\u00e9<\/span>\n                            <\/li>\n<li class=\"product-prop line-limit-length\"><span\n                                        class=\"property-title\">Type d'ajustement :&nbsp;<\/span><span\n                                        class=\"property-desc line-limit-length\">LOSE<\/span>\n                            <\/li>\n<li class=\"product-prop line-limit-length\"><span\n                                        class=\"property-title\">Type de tissu :&nbsp;<\/span><span\n                                        class=\"property-desc line-limit-length\">Fibre chimique<\/span>\n                            <\/li>\n<li class=\"product-prop line-limit-length\"><span\n                                        class=\"property-title\">Contenu de tissu :&nbsp;<\/span><span\n                                        class=\"property-desc line-limit-length\">30% et ci-dessous<\/span>\n                            <\/li>\n<li class=\"product-prop line-limit-length\"><span\n                                        class=\"property-title\">D\u00e9coration :&nbsp;<\/span><span\n                                        class=\"property-desc line-limit-length\">Plis<\/span>\n                            <\/li>\n<li class=\"product-prop line-limit-length\"><span\n                                        class=\"property-title\">Mod\u00e8les de v\u00eatements :&nbsp;<\/span><span\n                                        class=\"property-desc line-limit-length\">LOSE<\/span>\n                            <\/li>\n<li class=\"product-prop line-limit-length\"><span\n                                        class=\"property-title\">\u00c2ge :&nbsp;<\/span><span\n                                        class=\"property-desc line-limit-length\">\u00c2GE MOYEN<\/span>\n                            <\/li>\n<li class=\"product-prop line-limit-length\"><span\n                                        class=\"property-title\">Lieu du0027origine :&nbsp;<\/span><span\n                                        class=\"property-desc line-limit-length\">Chine (continent)<\/span>\n                            <\/li>\n<li class=\"product-prop line-limit-length\"><span\n                                        class=\"property-title\">Personnalis\u00e9 :&nbsp;<\/span><span\n                                        class=\"property-desc line-limit-length\">Pas de<\/span>\n                            <\/li>\n<li class=\"product-prop line-limit-length\"><span\n                                        class=\"property-title\">Num\u00e9ro de Mod\u00e8le :&nbsp;<\/span><span\n                                        class=\"property-desc line-limit-length\">CA391<\/span>\n                            <\/li>\n<li class=\"product-prop line-limit-length\"><span\n                                        class=\"property-title\">Style :&nbsp;<\/span><span\n                                        class=\"property-desc line-limit-length\">Le sport<\/span>\n                            <\/li>\n<li class=\"product-prop line-limit-length\"><span\n                                        class=\"property-title\">Composition du Mat\u00e9riau :&nbsp;<\/span><span\n                                        class=\"property-desc line-limit-length\">\u00e9lasthanne<\/span>\n                            <\/li>\n<li class=\"product-prop line-limit-length\"><span\n                                        class=\"property-title\">Collier :&nbsp;<\/span><span\n                                        class=\"property-desc line-limit-length\">\u00c0 col rabattu<\/span>\n                            <\/li>\n<li class=\"product-prop line-limit-length\"><span\n                                        class=\"property-title\">Type de fermeture :&nbsp;<\/span><span\n                                        class=\"property-desc line-limit-length\">Seins simples<\/span>\n                            <\/li>\n<li class=\"product-prop line-limit-length\"><span\n                                        class=\"property-title\">Type de fermeture de pantalon :&nbsp;<\/span><span\n                                        class=\"property-desc line-limit-length\">Taille \u00e9lastique<\/span>\n                            <\/li>\n<li class=\"product-prop line-limit-length\"><span\n                                        class=\"property-title\">Longueur de V\u00eatement :&nbsp;<\/span><span\n                                        class=\"property-desc line-limit-length\">R\u00c9GULIER<\/span>\n                            <\/li>\n<li class=\"product-prop line-limit-length\"><span\n                                        class=\"property-title\">Longueur de Manche (cm) :&nbsp;<\/span><span\n                                        class=\"property-desc line-limit-length\">trois quarts<\/span>\n                            <\/li>\n<li class=\"product-prop line-limit-length\"><span\n                                        class=\"property-title\">Mat\u00e9riau :&nbsp;<\/span><span\n                                        class=\"property-desc line-limit-length\">SPANDEX<\/span>\n                            <\/li>\n<li class=\"product-prop line-limit-length\"><span\n                                        class=\"property-title\">Sexe :&nbsp;<\/span><span\n                                        class=\"property-desc line-limit-length\">FEMMES<\/span>\n                            <\/li>\n<li class=\"product-prop line-limit-length\"><span\n                                        class=\"property-title\">Origine :&nbsp;<\/span><span\n                                        class=\"property-desc line-limit-length\">CN (Origine)<\/span>\n                            <\/li>\n<li class=\"product-prop line-limit-length\"><span\n                                        class=\"property-title\">Type d'article :&nbsp;<\/span><span\n                                        class=\"property-desc line-limit-length\">Pantalon de costume<\/span>\n                            <\/li>\n<li class=\"product-prop line-limit-length\"><span\n                                        class=\"property-title\">CN :&nbsp;<\/span><span\n                                        class=\"property-desc line-limit-length\">Guangdong<\/span>\n                            <\/li>\n<li class=\"product-prop line-limit-length\"><span\n                                        class=\"property-title\">\u00c9lasticit\u00e9 :&nbsp;<\/span><span\n                                        class=\"property-desc line-limit-length\">L\u00e9ger Strech<\/span>\n                            <\/li>\n<\/ul><\/div>\n<div class=\"detailmodule_html\">\n<div class=\"detail-desc-decorate-richtext\">\n<p style=\"text-align:center\" align=\"center\"><img loading=\"lazy\" decoding=\"async\" width=\"775\" height=\"404\" src=\"https:\/\/ae01.alicdn.com\/kf\/Saba63eccaafb464a94f01230074e179dq.jpg\" slate-data-type=\"image\" \/><img decoding=\"async\" src=\"https:\/\/ae01.alicdn.com\/kf\/Sb239706125374054a6a1cbf9d1b20ec6X.jpeg\" slate-data-type=\"image\" \/><img decoding=\"async\" src=\"https:\/\/ae01.alicdn.com\/kf\/S61998a4ee4ac469fa5cec698d0341396P.jpeg\" slate-data-type=\"image\" \/><img decoding=\"async\" src=\"https:\/\/ae01.alicdn.com\/kf\/S3bff1dfb3d074017a5bb2a2a3549c73am.jpeg\" slate-data-type=\"image\" \/><img decoding=\"async\" src=\"https:\/\/ae01.alicdn.com\/kf\/Sa5e0ecbc4f7f46c6af152a3c5ed5af81G.jpeg\" slate-data-type=\"image\" \/><img decoding=\"async\" src=\"https:\/\/ae01.alicdn.com\/kf\/Scddd0c264bf743518cb25625212bd6e0E.jpeg\" slate-data-type=\"image\" \/><img decoding=\"async\" src=\"https:\/\/ae01.alicdn.com\/kf\/Sa64bee751ad74d72b66a776f961b39a9r.jpeg\" slate-data-type=\"image\" \/><img decoding=\"async\" src=\"https:\/\/ae01.alicdn.com\/kf\/Saaab883fd1d941c88cfd6397405b9e53l.jpeg\" slate-data-type=\"image\" \/><img decoding=\"async\" src=\"https:\/\/ae01.alicdn.com\/kf\/Scb987de351b3494d992489b8dabed03b9.jpeg\" slate-data-type=\"image\" \/><img decoding=\"async\" src=\"https:\/\/ae01.alicdn.com\/kf\/S0be0088aef9c4c2282212eb3638d73b4v.jpeg\" slate-data-type=\"image\" \/><img decoding=\"async\" src=\"https:\/\/ae01.alicdn.com\/kf\/S2d417bea2f8c4e12b2693467a712d64dA.jpeg\" slate-data-type=\"image\" \/><img decoding=\"async\" src=\"https:\/\/ae01.alicdn.com\/kf\/S915bfb66f0cc44f5840dc75ea4009bf3G.jpeg\" slate-data-type=\"image\" \/><img decoding=\"async\" src=\"https:\/\/ae01.alicdn.com\/kf\/S02c7e6cbca4f4af0936eae0aec1a1b492.jpeg\" slate-data-type=\"image\" \/><img decoding=\"async\" src=\"https:\/\/ae01.alicdn.com\/kf\/S4669b73328f047778c4b1ad19d9998e1K.jpeg\" slate-data-type=\"image\" \/><img decoding=\"async\" src=\"https:\/\/ae01.alicdn.com\/kf\/S8219f4b4f9044c75ab0ebe3b64e2c44c5.jpeg\" slate-data-type=\"image\" \/><img decoding=\"async\" src=\"https:\/\/ae01.alicdn.com\/kf\/Sb9be2649d814475cade8038d0ab183ccG.jpeg\" slate-data-type=\"image\" \/><img decoding=\"async\" src=\"https:\/\/ae01.alicdn.com\/kf\/S6ba169717be94c2087941208bf62a724d.jpeg\" slate-data-type=\"image\" \/><img decoding=\"async\" src=\"https:\/\/ae01.alicdn.com\/kf\/Sa77e3587bcdd4a57a82448f02217061aL.jpeg\" slate-data-type=\"image\" \/><img decoding=\"async\" src=\"https:\/\/ae01.alicdn.com\/kf\/S095d8dcb68254ad2ab09c4869c059bf2x.jpeg\" slate-data-type=\"image\" \/><img decoding=\"async\" src=\"https:\/\/ae01.alicdn.com\/kf\/Sc8acf21453a84b0f9b49d41b347858d1r.jpeg\" slate-data-type=\"image\" \/><img decoding=\"async\" src=\"https:\/\/ae01.alicdn.com\/kf\/S700bcefea18546268a694fa44fd7f048A.jpeg\" slate-data-type=\"image\" \/><img decoding=\"async\" src=\"https:\/\/ae01.alicdn.com\/kf\/S504c1e2eab054afe8ba159cf42e325462.jpeg\" slate-data-type=\"image\" \/><img decoding=\"async\" src=\"https:\/\/ae01.alicdn.com\/kf\/S9e2946ec8e444f318f9be63724fbba1fv.jpeg\" slate-data-type=\"image\" \/><img decoding=\"async\" src=\"https:\/\/ae01.alicdn.com\/kf\/Se9ef6c69cf9f4c968c1a2e424d555fab5.jpeg\" slate-data-type=\"image\" \/><img decoding=\"async\" src=\"https:\/\/ae01.alicdn.com\/kf\/Sa9e22b1be5f6415bbcb02fa291243829F.jpeg\" slate-data-type=\"image\" \/><img decoding=\"async\" src=\"https:\/\/ae01.alicdn.com\/kf\/Sf2d3bf34b9a041e9a7c4320e8b84b541i.jpeg\" slate-data-type=\"image\" \/><img decoding=\"async\" src=\"https:\/\/ae01.alicdn.com\/kf\/Sbda0023723ef401dbb394857902f325aX.jpeg\" slate-data-type=\"image\" \/><img decoding=\"async\" src=\"https:\/\/ae01.alicdn.com\/kf\/S54e626c4004749d89410bf21897b7ed9m.jpeg\" slate-data-type=\"image\" \/><img decoding=\"async\" src=\"https:\/\/ae01.alicdn.com\/kf\/Sdb98941ad945426999079f92abf15e3fc.jpeg\" slate-data-type=\"image\" \/><img decoding=\"async\" src=\"https:\/\/ae01.alicdn.com\/kf\/Sb4e04c036b834200bf0329a46c62bee0e.jpeg\" slate-data-type=\"image\" \/><img decoding=\"async\" src=\"https:\/\/ae01.alicdn.com\/kf\/Sbde078591e6e4725932316d829b0720bl.jpeg\" slate-data-type=\"image\" \/><img decoding=\"async\" src=\"https:\/\/ae01.alicdn.com\/kf\/Sdf1cf32772ab4d46881ba748fd7d7b779.jpeg\" slate-data-type=\"image\" \/><img decoding=\"async\" src=\"https:\/\/ae01.alicdn.com\/kf\/Sb864685719c24fd4aa049f301cd79a04Z.jpeg\" slate-data-type=\"image\" \/><img decoding=\"async\" src=\"https:\/\/ae01.alicdn.com\/kf\/S90b9004a06cf490b8df5f579bdb6862cz.jpeg\" slate-data-type=\"image\" \/><img decoding=\"async\" src=\"https:\/\/ae01.alicdn.com\/kf\/S0e6a7d5e7a3b42969de9ea5a2f02edacw.jpeg\" slate-data-type=\"image\" \/><img decoding=\"async\" src=\"https:\/\/ae01.alicdn.com\/kf\/S787b64ee52d04f9785e6022cf2a4633aQ.jpeg\" slate-data-type=\"image\" \/><img decoding=\"async\" src=\"https:\/\/ae01.alicdn.com\/kf\/S202893d125ef4096a4c837a71ddb8d72Z.jpeg\" slate-data-type=\"image\" \/><img decoding=\"async\" src=\"https:\/\/ae01.alicdn.com\/kf\/Sa50e9a6813684f34a898d9063580fcaeD.jpeg\" slate-data-type=\"image\" \/><img decoding=\"async\" src=\"https:\/\/ae01.alicdn.com\/kf\/S015d39dcd01949e9ac78b94690b8e1edp.jpeg\" slate-data-type=\"image\" \/><img decoding=\"async\" src=\"https:\/\/ae01.alicdn.com\/kf\/Sf6bc3593237a4149a414dbd16d9e277cr.jpeg\" slate-data-type=\"image\" \/><img decoding=\"async\" src=\"https:\/\/ae01.alicdn.com\/kf\/S821b9539514b4f7bb290e2f4b80b40fem.jpeg\" slate-data-type=\"image\" \/><img decoding=\"async\" src=\"https:\/\/ae01.alicdn.com\/kf\/S30e96659dc56454b99ea1843741429e0N.jpeg\" slate-data-type=\"image\" \/><img decoding=\"async\" src=\"https:\/\/ae01.alicdn.com\/kf\/Sf64cf7a1d0d74cf1910f022a770143d9u.jpeg\" slate-data-type=\"image\" \/><img decoding=\"async\" src=\"https:\/\/ae01.alicdn.com\/kf\/Sf48a67e6231e42c99dc36735b8e3838ei.jpeg\" slate-data-type=\"image\" \/><img decoding=\"async\" src=\"https:\/\/ae01.alicdn.com\/kf\/S1ffb07322dff4227933aabc3b57c161d1.jpeg\" slate-data-type=\"image\" \/><img decoding=\"async\" src=\"https:\/\/ae01.alicdn.com\/kf\/Sd4ba007fc79b4f549832c10456719596x.jpeg\" slate-data-type=\"image\" \/><img decoding=\"async\" src=\"https:\/\/ae01.alicdn.com\/kf\/S0509cbeb89da470087f28d8c0fb9c9e1b.jpeg\" slate-data-type=\"image\" \/><img decoding=\"async\" src=\"https:\/\/ae01.alicdn.com\/kf\/S5b0e5605ac5948d296c28417224c84e1c.jpeg\" slate-data-type=\"image\" \/><img decoding=\"async\" src=\"https:\/\/ae01.alicdn.com\/kf\/S86b59a75391b4045b88ba5b206ec702bL.jpeg\" slate-data-type=\"image\" \/><img decoding=\"async\" src=\"https:\/\/ae01.alicdn.com\/kf\/Sb27b725b3bec4ab6b19441ae4ae2d616q.jpeg\" slate-data-type=\"image\" \/><img decoding=\"async\" src=\"https:\/\/ae01.alicdn.com\/kf\/S36034bccd76741e7a31106681e2f2f81O.jpeg\" slate-data-type=\"image\" \/><img decoding=\"async\" src=\"https:\/\/ae01.alicdn.com\/kf\/S28343c0b05a148a693d5c2fae8c77f1cI.jpeg\" slate-data-type=\"image\" \/><img decoding=\"async\" src=\"https:\/\/ae01.alicdn.com\/kf\/S6377526a84cf40bb96ebe93b7590e7d1Y.jpeg\" slate-data-type=\"image\" \/><img decoding=\"async\" src=\"https:\/\/ae01.alicdn.com\/kf\/Sef0467e869b148bfbde61ccc49093393r.jpeg\" slate-data-type=\"image\" \/><\/p>\n<\/div>\n<\/div>","protected":false},"excerpt":{"rendered":"<p>Taille:&nbsp;Taille haute Style de Manches:&nbsp;manche de chemise Saison:&nbsp;\u00c9t\u00e9 Type de Motif:&nbsp;Ray\u00e9 Style de Pantalon:&nbsp;Pantalon jambe large Longueur:&nbsp;Pantalon \u00e0 la cheville<\/p>","protected":false},"featured_media":8009,"comment_status":"open","ping_status":"closed","template":"","meta":[],"product_brand":[],"product_cat":[4990,1451],"product_tag":[],"class_list":{"0":"post-8007","1":"product","2":"type-product","3":"status-publish","4":"has-post-thumbnail","6":"product_cat-dresses-skirts","7":"product_cat-womens-section","9":"first","10":"instock","11":"shipping-taxable","12":"purchasable","13":"product-type-variable"},"jetpack_sharing_enabled":true,"_links":{"self":[{"href":"https:\/\/afrycom.com\/fr\/wp-json\/wp\/v2\/product\/8007","targetHints":{"allow":["GET"]}}],"collection":[{"href":"https:\/\/afrycom.com\/fr\/wp-json\/wp\/v2\/product"}],"about":[{"href":"https:\/\/afrycom.com\/fr\/wp-json\/wp\/v2\/types\/product"}],"replies":[{"embeddable":true,"href":"https:\/\/afrycom.com\/fr\/wp-json\/wp\/v2\/comments?post=8007"}],"wp:featuredmedia":[{"embeddable":true,"href":"https:\/\/afrycom.com\/fr\/wp-json\/wp\/v2\/media\/8009"}],"wp:attachment":[{"href":"https:\/\/afrycom.com\/fr\/wp-json\/wp\/v2\/media?parent=8007"}],"wp:term":[{"taxonomy":"product_brand","embeddable":true,"href":"https:\/\/afrycom.com\/fr\/wp-json\/wp\/v2\/product_brand?post=8007"},{"taxonomy":"product_cat","embeddable":true,"href":"https:\/\/afrycom.com\/fr\/wp-json\/wp\/v2\/product_cat?post=8007"},{"taxonomy":"product_tag","embeddable":true,"href":"https:\/\/afrycom.com\/fr\/wp-json\/wp\/v2\/product_tag?post=8007"}],"curies":[{"name":"wp","href":"https:\/\/api.w.org\/{rel}","templated":true}]}}