{"id":7857,"date":"2025-03-08T08:12:04","date_gmt":"2025-03-08T08:12:04","guid":{"rendered":"https:\/\/afrycom.com\/product\/ensemble-deux-pieces-coupe-cintree-pour-femme-blazer-a-bouton-unique-veste-et-pantalon-plus-de-80-couleurs-personnalisees-smoking-de-grande-taille\/"},"modified":"2025-08-07T15:59:49","modified_gmt":"2025-08-07T15:59:49","slug":"ensemble-deux-pieces-coupe-cintree-pour-femme-blazer-a-bouton-unique-veste-et-pantalon-plus-de-80-couleurs-personnalisees-smoking-de-grande-taille","status":"publish","type":"product","link":"https:\/\/afrycom.com\/fr\/produit\/ensemble-deux-pieces-coupe-cintree-pour-femme-blazer-a-bouton-unique-veste-et-pantalon-plus-de-80-couleurs-personnalisees-smoking-de-grande-taille\/","title":{"rendered":"Ensemble Deux Pi\u00e8ces Coupe Cintr\u00e9e pour Femme, Blazer \u00e0 Bouton Unique, Veste et Pantalon, Plus de 80 Couleurs Personnalis\u00e9es, Smoking de Grande Taille"},"content":{"rendered":"<div class=\"product-specs-list-container\">\n<ul class=\"product-specs-list util-clearfix\">\n<li class=\"product-prop line-limit-length\"><span\n                                        class=\"property-title\">Si l'ouverture compl\u00e8te :&nbsp;<\/span><span\n                                        class=\"property-desc line-limit-length\">Oui<\/span>\n                            <\/li>\n<li class=\"product-prop line-limit-length\"><span\n                                        class=\"property-title\">Chimique Hign-concern\u00e9 :&nbsp;<\/span><span\n                                        class=\"property-desc line-limit-length\">Aucun<\/span>\n                            <\/li>\n<li class=\"product-prop line-limit-length\"><span\n                                        class=\"property-title\">Artisanat du tissage :&nbsp;<\/span><span\n                                        class=\"property-desc line-limit-length\">autre<\/span>\n                            <\/li>\n<li class=\"product-prop line-limit-length\"><span\n                                        class=\"property-title\">Saison :&nbsp;<\/span><span\n                                        class=\"property-desc line-limit-length\">Toute la saison<\/span>\n                            <\/li>\n<li class=\"product-prop line-limit-length\"><span\n                                        class=\"property-title\">Type de Motif :&nbsp;<\/span><span\n                                        class=\"property-desc line-limit-length\">Solide<\/span>\n                            <\/li>\n<li class=\"product-prop line-limit-length\"><span\n                                        class=\"property-title\">Type de tissu :&nbsp;<\/span><span\n                                        class=\"property-desc line-limit-length\">Tissu lamin\u00e9<\/span>\n                            <\/li>\n<li class=\"product-prop line-limit-length\"><span\n                                        class=\"property-title\">D\u00e9coration :&nbsp;<\/span><span\n                                        class=\"property-desc line-limit-length\">POCHES<\/span>\n                            <\/li>\n<li class=\"product-prop line-limit-length\"><span\n                                        class=\"property-title\">\u00c2ge :&nbsp;<\/span><span\n                                        class=\"property-desc line-limit-length\">\u00c2GE MOYEN<\/span>\n                            <\/li>\n<li class=\"product-prop line-limit-length\"><span\n                                        class=\"property-title\">Lieu du0027origine :&nbsp;<\/span><span\n                                        class=\"property-desc line-limit-length\">Chine (continent)<\/span>\n                            <\/li>\n<li class=\"product-prop line-limit-length\"><span\n                                        class=\"property-title\">Personnalis\u00e9 :&nbsp;<\/span><span\n                                        class=\"property-desc line-limit-length\">Oui<\/span>\n                            <\/li>\n<li class=\"product-prop line-limit-length\"><span\n                                        class=\"property-title\">Style :&nbsp;<\/span><span\n                                        class=\"property-desc line-limit-length\">Bureau Dame<\/span>\n                            <\/li>\n<li class=\"product-prop line-limit-length\"><span\n                                        class=\"property-title\">Collier :&nbsp;<\/span><span\n                                        class=\"property-desc line-limit-length\">Dentel\u00e9e<\/span>\n                            <\/li>\n<li class=\"product-prop line-limit-length\"><span\n                                        class=\"property-title\">Type de fermeture :&nbsp;<\/span><span\n                                        class=\"property-desc line-limit-length\">Bouton unique<\/span>\n                            <\/li>\n<li class=\"product-prop line-limit-length\"><span\n                                        class=\"property-title\">Type de fermeture de pantalon :&nbsp;<\/span><span\n                                        class=\"property-desc line-limit-length\">mouche fermeture \u00e9clair<\/span>\n                            <\/li>\n<li class=\"product-prop line-limit-length\"><span\n                                        class=\"property-title\">Mat\u00e9riau :&nbsp;<\/span><span\n                                        class=\"property-desc line-limit-length\">COTON, POLYESTER<\/span>\n                            <\/li>\n<li class=\"product-prop line-limit-length\"><span\n                                        class=\"property-title\">Sexe :&nbsp;<\/span><span\n                                        class=\"property-desc line-limit-length\">FEMMES<\/span>\n                            <\/li>\n<li class=\"product-prop line-limit-length\"><span\n                                        class=\"property-title\">Origine :&nbsp;<\/span><span\n                                        class=\"property-desc line-limit-length\">CN (Origine)<\/span>\n                            <\/li>\n<li class=\"product-prop line-limit-length\"><span\n                                        class=\"property-title\">Type d'article :&nbsp;<\/span><span\n                                        class=\"property-desc line-limit-length\">Pantalon de costume<\/span>\n                            <\/li>\n<li class=\"product-prop line-limit-length\"><span\n                                        class=\"property-title\">Nom de marque :&nbsp;<\/span><span\n                                        class=\"property-desc line-limit-length\">DMDRS<\/span>\n                            <\/li>\n<li class=\"product-prop line-limit-length\"><span\n                                        class=\"property-title\">CN :&nbsp;<\/span><span\n                                        class=\"property-desc line-limit-length\">Jiangsu<\/span>\n                            <\/li>\n<li class=\"product-prop line-limit-length\"><span\n                                        class=\"property-title\">\u00c9lasticit\u00e9 :&nbsp;<\/span><span\n                                        class=\"property-desc line-limit-length\">Non extensible<\/span>\n                            <\/li>\n<li class=\"product-prop line-limit-length\"><span\n                                        class=\"property-title\">Le paquet comprend :&nbsp;<\/span><span\n                                        class=\"property-desc line-limit-length\">Veste et pantalon<\/span>\n                            <\/li>\n<\/ul><\/div>\n<div class=\"detailmodule_html\">\n<div class=\"detail-desc-decorate-richtext\">\n<div class=\"detailmodule_text\">\n<p style=\"font-family:OpenSans;font-size:20px;font-weight:900;line-height:28px;white-space:pre-wrap;color:rgb(0, 0, 0);margin-bottom:12px\" class=\"detail-desc-decorate-title\" id=\"tl_1\">Le paquet comprend :<\/p>\n<p style=\"font-family:OpenSans;font-size:14px;font-weight:300;line-height:20px;white-space:pre-wrap;color:rgb(0, 0, 0);margin-bottom:12px\" class=\"detail-desc-decorate-content\" id=\"tl_2\">Blazer * 1 <br \/>Pantalon * 1<\/p>\n<\/div>\n<div class=\"detailmodule_text\">\n<p style=\"font-family:OpenSans;font-size:20px;font-weight:900;line-height:28px;white-space:pre-wrap;color:rgb(0, 0, 0);margin-bottom:12px\" class=\"detail-desc-decorate-title\" id=\"tl_3\">Tableau des tailles<\/p>\n<\/div>\n<div class=\"detailmodule_image\">\n <img decoding=\"async\" style=\"margin-bottom:10px\" class=\"detail-desc-decorate-image\" src=\"https:\/\/ae01.alicdn.com\/kf\/Sc5eec8da39074a6ea0f47c5a2cd88d7bX.jpg\" slate-data-type=\"image\" \/>\n<\/div>\n<div class=\"detailmodule_text\">\n<p style=\"font-family:OpenSans;font-size:20px;font-weight:900;line-height:28px;white-space:pre-wrap;color:rgb(0, 0, 0);margin-bottom:12px\" class=\"detail-desc-decorate-title\" id=\"tl_4\">Options de couleur<\/p>\n<\/div>\n<div class=\"detailmodule_image\">\n <img decoding=\"async\" style=\"margin-bottom:10px\" class=\"detail-desc-decorate-image\" src=\"https:\/\/ae01.alicdn.com\/kf\/Scda82a6d359e407f9cc00b21e1e8e294E.jpg\" slate-data-type=\"image\" \/><br \/>\n <img decoding=\"async\" style=\"margin-bottom:10px\" class=\"detail-desc-decorate-image\" src=\"https:\/\/ae01.alicdn.com\/kf\/S06b5562ea1174ccba87f447d27c10fd0f.jpg\" slate-data-type=\"image\" \/><br \/>\n <img decoding=\"async\" style=\"margin-bottom:10px\" class=\"detail-desc-decorate-image\" src=\"https:\/\/ae01.alicdn.com\/kf\/S51334f911c954d0f9b7496e5ee836621m.jpg\" slate-data-type=\"image\" \/>\n<\/div>\n<div class=\"detailmodule_text\">\n<p style=\"font-family:OpenSans;font-size:20px;font-weight:900;line-height:28px;white-space:pre-wrap;color:rgb(0, 0, 0);margin-bottom:12px\" class=\"detail-desc-decorate-title\" id=\"tl_5\">Montrer le mod\u00e8le<\/p>\n<\/div>\n<div class=\"detailmodule_image\">\n <img decoding=\"async\" style=\"margin-bottom:10px\" class=\"detail-desc-decorate-image\" src=\"https:\/\/ae01.alicdn.com\/kf\/Sf8fcd0f026b04e58aa42d3c68b8379e7I.jpg\" slate-data-type=\"image\" \/>\n<\/div>\n<div class=\"detailmodule_text\">\n<p style=\"font-family:OpenSans;font-size:20px;font-weight:900;line-height:28px;white-space:pre-wrap;color:rgb(0, 0, 0);margin-bottom:12px\" class=\"detail-desc-decorate-title\" id=\"tl_6\">Comment mesurer<\/p>\n<\/div>\n<div class=\"detailmodule_image\">\n <img decoding=\"async\" class=\"detail-desc-decorate-image\" src=\"https:\/\/ae01.alicdn.com\/kf\/Sa8b7586874864dea9e50f5fa3bb2e76eA.jpg\" slate-data-type=\"image\" \/>\n<\/div>\n<div class=\"detailmodule_text\">\n<p style=\"font-family:OpenSans;font-size:20px;font-weight:900;line-height:28px;white-space:pre-wrap;color:rgb(0, 0, 0);margin-bottom:12px\" class=\"detail-desc-decorate-title\" id=\"tl_7\">R\u00c9TROACTION<\/p>\n<p style=\"font-family:OpenSans;font-size:14px;font-weight:300;line-height:20px;white-space:pre-wrap;color:rgb(0, 0, 0);margin-bottom:12px\" class=\"detail-desc-decorate-content\" id=\"tl_8\">Puisque vos commentaires sont tr\u00e8s importants pour le d\u00e9veloppement de notre entreprise, nous vous invitons sinc\u00e8rement \u00e0 nous laisser des commentaires positifs si vous \u00eates satisfait de nos produits et services. Cela ne vous prendra qu'une minute. Merci de votre compr\u00e9hension.<\/p>\n<\/div>\n<p><\/p>\n<\/div>\n<\/div>","protected":false},"excerpt":{"rendered":"<p>Si l&#039;ouverture compl\u00e8te:&nbsp;Oui Chimique Hign-concern\u00e9:&nbsp;Aucun Artisanat du tissage:&nbsp;autre Saison:&nbsp;Toute la saison Type de Motif:&nbsp;Solide Type de tissu:&nbsp;Tissu lamin\u00e9 D\u00e9coration:&nbsp;POCHES \u00c2ge:&nbsp;MIDDLE<\/p>","protected":false},"featured_media":7858,"comment_status":"open","ping_status":"closed","template":"","meta":[],"product_brand":[],"product_cat":[4990,1451],"product_tag":[],"class_list":{"0":"post-7857","1":"product","2":"type-product","3":"status-publish","4":"has-post-thumbnail","6":"product_cat-dresses-skirts","7":"product_cat-womens-section","9":"first","10":"instock","11":"shipping-taxable","12":"purchasable","13":"product-type-variable"},"jetpack_sharing_enabled":true,"_links":{"self":[{"href":"https:\/\/afrycom.com\/fr\/wp-json\/wp\/v2\/product\/7857","targetHints":{"allow":["GET"]}}],"collection":[{"href":"https:\/\/afrycom.com\/fr\/wp-json\/wp\/v2\/product"}],"about":[{"href":"https:\/\/afrycom.com\/fr\/wp-json\/wp\/v2\/types\/product"}],"replies":[{"embeddable":true,"href":"https:\/\/afrycom.com\/fr\/wp-json\/wp\/v2\/comments?post=7857"}],"wp:featuredmedia":[{"embeddable":true,"href":"https:\/\/afrycom.com\/fr\/wp-json\/wp\/v2\/media\/7858"}],"wp:attachment":[{"href":"https:\/\/afrycom.com\/fr\/wp-json\/wp\/v2\/media?parent=7857"}],"wp:term":[{"taxonomy":"product_brand","embeddable":true,"href":"https:\/\/afrycom.com\/fr\/wp-json\/wp\/v2\/product_brand?post=7857"},{"taxonomy":"product_cat","embeddable":true,"href":"https:\/\/afrycom.com\/fr\/wp-json\/wp\/v2\/product_cat?post=7857"},{"taxonomy":"product_tag","embeddable":true,"href":"https:\/\/afrycom.com\/fr\/wp-json\/wp\/v2\/product_tag?post=7857"}],"curies":[{"name":"wp","href":"https:\/\/api.w.org\/{rel}","templated":true}]}}