{"id":7831,"date":"2025-03-08T08:11:55","date_gmt":"2025-03-08T08:11:55","guid":{"rendered":"https:\/\/afrycom.com\/product\/autocuiseur-de-cuisine-haute-pression-ustensiles-de-cuisine-soupe-marmite-a-viande-pour-cuisiniere-a-gaz-cuisiniere-a-induction-outil-de-cuisson-de-camping-en-plein-air-cuiseur-vapeur\/"},"modified":"2025-07-14T15:03:38","modified_gmt":"2025-07-14T15:03:38","slug":"autocuiseur-de-cuisine-haute-pression-ustensiles-de-cuisine-soupe-marmite-a-viande-pour-cuisiniere-a-gaz-cuisiniere-a-induction-outil-de-cuisson-de-camping-en-plein-air-cuiseur-vapeur","status":"publish","type":"product","link":"https:\/\/afrycom.com\/fr\/produit\/autocuiseur-de-cuisine-haute-pression-ustensiles-de-cuisine-soupe-marmite-a-viande-pour-cuisiniere-a-gaz-cuisiniere-a-induction-outil-de-cuisson-de-camping-en-plein-air-cuiseur-vapeur\/","title":{"rendered":"Autocuiseur de cuisine haute pression, ustensiles de cuisine, soupe, marmite \u00e0 viande pour cuisini\u00e8re \u00e0 gaz, cuisini\u00e8re \u00e0 induction, outil de cuisson de camping en plein air, cuiseur vapeur"},"content":{"rendered":"<p>&nbsp;<\/p>\n<div class=\"product-specs-list-container\">\n<ul class=\"product-specs-list util-clearfix\">\n<li class=\"product-prop line-limit-length\"><span class=\"property-title\">Chimique Hign-concern\u00e9 :\u00a0<\/span><span class=\"property-desc line-limit-length\">Aucun<\/span><\/li>\n<li class=\"product-prop line-limit-length\"><span class=\"property-title\">Supporte le calendrier des rendez-vous :\u00a0<\/span><span class=\"property-desc line-limit-length\">Pas de<\/span><\/li>\n<li class=\"product-prop line-limit-length\"><span class=\"property-title\">Est affichage en cristal liquide :\u00a0<\/span><span class=\"property-desc line-limit-length\">Pas de<\/span><\/li>\n<li class=\"product-prop line-limit-length\"><span class=\"property-title\">Diam\u00e8tre :\u00a0<\/span><span class=\"property-desc line-limit-length\">22cm<\/span><\/li>\n<li class=\"product-prop line-limit-length\"><span class=\"property-title\">Chauffage :\u00a0<\/span><span class=\"property-desc line-limit-length\">Chauffage du ch\u00e2ssis<\/span><\/li>\n<li class=\"product-prop line-limit-length\"><span class=\"property-title\">Mode de contr\u00f4le :\u00a0<\/span><span class=\"property-desc line-limit-length\">M\u00e9canique<\/span><\/li>\n<li class=\"product-prop line-limit-length\"><span class=\"property-title\">Fonction :\u00a0<\/span><span class=\"property-desc line-limit-length\">vapeur<\/span><\/li>\n<li class=\"product-prop line-limit-length\"><span class=\"property-title\">Po\u00eale applicable :\u00a0<\/span><span class=\"property-desc line-limit-length\">Cuiseur \u00e0 gaz<\/span><\/li>\n<li class=\"product-prop line-limit-length\"><span class=\"property-title\">Caract\u00e9ristique :\u00a0<\/span><span class=\"property-desc line-limit-length\">Respect de l'environnement<\/span><\/li>\n<li class=\"product-prop line-limit-length\"><span class=\"property-title\">Certification :\u00a0<\/span><span class=\"property-desc line-limit-length\">CE \/ UE,SGS<\/span><\/li>\n<li class=\"product-prop line-limit-length\"><span class=\"property-title\">Num\u00e9ro de Mod\u00e8le :\u00a0<\/span><span class=\"property-desc line-limit-length\">U128<\/span><\/li>\n<li class=\"product-prop line-limit-length\"><span class=\"property-title\">Mat\u00e9riau :\u00a0<\/span><span class=\"property-desc line-limit-length\">alliage d'aluminium<\/span><\/li>\n<li class=\"product-prop line-limit-length\"><span class=\"property-title\">Type de m\u00e9tal :\u00a0<\/span><span class=\"property-desc line-limit-length\">alliage d'aluminium<\/span><\/li>\n<li class=\"product-prop line-limit-length\"><span class=\"property-title\">Capacit\u00e9 :\u00a0<\/span><span class=\"property-desc line-limit-length\">4-5L<\/span><\/li>\n<li class=\"product-prop line-limit-length\"><span class=\"property-title\">Origine :\u00a0<\/span><span class=\"property-desc line-limit-length\">CN (Origine)<\/span><\/li>\n<li class=\"product-prop line-limit-length\"><span class=\"property-title\">Type :\u00a0<\/span><span class=\"property-desc line-limit-length\">Autocuiseurs<\/span><\/li>\n<\/ul>\n<\/div>\n<div class=\"detailmodule_html\">\n<div class=\"detail-desc-decorate-richtext\">\n<div>\n<p id=\"tl_1\">TYPE A :<\/p>\n<div>\n<div>\n<div>\n<div>\n<p id=\"tl_2\">Convient uniquement pour la cuisini\u00e8re \u00e0 gaz<\/p>\n<\/div>\n<\/div>\n<\/div>\n<\/div>\n<div><\/div>\n<div>\n<div>\n<p id=\"tl_3\">TYPE B :<\/p>\n<div>\n<div>\n<p id=\"tl_4\">Convient pour cuisini\u00e8re \u00e0 gaz et cuisini\u00e8re \u00e0 induction \u00e9lectrique<\/p>\n<\/div>\n<\/div>\n<\/div>\n<\/div>\n<div><\/div>\n<p id=\"tl_5\">Contenu d'emballage<br \/>\n1 x Autocuiseur<br \/>\nSp\u00e9cifications techniques :<br \/>\nCouleur : Argent<br \/>\nMat\u00e9riau : alliage d'aluminium<br \/>\n? 3.0L - 18CM\/7.1 \"pour 1-2 personnes<br \/>\nDiam\u00e8tre : 18CM \/ 7\u2033.<br \/>\nHauteur : 13CM \/ 5.1\"<br \/>\n? 4.0L - 20CM\/7.9 \"pour 2-3 personnes<br \/>\nDiam\u00e8tre : 20CM \/ 7.9\u2033.<br \/>\nHauteur : 14.5CM\/5.7\"<br \/>\n? 5L - 22CM\/8.7 \"pour 3-5 personnes<br \/>\nDiam\u00e8tre : 22CM \/ 8.7\u2033.<br \/>\nHauteur : 15.5cm\/6.1\"<br \/>\nCaract\u00e9ristiques et avantages :<br \/>\n\u25cf Fabriqu\u00e9 en alliage d'aluminium antirouille et de gros calibre.<br \/>\n\u25cf Dispositif de surveillance de la pression dans la poign\u00e9e, syst\u00e8me de couvercle \u00e0 verrouillage s\u00fbr et soupape de d\u00e9charge de surpression.<br \/>\n\u25cf Poign\u00e9es tactiles froides avec couvercle de verrouillage de s\u00e9curit\u00e9.<br \/>\n\u25cf Facile \u00e0 utiliser et \u00e0 nettoyer.<br \/>\n\u25cf Id\u00e9al pour les haricots, les viandes, les l\u00e9gumes, les soupes et plus encore.<br \/>\n\u25cf Ne peut \u00eatre utilis\u00e9 qu'avec un feu ouvert comme une cuisini\u00e8re \u00e0 gaz et du bois de chauffage.<br \/>\nAvis :<br \/>\n1. Veuillez accepter une erreur de 1 \u00e0 3mm en raison de la mesure manuelle. Veuillez vous assurer que cela ne vous d\u00e9range pas avant d'ench\u00e9rir.<br \/>\n2. La couleur peut varier en fonction de la diff\u00e9rence d'affichage, veuillez comprendre.<br \/>\n3. Ne peut \u00eatre utilis\u00e9 qu'avec un feu ouvert comme une cuisini\u00e8re \u00e0 gaz et du bois de chauffage.<\/p>\n<div style=\"text-align: center;\" align=\"center\">\n<p><img decoding=\"async\" class=\"desimg\" style=\"display: inline-block;\" src=\"https:\/\/ae01.alicdn.com\/kf\/S53bb801cc28e4178a44e02322899e1c01.jpg?width=1200&amp;height=1200&amp;hash=2400\" \/><\/p>\n<p><img decoding=\"async\" class=\"desimg\" style=\"display: inline-block;\" src=\"https:\/\/ae01.alicdn.com\/kf\/Sa7639a3d33664ae4a8af0b71d32ed845c.jpg?width=1200&amp;height=1200&amp;hash=2400\" \/><\/p>\n<p><img decoding=\"async\" class=\"desimg\" style=\"display: inline-block;\" src=\"https:\/\/ae01.alicdn.com\/kf\/S90b1784fca214b1cb19f584ad5a4df2cK.jpg?width=1200&amp;height=1200&amp;hash=2400\" \/><\/p>\n<p><img decoding=\"async\" class=\"desimg\" style=\"display: inline-block;\" src=\"https:\/\/ae01.alicdn.com\/kf\/Sd7bd3f9e196c45d49380401e6d68689dH.jpg?width=1200&amp;height=1004&amp;hash=2204\" \/><\/p>\n<\/div>\n<div style=\"text-align: center;\" align=\"center\">\n<p><img decoding=\"async\" src=\"https:\/\/ae01.alicdn.com\/kf\/S7de5a47f25c04f9782f4188956d1d3068.jpg?width=1200&amp;height=1200&amp;hash=2400\" \/><\/p>\n<p><img decoding=\"async\" class=\"desimg\" style=\"display: inline-block;\" src=\"https:\/\/ae01.alicdn.com\/kf\/S2cd5b643792e408a8d6d22f5dff585f4r.jpg?width=1200&amp;height=1200&amp;hash=2400\" \/><\/p>\n<p><img decoding=\"async\" class=\"desimg\" style=\"display: inline-block;\" src=\"https:\/\/ae01.alicdn.com\/kf\/S022a425857a746a9ae91953ec640ec49e.jpg?width=1200&amp;height=1200&amp;hash=2400\" \/><\/p>\n<p><img decoding=\"async\" class=\"desimg\" style=\"display: inline-block;\" src=\"https:\/\/ae01.alicdn.com\/kf\/S677d9fda29494fcbb7121ba8f6d8417b9.jpg?width=1200&amp;height=1200&amp;hash=2400\" \/><\/p>\n<p><img decoding=\"async\" class=\"desimg\" style=\"display: inline-block;\" src=\"https:\/\/ae01.alicdn.com\/kf\/Sb34d0d9d22a04288bd6cc2f11255ce81F.jpg?width=1200&amp;height=1200&amp;hash=2400\" \/><\/p>\n<p><img decoding=\"async\" class=\"desimg\" style=\"display: inline-block;\" src=\"https:\/\/ae01.alicdn.com\/kf\/Sb22cc7b733844e038b4209d396f77edcW.jpg?width=1200&amp;height=1200&amp;hash=2400\" \/><\/p>\n<p><img decoding=\"async\" class=\"desimg\" style=\"display: inline-block;\" src=\"https:\/\/ae01.alicdn.com\/kf\/Sca91fd78f5134fd3bbef55580976c42cl.jpg?width=1200&amp;height=1200&amp;hash=2400\" \/><\/p>\n<p><img decoding=\"async\" class=\"desimg\" style=\"display: inline-block;\" src=\"https:\/\/ae01.alicdn.com\/kf\/Sd0b844fe9bb9470b9536b5b8ed65b893V.jpg?width=1200&amp;height=1200&amp;hash=2400\" \/><\/p>\n<p><img decoding=\"async\" class=\"desimg\" style=\"display: inline-block;\" src=\"https:\/\/ae01.alicdn.com\/kf\/S94b9801f5d824dc28905ccabe32a5567V.jpg?width=1200&amp;height=1200&amp;hash=2400\" \/><\/p>\n<p><img decoding=\"async\" class=\"desimg\" style=\"display: inline-block;\" src=\"https:\/\/ae01.alicdn.com\/kf\/S951f9ae1d21d4d22a861ded8b081c8c13.jpg?width=1200&amp;height=1200&amp;hash=2400\" \/><\/p>\n<p><img decoding=\"async\" class=\"desimg\" style=\"display: inline-block;\" src=\"https:\/\/ae01.alicdn.com\/kf\/Sa61e61cea330476da6d939bbae6a62bby.jpg?width=1200&amp;height=1200&amp;hash=2400\" \/><\/p>\n<p><img decoding=\"async\" class=\"desimg\" style=\"display: inline-block;\" src=\"https:\/\/ae01.alicdn.com\/kf\/S6880c46c75e4424e8d6b740953f4e1a2j.jpg?width=1200&amp;height=1200&amp;hash=2400\" \/><\/p>\n<\/div>\n<p>&nbsp;<\/p>\n<\/div>\n<\/div>\n<\/div>","protected":false},"excerpt":{"rendered":"<p>&nbsp; Chimique Hign-concern\u00e9:\u00a0Aucun Supporte le calendrier des rendez-vous:\u00a0Pas de Est affichage en cristal liquide:\u00a0Pas de Diam\u00e8tre:\u00a022cm Chauffage:\u00a0Chauffage du ch\u00e2ssis Mode<\/p>","protected":false},"featured_media":7832,"comment_status":"open","ping_status":"closed","template":"","meta":[],"product_brand":[],"product_cat":[4930,4932,31],"product_tag":[],"class_list":{"0":"post-7831","1":"product","2":"type-product","3":"status-publish","4":"has-post-thumbnail","6":"product_cat-kitchen-dining","7":"product_cat-pressure-cookers","8":"product_cat-small-kitchen-appliances-appliances","10":"first","11":"instock","12":"shipping-taxable","13":"purchasable","14":"product-type-variable"},"jetpack_sharing_enabled":true,"_links":{"self":[{"href":"https:\/\/afrycom.com\/fr\/wp-json\/wp\/v2\/product\/7831","targetHints":{"allow":["GET"]}}],"collection":[{"href":"https:\/\/afrycom.com\/fr\/wp-json\/wp\/v2\/product"}],"about":[{"href":"https:\/\/afrycom.com\/fr\/wp-json\/wp\/v2\/types\/product"}],"replies":[{"embeddable":true,"href":"https:\/\/afrycom.com\/fr\/wp-json\/wp\/v2\/comments?post=7831"}],"wp:featuredmedia":[{"embeddable":true,"href":"https:\/\/afrycom.com\/fr\/wp-json\/wp\/v2\/media\/7832"}],"wp:attachment":[{"href":"https:\/\/afrycom.com\/fr\/wp-json\/wp\/v2\/media?parent=7831"}],"wp:term":[{"taxonomy":"product_brand","embeddable":true,"href":"https:\/\/afrycom.com\/fr\/wp-json\/wp\/v2\/product_brand?post=7831"},{"taxonomy":"product_cat","embeddable":true,"href":"https:\/\/afrycom.com\/fr\/wp-json\/wp\/v2\/product_cat?post=7831"},{"taxonomy":"product_tag","embeddable":true,"href":"https:\/\/afrycom.com\/fr\/wp-json\/wp\/v2\/product_tag?post=7831"}],"curies":[{"name":"wp","href":"https:\/\/api.w.org\/{rel}","templated":true}]}}