{"id":7817,"date":"2025-03-08T08:11:50","date_gmt":"2025-03-08T08:11:50","guid":{"rendered":"https:\/\/afrycom.com\/product\/ludo-ensemble-de-jeu-de-strategie-interaction-parent-enfant-avec-plateau-pliable-jeu-familial-de-voyage-pour-adolescents-enfants-jouet-de-fete\/"},"modified":"2025-03-08T08:12:26","modified_gmt":"2025-03-08T08:12:26","slug":"ludo-ensemble-de-jeu-de-strategie-interaction-parent-enfant-avec-plateau-pliable-jeu-familial-de-voyage-pour-adolescents-enfants-jouet-de-fete","status":"publish","type":"product","link":"https:\/\/afrycom.com\/fr\/produit\/ludo-ensemble-de-jeu-de-strategie-interaction-parent-enfant-avec-plateau-pliable-jeu-familial-de-voyage-pour-adolescents-enfants-jouet-de-fete\/","title":{"rendered":"Ludo - ensemble de jeu de strat\u00e9gie, Interaction Parent-enfant avec plateau pliable, jeu familial de voyage pour adolescents, enfants, jouet de f\u00eate"},"content":{"rendered":"<div class=\"product-specs-list-container\">\n<ul class=\"product-specs-list util-clearfix\">\n<li class=\"product-prop line-limit-length\"><span\n                                        class=\"property-title\">Chimique Hign-concern\u00e9 :&nbsp;<\/span><span\n                                        class=\"property-desc line-limit-length\">Aucun<\/span>\n                            <\/li>\n<li class=\"product-prop line-limit-length\"><span\n                                        class=\"property-title\">Avertissement :&nbsp;<\/span><span\n                                        class=\"property-desc line-limit-length\">Aucun<\/span>\n                            <\/li>\n<li class=\"product-prop line-limit-length\"><span\n                                        class=\"property-title\">Num\u00e9ro de Mod\u00e8le :&nbsp;<\/span><span\n                                        class=\"property-desc line-limit-length\">aeroplane chess<\/span>\n                            <\/li>\n<li class=\"product-prop line-limit-length\"><span\n                                        class=\"property-title\">Origine :&nbsp;<\/span><span\n                                        class=\"property-desc line-limit-length\">CN (Origine)<\/span>\n                            <\/li>\n<li class=\"product-prop line-limit-length\"><span\n                                        class=\"property-title\">Recommande L'\u00e2ge :&nbsp;<\/span><span\n                                        class=\"property-desc line-limit-length\">18 +<\/span>\n                            <\/li>\n<li class=\"product-prop line-limit-length\"><span\n                                        class=\"property-title\">Certification :&nbsp;<\/span><span\n                                        class=\"property-desc line-limit-length\">AUCUN<\/span>\n                            <\/li>\n<li class=\"product-prop line-limit-length\"><span\n                                        class=\"property-title\">MainKey1:&nbsp;<\/span><span\n                                        class=\"property-desc line-limit-length\">Chess Board Game<\/span>\n                            <\/li>\n<li class=\"product-prop line-limit-length\"><span\n                                        class=\"property-title\">MainKey2:&nbsp;<\/span><span\n                                        class=\"property-desc line-limit-length\">Flying Chess Ludo Board Game with Foldable Board<\/span>\n                            <\/li>\n<li class=\"product-prop line-limit-length\"><span\n                                        class=\"property-title\">MainKey3:&nbsp;<\/span><span\n                                        class=\"property-desc line-limit-length\">Ludo Travel Game flying chess<\/span>\n                            <\/li>\n<li class=\"product-prop line-limit-length\"><span\n                                        class=\"property-title\">MainKey4:&nbsp;<\/span><span\n                                        class=\"property-desc line-limit-length\">Flying Chess Family Game Kindergarten Toys<\/span>\n                            <\/li>\n<li class=\"product-prop line-limit-length\"><span\n                                        class=\"property-title\">MainKey5:&nbsp;<\/span><span\n                                        class=\"property-desc line-limit-length\">Chess Educational Board Strategy Game<\/span>\n                            <\/li>\n<li class=\"product-prop line-limit-length\"><span\n                                        class=\"property-title\">MainKey6:&nbsp;<\/span><span\n                                        class=\"property-desc line-limit-length\">Travel Chess Traditional Chess Game Strategy Game<\/span>\n                            <\/li>\n<\/ul><\/div>\n<div class=\"detailmodule_html\">\n<div class=\"detail-desc-decorate-richtext\">\n<div class=\"detailmodule_html\">\n<div class=\"detail-desc-decorate-richtext\">\n<div class=\"detailmodule_dynamic\"><kse:widget data-widget-type=\"customText\" id=\"1005000019042824\" type=\"relation\"><\/kse:widget><\/div>\n<p><strong>Description :<\/strong><\/p>\n<p>\u3010Jeu traditionnel\u3011 : le jeu de soci\u00e9t\u00e9 Ludo est une sorte de jeu de soci\u00e9t\u00e9 classique, un jeu de table interactif multijoueur qui divertira vos enfants pendant des heures.<br \/>\u3010Multijoueurs\u3011 : ce jouet de table est id\u00e9al pour les f\u00eates, permettant \u00e0 4 \u00e0 6 joueurs de s&#8217;engager dans un jeu passionnant d&#8217;\u00e9checs volants en 3D.<br \/>\u3010Rangement pliable\u3011 : l&#8217;ensemble de jeu de soci\u00e9t\u00e9 Ludo est fabriqu\u00e9 en mat\u00e9riau PP, conception de stockage pliable, portable et peu encombrant.<br \/>\u3010\u00c9ducatif pour enfants\u3011 : ce jeu de soci\u00e9t\u00e9 d&#8217;\u00e9checs volants n&#8217;est pas seulement un jouet, mais une merveilleuse fa\u00e7on pour les enfants d&#8217;apprendre la strat\u00e9gie, la patience et le savoir-faire sportif tout en s&#8217;amusant.<br \/>\u3010Jeu de f\u00eate\u3011 : le jeu de combat de bureau convient \u00e0 la famille, aux amis, aux enfants et aux adultes, augmente l&#8217;interaction et l&#8217;amiti\u00e9.Excellent jeu familial pour la maison, les f\u00eates, les voyages, les vacances, les rassemblements, etc.<\/p>\n<p><strong>Sp\u00e9cification :<\/strong><\/p>\n<p>Mat\u00e9riel : PP<\/p>\n<p><strong>Tableau des tailles :<\/strong><\/p>\n<p>\u00e9chiquier: 20 cm x 20 cm\/7,87 pouces x 7,87 pouces<br \/>d\u00e9s: 1 cm x 1 cm\/0,39 pouce x 0,39 pouce<br \/>Pi\u00e8ces d&#8217;\u00e9checs: 1,5 cm x 2,5 cm\/0,59 pouces x 0,98 pouce<\/p>\n<p><strong>Le forfait comprend :<\/strong><\/p>\n<p>1 jeu de soci\u00e9t\u00e9 Ludo<br \/>1 d\u00e9<br \/>12 pi\u00e8ces d&#8217;\u00e9checs<\/p>\n<p><img decoding=\"async\" src=\"https:\/\/ae01.alicdn.com\/kf\/Sfcc82441af7645e2b36f0716ca0bd24dQ.jpg\" slate-data-type=\"image\"><img decoding=\"async\" src=\"https:\/\/ae01.alicdn.com\/kf\/Sb5874f12b4a8467490ff3872b6e153a5i.jpg\" slate-data-type=\"image\"><img decoding=\"async\" title=\"Ludo Game Set Strategy Game Parent Child Interaction with Foldable Board Travel Family Game for Teens Kids Children Party Toy\" src=\"https:\/\/ae01.alicdn.com\/kf\/S12a49fe847fe42ee91eef0476fb83323p.jpg\" slate-data-type=\"image\"><\/p>\n<p><img decoding=\"async\" title=\"Ludo Game Set Strategy Game Parent Child Interaction with Foldable Board Travel Family Game for Teens Kids Children Party Toy\" src=\"https:\/\/ae01.alicdn.com\/kf\/S5ba721593256474c988440bf941d6c7ax.jpg\" slate-data-type=\"image\"><img decoding=\"async\" title=\"Ludo Game Set Strategy Game Parent Child Interaction with Foldable Board Travel Family Game for Teens Kids Children Party Toy\" src=\"https:\/\/ae01.alicdn.com\/kf\/Sdac686c644974eeaa479e2bc2d5e8b5a0.jpg\" slate-data-type=\"image\"><\/p>\n<p><img decoding=\"async\" title=\"Ludo Game Set Strategy Game Parent Child Interaction with Foldable Board Travel Family Game for Teens Kids Children Party Toy\" src=\"https:\/\/ae01.alicdn.com\/kf\/Sf55950301b4b4171a93d1e47b213b56e6.jpg\" slate-data-type=\"image\"><img decoding=\"async\" src=\"https:\/\/ae01.alicdn.com\/kf\/Sed126bc691f141cd9ac5794e39923fb7n.jpg\" slate-data-type=\"image\"><img decoding=\"async\" src=\"https:\/\/ae01.alicdn.com\/kf\/Sf8fff49f16a248919a371f11b8244141g.jpg\" slate-data-type=\"image\"><img decoding=\"async\" src=\"https:\/\/ae01.alicdn.com\/kf\/Sb28e1d7fcfca4613aa14727cad0f38e3z.jpg\" slate-data-type=\"image\"><img decoding=\"async\" src=\"https:\/\/ae01.alicdn.com\/kf\/S2d41a22ee94a4b4584dab9be8ee24ea9C.jpg\" slate-data-type=\"image\"><img decoding=\"async\" src=\"https:\/\/ae01.alicdn.com\/kf\/S419234c4ef654ef7a6158f41db800abed.jpg\" slate-data-type=\"image\"><\/p>\n<div><\/div>\n<\/div>\n<\/div>\n<p><\/div>\n<\/div>","protected":false},"excerpt":{"rendered":"<p>Chimique Hign-concern\u00e9:&nbsp;Aucun Avertissement:&nbsp;None Num\u00e9ro de Mod\u00e8le:&nbsp;aeroplane chess Origine:&nbsp;CN (Origine) Recommande L&#039;\u00e2ge:&nbsp;18 + Certification:&nbsp;NONE MainKey1:&nbsp;Chess Board Game MainKey2:&nbsp;Flying Chess Ludo Board<\/p>","protected":false},"featured_media":7819,"comment_status":"open","ping_status":"closed","template":"","meta":[],"product_brand":[],"product_cat":[15],"product_tag":[],"class_list":{"0":"post-7817","1":"product","2":"type-product","3":"status-publish","4":"has-post-thumbnail","6":"product_cat-uncategorized","8":"first","9":"instock","10":"shipping-taxable","11":"purchasable","12":"product-type-variable"},"jetpack_sharing_enabled":true,"_links":{"self":[{"href":"https:\/\/afrycom.com\/fr\/wp-json\/wp\/v2\/product\/7817","targetHints":{"allow":["GET"]}}],"collection":[{"href":"https:\/\/afrycom.com\/fr\/wp-json\/wp\/v2\/product"}],"about":[{"href":"https:\/\/afrycom.com\/fr\/wp-json\/wp\/v2\/types\/product"}],"replies":[{"embeddable":true,"href":"https:\/\/afrycom.com\/fr\/wp-json\/wp\/v2\/comments?post=7817"}],"wp:featuredmedia":[{"embeddable":true,"href":"https:\/\/afrycom.com\/fr\/wp-json\/wp\/v2\/media\/7819"}],"wp:attachment":[{"href":"https:\/\/afrycom.com\/fr\/wp-json\/wp\/v2\/media?parent=7817"}],"wp:term":[{"taxonomy":"product_brand","embeddable":true,"href":"https:\/\/afrycom.com\/fr\/wp-json\/wp\/v2\/product_brand?post=7817"},{"taxonomy":"product_cat","embeddable":true,"href":"https:\/\/afrycom.com\/fr\/wp-json\/wp\/v2\/product_cat?post=7817"},{"taxonomy":"product_tag","embeddable":true,"href":"https:\/\/afrycom.com\/fr\/wp-json\/wp\/v2\/product_tag?post=7817"}],"curies":[{"name":"wp","href":"https:\/\/api.w.org\/{rel}","templated":true}]}}