{"id":7804,"date":"2025-03-08T08:11:46","date_gmt":"2025-03-08T08:11:46","guid":{"rendered":"https:\/\/afrycom.com\/product\/camera-video-numerique-pour-enfants-avec-etuis-en-silicone-1080p-hd-2-0-jouets-pour-tout-petits-cadeaux-de-noel-et-danniversaire\/"},"modified":"2025-07-10T17:06:06","modified_gmt":"2025-07-10T17:06:06","slug":"camera-video-numerique-pour-enfants-avec-etuis-en-silicone-1080p-hd-2-0-jouets-pour-tout-petits-cadeaux-de-noel-et-danniversaire","status":"publish","type":"product","link":"https:\/\/afrycom.com\/fr\/produit\/camera-video-numerique-pour-enfants-avec-etuis-en-silicone-1080p-hd-2-0-jouets-pour-tout-petits-cadeaux-de-noel-et-danniversaire\/","title":{"rendered":"Cam\u00e9ra vid\u00e9o num\u00e9rique pour enfants avec \u00e9tuis en silicone, 1080P HD, 2.0 \", jouets pour tout-petits, cadeaux de No\u00ebl et d'anniversaire"},"content":{"rendered":"<p>&nbsp;<\/p>\n<div class=\"product-specs-list-container\">\n<ul class=\"product-specs-list util-clearfix\">\n<li class=\"product-prop line-limit-length\"><span class=\"property-title\">Est \u00e9lectrique :\u00a0<\/span><span class=\"property-desc line-limit-length\">Batterie au lithium<\/span><\/li>\n<li class=\"product-prop line-limit-length\"><span class=\"property-title\">Classification :\u00a0<\/span><span class=\"property-desc line-limit-length\">Appareil photo num\u00e9rique<\/span><\/li>\n<li class=\"product-prop line-limit-length\"><span class=\"property-title\">Caract\u00e9ristiques :\u00a0<\/span><span class=\"property-desc line-limit-length\">aliment\u00e9 par pile,T\u00e9l\u00e9commande,SOFT,Gonflable,EN PELUCHE,\u00c9ducatif,Mini,CLIGNOTANT,Sondage,Interactive<\/span><\/li>\n<li class=\"product-prop line-limit-length\"><span class=\"property-title\">Batterie :\u00a0<\/span><span class=\"property-desc line-limit-length\">400mah<\/span><\/li>\n<li class=\"product-prop line-limit-length\"><span class=\"property-title\">Sexe :\u00a0<\/span><span class=\"property-desc line-limit-length\">Unisexe<\/span><\/li>\n<li class=\"product-prop line-limit-length\"><span class=\"property-title\">Num\u00e9ro de Mod\u00e8le :\u00a0<\/span><span class=\"property-desc line-limit-length\">KC06<\/span><\/li>\n<li class=\"product-prop line-limit-length\"><span class=\"property-title\">Mat\u00e9riau :\u00a0<\/span><span class=\"property-desc line-limit-length\">CAOUTCHOUC<\/span><\/li>\n<li class=\"product-prop line-limit-length\"><span class=\"property-title\">Recommande L'\u00e2ge :\u00a0<\/span><span class=\"property-desc line-limit-length\">3-6Y,6-12y<\/span><\/li>\n<li class=\"product-prop line-limit-length\"><span class=\"property-title\">Origine :\u00a0<\/span><span class=\"property-desc line-limit-length\">CN (Origine)<\/span><\/li>\n<li class=\"product-prop line-limit-length\"><span class=\"property-title\">CN :\u00a0<\/span><span class=\"property-desc line-limit-length\">Guangdong<\/span><\/li>\n<li class=\"product-prop line-limit-length\"><span class=\"property-title\">Type d'article :\u00a0<\/span><span class=\"property-desc line-limit-length\">Cam\u00e9ras jouet<\/span><\/li>\n<li class=\"product-prop line-limit-length\"><span class=\"property-title\">Certification :\u00a0<\/span><span class=\"property-desc line-limit-length\">CE, FCC, UL<\/span><\/li>\n<li class=\"product-prop line-limit-length\"><span class=\"property-title\">Couleur :\u00a0<\/span><span class=\"property-desc line-limit-length\">Rose, violet<\/span><\/li>\n<\/ul>\n<\/div>\n<div class=\"detailmodule_html\">\n<div class=\"detail-desc-decorate-richtext\">\n<div class=\"detailmodule_text\" style=\"font-family: 'Open Sans', Roboto, Arial, Helvetica, sans-serif, SimSun; font-size: 14px; font-weight: 400; letter-spacing: normal; text-align: start; white-space: normal; color: #222222; margin: 0px; padding: 0px; box-sizing: content-box;\" align=\"start\">\n<p id=\"tl_1\">Caract\u00e9ristiques :<\/p>\n<p id=\"tl_2\" class=\"detail-desc-decorate-content\" style=\"font-family: OpenSans; font-size: 14px; font-weight: 300; letter-spacing: normal; line-height: 20px; text-align: start; white-space: pre-wrap; color: #000000; margin: 0px 0px 12px 0px; padding: 0px; box-sizing: border-box;\" align=\"start\">1.1080P HD Enfants Cam\u00e9ra Jouets 2 Pouces \u00c9cran Couleur Enfants Appareil Photo Num\u00e9rique avec \u00c9tuis En Silicone Jouets pour Cadeaux D'anniversaire De No\u00ebl<br \/>\n2. \u00c9cran LCD couleur 2.0 \"\" pour visualiser des photos et des vid\u00e9os.<br \/>\n3. Petit et l\u00e9ger, tr\u00e8s facile \u00e0 transporter. C'est le meilleur cadeau pour les enfants : anniversaire, No\u00ebl, cadeaux de vacances.<br \/>\n4. La sangle de transport int\u00e9gr\u00e9e est facile \u00e0 tenir pour les enfants.<br \/>\n5. Horodatage : la date et l'heure peuvent \u00eatre r\u00e9glables.<br \/>\n6. R\u00e9solution vid\u00e9o 1920\u00d71080, dur\u00e9e d'enregistrement vid\u00e9o d'environ 4 heures<br \/>\n7. Construit dans plusieurs petits jeux, filtre, cadre<br \/>\n8. Remarque : Veuillez ins\u00e9rer la carte Tf avant de l'utiliser, sinon vous ne pouvez pas prendre de photos.<\/p>\n<p>Sp\u00e9cification :<br \/>\nBatterie : 400mAh<br \/>\nPixel : 2000W<br \/>\nAffichage : \u00c9cran couleur de 2.0 pouces<br \/>\nObjectif : Double cam\u00e9ra<\/p>\n<p>Format de la photo : JPG<br \/>\nLangues : anglais, chinois (traditionnel), chinois (simplifi\u00e9), japonais, fran\u00e7ais, allemand, cor\u00e9en, russe et autres 12 langues<br \/>\nFormat de la cam\u00e9ra : JPEG<br \/>\nR\u00e9solution de la cam\u00e9ra : 1080P : 640\u00d7480 720P : 640\u00d7480 VGA : 640\u00d7480<br \/>\nAffichage TFT : \u00e9cran de 2.0 pouces (720\u00d7320)<\/p>\n<p>Le paquet comprend :<br \/>\n1x Cam\u00e9ra pour enfants<br \/>\n1x Manuel d'utilisation<br \/>\n1x C\u00e2ble de charge<br \/>\n1x Lani\u00e8re<\/p>\n<p>Remarque :<br \/>\n1. En raison de la mesure manuelle, la taille peut pr\u00e9senter quelques erreurs<br \/>\n2. La couleur peut varier en raison des diff\u00e9rents moniteurs<br \/>\n3. Le produit n\u00e9cessite une carte TF pour la prise de vue.<br \/>\n4. En raison du transport \u00e0 long terme, la batterie de la cam\u00e9ra pour enfants sera dans un \u00e9tat de faible puissance, veuillez la charger avant utilisation.<br \/>\n<img decoding=\"async\" src=\"https:\/\/ae01.alicdn.com\/kf\/S983695f888e04f4dbb0dca5b623753b6Z.png\" \/> <img decoding=\"async\" src=\"https:\/\/ae01.alicdn.com\/kf\/S8bc3475559774f6bbc7a33fb5f4aaa7eD.png\" \/> <img decoding=\"async\" src=\"https:\/\/ae01.alicdn.com\/kf\/Sfd4a3504ebfa42f7a1f12522e285685bj.png\" \/> <img decoding=\"async\" src=\"https:\/\/ae01.alicdn.com\/kf\/S1a99251e46c246b698dda203d9dce51al.png\" \/> <img decoding=\"async\" src=\"https:\/\/ae01.alicdn.com\/kf\/S384a7ded779043b6a4372231e919f104b.png\" \/> <img decoding=\"async\" src=\"https:\/\/ae01.alicdn.com\/kf\/Sbe1c6fbece694264af85db755a6afbb2I.png\" \/> <img decoding=\"async\" src=\"https:\/\/ae01.alicdn.com\/kf\/S1ba4d22a3a6b459c9c94fd8e3a137e86g.png\" \/> <img decoding=\"async\" src=\"https:\/\/ae01.alicdn.com\/kf\/S91911ae1cfc74b5ca1f2fa1070ae8a1db.png\" \/> <img decoding=\"async\" src=\"https:\/\/ae01.alicdn.com\/kf\/S12deb34abe274d9e8ac4cea2dd021696A.png\" \/><\/p>\n<p style=\"line-height: inherit; margin: 0px; padding: 0px; box-sizing: border-box;\">\n<\/div>\n<p>&nbsp;<\/p>\n<\/div>\n<\/div>","protected":false},"excerpt":{"rendered":"<p>&nbsp; Est \u00e9lectrique:\u00a0Batterie au lithium Classification:\u00a0Appareil photo num\u00e9rique Caract\u00e9ristiques:\u00a0aliment\u00e9 par pile,T\u00e9l\u00e9commande,SOFT,Gonflable,EN PELUCHE,\u00c9ducatif,Mini,CLIGNOTANT,Sondage,Interactive Batterie:\u00a0400mah Sexe:\u00a0Unisexe Num\u00e9ro de Mod\u00e8le:\u00a0KC06 Mat\u00e9riau:\u00a0RUBBER Recommande L&#8217;\u00e2ge:\u00a03-6Y,6-12y<\/p>","protected":false},"featured_media":7806,"comment_status":"open","ping_status":"closed","template":"","meta":[],"product_brand":[],"product_cat":[5770,35,5769],"product_tag":[],"class_list":{"0":"post-7804","1":"product","2":"type-product","3":"status-publish","4":"has-post-thumbnail","6":"product_cat-cameras","7":"product_cat-electronics","8":"product_cat-photograhy-accessories","10":"first","11":"instock","12":"shipping-taxable","13":"purchasable","14":"product-type-variable"},"jetpack_sharing_enabled":true,"_links":{"self":[{"href":"https:\/\/afrycom.com\/fr\/wp-json\/wp\/v2\/product\/7804","targetHints":{"allow":["GET"]}}],"collection":[{"href":"https:\/\/afrycom.com\/fr\/wp-json\/wp\/v2\/product"}],"about":[{"href":"https:\/\/afrycom.com\/fr\/wp-json\/wp\/v2\/types\/product"}],"replies":[{"embeddable":true,"href":"https:\/\/afrycom.com\/fr\/wp-json\/wp\/v2\/comments?post=7804"}],"wp:featuredmedia":[{"embeddable":true,"href":"https:\/\/afrycom.com\/fr\/wp-json\/wp\/v2\/media\/7806"}],"wp:attachment":[{"href":"https:\/\/afrycom.com\/fr\/wp-json\/wp\/v2\/media?parent=7804"}],"wp:term":[{"taxonomy":"product_brand","embeddable":true,"href":"https:\/\/afrycom.com\/fr\/wp-json\/wp\/v2\/product_brand?post=7804"},{"taxonomy":"product_cat","embeddable":true,"href":"https:\/\/afrycom.com\/fr\/wp-json\/wp\/v2\/product_cat?post=7804"},{"taxonomy":"product_tag","embeddable":true,"href":"https:\/\/afrycom.com\/fr\/wp-json\/wp\/v2\/product_tag?post=7804"}],"curies":[{"name":"wp","href":"https:\/\/api.w.org\/{rel}","templated":true}]}}