{"id":7790,"date":"2025-03-08T08:11:42","date_gmt":"2025-03-08T08:11:42","guid":{"rendered":"https:\/\/afrycom.com\/product\/lecteur-de-carte-sd-5-en-1-hub-usb-pour-iphone-ipad-macbook-usb-3-0-type-c-vers-sd-tf-lecteur-de-memoire-cle-usb-adaptateur-otg\/"},"modified":"2025-10-21T03:11:56","modified_gmt":"2025-10-21T03:11:56","slug":"lecteur-de-carte-sd-5-en-1-hub-usb-pour-iphone-ipad-macbook-usb-3-0-type-c-vers-sd-tf-lecteur-de-memoire-cle-usb-adaptateur-otg","status":"publish","type":"product","link":"https:\/\/afrycom.com\/fr\/produit\/lecteur-de-carte-sd-5-en-1-hub-usb-pour-iphone-ipad-macbook-usb-3-0-type-c-vers-sd-tf-lecteur-de-memoire-cle-usb-adaptateur-otg\/","title":{"rendered":"Lecteur de carte SD 5 en 1, HUB USB pour iPhone iPad MacBook USB 3.0 Type C vers SD TF, lecteur de m\u00e9moire, cl\u00e9 USB, adaptateur OTG"},"content":{"rendered":"<p>&nbsp;<\/p>\n<div class=\"product-specs-list-container\">\n<ul class=\"product-specs-list util-clearfix\">\n<li class=\"product-prop line-limit-length\"><span class=\"property-title\">Chimique Hign-concern\u00e9 :\u00a0<\/span><span class=\"property-desc line-limit-length\">Aucun<\/span><\/li>\n<li class=\"product-prop line-limit-length\"><span class=\"property-title\">Type :\u00a0<\/span><span class=\"property-desc line-limit-length\">Carte de lecture<\/span><\/li>\n<li class=\"product-prop line-limit-length\"><span class=\"property-title\">Connecteur B:\u00a0<\/span><span class=\"property-desc line-limit-length\">SD<\/span><\/li>\n<li class=\"product-prop line-limit-length\"><span class=\"property-title\">Connecteur A:\u00a0<\/span><span class=\"property-desc line-limit-length\">LIGHTNING<\/span><\/li>\n<li class=\"product-prop line-limit-length\"><span class=\"property-title\">Amplificateur:\u00a0<\/span><span class=\"property-desc line-limit-length\">Pas de<\/span><\/li>\n<li class=\"product-prop line-limit-length\"><span class=\"property-title\">Tension de Sortie:\u00a0<\/span><span class=\"property-desc line-limit-length\">5V<\/span><\/li>\n<li class=\"product-prop line-limit-length\"><span class=\"property-title\">Tension d\u2019entr\u00e9e:\u00a0<\/span><span class=\"property-desc line-limit-length\">5V<\/span><\/li>\n<li class=\"product-prop line-limit-length\"><span class=\"property-title\">Origine :\u00a0<\/span><span class=\"property-desc line-limit-length\">CN (Origine)<\/span><\/li>\n<li class=\"product-prop line-limit-length\"><span class=\"property-title\">Certification :\u00a0<\/span><span class=\"property-desc line-limit-length\">CE, ROHS<\/span><\/li>\n<\/ul>\n<\/div>\n<div class=\"detailmodule_html\">\n<div class=\"detail-desc-decorate-richtext\">\n<div class=\"detailmodule_html\">\n<div class=\"detail-desc-decorate-richtext\">\n<div style=\"margin: 10px auto 0px auto; display: inline-block; max-width: 100%;\">\n<div><img decoding=\"async\" style=\"width: 932px;\" src=\"https:\/\/ae01.alicdn.com\/kf\/Sced132a7f4a840feb295d3af441ca25au.jpg\" width=\"932px\" \/><\/div>\n<div style=\"margin-top: -27.58%;\">\n<div style=\"margin-top: 0%; margin-left: 0%; width: 20%;\"><a class=\"\" href=\"http:\/\/www.aliexpress.com\/item\/detail\/1005007793978039.html\" target=\"_blank\" rel=\"noopener\"><img decoding=\"async\" style=\"width: 186px; height: 257px;\" src=\"https:\/\/ae01.alicdn.com\/kf\/S6f467ac64d41481487cfec10148805c2E.png?width=186&amp;height=257&amp;hash=443\" width=\"186px\" height=\"257px\" \/><\/a><\/div>\n<div style=\"margin-top: -27.58%; margin-left: 20%; width: 20%;\"><a class=\"\" href=\"http:\/\/www.aliexpress.com\/item\/detail\/1005007786936364.html\" target=\"_blank\" rel=\"noopener\"><img decoding=\"async\" style=\"width: 186px; height: 257px;\" src=\"https:\/\/ae01.alicdn.com\/kf\/S6f467ac64d41481487cfec10148805c2E.png?width=186&amp;height=257&amp;hash=443\" width=\"186px\" height=\"257px\" \/><\/a><\/div>\n<div style=\"margin-top: -27.58%; margin-left: 40%; width: 20%;\"><a class=\"\" href=\"http:\/\/www.aliexpress.com\/item\/detail\/1005007786699876.html\" target=\"_blank\" rel=\"noopener\"><img decoding=\"async\" style=\"width: 186px; height: 257px;\" src=\"https:\/\/ae01.alicdn.com\/kf\/S6f467ac64d41481487cfec10148805c2E.png?width=186&amp;height=257&amp;hash=443\" width=\"186px\" height=\"257px\" \/><\/a><\/div>\n<div style=\"margin-top: -27.58%; margin-left: 60%; width: 20%;\"><a class=\"\" href=\"http:\/\/www.aliexpress.com\/item\/detail\/1005007786414788.html\" target=\"_blank\" rel=\"noopener\"><img decoding=\"async\" style=\"width: 186px; height: 257px;\" src=\"https:\/\/ae01.alicdn.com\/kf\/S6f467ac64d41481487cfec10148805c2E.png?width=186&amp;height=257&amp;hash=443\" width=\"186px\" height=\"257px\" \/><\/a><\/div>\n<div style=\"margin-top: -27.58%; margin-left: 80%; width: 20%;\"><a class=\"\" href=\"http:\/\/www.aliexpress.com\/item\/detail\/1005007813615793.html\" target=\"_blank\" rel=\"noopener\"><img decoding=\"async\" style=\"width: 186px; height: 257px;\" src=\"https:\/\/ae01.alicdn.com\/kf\/S6f467ac64d41481487cfec10148805c2E.png?width=186&amp;height=257&amp;hash=443\" width=\"186px\" height=\"257px\" \/><\/a><\/div>\n<\/div>\n<\/div>\n<p><strong><span style=\"font-size: 18px;\">\u3010Conception pour Apple\/Android\/USB A\u3011<\/span><\/strong><span style=\"font-size: 18px;\">Le lecteur de carte SD\/TF (Micro SD) prend en charge tous les iPhone avec iOS 12.0 et versions ult\u00e9rieures et iPads avec t\u00e9l\u00e9phone\/ordinateur Android iOS 12.0 ou version ult\u00e9rieure\/OTG et autres appareils avec port Type-C\/USB-c.<\/span><\/p>\n<div><\/div>\n<p>&nbsp;<\/p>\n<p><strong><span style=\"font-size: 18px;\">\u3010Lecture et \u00e9criture simultan\u00e9es et Plug and Play\u3011<\/span><\/strong><span style=\"font-size: 18px;\">Ce lecteur de carte SD USB C prend en charge la lecture et l&#8217;\u00e9criture de deux cartes simultan\u00e9ment.Vous pouvez facilement examiner des fichiers ou sauvegarder et archivre des photos et des vid\u00e9os sur des cartes SD\/TF.<\/span><\/p>\n<div><\/div>\n<p>&nbsp;<\/p>\n<p><strong><span style=\"font-size: 18px;\">\u3010Chargement pour iPhone\/iPad\u3011<\/span><\/strong><span style=\"font-size: 18px;\">Contrairement \u00e0 d&#8217;autres adaptateurs de carte SD, notre lecteur de carte SD am\u00e9lior\u00e9 dispose d&#8217;un port de chargement pour iPhone\/iPad.La charge et la lecture peuvent \u00eatre effectu\u00e9es en m\u00eame temps.<\/span><\/p>\n<div><\/div>\n<p>&nbsp;<\/p>\n<p><strong><span style=\"font-size: 18px;\">\u3010Vitesse de transfert rapide multifonction\u3011<\/span><\/strong><span style=\"font-size: 18px;\">Transfert bidirectionnel adapt\u00e9 aux appareils iOS 13-16.Importez des donn\u00e9es de la carte SD\/TF\/CF vers un t\u00e9l\u00e9phone\/pad, ou exportez le fichier du t\u00e9l\u00e9phone\/pad vers une carte SD\/TF\/CF.<\/span><\/p>\n<div><\/div>\n<p>&nbsp;<\/p>\n<p><strong><span style=\"font-size: 18px;\">\u3010Large compatibilit\u00e9\u3011<\/span><\/strong><span style=\"font-size: 18px;\">Le lecteur de carte dispose d&#8217;un emplacement SD, d&#8217;un emplacement Micro SD (TF), d&#8217;un port d&#8217;alimentation Lightning, de 2 emplacements USB A. Les emplacements SD\/TF sont compatibles avec 6 cartes m\u00e9moire diff\u00e9rentes : SD\/SDHC\/SDXC\/ Micro SD\/Micro SDHC\/Micro SDXC.<\/span><\/p>\n<div><\/div>\n<p>&nbsp;<\/p>\n<p><strong><span style=\"font-size: 18px;\">\u3010Conseil avant l&#8217;achat\u3011<\/span><\/strong><span style=\"font-size: 18px;\">Le produit prend en charge les appareils avec une m\u00e9moire lue de moins de 1 To. Les appareils avec une capacit\u00e9 d&#8217;appareil sup\u00e9rieure \u00e0 1 To ne sont pas compatibles.<\/span><\/p>\n<p><img decoding=\"async\" src=\"https:\/\/ae01.alicdn.com\/kf\/Sb980d546493c4b09aa97594b0d738446X.jpg\" \/><img decoding=\"async\" src=\"https:\/\/ae01.alicdn.com\/kf\/S9e555c67f4184f7591de4c00e442d977v.jpg\" \/><img decoding=\"async\" src=\"https:\/\/ae01.alicdn.com\/kf\/Sb059d6ba7a53422abeb4ce94d623f6d91.jpg\" \/><img decoding=\"async\" src=\"https:\/\/ae01.alicdn.com\/kf\/Sbf755fa3aeab4bf3b8110dbaad6466caC.jpg\" \/><\/p>\n<\/div>\n<\/div>\n<p>&nbsp;<\/p>\n<\/div>\n<\/div>","protected":false},"excerpt":{"rendered":"<p>&nbsp; Chimique Hign-concern\u00e9:\u00a0Aucun Type:\u00a0Carte de lecture Connecteur B:\u00a0SD Connecteur A:\u00a0LIGHTNING Amplificateur:\u00a0Pas de Tension de Sortie:\u00a05V Tension d\u2019entr\u00e9e:\u00a05V Origine:\u00a0CN (Origine) Certification:\u00a0CE,ROHS<\/p>","protected":false},"featured_media":7791,"comment_status":"open","ping_status":"closed","template":"","meta":[],"product_brand":[],"product_cat":[85,35],"product_tag":[],"class_list":{"0":"post-7790","1":"product","2":"type-product","3":"status-publish","4":"has-post-thumbnail","6":"product_cat-accessories","7":"product_cat-electronics","9":"first","10":"instock","11":"shipping-taxable","12":"purchasable","13":"product-type-variable"},"jetpack_sharing_enabled":true,"_links":{"self":[{"href":"https:\/\/afrycom.com\/fr\/wp-json\/wp\/v2\/product\/7790","targetHints":{"allow":["GET"]}}],"collection":[{"href":"https:\/\/afrycom.com\/fr\/wp-json\/wp\/v2\/product"}],"about":[{"href":"https:\/\/afrycom.com\/fr\/wp-json\/wp\/v2\/types\/product"}],"replies":[{"embeddable":true,"href":"https:\/\/afrycom.com\/fr\/wp-json\/wp\/v2\/comments?post=7790"}],"wp:featuredmedia":[{"embeddable":true,"href":"https:\/\/afrycom.com\/fr\/wp-json\/wp\/v2\/media\/7791"}],"wp:attachment":[{"href":"https:\/\/afrycom.com\/fr\/wp-json\/wp\/v2\/media?parent=7790"}],"wp:term":[{"taxonomy":"product_brand","embeddable":true,"href":"https:\/\/afrycom.com\/fr\/wp-json\/wp\/v2\/product_brand?post=7790"},{"taxonomy":"product_cat","embeddable":true,"href":"https:\/\/afrycom.com\/fr\/wp-json\/wp\/v2\/product_cat?post=7790"},{"taxonomy":"product_tag","embeddable":true,"href":"https:\/\/afrycom.com\/fr\/wp-json\/wp\/v2\/product_tag?post=7790"}],"curies":[{"name":"wp","href":"https:\/\/api.w.org\/{rel}","templated":true}]}}