{"id":7767,"date":"2025-03-08T08:11:34","date_gmt":"2025-03-08T08:11:34","guid":{"rendered":"https:\/\/afrycom.com\/product\/hub-usb-c-adaptateur-dongle-avec-4k-hdmi-vga-type-c-pd-rj45-sd-tf-lecteur-de-carte-pour-macplepro-air-dallas-ipad\/"},"modified":"2026-02-03T15:19:37","modified_gmt":"2026-02-03T15:19:37","slug":"hub-usb-c-adaptateur-dongle-avec-4k-hdmi-vga-type-c-pd-rj45-sd-tf-lecteur-de-carte-pour-macplepro-air-dallas-ipad","status":"publish","type":"product","link":"https:\/\/afrycom.com\/fr\/produit\/hub-usb-c-adaptateur-dongle-avec-4k-hdmi-vga-type-c-pd-rj45-sd-tf-lecteur-de-carte-pour-macplepro-air-dallas-ipad\/","title":{"rendered":"HUB USB C, adaptateur dongle avec 4K HDMI\/VGA\/Type C PD\/RJ45\/ SD\/TF, lecteur de carte pour MacPlePro\/Air Dallas iPad"},"content":{"rendered":"<p>&nbsp;<\/p>\n<div class=\"product-specs-list-container\">\n<ul class=\"product-specs-list util-clearfix\">\n<li class=\"product-prop line-limit-length\"><span class=\"property-title\">Chimique Hign-concern\u00e9 :\u00a0<\/span><span class=\"property-desc line-limit-length\">Aucun<\/span><\/li>\n<li class=\"product-prop line-limit-length\"><span class=\"property-title\">Prise standard :\u00a0<\/span><span class=\"property-desc line-limit-length\">Aucun<\/span><\/li>\n<li class=\"product-prop line-limit-length\"><span class=\"property-title\">Paquet :\u00a0<\/span><span class=\"property-desc line-limit-length\">Oui<\/span><\/li>\n<li class=\"product-prop line-limit-length\"><span class=\"property-title\">Num\u00e9ro de Mod\u00e8le :\u00a0<\/span><span class=\"property-desc line-limit-length\">TYPE-C to HDMI-compatible<\/span><\/li>\n<li class=\"product-prop line-limit-length\"><span class=\"property-title\">Certification :\u00a0<\/span><span class=\"property-desc line-limit-length\">CE<\/span><\/li>\n<li class=\"product-prop line-limit-length\"><span class=\"property-title\">Fonction :\u00a0<\/span><span class=\"property-desc line-limit-length\">Compatible HDMI\/lecteur de carte<\/span><\/li>\n<li class=\"product-prop line-limit-length\"><span class=\"property-title\">Standard :\u00a0<\/span><span class=\"property-desc line-limit-length\">USB 3.0<\/span><\/li>\n<li class=\"product-prop line-limit-length\"><span class=\"property-title\">Ports :\u00a0<\/span><span class=\"property-desc line-limit-length\">11<\/span><\/li>\n<li class=\"product-prop line-limit-length\"><span class=\"property-title\">Type D'interface :\u00a0<\/span><span class=\"property-desc line-limit-length\">usb type-c<\/span><\/li>\n<li class=\"product-prop line-limit-length\"><span class=\"property-title\">Nom de marque :\u00a0<\/span><span class=\"property-desc line-limit-length\">FEIWIMI<\/span><\/li>\n<li class=\"product-prop line-limit-length\"><span class=\"property-title\">Origine :\u00a0<\/span><span class=\"property-desc line-limit-length\">CN (Origine)<\/span><\/li>\n<li class=\"product-prop line-limit-length\"><span class=\"property-title\">Nom du produit :\u00a0<\/span><span class=\"property-desc line-limit-length\">USB C HUB to HDMI-compatible<\/span><\/li>\n<li class=\"product-prop line-limit-length\"><span class=\"property-title\">HDMI-compatible:\u00a0<\/span><span class=\"property-desc line-limit-length\">4K@30Hz<\/span><\/li>\n<li class=\"product-prop line-limit-length\"><span class=\"property-title\">USB 3.0:\u00a0<\/span><span class=\"property-desc line-limit-length\">5Gbps<\/span><\/li>\n<li class=\"product-prop line-limit-length\"><span class=\"property-title\">USB C:\u00a0<\/span><span class=\"property-desc line-limit-length\">PD 87W<\/span><\/li>\n<li class=\"product-prop line-limit-length\"><span class=\"property-title\">SD Slot:\u00a0<\/span><span class=\"property-desc line-limit-length\">104MB\/s<\/span><\/li>\n<li class=\"product-prop line-limit-length\"><span class=\"property-title\">TF Slot:\u00a0<\/span><span class=\"property-desc line-limit-length\">104MB\/s<\/span><\/li>\n<\/ul>\n<\/div>\n<div class=\"detailmodule_html\">\n<div class=\"detail-desc-decorate-richtext\">\n<div class=\"detailmodule_text\">\n<div class=\"detailmodule_html\">\n<div class=\"detail-desc-decorate-richtext\">\n<div>\n<div>\n<div><\/div>\n<div>\n<span style=\"font-family: Arial, Helvetica, sans-serif;\"><span id=\"tl_1\" style=\"font-size: 20px;\">Il y a<\/span><\/span><br \/>\n<span style=\"font-family: Arial, Helvetica, sans-serif;\"><span style=\"font-size: 20px;\"><span id=\"tl_2\" style=\"color: #d33115;\">4 mod\u00e8les<\/span><\/span><\/span><br \/>\n<span style=\"font-family: Arial, Helvetica, sans-serif;\"><span id=\"tl_3\" style=\"font-size: 20px;\">En option, mod\u00e8le diff\u00e9rent avec une interface et une apparence diff\u00e9rentes, veuillez choisir le mod\u00e8le appropri\u00e9 avant l&#8217;achat:<br \/>\n(1)<\/span><\/span><br \/>\n<span style=\"font-family: Arial, Helvetica, sans-serif;\"><span style=\"font-size: 20px;\"><span id=\"tl_4\" style=\"color: #d33115;\">11 EN 1 HD-MI<\/span><\/span><\/span><br \/>\n<span style=\"font-family: Arial, Helvetica, sans-serif;\"><span id=\"tl_5\" style=\"font-size: 20px;\">Mod\u00e8le: compatible HDMI + USB3.0 * 1 + USB2.0 * 3 + PD 87W + TF + SD + 100M RJ45 + AUX + VGA<\/span><\/span><\/div>\n<div><span style=\"font-family: Arial, Helvetica, sans-serif;\"><span style=\"font-size: 20px;\">(2) <\/span><\/span><br \/>\n<span style=\"font-family: Arial, Helvetica, sans-serif;\"><span style=\"font-size: 20px;\"><span id=\"tl_6\" style=\"color: #d33115;\">HD-MI 8 en 1<\/span><\/span><\/span><br \/>\n<span style=\"font-family: Arial, Helvetica, sans-serif;\"><span id=\"tl_7\" style=\"font-size: 20px;\">Mod\u00e8le: compatible HDMI + USB3.0 * 2 + Type C * 1 + PD87W + SD + TF + RJ45<\/span><\/span><\/div>\n<\/div>\n<p style=\"font-size: 14px; font-weight: 400; letter-spacing: normal; line-height: inherit; text-align: start; white-space: normal; color: #222222; margin: 0px; padding: 0px; box-sizing: border-box;\" align=\"start\"><span style=\"font-family: Arial, Helvetica, sans-serif;\"><span style=\"font-size: 20px;\">(3)\u00a0<\/span><\/span><span style=\"font-family: Arial, Helvetica, sans-serif;\"><span style=\"font-size: 20px;\"><span id=\"tl_8\" style=\"color: #d33115;\">HD-MI 7 en 1<\/span><\/span><\/span><span style=\"font-family: Arial, Helvetica, sans-serif;\"><span id=\"tl_9\" style=\"font-size: 20px;\">Mod\u00e8le: compatible HDMI + USB3.0 * 1 + USB2.0 * 1 + PD87W + SD + TF + Type C<\/span><\/span><\/p>\n<p style=\"font-size: 14px; font-weight: 400; letter-spacing: normal; line-height: inherit; text-align: start; white-space: normal; color: #222222; margin: 0px; padding: 0px; box-sizing: border-box;\" align=\"start\"><span style=\"font-family: Arial, Helvetica, sans-serif;\"><span style=\"font-size: 20px;\">(4)\u00a0<\/span><\/span><span style=\"font-family: Arial, Helvetica, sans-serif;\"><span style=\"font-size: 20px;\"><span id=\"tl_10\" style=\"color: #d33115;\">HD-MI 6 en 1<\/span><\/span><\/span><span style=\"font-family: Arial, Helvetica, sans-serif;\"><span id=\"tl_11\" style=\"font-size: 20px;\">Mod\u00e8le: compatible HDMI + USB3.0 * 1 + USB2.0 * 1 + PD87W + SD + TF<\/span><\/span><\/p>\n<\/div>\n<\/div>\n<\/div>\n<p style=\"font-size: 13px; text-align: left; color: #434649; display: block; width: 100%;\" align=\"left\">=========================================================================================<\/p>\n<\/div>\n<div class=\"detailmodule_text\">\n<p id=\"tl_12\" style=\"font-size: 16px; font-weight: bold; text-align: left; color: #434649; display: block; width: 100%;\" align=\"left\">HUB USBC 11 en 1<\/p>\n<p id=\"tl_13\" style=\"font-size: 13px; text-align: left; color: #434649; display: block; width: 100%;\" align=\"left\">Ce hub USB-C de conception innovante en fait un partenaire id\u00e9al pour les appareils \u00e9lectroniques de type C et est essentiel pour les accessoires Mac Pro \/ Air et autres ordinateurs portables et t\u00e9l\u00e9phones portables de type C.<\/p>\n<\/div>\n<div class=\"detailmodule_image\"><img decoding=\"async\" class=\"detail-desc-decorate-image\" src=\"https:\/\/ae01.alicdn.com\/kf\/S5e688832e2d540bca54af6b63824d8d2V.jpg\" \/><\/div>\n<div class=\"detailmodule_text\">\n<p id=\"tl_14\" style=\"font-size: 16px; font-weight: bold; text-align: left; color: #434649; display: block; width: 100%;\" align=\"left\">Sp\u00e9cification :<\/p>\n<p id=\"tl_15\" style=\"font-size: 13px; text-align: left; color: #434649; display: block; width: 100%;\" align=\"left\">* HDMI: r\u00e9solution jusqu&#8217;\u00e0 4K @ 30Hz<br \/>\n* USB 3.0: vitesse de transfert de donn\u00e9es jusqu&#8217;\u00e0 5 Gbit \/ s<br \/>\n* Ethernet RJ45: profitez de vitesses de connexion rapides allant jusqu&#8217;\u00e0 100 Mbit \/ s<br \/>\n* Emplacement pour carte SD: vitesse jusqu&#8217;\u00e0 104 Mo\/s<br \/>\n* Emplacement pour carte TF: vitesse jusqu&#8217;\u00e0 104 Mo\/s<br \/>\n* Syst\u00e8mes compatibles: Windows 10\/8\/7 \/ XP \/ Vista \/ Chrome OS \/ Mac OS \/ Linux \/ Android, etc.<\/p>\n<\/div>\n<div class=\"detailmodule_text\">\n<p id=\"tl_16\" style=\"font-size: 16px; font-weight: bold; text-align: left; color: #434649; display: block; width: 100%;\" align=\"left\">Adaptateur USB C multifonctionnel<\/p>\n<p id=\"tl_17\" class=\"detail-desc-decorate-content\" style=\"font-family: OpenSans; font-size: 14px; font-weight: 300; line-height: 20px; white-space: pre-wrap; color: #000000; margin-bottom: 12px;\">Le HUB USB C dispose d&#8217;une connexion de charge USB-C avec fonction d&#8217;alimentation, d&#8217;une interface USB3.0, d&#8217;une interface 3 \u00d7 USB2.0, d&#8217;une interface de charge rapide PD, d&#8217;une interface HDMI 4K, d&#8217;une interface VGA, emplacements pour lecteur de carte SD \/ TF, connexion Ethernet RJ45 et interface de sortie audio de 3.5mm. Vous pouvez connecter clavier, souris, pilote USB, disque dur externe \u00e0 votre appareil Type-C. C&#8217;est une excellente station d&#8217;accueil pour ordinateur portable, en particulier une excellente station d&#8217;accueil pour macbook pro.<\/p>\n<\/div>\n<div class=\"detailmodule_image\"><img decoding=\"async\" class=\"detail-desc-decorate-image\" src=\"https:\/\/ae01.alicdn.com\/kf\/S639b277005894ba5b58dd34ed5c55ac2s.jpg\" \/><\/div>\n<div class=\"detailmodule_text\">\n<p id=\"tl_18\" style=\"font-size: 16px; font-weight: bold; text-align: left; color: #434649; display: block; width: 100%;\" align=\"left\">Lecture multi-appareils<\/p>\n<p id=\"tl_19\" style=\"font-size: 13px; text-align: left; color: #434649; display: block; width: 100%;\" align=\"left\">La station d&#8217;accueil USB C peut transf\u00e9rer des donn\u00e9es vid\u00e9o pour la lecture sur plusieurs appareils, cr\u00e9er un th\u00e9\u00e2tre priv\u00e9, connecter votre t\u00e9l\u00e9phone\/tablette \u00e0 la t\u00e9l\u00e9vision et regarder des films\/jeux avec une vue immersive sur grand \u00e9cran, il peut \u00e9galement faire passer votre t\u00e9l\u00e9phone\/tablette \u00e0 un \u00abordinateur\u00bb en quelques secondes, ce qui rend le bureau mobile plus pratique. (Remarque: les t\u00e9l\u00e9phones mobiles\/tablettes doivent prendre en charge la fonction OTG.)<\/p>\n<\/div>\n<div class=\"detailmodule_image\"><img decoding=\"async\" class=\"detail-desc-decorate-image\" src=\"https:\/\/ae01.alicdn.com\/kf\/Sea43f876bbff407b8731e070c8a64e5fI.jpg\" \/><\/div>\n<div class=\"detailmodule_text\">\n<p id=\"tl_20\" style=\"font-size: 16px; font-weight: bold; text-align: left; color: #434649; display: block; width: 100%;\" align=\"left\">Internet stable<\/p>\n<p id=\"tl_21\" class=\"detail-desc-decorate-content\" style=\"font-family: OpenSans; font-size: 14px; font-weight: 300; line-height: 20px; white-space: pre-wrap; color: #000000; margin-bottom: 12px;\">Le port Ethernet RJ45 standard fournit des performances Fast Ethernet ultra haute vitesse de 10\/100 Mbps, plus rapides et plus fiables que la plupart des connexions sans fil.<\/p>\n<\/div>\n<div class=\"detailmodule_image\"><img decoding=\"async\" class=\"detail-desc-decorate-image\" src=\"https:\/\/ae01.alicdn.com\/kf\/Sca4b850d4ae541bdb2e4acaeee009be4r.jpg\" \/><\/div>\n<div class=\"detailmodule_text\">\n<p id=\"tl_22\" style=\"font-size: 16px; font-weight: bold; text-align: left; color: #434649; display: block; width: 100%;\" align=\"left\">HDMI + VGA<\/p>\n<p id=\"tl_23\" style=\"font-size: 13px; text-align: left; color: #434649; display: block; width: 100%;\" align=\"left\">Adaptateur multiport hub USB C: interface HDMI + VGA, connexion avec TV, projecteur, moniteur et autres appareils grand \u00e9cran, plus pratiques pour le travail de bureau.<\/p>\n<\/div>\n<div class=\"detailmodule_image\"><img decoding=\"async\" class=\"detail-desc-decorate-image\" src=\"https:\/\/ae01.alicdn.com\/kf\/S898b30c6a1354ade938ea18d5924b54dW.jpg\" \/><\/div>\n<div class=\"detailmodule_text\">\n<p id=\"tl_24\" style=\"font-size: 16px; font-weight: bold; text-align: left; color: #434649; display: block; width: 100%;\" align=\"left\">Facile \u00e0 transporter<\/p>\n<p id=\"tl_25\" style=\"font-size: 13px; text-align: left; color: #434649; display: block; width: 100%;\" align=\"left\">Le USB-C-HUB multifonctionnel est petit, l\u00e9ger et facile \u00e0 transporter et est toujours pr\u00eat \u00e0 l&#8217;emploi, que ce soit en voyage d&#8217;affaires ou en r\u00e9union, ce qui am\u00e9liore consid\u00e9rablement l&#8217;efficacit\u00e9 au bureau.<\/p>\n<\/div>\n<div class=\"detailmodule_image\"><img decoding=\"async\" class=\"detail-desc-decorate-image\" src=\"https:\/\/ae01.alicdn.com\/kf\/S92e7178bd9854507b54b91109507058dR.jpg\" \/><\/div>\n<div class=\"detailmodule_image\"><img decoding=\"async\" class=\"detail-desc-decorate-image\" src=\"https:\/\/ae01.alicdn.com\/kf\/Sd05e725f16254b458dcd19a2e5c04a34v.jpg\" \/><\/div>\n<div class=\"detailmodule_image\"><img decoding=\"async\" class=\"detail-desc-decorate-image\" src=\"https:\/\/ae01.alicdn.com\/kf\/Scf71606939ea4cd280cc7739969728efc.jpg\" \/><\/div>\n<p>&nbsp;<\/p>\n<\/div>\n<\/div>","protected":false},"excerpt":{"rendered":"<p>&nbsp; Chimique Hign-concern\u00e9:\u00a0Aucun Prise standard:\u00a0Aucun Paquet:\u00a0Oui Num\u00e9ro de Mod\u00e8le:\u00a0TYPE-C to HDMI-compatible Certification:\u00a0CE Fonction:\u00a0Compatible HDMI\/lecteur de carte Standard:\u00a0USB 3.0 Ports:\u00a011 Type<\/p>","protected":false},"featured_media":7768,"comment_status":"open","ping_status":"closed","template":"","meta":[],"product_brand":[],"product_cat":[85,35],"product_tag":[],"class_list":{"0":"post-7767","1":"product","2":"type-product","3":"status-publish","4":"has-post-thumbnail","6":"product_cat-accessories","7":"product_cat-electronics","9":"first","10":"instock","11":"shipping-taxable","12":"purchasable","13":"product-type-variable"},"jetpack_sharing_enabled":true,"_links":{"self":[{"href":"https:\/\/afrycom.com\/fr\/wp-json\/wp\/v2\/product\/7767","targetHints":{"allow":["GET"]}}],"collection":[{"href":"https:\/\/afrycom.com\/fr\/wp-json\/wp\/v2\/product"}],"about":[{"href":"https:\/\/afrycom.com\/fr\/wp-json\/wp\/v2\/types\/product"}],"replies":[{"embeddable":true,"href":"https:\/\/afrycom.com\/fr\/wp-json\/wp\/v2\/comments?post=7767"}],"wp:featuredmedia":[{"embeddable":true,"href":"https:\/\/afrycom.com\/fr\/wp-json\/wp\/v2\/media\/7768"}],"wp:attachment":[{"href":"https:\/\/afrycom.com\/fr\/wp-json\/wp\/v2\/media?parent=7767"}],"wp:term":[{"taxonomy":"product_brand","embeddable":true,"href":"https:\/\/afrycom.com\/fr\/wp-json\/wp\/v2\/product_brand?post=7767"},{"taxonomy":"product_cat","embeddable":true,"href":"https:\/\/afrycom.com\/fr\/wp-json\/wp\/v2\/product_cat?post=7767"},{"taxonomy":"product_tag","embeddable":true,"href":"https:\/\/afrycom.com\/fr\/wp-json\/wp\/v2\/product_tag?post=7767"}],"curies":[{"name":"wp","href":"https:\/\/api.w.org\/{rel}","templated":true}]}}