{"id":7737,"date":"2025-03-08T08:11:25","date_gmt":"2025-03-08T08:11:25","guid":{"rendered":"https:\/\/afrycom.com\/product\/6-in-1-card-reader-usb3-0-lecteur-de-carte-6-en-1-usb-3-0-vers-type-c-micro-usb-adaptateur-otg-universel-adaptateur-multifonctionnel-sd-tf-transmission-haute-vitesse\/"},"modified":"2025-03-08T08:12:05","modified_gmt":"2025-03-08T08:12:05","slug":"6-in-1-card-reader-usb3-0-lecteur-de-carte-6-en-1-usb-3-0-vers-type-c-micro-usb-adaptateur-otg-universel-adaptateur-multifonctionnel-sd-tf-transmission-haute-vitesse","status":"publish","type":"product","link":"https:\/\/afrycom.com\/fr\/produit\/6-in-1-card-reader-usb3-0-lecteur-de-carte-6-en-1-usb-3-0-vers-type-c-micro-usb-adaptateur-otg-universel-adaptateur-multifonctionnel-sd-tf-transmission-haute-vitesse\/","title":{"rendered":"6 in 1 Card Reader USB3.0 Lecteur de carte 6 en 1 USB 3.0 vers Type C, Micro USB, Adaptateur OTG Universel, Adaptateur Multifonctionnel SD TF, Transmission Haute Vitesse"},"content":{"rendered":"<div class=\"product-specs-list-container\">\n<ul class=\"product-specs-list util-clearfix\">\n<li class=\"product-prop line-limit-length\"><span\n                                        class=\"property-title\">Chimique Hign-concern\u00e9 :&nbsp;<\/span><span\n                                        class=\"property-desc line-limit-length\">Aucun<\/span>\n                            <\/li>\n<li class=\"product-prop line-limit-length\"><span\n                                        class=\"property-title\">Paquet :&nbsp;<\/span><span\n                                        class=\"property-desc line-limit-length\">Oui<\/span>\n                            <\/li>\n<li class=\"product-prop line-limit-length\"><span\n                                        class=\"property-title\">Interface:&nbsp;<\/span><span\n                                        class=\"property-desc line-limit-length\">USB<\/span>\n                            <\/li>\n<li class=\"product-prop line-limit-length\"><span\n                                        class=\"property-title\">Num\u00e9ro de Mod\u00e8le :&nbsp;<\/span><span\n                                        class=\"property-desc line-limit-length\">VIV000319<\/span>\n                            <\/li>\n<li class=\"product-prop line-limit-length\"><span\n                                        class=\"property-title\">Installation:&nbsp;<\/span><span\n                                        class=\"property-desc line-limit-length\">Interne<\/span>\n                            <\/li>\n<li class=\"product-prop line-limit-length\"><span\n                                        class=\"property-title\">Type :&nbsp;<\/span><span\n                                        class=\"property-desc line-limit-length\">Carte SD<\/span>\n                            <\/li>\n<li class=\"product-prop line-limit-length\"><span\n                                        class=\"property-title\">Fentes pour Cartes:&nbsp;<\/span><span\n                                        class=\"property-desc line-limit-length\">Tout en 1 \/ Multi en 1<\/span>\n                            <\/li>\n<li class=\"product-prop line-limit-length\"><span\n                                        class=\"property-title\">Nom de marque :&nbsp;<\/span><span\n                                        class=\"property-desc line-limit-length\">kebidumei<\/span>\n                            <\/li>\n<li class=\"product-prop line-limit-length\"><span\n                                        class=\"property-title\">Origine :&nbsp;<\/span><span\n                                        class=\"property-desc line-limit-length\">CN (Origine)<\/span>\n                            <\/li>\n<li class=\"product-prop line-limit-length\"><span\n                                        class=\"property-title\">Certification :&nbsp;<\/span><span\n                                        class=\"property-desc line-limit-length\">CE, FCC, ROHS<\/span>\n                            <\/li>\n<li class=\"product-prop line-limit-length\"><span\n                                        class=\"property-title\">Nom du produit :&nbsp;<\/span><span\n                                        class=\"property-desc line-limit-length\">6 in 1 USB 3.0 Card Reader<\/span>\n                            <\/li>\n<li class=\"product-prop line-limit-length\"><span\n                                        class=\"property-title\">Caract\u00e9ristique1 :&nbsp;<\/span><span\n                                        class=\"property-desc line-limit-length\">sd card reader<\/span>\n                            <\/li>\n<li class=\"product-prop line-limit-length\"><span\n                                        class=\"property-title\">Caract\u00e9ristique2 :&nbsp;<\/span><span\n                                        class=\"property-desc line-limit-length\">micro sd card reader<\/span>\n                            <\/li>\n<li class=\"product-prop line-limit-length\"><span\n                                        class=\"property-title\">Caract\u00e9ristique3 :&nbsp;<\/span><span\n                                        class=\"property-desc line-limit-length\">usb card reader<\/span>\n                            <\/li>\n<li class=\"product-prop line-limit-length\"><span\n                                        class=\"property-title\">Caract\u00e9ristique4 :&nbsp;<\/span><span\n                                        class=\"property-desc line-limit-length\">memory card reader<\/span>\n                            <\/li>\n<\/ul><\/div>\n<div class=\"detailmodule_html\">\n<div class=\"detail-desc-decorate-richtext\">\n<h3>Il existe 3 mod\u00e8les en option et diff\u00e9rents mod\u00e8les ont des ports diff\u00e9rents, veuillez choisir le mod\u00e8le appropri\u00e9 avant l&#8217;achat :<\/h3>\n<h3>Lecteur de carte 6 en 1 :<\/h3>\n<h3>Carte SD + carte TF + USB3.0 + Micro + cl\u00e9 USB + Type-C<\/h3>\n<h3>Lecteur de carte 5 en 1 :<\/h3>\n<h3>USB 3.0 + Micro + Type C + carte TF + carte SD<\/h3>\n<p style=\"text-align:center\" align=\"center\"><img decoding=\"async\" src=\"https:\/\/ae01.alicdn.com\/kf\/Scfa14d5597404ad0ab79d99af7f98f41u.jpg\" slate-data-type=\"image\"><img decoding=\"async\" src=\"https:\/\/ae01.alicdn.com\/kf\/S1dcbbe6aac684c14a8f4110ed4f33d21c.jpg\" slate-data-type=\"image\"><img decoding=\"async\" src=\"https:\/\/ae01.alicdn.com\/kf\/Se14e1fd95e5a4160a9bef650bc61f459g.jpg\" slate-data-type=\"image\"><img decoding=\"async\" src=\"https:\/\/ae01.alicdn.com\/kf\/S1b52037452a04c9fb5087d2134755c25J.jpg\" slate-data-type=\"image\"><img decoding=\"async\" src=\"https:\/\/ae01.alicdn.com\/kf\/S740b6ddc05dd4e1688c9a2834324ca0fI.jpg\" slate-data-type=\"image\"><img decoding=\"async\" src=\"https:\/\/ae01.alicdn.com\/kf\/S66fce3a135a9408696bc418021754c2aR.jpg\" slate-data-type=\"image\"><img decoding=\"async\" src=\"https:\/\/ae01.alicdn.com\/kf\/S7319a19c8d444837aba9422d915fa428f.jpg\" slate-data-type=\"image\"><img decoding=\"async\" src=\"https:\/\/ae01.alicdn.com\/kf\/S0984a9f5561c4220aab10f84b6d5528eK.jpg\" slate-data-type=\"image\"><img decoding=\"async\" src=\"https:\/\/ae01.alicdn.com\/kf\/S19c4ea20796c47e58c19eb9362036995q.jpg\" slate-data-type=\"image\"><\/p>\n<h3><strong>Lecteur de carte 5 en 1 :<\/strong><\/h3>\n<h3><strong>USB 3.0 + Micro + Type C + carte TF + carte SD<\/strong><\/h3>\n<p style=\"text-align:center\" align=\"center\"><img loading=\"lazy\" decoding=\"async\" width=\"944\" height=\"944\" src=\"https:\/\/ae01.alicdn.com\/kf\/Sdc16860fdfc64829b3ae23d8321cbe68i.jpg\" slate-data-type=\"image\"><\/p>\n<h3><strong>Lecteur de carte 6 en 1 :<\/strong><\/h3>\n<h3><strong>Carte SD + carte TF + USB2.0 + Micro + cl\u00e9 USB + Type-C<\/strong><\/h3>\n<p style=\"text-align:center\" align=\"center\"><img decoding=\"async\" src=\"https:\/\/ae01.alicdn.com\/kf\/Sca8a92b86de5429b882c64baf3ba05abq.jpg\" slate-data-type=\"image\"><\/p>\n<p><\/p>\n<\/div>\n<\/div>","protected":false},"excerpt":{"rendered":"<p>Chimique Hign-concern\u00e9:&nbsp;Aucun Paquet:&nbsp;Oui Interface:&nbsp;USB Num\u00e9ro de Mod\u00e8le:&nbsp;VIV000319 Installation:&nbsp;Interne Type:&nbsp;Carte SD Fentes pour Cartes:&nbsp;Tout en 1 \/ Multi en 1 Nom<\/p>","protected":false},"featured_media":7738,"comment_status":"open","ping_status":"closed","template":"","meta":[],"product_brand":[],"product_cat":[15],"product_tag":[],"class_list":{"0":"post-7737","1":"product","2":"type-product","3":"status-publish","4":"has-post-thumbnail","6":"product_cat-uncategorized","8":"first","9":"instock","10":"shipping-taxable","11":"purchasable","12":"product-type-variable"},"jetpack_sharing_enabled":true,"_links":{"self":[{"href":"https:\/\/afrycom.com\/fr\/wp-json\/wp\/v2\/product\/7737","targetHints":{"allow":["GET"]}}],"collection":[{"href":"https:\/\/afrycom.com\/fr\/wp-json\/wp\/v2\/product"}],"about":[{"href":"https:\/\/afrycom.com\/fr\/wp-json\/wp\/v2\/types\/product"}],"replies":[{"embeddable":true,"href":"https:\/\/afrycom.com\/fr\/wp-json\/wp\/v2\/comments?post=7737"}],"wp:featuredmedia":[{"embeddable":true,"href":"https:\/\/afrycom.com\/fr\/wp-json\/wp\/v2\/media\/7738"}],"wp:attachment":[{"href":"https:\/\/afrycom.com\/fr\/wp-json\/wp\/v2\/media?parent=7737"}],"wp:term":[{"taxonomy":"product_brand","embeddable":true,"href":"https:\/\/afrycom.com\/fr\/wp-json\/wp\/v2\/product_brand?post=7737"},{"taxonomy":"product_cat","embeddable":true,"href":"https:\/\/afrycom.com\/fr\/wp-json\/wp\/v2\/product_cat?post=7737"},{"taxonomy":"product_tag","embeddable":true,"href":"https:\/\/afrycom.com\/fr\/wp-json\/wp\/v2\/product_tag?post=7737"}],"curies":[{"name":"wp","href":"https:\/\/api.w.org\/{rel}","templated":true}]}}