{"id":7447,"date":"2025-03-08T08:11:09","date_gmt":"2025-03-08T08:11:09","guid":{"rendered":"https:\/\/afrycom.com\/product\/missmoly-sueur-chaude-sauna-culotte-corps-shaper-shorts-perte-de-poids-minceur-shapewear-taille-formateur-ventre-controle-thermo-leggings\/"},"modified":"2025-10-16T07:33:28","modified_gmt":"2025-10-16T07:33:28","slug":"missmoly-sueur-chaude-sauna-culotte-corps-shaper-shorts-perte-de-poids-minceur-shapewear-taille-formateur-ventre-controle-thermo-leggings","status":"publish","type":"product","link":"https:\/\/afrycom.com\/fr\/produit\/missmoly-sueur-chaude-sauna-culotte-corps-shaper-shorts-perte-de-poids-minceur-shapewear-taille-formateur-ventre-controle-thermo-leggings\/","title":{"rendered":"MISSMOLY sueur chaude Sauna culotte corps Shaper Shorts perte de poids minceur Shapewear taille formateur ventre contr\u00f4le Thermo Leggings"},"content":{"rendered":"<p>&nbsp;<\/p>\n<div class=\"product-specs-list-container\">\n<ul class=\"product-specs-list util-clearfix\">\n<li class=\"product-prop line-limit-length\"><span class=\"property-title\">Chimique Hign-concern\u00e9 :\u00a0<\/span><span class=\"property-desc line-limit-length\">Aucun<\/span><\/li>\n<li class=\"product-prop line-limit-length\"><span class=\"property-title\">Type de support :\u00a0<\/span><span class=\"property-desc line-limit-length\">Autres<\/span><\/li>\n<li class=\"product-prop line-limit-length\"><span class=\"property-title\">Sexuellement suggestif :\u00a0<\/span><span class=\"property-desc line-limit-length\">Pas de<\/span><\/li>\n<li class=\"product-prop line-limit-length\"><span class=\"property-title\">Image D'obsc\u00e8ne :\u00a0<\/span><span class=\"property-desc line-limit-length\">Pas de<\/span><\/li>\n<li class=\"product-prop line-limit-length\"><span class=\"property-title\">\u00c9paisseur :\u00a0<\/span><span class=\"property-desc line-limit-length\">Norme<\/span><\/li>\n<li class=\"product-prop line-limit-length\"><span class=\"property-title\">D\u00e9coration :\u00a0<\/span><span class=\"property-desc line-limit-length\">AUCUN<\/span><\/li>\n<li class=\"product-prop line-limit-length\"><span class=\"property-title\">Type de tissu :\u00a0<\/span><span class=\"property-desc line-limit-length\">Drap fin<\/span><\/li>\n<li class=\"product-prop line-limit-length\"><span class=\"property-title\">V\u00eatements sculptants :\u00a0<\/span><span class=\"property-desc line-limit-length\">Culottes de contr\u00f4le<\/span><\/li>\n<li class=\"product-prop line-limit-length\"><span class=\"property-title\">Niveau de contr\u00f4le :\u00a0<\/span><span class=\"property-desc line-limit-length\">Entreprise<\/span><\/li>\n<li class=\"product-prop line-limit-length\"><span class=\"property-title\">Mat\u00e9riau :\u00a0<\/span><span class=\"property-desc line-limit-length\">POLYAMIDE<\/span><\/li>\n<li class=\"product-prop line-limit-length\"><span class=\"property-title\">Nom de marque :\u00a0<\/span><span class=\"property-desc line-limit-length\">miss moly<\/span><\/li>\n<li class=\"product-prop line-limit-length\"><span class=\"property-title\">Type d'article :\u00a0<\/span><span class=\"property-desc line-limit-length\">Fa\u00e7onneurs<\/span><\/li>\n<li class=\"product-prop line-limit-length\"><span class=\"property-title\">CN :\u00a0<\/span><span class=\"property-desc line-limit-length\">Guangdong<\/span><\/li>\n<li class=\"product-prop line-limit-length\"><span class=\"property-title\">Origine :\u00a0<\/span><span class=\"property-desc line-limit-length\">CN (Origine)<\/span><\/li>\n<li class=\"product-prop line-limit-length\"><span class=\"property-title\">Sexe :\u00a0<\/span><span class=\"property-desc line-limit-length\">FEMMES<\/span><\/li>\n<li class=\"product-prop line-limit-length\"><span class=\"property-title\">Couleur :\u00a0<\/span><span class=\"property-desc line-limit-length\">Noir<\/span><\/li>\n<li class=\"product-prop line-limit-length\"><span class=\"property-title\">Occasion :\u00a0<\/span><span class=\"property-desc line-limit-length\">Everyday,Sport.Running.Yoga.Gym.Workout<\/span><\/li>\n<li class=\"product-prop line-limit-length\"><span class=\"property-title\">Avantage :\u00a0<\/span><span class=\"property-desc line-limit-length\">Weight loss,waist trainer,workout bands<\/span><\/li>\n<li class=\"product-prop line-limit-length\"><span class=\"property-title\">Taille :\u00a0<\/span><span class=\"property-desc line-limit-length\">S | M | L | XL | 2XL<\/span><\/li>\n<li class=\"product-prop line-limit-length\"><span class=\"property-title\">suitable season:\u00a0<\/span><span class=\"property-desc line-limit-length\">spring \/ summer \/ autumn \/ winter<\/span><\/li>\n<li class=\"product-prop line-limit-length\"><span class=\"property-title\">sauna effect:\u00a0<\/span><span class=\"property-desc line-limit-length\">sauna pants<\/span><\/li>\n<li class=\"product-prop line-limit-length\"><span class=\"property-title\">hot sauna pants:\u00a0<\/span><span class=\"property-desc line-limit-length\">shaper pants<\/span><\/li>\n<li class=\"product-prop line-limit-length\"><span class=\"property-title\">slimming panties:\u00a0<\/span><span class=\"property-desc line-limit-length\">weight loss product<\/span><\/li>\n<li class=\"product-prop line-limit-length\"><span class=\"property-title\">body sauna pants:\u00a0<\/span><span class=\"property-desc line-limit-length\">Fitness shapewear<\/span><\/li>\n<li class=\"product-prop line-limit-length\"><span class=\"property-title\">Shapers:\u00a0<\/span><span class=\"property-desc line-limit-length\">Hot Body Shaper<\/span><\/li>\n<li class=\"product-prop line-limit-length\"><span class=\"property-title\">Thigh Fat Burner::\u00a0<\/span><span class=\"property-desc line-limit-length\">thigh slimming straps<\/span><\/li>\n<li class=\"product-prop line-limit-length\"><span class=\"property-title\">weight loss:\u00a0<\/span><span class=\"property-desc line-limit-length\">Slimming Pants<\/span><\/li>\n<li class=\"product-prop line-limit-length\"><span class=\"property-title\">joggers pants:\u00a0<\/span><span class=\"property-desc line-limit-length\">gym pants<\/span><\/li>\n<li class=\"product-prop line-limit-length\"><span class=\"property-title\">faja moldeadora mujer:\u00a0<\/span><span class=\"property-desc line-limit-length\">waist trainer leggings<\/span><\/li>\n<\/ul>\n<\/div>\n<div class=\"detailmodule_html\">\n<div class=\"detail-desc-decorate-richtext\">\n<div class=\"detailmodule_html\">\n<div class=\"detail-desc-decorate-richtext\">\n<div><\/div>\n<div><img decoding=\"async\" class=\"detail-desc-decorate-image\" style=\"margin-bottom: 10px;\" src=\"https:\/\/ae01.alicdn.com\/kf\/Sf66bd5cc2f454c0fb0f42de36cadbb89g.jpg?width=800&amp;height=495&amp;hash=1295\" \/><br \/>\n<img decoding=\"async\" class=\"detail-desc-decorate-image\" style=\"margin-bottom: 10px;\" src=\"https:\/\/ae01.alicdn.com\/kf\/S8c330fcc714949988018d8ff8f1dd90e4.jpg?width=800&amp;height=500&amp;hash=1300\" \/><br \/>\n<img decoding=\"async\" class=\"detail-desc-decorate-image\" style=\"margin-bottom: 10px;\" src=\"https:\/\/ae01.alicdn.com\/kf\/S74e27c7db49d4d2ab60e3ce0b1ed05c8m.jpg?width=800&amp;height=800&amp;hash=1600\" \/><\/div>\n<div>\n<p class=\"detail-desc-decorate-title\" style=\"font-family: OpenSans; font-size: 20px; font-weight: 900; line-height: 28px; white-space: pre-wrap; color: #000000; margin-bottom: 12px;\">Tour de taille (1\u2033 pouce-2,54 cm)<\/p>\n<p class=\"detail-desc-decorate-content\" style=\"font-family: OpenSans; font-size: 14px; font-weight: 300; line-height: 20px; white-space: pre-wrap; color: #000000; margin-bottom: 12px;\">Taille (S) : 26&#8243;~28&#8243;(pouces) \/ 66 cm~71 cm<br \/>\nTaille (M) : 28&#8243;~29&#8243;(pouces) \/ 71 cm~75 cm<br \/>\nTaille (L) : 29&#8243;~31&#8243;(pouces) \/ 75 cm~79 cm<br \/>\nTaille (XL) : 31&#8243; ~ 33&#8243;(pouces) \/ 79 cm ~ 84 cm<br \/>\nTaille (2XL) : 33 ~ 35&#8243;(pouces) \/ 84 cm ~ 89 cm<\/p>\n<p>Veuillez v\u00e9rifier votre taille.<\/p>\n<\/div>\n<div>\n<p class=\"detail-desc-decorate-title\" style=\"font-family: OpenSans; font-size: 20px; font-weight: 900; line-height: 28px; white-space: pre-wrap; color: #000000; margin-bottom: 12px;\">Description<\/p>\n<p class=\"detail-desc-decorate-content\" style=\"font-family: OpenSans; font-size: 14px; font-weight: 300; line-height: 20px; white-space: pre-wrap; color: #000000; margin-bottom: 12px;\">EXT\u00c9RIEUR : 90 % polyester&amp;amp; 10% \u00e9lasthanne<br \/>\nINT\u00c9RIEUR : 100 % polyur\u00e9thane<br \/>\nTaille : S, M, L, XL, 2XL<br \/>\nConstruction : convient pour le sport, la course, le yoga, la gym, l&#8217;entra\u00eenement, etc.<br \/>\nRemarque!!!<br \/>\nVeuillez mesurer le tour de taille et lire notre TABLEAU DES TAILLES avant d&#8217;acheter.<br \/>\nVeuillez laver le shaper avant de le porter pour la premi\u00e8re fois.<br \/>\nLorsque vous portez le legging pour la premi\u00e8re fois, vous pourriez vous sentir serr\u00e9 ou inconfortable.Ne vous inqui\u00e9tez pas, ce sera mieux apr\u00e8s 2 jours d&#8217;essai<\/p>\n<\/div>\n<div>\n<p class=\"detail-desc-decorate-content\" style=\"font-family: OpenSans; font-size: 14px; font-weight: 300; line-height: 20px; white-space: pre-wrap; color: #000000; margin-bottom: 12px;\">EXT\u00c9RIEUR : 90 % polyester&amp;amp; 10% \u00e9lasthanne<br \/>\nINT\u00c9RIEUR : 100 % polyur\u00e9thane<br \/>\nTaille : S, M, L, XL, 2XL<br \/>\nConstruction : convient pour le sport, la course, le yoga, la gym, l&#8217;entra\u00eenement, etc.<br \/>\nVeuillez laver le shaper avant de le porter pour la premi\u00e8re fois.<br \/>\nLorsque vous portez le legging pour la premi\u00e8re fois, vous pourriez vous sentir serr\u00e9 ou inconfortable.Ne vous inqui\u00e9tez pas, ce sera mieux apr\u00e8s 2 jours d&#8217;essai<br \/>\n\u00c9VANC\u00c9 L\u00c9GER CHAUDE THERMO TRAVAIL COURT : les pantalons de surv\u00eatement de sauna pour femmes sont fabriqu\u00e9s dans un tissu qui emprisonne la chaleur de qualit\u00e9 sup\u00e9rieure, qui est tr\u00e8s l\u00e9ger et tr\u00e8s doux et ne frottera pas et n&#8217;irritera pas votre peau ;le tissu interne en polym\u00e8re thermog\u00e9nique peut retenir toute la chaleur pour transpirer davantage!.il s&#8217;agit d&#8217;un mat\u00e9riau suffisamment \u00e9pais pour contenir de mani\u00e8re ad\u00e9quate le ventre post-partum ou la graisse du ventre<br \/>\n3 FOIS PLUS DE COURT D&#8217;EXERCICE DE SAUNA DE SUEUR : les pantalons d&#8217;entra\u00eenement de sauna pour femmes sont fabriqu\u00e9s \u00e0 partir d&#8217;un nouveau tissu polym\u00e8re qui emprisonne la chaleur, qui peut augmenter votre chaleur corporelle naturelle apr\u00e8s 15 minutes de sport, produire 3 fois plus de sueur, vous aider \u00e0 br\u00fbler plus de calories, pour une saine effet de perte de poids rapide<br \/>\nTAILLE HAUTE R\u00c9GLABLE : La conception \u00e0 3 crochets vous aide \u00e0 ajuster la taille. Essayez d&#8217;\u00e9viter le probl\u00e8me de taille qui parfois il ne convient pas \u00e0 ma taille en fonction du plus grand ventre.<br \/>\nPANTALON D&#8217;ENTRA\u00ceNEMENT MINCEUR \u00c0 HAUTE COMPRESSION: le pantalon de contr\u00f4le amincissant shapewear a une bonne compression mais il ne semble pas super serr\u00e9, il passe sur tout le ventre et cible \u00e9galement les cuisses.Nos pantalons pi\u00e9g\u00e9s \u00e0 la chaleur offrent une compression abdominale et des cuisses, vous aident \u00e0 transpirer davantage pour maximiser l&#8217;aplatissement de l&#8217;abdomen, contr\u00f4ler fermement le ventre, fa\u00e7onner votre taille, amincir les cuisses, masquer la graisse des cuisses, soulever votre bas.Ce pantalon gainant le ventre est extensible, il ne se d\u00e9chirera pas.<br \/>\nOccasions : associez-le \u00e0 n&#8217;importe quelle combinaison de hauts ou de chemises d&#8217;entra\u00eenement, ce qui vous donne une sensation visuelle diff\u00e9rente.Il vous convient pour faire quelques exercices, tels que le yoga, le fitness, la course ou le port quotidien.<\/p>\n<\/div>\n<div><img decoding=\"async\" class=\"detail-desc-decorate-image\" src=\"https:\/\/ae01.alicdn.com\/kf\/S6570a0590c0d433993f2fe4ec4fdacf4e.jpg?width=800&amp;height=800&amp;hash=1600\" \/><br \/>\n<img decoding=\"async\" class=\"detail-desc-decorate-image\" src=\"https:\/\/ae01.alicdn.com\/kf\/Sfc3ba05d79904146b982cad5528205a4K.jpg?width=800&amp;height=495&amp;hash=1295\" \/><br \/>\n<img decoding=\"async\" class=\"detail-desc-decorate-image\" src=\"https:\/\/ae01.alicdn.com\/kf\/Sbd7093e31aad4f7ead47fe82c4184739I.jpg?width=800&amp;height=495&amp;hash=1295\" \/><br \/>\n<img decoding=\"async\" class=\"detail-desc-decorate-image\" src=\"https:\/\/ae01.alicdn.com\/kf\/Sb3e628b3423742cb8e2b83f889a9ea5fp.jpg?width=800&amp;height=495&amp;hash=1295\" \/><br \/>\n<img decoding=\"async\" class=\"detail-desc-decorate-image\" src=\"https:\/\/ae01.alicdn.com\/kf\/S0d48f6c5d353405e8cb41a8ce9849b690.jpg?width=800&amp;height=495&amp;hash=1295\" \/><br \/>\n<img decoding=\"async\" class=\"detail-desc-decorate-image\" src=\"https:\/\/ae01.alicdn.com\/kf\/S517f0596cb2148fcb3349c618da97d15Q.jpg?width=800&amp;height=495&amp;hash=1295\" \/><\/div>\n<div>\n<p class=\"detail-desc-decorate-title\" style=\"font-family: OpenSans; font-size: 20px; font-weight: 900; line-height: 28px; white-space: pre-wrap; color: #000000; margin-bottom: 12px;\">PANNE SAUNA ADAPT\u00c9S \u00c0 TOUTES LES OCCASIONS<\/p>\n<\/div>\n<div>\n<p class=\"detail-desc-decorate-content\" style=\"font-family: OpenSans; font-size: 14px; font-weight: 300; line-height: 20px; white-space: pre-wrap; color: #000000; margin-bottom: 12px;\">Pour perdre du poids, renforcer la forme, fa\u00e7onner la taille, garder la forme ; Course \u00e0 pied, gym, yoga, v\u00e9lo, jogging, lever d&#8217;halt\u00e8res, un cadeau pour les amis, etc.<\/p>\n<\/div>\n<div><img decoding=\"async\" class=\"detail-desc-decorate-image\" src=\"https:\/\/ae01.alicdn.com\/kf\/S0bcabc4566634d2d973852427a3a0558R.jpg?width=800&amp;height=495&amp;hash=1295\" \/><\/div>\n<div>\n<p class=\"detail-desc-decorate-title\" style=\"font-family: OpenSans; font-size: 20px; font-weight: 900; line-height: 28px; white-space: pre-wrap; color: #000000; margin-bottom: 12px;\">SWEAT CRAZY PERTE DE POIDS<\/p>\n<\/div>\n<div><img decoding=\"async\" class=\"detail-desc-decorate-image\" src=\"https:\/\/ae01.alicdn.com\/kf\/Sd9dfe7def6e54c42aa8cf9d68a3491c3M.jpg?width=800&amp;height=495&amp;hash=1295\" \/><\/div>\n<div><img decoding=\"async\" class=\"detail-desc-decorate-image\" style=\"margin-bottom: 10px;\" src=\"https:\/\/ae01.alicdn.com\/kf\/Sac484310752241b2b75883a91ca20880H.jpg?width=800&amp;height=800&amp;hash=1600\" \/><br \/>\n<img decoding=\"async\" class=\"detail-desc-decorate-image\" style=\"margin-bottom: 10px;\" src=\"https:\/\/ae01.alicdn.com\/kf\/Sc257a52eb940455db4d69f8a7be13d0cF.jpg?width=800&amp;height=800&amp;hash=1600\" \/><br \/>\n<img decoding=\"async\" class=\"detail-desc-decorate-image\" style=\"margin-bottom: 10px;\" src=\"https:\/\/ae01.alicdn.com\/kf\/Scfe92fcdef1549aca87eecba03a3ee0dy.jpg?width=800&amp;height=800&amp;hash=1600\" \/><br \/>\n<img decoding=\"async\" class=\"detail-desc-decorate-image\" style=\"margin-bottom: 10px;\" src=\"https:\/\/ae01.alicdn.com\/kf\/S467255b6ac5a4d4bb2b7f28314e212e38.jpg?width=800&amp;height=800&amp;hash=1600\" \/><br \/>\n<img decoding=\"async\" class=\"detail-desc-decorate-image\" style=\"margin-bottom: 10px;\" src=\"https:\/\/ae01.alicdn.com\/kf\/Sd84fa480c25f48f6b191ae3ec249e4b5k.jpg?width=800&amp;height=800&amp;hash=1600\" \/><br \/>\n<img decoding=\"async\" class=\"detail-desc-decorate-image\" style=\"margin-bottom: 10px;\" src=\"https:\/\/ae01.alicdn.com\/kf\/S1af2bebaf30840dc9acff2ffcb5ecc1fE.jpg?width=800&amp;height=800&amp;hash=1600\" \/><\/div>\n<div>\n<p class=\"detail-desc-decorate-title\" style=\"font-family: OpenSans; font-size: 20px; font-weight: 900; line-height: 28px; white-space: pre-wrap; color: #000000; margin-bottom: 12px;\">Super extensible Taille parfaite Balan\u00e7oire des jambes libre Pas de souci de d\u00e9chirure<\/p>\n<\/div>\n<div>\n<p class=\"detail-desc-decorate-content\" style=\"font-family: OpenSans; font-size: 14px; font-weight: 300; line-height: 20px; white-space: pre-wrap; color: #000000; margin-bottom: 12px;\">Ne glissera pas, peut pr\u00e9venir la fatigue et les blessures apr\u00e8s l&#8217;exercice.<\/p>\n<\/div>\n<div><img decoding=\"async\" class=\"detail-desc-decorate-image\" src=\"https:\/\/ae01.alicdn.com\/kf\/S1fe46cc2bb4a457186320f9ceef209fdO.jpg?width=800&amp;height=533&amp;hash=1333\" \/><\/div>\n<div>\n<p class=\"detail-desc-decorate-title\" style=\"font-family: OpenSans; font-size: 20px; font-weight: 900; line-height: 28px; white-space: pre-wrap; color: #000000; margin-bottom: 12px;\">Tissu polym\u00e8re pi\u00e9geant la chaleur<\/p>\n<\/div>\n<div>\n<p class=\"detail-desc-decorate-content\" style=\"font-family: OpenSans; font-size: 14px; font-weight: 300; line-height: 20px; white-space: pre-wrap; color: #000000; margin-bottom: 12px;\">Cr\u00e9e une exp\u00e9rience chaude semblable \u00e0 celle d\u2019un sauna.Votre temp\u00e9rature corporelle augmentera, de sorte que vous transpirez davantage, perdez du poids en eau et perdez des kilos rapidement.<\/p>\n<\/div>\n<div><img decoding=\"async\" class=\"detail-desc-decorate-image\" src=\"https:\/\/ae01.alicdn.com\/kf\/Sabb2f4be016c4bbdb72293cc1c01b8b8U.jpg?width=800&amp;height=475&amp;hash=1275\" \/><br \/>\n<img decoding=\"async\" class=\"detail-desc-decorate-image\" src=\"https:\/\/ae01.alicdn.com\/kf\/S8399b200052644eeaa61c856429e0c18j.jpg?width=800&amp;height=438&amp;hash=1238\" \/><\/div>\n<div>\n<p class=\"detail-desc-decorate-title\" style=\"font-family: OpenSans; font-size: 20px; font-weight: 900; line-height: 28px; white-space: pre-wrap; color: #000000; margin-bottom: 12px;\">Crochets de canap\u00e9 r\u00e9glables<\/p>\n<\/div>\n<div><img decoding=\"async\" class=\"detail-desc-decorate-image\" src=\"https:\/\/ae01.alicdn.com\/kf\/Se04eccf0e5cc404c86ba331fc969cb04A.jpg?width=800&amp;height=533&amp;hash=1333\" \/><\/div>\n<div>\n<p class=\"detail-desc-decorate-title\" style=\"font-family: OpenSans; font-size: 20px; font-weight: 900; line-height: 28px; white-space: pre-wrap; color: #000000; margin-bottom: 12px;\">Service<\/p>\n<\/div>\n<div>\n<p class=\"detail-desc-decorate-content\" style=\"font-family: OpenSans; font-size: 14px; font-weight: 300; line-height: 20px; white-space: pre-wrap; color: #000000; margin-bottom: 12px;\">Commentaires<br \/>\nSi vous n'\u00eates pas satisfait de nos articles, veuillez nous contacter. Nous ferons de notre mieux pour vous servir dans les 24 heures.<br \/>\nExp\u00e9dition<br \/>\nLes articles seront exp\u00e9di\u00e9s dans un d\u00e9lai d'un jour ouvrable apr\u00e8s le paiement.<br \/>\nRetour<br \/>\nSi vous \u00eates d\u00e9\u00e7u de l'article que vous avez re\u00e7u, veuillez nous en informer dans les 7 jours.<br \/>\nrevendeur<br \/>\nPour le revendeur, nous pouvons proposer la LIVRAISON DIRECTE \u00e0 votre client directement sans aucune information de notre magasin.<br \/>\nService<br \/>\nVeuillez m'envoyer un e-mail par message si vous avez des questions, nous vous r\u00e9pondrons dans les 24 heures<br \/>\nLe message recevra une r\u00e9ponse dans les 24 heures (week-end non inclus)<br \/>\n1) Que puis-je faire lorsque le d\u00e9lai de protection des achats arrive \u00e0 expiration ?<br \/>\nSi le d\u00e9lai de protection de votre achat est \u00e9puis\u00e9, veuillez nous contacter et nous pourrons vous aider \u00e0 le prolonger.Votre argent n'ira donc pas sur notre compte.<br \/>\n2) Comment payer l'argent lorsque vous passez une commande ou rencontrez un probl\u00e8me avec votre carte ?<br \/>\nhttp:\/\/help.aliexpress.com\/payment_method.html<br \/>\nOu veuillez contacter les acheteurs en ligne :<br \/>\nhttps:\/\/helppage.aliexpress.com\/buyercenter\/index.htm<br \/>\n3) Quelle taille dois-je choisir ?<br \/>\nVeuillez choisir selon le tableau des tailles. Ou contactez-nous pour une id\u00e9e.<br \/>\n4) La vente en gros et la livraison directe sont toutes deux les bienvenues.<br \/>\nPour la vente en gros, nous offrons une r\u00e9duction ou une livraison express gratuite qui ne prend que 3 \u00e0 7 jours pour arriver.<br \/>\nPour la livraison directe, nous pouvons envoyer les marchandises directement \u00e0 vos clients et ne laisserons aucune information publicitaire sur nous si vous le souhaitez.<br \/>\n5) Comment puis-je suivre mon colis ?<br \/>\nVous pouvez suivre votre colis sur le site suivant \u00e0 l'aide de votre num\u00e9ro de suivi :<br \/>\nhttp:\/\/www.17track.net\/en<br \/>\nhttp:\/\/global.cainiao.com\/detail.htm<\/p>\n<\/div>\n<div><img decoding=\"async\" class=\"detail-desc-decorate-image\" src=\"https:\/\/ae01.alicdn.com\/kf\/Sbd42a8dbf92e4953b8e7d471efa0d869h.jpg?width=960&amp;height=510&amp;hash=1470\" \/><br \/>\n<img decoding=\"async\" class=\"detail-desc-decorate-image\" src=\"https:\/\/ae01.alicdn.com\/kf\/S891663af6ad94670bf84e1c785b7a793j.jpg?width=960&amp;height=441&amp;hash=1401\" \/><br \/>\n<img decoding=\"async\" class=\"detail-desc-decorate-image\" src=\"https:\/\/ae01.alicdn.com\/kf\/S9bc2bc892de34b9fab9aa304d762b0bdc.jpg?width=800&amp;height=381&amp;hash=1181\" \/><\/div>\n<p>&nbsp;<\/p>\n<\/div>\n<\/div>\n<\/div>\n<\/div>","protected":false},"excerpt":{"rendered":"<p>&nbsp; Chimique Hign-concern\u00e9:\u00a0Aucun Type de support:\u00a0Autres Sexuellement Suggestive:\u00a0Pas de Image D&#8217;obsc\u00e8ne:\u00a0Pas de \u00c9paisseur:\u00a0Norme D\u00e9coration:\u00a0NONE Type de tissu:\u00a0Drap fin V\u00eatements sculptants:\u00a0Culottes<\/p>","protected":false},"featured_media":7448,"comment_status":"open","ping_status":"closed","template":"","meta":[],"product_brand":[],"product_cat":[4988,5755],"product_tag":[],"class_list":{"0":"post-7447","1":"product","2":"type-product","3":"status-publish","4":"has-post-thumbnail","6":"product_cat-sportswear-activewear","7":"product_cat-workout-shorts-skirts","9":"first","10":"instock","11":"shipping-taxable","12":"purchasable","13":"product-type-variable"},"jetpack_sharing_enabled":true,"_links":{"self":[{"href":"https:\/\/afrycom.com\/fr\/wp-json\/wp\/v2\/product\/7447","targetHints":{"allow":["GET"]}}],"collection":[{"href":"https:\/\/afrycom.com\/fr\/wp-json\/wp\/v2\/product"}],"about":[{"href":"https:\/\/afrycom.com\/fr\/wp-json\/wp\/v2\/types\/product"}],"replies":[{"embeddable":true,"href":"https:\/\/afrycom.com\/fr\/wp-json\/wp\/v2\/comments?post=7447"}],"wp:featuredmedia":[{"embeddable":true,"href":"https:\/\/afrycom.com\/fr\/wp-json\/wp\/v2\/media\/7448"}],"wp:attachment":[{"href":"https:\/\/afrycom.com\/fr\/wp-json\/wp\/v2\/media?parent=7447"}],"wp:term":[{"taxonomy":"product_brand","embeddable":true,"href":"https:\/\/afrycom.com\/fr\/wp-json\/wp\/v2\/product_brand?post=7447"},{"taxonomy":"product_cat","embeddable":true,"href":"https:\/\/afrycom.com\/fr\/wp-json\/wp\/v2\/product_cat?post=7447"},{"taxonomy":"product_tag","embeddable":true,"href":"https:\/\/afrycom.com\/fr\/wp-json\/wp\/v2\/product_tag?post=7447"}],"curies":[{"name":"wp","href":"https:\/\/api.w.org\/{rel}","templated":true}]}}