{"id":7354,"date":"2025-03-08T08:11:00","date_gmt":"2025-03-08T08:11:00","guid":{"rendered":"https:\/\/afrycom.com\/product\/entraineur-de-taille-en-latex-a-29-os-en-acier-corset-a-crochet-et-oeil-serre-taille-sous-le-buste\/"},"modified":"2025-03-08T08:11:02","modified_gmt":"2025-03-08T08:11:02","slug":"entraineur-de-taille-en-latex-a-29-os-en-acier-corset-a-crochet-et-oeil-serre-taille-sous-le-buste","status":"publish","type":"product","link":"https:\/\/afrycom.com\/fr\/produit\/entraineur-de-taille-en-latex-a-29-os-en-acier-corset-a-crochet-et-oeil-serre-taille-sous-le-buste\/","title":{"rendered":"Entra\u00eeneur de taille en latex \u00e0 29 os en acier, corset \u00e0 crochet et \u0153il, serre-taille sous le buste"},"content":{"rendered":"<div class=\"product-specs-list-container\">\n<ul class=\"product-specs-list util-clearfix\">\n<li class=\"product-prop line-limit-length\"><span\n                                        class=\"property-title\">Moule \u00c9paisseur :&nbsp;<\/span><span\n                                        class=\"property-desc line-limit-length\">Sans tasse<\/span>\n                            <\/li>\n<li class=\"product-prop line-limit-length\"><span\n                                        class=\"property-title\">Type de support :&nbsp;<\/span><span\n                                        class=\"property-desc line-limit-length\">Sans fil<\/span>\n                            <\/li>\n<li class=\"product-prop line-limit-length\"><span\n                                        class=\"property-title\">Sexuellement suggestif :&nbsp;<\/span><span\n                                        class=\"property-desc line-limit-length\">Pas de<\/span>\n                            <\/li>\n<li class=\"product-prop line-limit-length\"><span\n                                        class=\"property-title\">Image D'obsc\u00e8ne :&nbsp;<\/span><span\n                                        class=\"property-desc line-limit-length\">Pas de<\/span>\n                            <\/li>\n<li class=\"product-prop line-limit-length\"><span\n                                        class=\"property-title\">Num\u00e9ro de Mod\u00e8le :&nbsp;<\/span><span\n                                        class=\"property-desc line-limit-length\">674<\/span>\n                            <\/li>\n<li class=\"product-prop line-limit-length\"><span\n                                        class=\"property-title\">\u00c9paisseur :&nbsp;<\/span><span\n                                        class=\"property-desc line-limit-length\">Norme<\/span>\n                            <\/li>\n<li class=\"product-prop line-limit-length\"><span\n                                        class=\"property-title\">D\u00e9coration :&nbsp;<\/span><span\n                                        class=\"property-desc line-limit-length\">AUCUN<\/span>\n                            <\/li>\n<li class=\"product-prop line-limit-length\"><span\n                                        class=\"property-title\">Type de tissu :&nbsp;<\/span><span\n                                        class=\"property-desc line-limit-length\">Drap fin<\/span>\n                            <\/li>\n<li class=\"product-prop line-limit-length\"><span\n                                        class=\"property-title\">V\u00eatements sculptants :&nbsp;<\/span><span\n                                        class=\"property-desc line-limit-length\">Cintreuses de taille<\/span>\n                            <\/li>\n<li class=\"product-prop line-limit-length\"><span\n                                        class=\"property-title\">Niveau de contr\u00f4le :&nbsp;<\/span><span\n                                        class=\"property-desc line-limit-length\">Moyen<\/span>\n                            <\/li>\n<li class=\"product-prop line-limit-length\"><span\n                                        class=\"property-title\">Mat\u00e9riau :&nbsp;<\/span><span\n                                        class=\"property-desc line-limit-length\">COTON<\/span>\n                            <\/li>\n<li class=\"product-prop line-limit-length\"><span\n                                        class=\"property-title\">Nom de marque :&nbsp;<\/span><span\n                                        class=\"property-desc line-limit-length\">Corsenaan<\/span>\n                            <\/li>\n<li class=\"product-prop line-limit-length\"><span\n                                        class=\"property-title\">Origine :&nbsp;<\/span><span\n                                        class=\"property-desc line-limit-length\">CN (Origine)<\/span>\n                            <\/li>\n<li class=\"product-prop line-limit-length\"><span\n                                        class=\"property-title\">CN :&nbsp;<\/span><span\n                                        class=\"property-desc line-limit-length\">Guangdong<\/span>\n                            <\/li>\n<li class=\"product-prop line-limit-length\"><span\n                                        class=\"property-title\">Type d'article :&nbsp;<\/span><span\n                                        class=\"property-desc line-limit-length\">Fa\u00e7onneurs<\/span>\n                            <\/li>\n<li class=\"product-prop line-limit-length\"><span\n                                        class=\"property-title\">Sexe :&nbsp;<\/span><span\n                                        class=\"property-desc line-limit-length\">FEMMES<\/span>\n                            <\/li>\n<li class=\"product-prop line-limit-length\"><span\n                                        class=\"property-title\">Nom du produit :&nbsp;<\/span><span\n                                        class=\"property-desc line-limit-length\">Tour de taille en latex<\/span>\n                            <\/li>\n<li class=\"product-prop line-limit-length\"><span\n                                        class=\"property-title\">Taille :&nbsp;<\/span><span\n                                        class=\"property-desc line-limit-length\">XS-6XL<\/span>\n                            <\/li>\n<li class=\"product-prop line-limit-length\"><span\n                                        class=\"property-title\">Couleur :&nbsp;<\/span><span\n                                        class=\"property-desc line-limit-length\">Noir<\/span>\n                            <\/li>\n<li class=\"product-prop line-limit-length\"><span\n                                        class=\"property-title\">Fermeture :&nbsp;<\/span><span\n                                        class=\"property-desc line-limit-length\">Crochets et yeux<\/span>\n                            <\/li>\n<li class=\"product-prop line-limit-length\"><span\n                                        class=\"property-title\">D\u00e9sossage :&nbsp;<\/span><span\n                                        class=\"property-desc line-limit-length\">29 Os d'acier<\/span>\n                            <\/li>\n<\/ul><\/div>\n<div class=\"detailmodule_html\">\n<div class=\"detail-desc-decorate-richtext\">\n<p>\n <kse:widget data-widget-type=\"customText\" id=\"1005000009037618\" type=\"relation\"><\/kse:widget><img decoding=\"async\" src=\"https:\/\/ae01.alicdn.com\/kf\/S0a021a9c1c4a4eb792bc578891bc576bH.jpg\" slate-data-type=\"image\" \/><img decoding=\"async\" src=\"https:\/\/ae01.alicdn.com\/kf\/Sc521adec499e4399a15b0162ce930855Z.jpg\" slate-data-type=\"image\" \/><\/p>\n<p><span style=\"color:rgb(244, 78, 59);font-size:24px\" id=\"tl_1\">Corset Entra\u00eeneur de Taille en Latex d'Acier 29, Fajas Ceinture Cincher Underbust Korset<\/span><\/p>\n<p><span style=\"font-size:22px\" id=\"tl_2\">1. Num\u00e9ro de mod\u00e8le : 674<\/span><\/p>\n<p><span style=\"font-size:22px\" id=\"tl_3\">2. Nom du produit : Entra\u00eeneur de taille en latex<\/span><\/p>\n<p><span style=\"font-size:22px\" id=\"tl_4\">3. Taille : XS-6XL<\/span><\/p>\n<p><span style=\"font-size:22px\" id=\"tl_5\">4. Os : 29 os en acier<\/span><\/p>\n<p><span style=\"font-size:22px\" id=\"tl_6\">5. Mat\u00e9riel : Doublure : Coton 96%, Spandex 4% ; Noyau : Latex 100%<\/span><\/p>\n<p><span style=\"font-size:22px\" id=\"tl_7\">6. Option de couleur : Noir<\/span><\/p>\n<p><span style=\"font-size:22px\" id=\"tl_8\">7. Lavage : lavage \u00e0 la main uniquement, pas de fer \u00e0 repasser\/pas de lavage en machine\/pas de blanchiment au chlore\/pas de nettoyage \u00e0 sec.<\/span><\/p>\n<p><img decoding=\"async\" src=\"https:\/\/ae01.alicdn.com\/kf\/S2ae47aa149434a5680eca0fb55d1f116D.jpg\" slate-data-type=\"image\" \/><img decoding=\"async\" src=\"https:\/\/ae01.alicdn.com\/kf\/S3d15c0e0581c49e4b42d94bf2df9f43fh.jpg\" slate-data-type=\"image\" \/><img decoding=\"async\" src=\"https:\/\/ae01.alicdn.com\/kf\/Sc0d7cf85687c477783af70027e0a2ff91.jpg\" slate-data-type=\"image\" \/><img decoding=\"async\" src=\"https:\/\/ae01.alicdn.com\/kf\/S79aa127ece2b412ca6534daf5bbe0ef3h.jpg\" slate-data-type=\"image\" \/><img decoding=\"async\" src=\"https:\/\/ae01.alicdn.com\/kf\/Sd7ca9ccfe3f844a2ab8827c2170677c9d.jpg\" slate-data-type=\"image\" \/><img decoding=\"async\" src=\"https:\/\/ae01.alicdn.com\/kf\/S304b53ef50364baa87154611fcf4abce0.jpg\" slate-data-type=\"image\" \/><img decoding=\"async\" src=\"https:\/\/ae01.alicdn.com\/kf\/S9dc26d68d9b645eab49d16efb60d9fe0R.jpg\" slate-data-type=\"image\" \/><img decoding=\"async\" src=\"https:\/\/ae01.alicdn.com\/kf\/Se2c978e559a940528af17f5a0de89526h.jpg\" slate-data-type=\"image\" \/><\/p>\n<p><\/p>\n<\/div>\n<\/div>","protected":false},"excerpt":{"rendered":"<p>Moule \u00c9paisseur:&nbsp;Cupless Type de support:&nbsp;Sans fil Sexuellement Suggestive:&nbsp;Pas de Image D&#039;obsc\u00e8ne:&nbsp;Pas de Num\u00e9ro de Mod\u00e8le:&nbsp;674 \u00c9paisseur:&nbsp;Norme D\u00e9coration:&nbsp;NONE Type de tissu:&nbsp;Drap<\/p>","protected":false},"featured_media":7355,"comment_status":"open","ping_status":"closed","template":"","meta":[],"product_brand":[],"product_cat":[15],"product_tag":[],"class_list":{"0":"post-7354","1":"product","2":"type-product","3":"status-publish","4":"has-post-thumbnail","6":"product_cat-uncategorized","8":"first","9":"instock","10":"shipping-taxable","11":"purchasable","12":"product-type-variable"},"jetpack_sharing_enabled":true,"_links":{"self":[{"href":"https:\/\/afrycom.com\/fr\/wp-json\/wp\/v2\/product\/7354","targetHints":{"allow":["GET"]}}],"collection":[{"href":"https:\/\/afrycom.com\/fr\/wp-json\/wp\/v2\/product"}],"about":[{"href":"https:\/\/afrycom.com\/fr\/wp-json\/wp\/v2\/types\/product"}],"replies":[{"embeddable":true,"href":"https:\/\/afrycom.com\/fr\/wp-json\/wp\/v2\/comments?post=7354"}],"wp:featuredmedia":[{"embeddable":true,"href":"https:\/\/afrycom.com\/fr\/wp-json\/wp\/v2\/media\/7355"}],"wp:attachment":[{"href":"https:\/\/afrycom.com\/fr\/wp-json\/wp\/v2\/media?parent=7354"}],"wp:term":[{"taxonomy":"product_brand","embeddable":true,"href":"https:\/\/afrycom.com\/fr\/wp-json\/wp\/v2\/product_brand?post=7354"},{"taxonomy":"product_cat","embeddable":true,"href":"https:\/\/afrycom.com\/fr\/wp-json\/wp\/v2\/product_cat?post=7354"},{"taxonomy":"product_tag","embeddable":true,"href":"https:\/\/afrycom.com\/fr\/wp-json\/wp\/v2\/product_tag?post=7354"}],"curies":[{"name":"wp","href":"https:\/\/api.w.org\/{rel}","templated":true}]}}