{"id":7276,"date":"2025-03-08T08:10:41","date_gmt":"2025-03-08T08:10:41","guid":{"rendered":"https:\/\/afrycom.com\/product\/missmoly-femmes-dos-nu-body-shapewear-string-nouveau-ventre-controle-bout-a-bout-corps-shaper-corset-minceur-haut-pour-femmme\/"},"modified":"2025-10-21T03:09:29","modified_gmt":"2025-10-21T03:09:29","slug":"missmoly-femmes-dos-nu-body-shapewear-string-nouveau-ventre-controle-bout-a-bout-corps-shaper-corset-minceur-haut-pour-femmme","status":"publish","type":"product","link":"https:\/\/afrycom.com\/fr\/produit\/missmoly-femmes-dos-nu-body-shapewear-string-nouveau-ventre-controle-bout-a-bout-corps-shaper-corset-minceur-haut-pour-femmme\/","title":{"rendered":"MISSMOLY femmes dos nu Body Shapewear string nouveau ventre contr\u00f4le bout \u00e0 bout corps Shaper Corset minceur haut pour femmme"},"content":{"rendered":"<p>&nbsp;<\/p>\n<div class=\"product-specs-list-container\">\n<ul class=\"product-specs-list util-clearfix\">\n<li class=\"product-prop line-limit-length\"><span class=\"property-title\">Moule \u00c9paisseur :\u00a0<\/span><span class=\"property-desc line-limit-length\">Sans tasse<\/span><\/li>\n<li class=\"product-prop line-limit-length\"><span class=\"property-title\">Type de support :\u00a0<\/span><span class=\"property-desc line-limit-length\">Autres<\/span><\/li>\n<li class=\"product-prop line-limit-length\"><span class=\"property-title\">Sexuellement suggestif :\u00a0<\/span><span class=\"property-desc line-limit-length\">Pas de<\/span><\/li>\n<li class=\"product-prop line-limit-length\"><span class=\"property-title\">Image D'obsc\u00e8ne :\u00a0<\/span><span class=\"property-desc line-limit-length\">Pas de<\/span><\/li>\n<li class=\"product-prop line-limit-length\"><span class=\"property-title\">\u00c9paisseur :\u00a0<\/span><span class=\"property-desc line-limit-length\">Mince<\/span><\/li>\n<li class=\"product-prop line-limit-length\"><span class=\"property-title\">D\u00e9coration :\u00a0<\/span><span class=\"property-desc line-limit-length\">creuse<\/span><\/li>\n<li class=\"product-prop line-limit-length\"><span class=\"property-title\">Type de tissu :\u00a0<\/span><span class=\"property-desc line-limit-length\">Drap fin<\/span><\/li>\n<li class=\"product-prop line-limit-length\"><span class=\"property-title\">V\u00eatements sculptants :\u00a0<\/span><span class=\"property-desc line-limit-length\">Combinaison<\/span><\/li>\n<li class=\"product-prop line-limit-length\"><span class=\"property-title\">Niveau de contr\u00f4le :\u00a0<\/span><span class=\"property-desc line-limit-length\">Moyen<\/span><\/li>\n<li class=\"product-prop line-limit-length\"><span class=\"property-title\">Mat\u00e9riau :\u00a0<\/span><span class=\"property-desc line-limit-length\">Nylon, SPANDEX<\/span><\/li>\n<li class=\"product-prop line-limit-length\"><span class=\"property-title\">Nom de marque :\u00a0<\/span><span class=\"property-desc line-limit-length\">miss moly<\/span><\/li>\n<li class=\"product-prop line-limit-length\"><span class=\"property-title\">Origine :\u00a0<\/span><span class=\"property-desc line-limit-length\">CN (Origine)<\/span><\/li>\n<li class=\"product-prop line-limit-length\"><span class=\"property-title\">CN :\u00a0<\/span><span class=\"property-desc line-limit-length\">Guangdong<\/span><\/li>\n<li class=\"product-prop line-limit-length\"><span class=\"property-title\">Type d'article :\u00a0<\/span><span class=\"property-desc line-limit-length\">Fa\u00e7onneurs<\/span><\/li>\n<li class=\"product-prop line-limit-length\"><span class=\"property-title\">Sexe :\u00a0<\/span><span class=\"property-desc line-limit-length\">FEMMES<\/span><\/li>\n<li class=\"product-prop line-limit-length\"><span class=\"property-title\">Caract\u00e9ristiques du produit 1 :\u00a0<\/span><span class=\"property-desc line-limit-length\">CONCEPTION DU DOSSIER BAS<\/span><\/li>\n<li class=\"product-prop line-limit-length\"><span class=\"property-title\">Caract\u00e9ristiques du produit 2 :\u00a0<\/span><span class=\"property-desc line-limit-length\">Cintre de taille\/ Contr\u00f4le de l'abdomen<\/span><\/li>\n<li class=\"product-prop line-limit-length\"><span class=\"property-title\">Caract\u00e9ristiques du produit 3 :\u00a0<\/span><span class=\"property-desc line-limit-length\">Remonter le buste<\/span><\/li>\n<li class=\"product-prop line-limit-length\"><span class=\"property-title\">Caract\u00e9ristiques du produit 4 :\u00a0<\/span><span class=\"property-desc line-limit-length\">Corset<\/span><\/li>\n<li class=\"product-prop line-limit-length\"><span class=\"property-title\">Caract\u00e9ristiques du produit 5 :\u00a0<\/span><span class=\"property-desc line-limit-length\">L\u00e8ve-fesses<\/span><\/li>\n<li class=\"product-prop line-limit-length\"><span class=\"property-title\">Caract\u00e9ristiques du produit 6 :\u00a0<\/span><span class=\"property-desc line-limit-length\">Un amincissement invisible<\/span><\/li>\n<li class=\"product-prop line-limit-length\"><span class=\"property-title\">Caract\u00e9ristiques du produit 7 :\u00a0<\/span><span class=\"property-desc line-limit-length\">Mariage\/Tenue de soir\u00e9e\/Cocktail Party\/Quotidien\/Date<\/span><\/li>\n<li class=\"product-prop line-limit-length\"><span class=\"property-title\">Taille :\u00a0<\/span><span class=\"property-desc line-limit-length\">S-3XL<\/span><\/li>\n<\/ul>\n<\/div>\n<div class=\"detailmodule_html\">\n<div class=\"detail-desc-decorate-richtext\">\n<div class=\"detailmodule_html\">\n<div class=\"detail-desc-decorate-richtext\">\n<div><\/div>\n<div id=\"tl_1\">Sculptez le corps de vos r\u00eaves avec notre body gainant \u2013 Contr\u00f4le du ventre, dos nu, dos bas et design string.<img decoding=\"async\" style=\"width: 100%; height: auto;\" src=\"https:\/\/ae01.alicdn.com\/kf\/S46a9166fb97b46549157fcc03cebd093M.jpg?width=1000&amp;height=410&amp;hash=1410\" width=\"100%\" height=\"auto\" \/><\/p>\n<\/div>\n<p id=\"tl_2\" style=\"font-size: 16px; font-weight: bold; text-align: left; color: #434649;\" align=\"left\">DESCRIPTION<\/p>\n<p id=\"tl_3\" style=\"font-size: 13px; text-align: left; color: #434649;\" align=\"left\">77 % nylon + 23 % \u00e9lasthanne<br \/>\nImport\u00e9<br \/>\nFermeture \u00e0 pression<br \/>\nLavage \u00e0 la main uniquement<br \/>\nBODY SHAPEWEAR PUISSANT SANS COUTURE &#8211; Le body shaper sans couture a un effet de conception de compression corporelle sp\u00e9cial qui est ergonomique.Ce body shapewear sans couture aide \u00e0 soulever votre buste, \u00e0 lisser votre tour de taille, vos rouleaux de dos, vos poign\u00e9es d&#8217;amour et votre fupa.<br \/>\nTISSU DE QUALIT\u00c9 SUP\u00c9RIEURE &#8211; Il est parfait \u00e0 porter toute la journ\u00e9e gr\u00e2ce \u00e0 ses mat\u00e9riaux confortables et respirants. 77 % nylon NILIT + 23 % \u00e9lasthanne pour plus d&#8217;\u00e9tirement et de confort.Le body shapewear soyeux, doux, l\u00e9ger et extensible offre un bon maintien et est confortable, et il s&#8217;adapte comme un gant.Le tissu hautement \u00e9lastique aplatit efficacement l&#8217;abdomen.<br \/>\nDesign \u00e0 dos bas \u2013 Conception \u00e0 dos bas, parfaite pour les robes \u00e0 dos bas et port\u00e9e avec des jeans, des jupes ou des shorts pour un style ajust\u00e9.Il dispose \u00e9galement d&#8217;une fermeture \u00e0 pression \u00e0 l&#8217;entrejambe qui le rend pratique pour une utilisation dans la salle de bain.<br \/>\nLISTEZ L&#8217;ABDOMEN ET R\u00c9DUISEZ LA TAILLE &#8211; Un body \u00e0 haute compression qui maintient votre corps, soutient votre poitrine et serre votre taille.Vous aider \u00e0 perdre des centim\u00e8tres de votre taille et de votre ventre en quelques secondes.<br \/>\nCONSEILS DE TAILLES &#8211; Suivez notre tableau des tailles et mesurez vos mesures de buste, de taille et de hanches.Lors du premier essai, vous pourriez \u00eatre choqu\u00e9 par la \u00ab petite \u00bb du body appara\u00eet.Mais pas besoin de vous inqui\u00e9ter : le body est sp\u00e9cialement fabriqu\u00e9 dans un mat\u00e9riau extr\u00eamement \u00e9lastique, il vous serrera donc aux bons endroits.<\/p>\n<p id=\"tl_4\" style=\"font-size: 16px; font-weight: bold; text-align: left; color: #434649;\" align=\"left\">Informations sur le TABLEAU DES TAILLES<\/p>\n<div><img decoding=\"async\" src=\"https:\/\/ae01.alicdn.com\/kf\/Sbcc5b51eaa6b429abc18e4d3590aa935w.jpg?width=800&amp;height=800&amp;hash=1600\" \/><br \/>\n<img decoding=\"async\" style=\"width: 100%; height: auto;\" src=\"https:\/\/ae01.alicdn.com\/kf\/Sd4c0b12375ca4548a3c96b7ec862e7a79.jpg?width=800&amp;height=330&amp;hash=1130\" width=\"100%\" height=\"auto\" \/><\/div>\n<p id=\"tl_5\" style=\"font-size: 16px; font-weight: bold; text-align: left; color: #434649;\" align=\"left\">Dos \u00e9chanc\u00e9 bas\/conception dos nu<\/p>\n<p id=\"tl_6\" style=\"font-size: 13px; text-align: left; color: #434649;\" align=\"left\">Convient aux styles \u00e0 dos bas<\/p>\n<div><img decoding=\"async\" style=\"width: 100%; height: auto;\" src=\"https:\/\/ae01.alicdn.com\/kf\/S14c35ade5f9b470a9b4ce3361d955160X.jpg?width=1000&amp;height=410&amp;hash=1410\" width=\"100%\" height=\"auto\" \/><\/div>\n<p id=\"tl_7\" style=\"font-size: 16px; font-weight: bold; text-align: left; color: #434649;\" align=\"left\">Conception de soutien mammaire<\/p>\n<p id=\"tl_8\" style=\"font-size: 13px; text-align: left; color: #434649;\" align=\"left\">avec effet push-up.Rendez votre buste plus beau<\/p>\n<div><img decoding=\"async\" style=\"width: 100%; height: auto;\" src=\"https:\/\/ae01.alicdn.com\/kf\/S100c5abe8de24d2ab0ec06bb3eb5c6fen.jpg?width=1000&amp;height=410&amp;hash=1410\" width=\"100%\" height=\"auto\" \/><\/div>\n<p id=\"tl_9\" style=\"font-size: 16px; font-weight: bold; text-align: left; color: #434649;\" align=\"left\">Compliment des fesses \/ Lifting des fesses<\/p>\n<p id=\"tl_10\" style=\"font-size: 13px; text-align: left; color: #434649;\" align=\"left\">avec effet push-up.Rendez vos hanches plus belles<\/p>\n<div><img decoding=\"async\" style=\"width: 100%; height: auto;\" src=\"https:\/\/ae01.alicdn.com\/kf\/Sdeb70106b0954d8abd9ed0322091591al.jpg?width=1000&amp;height=410&amp;hash=1410\" width=\"100%\" height=\"auto\" \/><\/div>\n<p id=\"tl_11\" style=\"font-size: 16px; font-weight: bold; text-align: left; color: #434649;\" align=\"left\">Contr\u00f4le du ventre \/ serre-taille \/ ventre fin<\/p>\n<p id=\"tl_12\" style=\"font-size: 13px; text-align: left; color: #434649;\" align=\"left\">am\u00e9liore l&#8217;effet d&#8217;aplatissement de l&#8217;abdomen<\/p>\n<div><img decoding=\"async\" style=\"width: 100%; height: auto;\" src=\"https:\/\/ae01.alicdn.com\/kf\/Scebf578a75de4c369af8e8391398e83eW.jpg?width=1000&amp;height=410&amp;hash=1410\" width=\"100%\" height=\"auto\" \/><\/div>\n<p id=\"tl_13\" style=\"font-size: 16px; font-weight: bold; text-align: left; color: #434649;\" align=\"left\">Exposition de l'acheteur<\/p>\n<p id=\"tl_14\" style=\"font-size: 13px; text-align: left; color: #434649;\" align=\"left\">Commentaires r\u00e9els de plus de vendeurs<\/p>\n<div><img decoding=\"async\" style=\"width: 100%; height: auto;\" src=\"https:\/\/ae01.alicdn.com\/kf\/Sdb720ed56ff348aa9b3831395a6b1fac0.jpg?width=800&amp;height=800&amp;hash=1600\" width=\"100%\" height=\"auto\" \/><br \/>\n<img decoding=\"async\" style=\"width: 100%; height: auto;\" src=\"https:\/\/ae01.alicdn.com\/kf\/S7c6a92e6dca54b27b535283d389070a60.jpg?width=800&amp;height=800&amp;hash=1600\" width=\"100%\" height=\"auto\" \/><br \/>\n<img decoding=\"async\" style=\"width: 100%; height: auto;\" src=\"https:\/\/ae01.alicdn.com\/kf\/S569939bf20af48c88b12cd0ac51baa8f2.jpg?width=800&amp;height=800&amp;hash=1600\" width=\"100%\" height=\"auto\" \/><br \/>\n<img decoding=\"async\" style=\"width: 100%; height: auto;\" src=\"https:\/\/ae01.alicdn.com\/kf\/Sc9f1730bd7324628a8b7e87f2eb2f742M.jpg?width=800&amp;height=800&amp;hash=1600\" width=\"100%\" height=\"auto\" \/><br \/>\n<img decoding=\"async\" style=\"width: 100%; height: auto;\" src=\"https:\/\/ae01.alicdn.com\/kf\/S1a0072aa4113439fb8d5d237b07ac5afQ.jpg?width=800&amp;height=800&amp;hash=1600\" width=\"100%\" height=\"auto\" \/><br \/>\n<img decoding=\"async\" style=\"width: 100%; height: auto;\" src=\"https:\/\/ae01.alicdn.com\/kf\/Sb04c5540b66340ee871c12b05376ab2cw.jpg?width=800&amp;height=800&amp;hash=1600\" width=\"100%\" height=\"auto\" \/><br \/>\n<img decoding=\"async\" style=\"width: 100%; height: auto;\" src=\"https:\/\/ae01.alicdn.com\/kf\/S5d8b120e19114aaead92f3fe3a1e6a25p.jpg?width=800&amp;height=800&amp;hash=1600\" width=\"100%\" height=\"auto\" \/><br \/>\n<img decoding=\"async\" style=\"width: 100%; height: auto;\" src=\"https:\/\/ae01.alicdn.com\/kf\/S37907004591441c1a963e134d0313d67L.jpg?width=800&amp;height=800&amp;hash=1600\" width=\"100%\" height=\"auto\" \/><br \/>\n<img decoding=\"async\" style=\"width: 100%; height: auto;\" src=\"https:\/\/ae01.alicdn.com\/kf\/S8ed808e6e7dc44a1a73176dbdae7e78fR.jpg?width=800&amp;height=800&amp;hash=1600\" width=\"100%\" height=\"auto\" \/><br \/>\n<img decoding=\"async\" style=\"width: 100%; height: auto;\" src=\"https:\/\/ae01.alicdn.com\/kf\/Sbd5e5a78f7f443bea954ceb864b9a52eP.jpg?width=800&amp;height=800&amp;hash=1600\" width=\"100%\" height=\"auto\" \/><br \/>\n<img decoding=\"async\" style=\"width: 100%; height: auto;\" src=\"https:\/\/ae01.alicdn.com\/kf\/Sd79b3f092e5645d18c53eb9a410e2bb5l.jpg?width=640&amp;height=640&amp;hash=1280\" width=\"100%\" height=\"auto\" \/><br \/>\n<img decoding=\"async\" style=\"width: 100%; height: auto;\" src=\"https:\/\/ae01.alicdn.com\/kf\/S950a47944d2449b8b1bfc3649b5c099fD.jpg?width=800&amp;height=800&amp;hash=1600\" width=\"100%\" height=\"auto\" \/><br \/>\n<img decoding=\"async\" style=\"width: 100%; height: auto;\" src=\"https:\/\/ae01.alicdn.com\/kf\/Sa0c7bfe9f2d44391b0fa406164828d45m.jpg?width=800&amp;height=328&amp;hash=1128\" width=\"100%\" height=\"auto\" \/><br \/>\n<img decoding=\"async\" style=\"width: 100%; height: auto;\" src=\"https:\/\/ae01.alicdn.com\/kf\/Sd506281e6cba4f4ab75d525fadaa848bo.jpg?width=800&amp;height=561&amp;hash=1361\" width=\"100%\" height=\"auto\" \/><br \/>\n<img decoding=\"async\" style=\"width: 100%; height: auto;\" src=\"https:\/\/ae01.alicdn.com\/kf\/Sc24fae17567345a08b3ce2c4792d2030q.jpg?width=800&amp;height=639&amp;hash=1439\" width=\"100%\" height=\"auto\" \/><br \/>\n<img decoding=\"async\" style=\"width: 100%; height: auto;\" src=\"https:\/\/ae01.alicdn.com\/kf\/S39208128cfe4464ca3109cb333790913u.jpg?width=800&amp;height=428&amp;hash=1228\" width=\"100%\" height=\"auto\" \/><\/div>\n<p>&nbsp;<\/p>\n<\/div>\n<\/div>\n<\/div>\n<\/div>","protected":false},"excerpt":{"rendered":"<p>&nbsp; Moule \u00c9paisseur:\u00a0Cupless Type de support:\u00a0Autres Sexuellement Suggestive:\u00a0Pas de Image D&#8217;obsc\u00e8ne:\u00a0Pas de \u00c9paisseur:\u00a0Mince D\u00e9coration:\u00a0creuse Type de tissu:\u00a0Drap fin V\u00eatements sculptants:\u00a0Combinaison<\/p>","protected":false},"featured_media":7277,"comment_status":"open","ping_status":"closed","template":"","meta":[],"product_brand":[],"product_cat":[4990,4991,1451],"product_tag":[],"class_list":{"0":"post-7276","1":"product","2":"type-product","3":"status-publish","4":"has-post-thumbnail","6":"product_cat-dresses-skirts","7":"product_cat-lingerie-nightwear","8":"product_cat-womens-section","10":"first","11":"instock","12":"shipping-taxable","13":"purchasable","14":"product-type-variable"},"jetpack_sharing_enabled":true,"_links":{"self":[{"href":"https:\/\/afrycom.com\/fr\/wp-json\/wp\/v2\/product\/7276","targetHints":{"allow":["GET"]}}],"collection":[{"href":"https:\/\/afrycom.com\/fr\/wp-json\/wp\/v2\/product"}],"about":[{"href":"https:\/\/afrycom.com\/fr\/wp-json\/wp\/v2\/types\/product"}],"replies":[{"embeddable":true,"href":"https:\/\/afrycom.com\/fr\/wp-json\/wp\/v2\/comments?post=7276"}],"wp:featuredmedia":[{"embeddable":true,"href":"https:\/\/afrycom.com\/fr\/wp-json\/wp\/v2\/media\/7277"}],"wp:attachment":[{"href":"https:\/\/afrycom.com\/fr\/wp-json\/wp\/v2\/media?parent=7276"}],"wp:term":[{"taxonomy":"product_brand","embeddable":true,"href":"https:\/\/afrycom.com\/fr\/wp-json\/wp\/v2\/product_brand?post=7276"},{"taxonomy":"product_cat","embeddable":true,"href":"https:\/\/afrycom.com\/fr\/wp-json\/wp\/v2\/product_cat?post=7276"},{"taxonomy":"product_tag","embeddable":true,"href":"https:\/\/afrycom.com\/fr\/wp-json\/wp\/v2\/product_tag?post=7276"}],"curies":[{"name":"wp","href":"https:\/\/api.w.org\/{rel}","templated":true}]}}