{"id":7261,"date":"2025-03-08T08:10:37","date_gmt":"2025-03-08T08:10:37","guid":{"rendered":"https:\/\/afrycom.com\/product\/upors-poele-a-frire-antiadhesive-a-4-trous-pour-petit-dejeuner-hamburger-oeuf-crepiere-a-manche-en-bois-pierre-medicale-poele-a-omelette-a-quatre-trous\/"},"modified":"2025-03-08T08:10:42","modified_gmt":"2025-03-08T08:10:42","slug":"upors-poele-a-frire-antiadhesive-a-4-trous-pour-petit-dejeuner-hamburger-oeuf-crepiere-a-manche-en-bois-pierre-medicale-poele-a-omelette-a-quatre-trous","status":"publish","type":"product","link":"https:\/\/afrycom.com\/fr\/produit\/upors-poele-a-frire-antiadhesive-a-4-trous-pour-petit-dejeuner-hamburger-oeuf-crepiere-a-manche-en-bois-pierre-medicale-poele-a-omelette-a-quatre-trous\/","title":{"rendered":"UPORS - po\u00eale \u00e0 frire antiadh\u00e9sive \u00e0 4 trous pour petit d\u00e9jeuner, hamburger, oeuf, cr\u00eapi\u00e8re \u00e0 manche en bois, pierre m\u00e9dicale, po\u00eale \u00e0 omelette \u00e0 quatre trous"},"content":{"rendered":"<div class=\"product-specs-list-container\">\n<ul class=\"product-specs-list util-clearfix\">\n<li class=\"product-prop line-limit-length\"><span\n                                        class=\"property-title\">Chimique Hign-concern\u00e9 :&nbsp;<\/span><span\n                                        class=\"property-desc line-limit-length\">Aucun<\/span>\n                            <\/li>\n<li class=\"product-prop line-limit-length\"><span\n                                        class=\"property-title\">Diam\u00e8tre :&nbsp;<\/span><span\n                                        class=\"property-desc line-limit-length\">&lt;20 cm<\/span>\n                            <\/li>\n<li class=\"product-prop line-limit-length\"><span\n                                        class=\"property-title\">Po\u00eale applicable :&nbsp;<\/span><span\n                                        class=\"property-desc line-limit-length\">Utilisation g\u00e9n\u00e9rale pour le cuiseur \u00e0 gaz et \u00e0 induction<\/span>\n                            <\/li>\n<li class=\"product-prop line-limit-length\"><span\n                                        class=\"property-title\">Caract\u00e9ristique :&nbsp;<\/span><span\n                                        class=\"property-desc line-limit-length\">Respect de l'environnement<\/span>\n                            <\/li>\n<li class=\"product-prop line-limit-length\"><span\n                                        class=\"property-title\">Certification :&nbsp;<\/span><span\n                                        class=\"property-desc line-limit-length\">CE \/ UE,CIQ,SGS<\/span>\n                            <\/li>\n<li class=\"product-prop line-limit-length\"><span\n                                        class=\"property-title\">Num\u00e9ro de Mod\u00e8le :&nbsp;<\/span><span\n                                        class=\"property-desc line-limit-length\">Pan0312<\/span>\n                            <\/li>\n<li class=\"product-prop line-limit-length\"><span\n                                        class=\"property-title\">Type de m\u00e9tal :&nbsp;<\/span><span\n                                        class=\"property-desc line-limit-length\">Aluminium<\/span>\n                            <\/li>\n<li class=\"product-prop line-limit-length\"><span\n                                        class=\"property-title\">Mat\u00e9riau :&nbsp;<\/span><span\n                                        class=\"property-desc line-limit-length\">alliage d'aluminium<\/span>\n                            <\/li>\n<li class=\"product-prop line-limit-length\"><span\n                                        class=\"property-title\">Type de couverture de pot :&nbsp;<\/span><span\n                                        class=\"property-desc line-limit-length\">Sans couvercle du pot<\/span>\n                            <\/li>\n<li class=\"product-prop line-limit-length\"><span\n                                        class=\"property-title\">Type de wok :&nbsp;<\/span><span\n                                        class=\"property-desc line-limit-length\">Antiadh\u00e9sif<\/span>\n                            <\/li>\n<li class=\"product-prop line-limit-length\"><span\n                                        class=\"property-title\">Type de casseroles :&nbsp;<\/span><span\n                                        class=\"property-desc line-limit-length\">Casseroles d'omelette<\/span>\n                            <\/li>\n<li class=\"product-prop line-limit-length\"><span\n                                        class=\"property-title\">Nom de marque :&nbsp;<\/span><span\n                                        class=\"property-desc line-limit-length\">Upors<\/span>\n                            <\/li>\n<li class=\"product-prop line-limit-length\"><span\n                                        class=\"property-title\">Origine :&nbsp;<\/span><span\n                                        class=\"property-desc line-limit-length\">CN (Origine)<\/span>\n                            <\/li>\n<li class=\"product-prop line-limit-length\"><span\n                                        class=\"property-title\">Type :&nbsp;<\/span><span\n                                        class=\"property-desc line-limit-length\">Casseroles<\/span>\n                            <\/li>\n<li class=\"product-prop line-limit-length\"><span\n                                        class=\"property-title\">Caract\u00e9ristiques :&nbsp;<\/span><span\n                                        class=\"property-desc line-limit-length\">cr\u00eape de po\u00eale<\/span>\n                            <\/li>\n<\/ul><\/div>\n<div class=\"detailmodule_html\">\n<div class=\"detail-desc-decorate-richtext\">\n<div class=\"detailmodule_image\"><\/div>\n<div class=\"detailmodule_image\"><img decoding=\"async\" class=\"detail-desc-decorate-image\" src=\"https:\/\/ae01.alicdn.com\/kf\/H20fea81e60b141bea57b37a86e0572d6T.jpg\" slate-data-type=\"image\"\/><img decoding=\"async\" class=\"detail-desc-decorate-image\" src=\"https:\/\/ae01.alicdn.com\/kf\/H64844b4016864ba38e8c161385d13dc6G.jpg\" slate-data-type=\"image\"\/><img decoding=\"async\" class=\"detail-desc-decorate-image\" src=\"https:\/\/ae01.alicdn.com\/kf\/Hc518ba6b7f6a4dfd93d89e993fc4ed31Z.jpg\" slate-data-type=\"image\"\/><img decoding=\"async\" class=\"detail-desc-decorate-image\" src=\"https:\/\/ae01.alicdn.com\/kf\/H7e11105e2fed4a6589726c826ddb629cn.jpg\" slate-data-type=\"image\"\/><img decoding=\"async\" class=\"detail-desc-decorate-image\" src=\"https:\/\/ae01.alicdn.com\/kf\/H90f4153b21bf49a8be0dc37fba6b0e8fa.jpg\" slate-data-type=\"image\"\/><img decoding=\"async\" class=\"detail-desc-decorate-image\" src=\"https:\/\/ae01.alicdn.com\/kf\/H27393f2099cd4695970f352eb14a6504z.jpg\" slate-data-type=\"image\"\/><img decoding=\"async\" class=\"detail-desc-decorate-image\" src=\"https:\/\/ae01.alicdn.com\/kf\/H541c757a7f2044779a3b6a1e4f421965g.jpg\" slate-data-type=\"image\"\/><\/div>\n<p><\/p>\n<\/div>\n<\/div>\n<p><\/p>","protected":false},"excerpt":{"rendered":"<p>Chimique Hign-concern\u00e9:&nbsp;Aucun Diam\u00e8tre:&nbsp;&lt;20 cm Po\u00eale applicable:&nbsp;Utilisation g\u00e9n\u00e9rale pour le cuiseur \u00e0 gaz et \u00e0 induction Caract\u00e9ristique:&nbsp;Eco-friendly Certification:&nbsp;CE \/ UE,CIQ,SGS Num\u00e9ro<\/p>","protected":false},"featured_media":7262,"comment_status":"open","ping_status":"closed","template":"","meta":[],"product_brand":[],"product_cat":[15],"product_tag":[],"class_list":{"0":"post-7261","1":"product","2":"type-product","3":"status-publish","4":"has-post-thumbnail","6":"product_cat-uncategorized","8":"first","9":"instock","10":"shipping-taxable","11":"purchasable","12":"product-type-variable"},"jetpack_sharing_enabled":true,"_links":{"self":[{"href":"https:\/\/afrycom.com\/fr\/wp-json\/wp\/v2\/product\/7261","targetHints":{"allow":["GET"]}}],"collection":[{"href":"https:\/\/afrycom.com\/fr\/wp-json\/wp\/v2\/product"}],"about":[{"href":"https:\/\/afrycom.com\/fr\/wp-json\/wp\/v2\/types\/product"}],"replies":[{"embeddable":true,"href":"https:\/\/afrycom.com\/fr\/wp-json\/wp\/v2\/comments?post=7261"}],"wp:featuredmedia":[{"embeddable":true,"href":"https:\/\/afrycom.com\/fr\/wp-json\/wp\/v2\/media\/7262"}],"wp:attachment":[{"href":"https:\/\/afrycom.com\/fr\/wp-json\/wp\/v2\/media?parent=7261"}],"wp:term":[{"taxonomy":"product_brand","embeddable":true,"href":"https:\/\/afrycom.com\/fr\/wp-json\/wp\/v2\/product_brand?post=7261"},{"taxonomy":"product_cat","embeddable":true,"href":"https:\/\/afrycom.com\/fr\/wp-json\/wp\/v2\/product_cat?post=7261"},{"taxonomy":"product_tag","embeddable":true,"href":"https:\/\/afrycom.com\/fr\/wp-json\/wp\/v2\/product_tag?post=7261"}],"curies":[{"name":"wp","href":"https:\/\/api.w.org\/{rel}","templated":true}]}}