{"id":7249,"date":"2025-03-08T08:10:34","date_gmt":"2025-03-08T08:10:34","guid":{"rendered":"https:\/\/afrycom.com\/product\/spatule-en-silicone-pour-pots-antiadhesifs-resistante-aux-hautes-temperatures-haute-qualite-outil-de-spatule-a-frire-en-acier-a-ressort-ustensiles-de-cuisine\/"},"modified":"2025-03-08T08:10:42","modified_gmt":"2025-03-08T08:10:42","slug":"spatule-en-silicone-pour-pots-antiadhesifs-resistante-aux-hautes-temperatures-haute-qualite-outil-de-spatule-a-frire-en-acier-a-ressort-ustensiles-de-cuisine","status":"publish","type":"product","link":"https:\/\/afrycom.com\/fr\/produit\/spatule-en-silicone-pour-pots-antiadhesifs-resistante-aux-hautes-temperatures-haute-qualite-outil-de-spatule-a-frire-en-acier-a-ressort-ustensiles-de-cuisine\/","title":{"rendered":"Spatule en Silicone pour Pots antiadh\u00e9sifs, r\u00e9sistante aux hautes temp\u00e9ratures, haute qualit\u00e9, outil de spatule \u00e0 frire en acier \u00e0 ressort, ustensiles de cuisine"},"content":{"rendered":"<div class=\"product-specs-list-container\">\n<ul class=\"product-specs-list util-clearfix\">\n<li class=\"product-prop line-limit-length\"><span\n                                        class=\"property-title\">Chimique Hign-concern\u00e9 :&nbsp;<\/span><span\n                                        class=\"property-desc line-limit-length\">Aucun<\/span>\n                            <\/li>\n<li class=\"product-prop line-limit-length\"><span\n                                        class=\"property-title\">Caract\u00e9ristique :&nbsp;<\/span><span\n                                        class=\"property-desc line-limit-length\">Jetable,Eco-friendly,Stock\u00e9s<\/span>\n                            <\/li>\n<li class=\"product-prop line-limit-length\"><span\n                                        class=\"property-title\">Mat\u00e9riau :&nbsp;<\/span><span\n                                        class=\"property-desc line-limit-length\">silicone<\/span>\n                            <\/li>\n<li class=\"product-prop line-limit-length\"><span\n                                        class=\"property-title\">Nom de marque :&nbsp;<\/span><span\n                                        class=\"property-desc line-limit-length\">andralyn<\/span>\n                            <\/li>\n<li class=\"product-prop line-limit-length\"><span\n                                        class=\"property-title\">Type :&nbsp;<\/span><span\n                                        class=\"property-desc line-limit-length\">Ensembles d\u2019outils de cuisson<\/span>\n                            <\/li>\n<li class=\"product-prop line-limit-length\"><span\n                                        class=\"property-title\">Origine :&nbsp;<\/span><span\n                                        class=\"property-desc line-limit-length\">CN (Origine)<\/span>\n                            <\/li>\n<li class=\"product-prop line-limit-length\"><span\n                                        class=\"property-title\">Caract\u00e9ristique1 :&nbsp;<\/span><span\n                                        class=\"property-desc line-limit-length\">Safety materials<\/span>\n                            <\/li>\n<li class=\"product-prop line-limit-length\"><span\n                                        class=\"property-title\">Caract\u00e9ristique2 :&nbsp;<\/span><span\n                                        class=\"property-desc line-limit-length\">Food-grade Silicone<\/span>\n                            <\/li>\n<li class=\"product-prop line-limit-length\"><span\n                                        class=\"property-title\">Caract\u00e9ristique3 :&nbsp;<\/span><span\n                                        class=\"property-desc line-limit-length\">High-quality Spring Steel<\/span>\n                            <\/li>\n<li class=\"product-prop line-limit-length\"><span\n                                        class=\"property-title\">Caract\u00e9ristique4 :&nbsp;<\/span><span\n                                        class=\"property-desc line-limit-length\">Heat resistance<\/span>\n                            <\/li>\n<li class=\"product-prop line-limit-length\"><span\n                                        class=\"property-title\">Caract\u00e9ristique5 :&nbsp;<\/span><span\n                                        class=\"property-desc line-limit-length\">No sticky<\/span>\n                            <\/li>\n<li class=\"product-prop line-limit-length\"><span\n                                        class=\"property-title\">Caract\u00e9ristique6 :&nbsp;<\/span><span\n                                        class=\"property-desc line-limit-length\">Anti-slipproof handle<\/span>\n                            <\/li>\n<li class=\"product-prop line-limit-length\"><span\n                                        class=\"property-title\">Fonctionnalit\u00e97 :&nbsp;<\/span><span\n                                        class=\"property-desc line-limit-length\">Crab comfort<\/span>\n                            <\/li>\n<li class=\"product-prop line-limit-length\"><span\n                                        class=\"property-title\">Caract\u00e9ristique8 :&nbsp;<\/span><span\n                                        class=\"property-desc line-limit-length\">Easy to clean<\/span>\n                            <\/li>\n<\/ul><\/div>\n<div class=\"detailmodule_html\">\n<div class=\"detail-desc-decorate-richtext\">\n<div class=\"detailmodule_text-image\">\n<p style=\"font-family:OpenSans;font-size:20px;font-weight:900;line-height:28px;white-space:pre-wrap;color:rgb(0, 0, 0);margin-bottom:12px\" class=\"detail-desc-decorate-title\" id=\"tl_1\">5 Spatule en silicone dans les cuisini&egrave;res antiadh&eacute;sives<\/p>\n<p style=\"font-family:OpenSans;font-size:14px;font-weight:300;line-height:20px;white-space:pre-wrap;color:rgb(0, 0, 0);margin-bottom:12px\" class=\"detail-desc-decorate-content\" id=\"tl_2\">Cette spatule de cuisson est livr&eacute;e dans une longue spatule &agrave; fente, une large spatule &agrave; fente, une grande spatule &agrave; cr&ecirc;pes, une spatule &agrave; biscuits en silicone et une longue spatule &agrave; poisson &agrave; fente.Disponible en diff&eacute;rentes tailles et formes, vous pouvez choisir la bonne spatule pour n&#8217;importe quelle t&acirc;che de cuisson.<\/p>\n<div>\n  <img decoding=\"async\" class=\"detail-desc-decorate-image\" src=\"https:\/\/ae01.alicdn.com\/kf\/S071691c760a94ad7a997144b14ea99cbP.jpg\" slate-data-type=\"image\" \/><br \/>\n  <img decoding=\"async\" class=\"detail-desc-decorate-image\" src=\"https:\/\/ae01.alicdn.com\/kf\/Sd374269f7a494951a5c32f1ee00071act.jpg\" slate-data-type=\"image\" \/>\n <\/div>\n<\/div>\n<div class=\"detailmodule_text-image\">\n<p style=\"font-family:OpenSans;font-size:20px;font-weight:900;line-height:28px;white-space:pre-wrap;color:rgb(0, 0, 0);margin-bottom:12px\" class=\"detail-desc-decorate-title\" id=\"tl_3\">Mat&eacute;riel de s&eacute;curit&eacute;<\/p>\n<p style=\"font-family:OpenSans;font-size:14px;font-weight:300;line-height:20px;white-space:pre-wrap;color:rgb(0, 0, 0);margin-bottom:12px\" class=\"detail-desc-decorate-content\" id=\"tl_4\">Fabriqu&eacute; &agrave; 100 % en silicone de qualit&eacute; alimentaire + acier &agrave; ressort 430+ pour garantir votre s&eacute;curit&eacute; et votre sant&eacute; et celle de votre famille.Aucune d&eacute;formation, aucun dommage au pot, facile &agrave; nettoyer, aucune fissure, dur &agrave; l&#8217;int&eacute;rieur et doux &agrave; l&#8217;ext&eacute;rieur!<\/p>\n<div>\n  <img decoding=\"async\" class=\"detail-desc-decorate-image\" src=\"https:\/\/ae01.alicdn.com\/kf\/Sbed84e2e39a549909a39471bdecfd946z.jpg\" slate-data-type=\"image\" \/>\n <\/div>\n<\/div>\n<div class=\"detailmodule_text-image\">\n<p style=\"font-family:OpenSans;font-size:20px;font-weight:900;line-height:28px;white-space:pre-wrap;color:rgb(0, 0, 0);margin-bottom:12px\" class=\"detail-desc-decorate-title\" id=\"tl_5\">\u3010Haute r&eacute;sistance &agrave; la chaleur\u3011<\/p>\n<p style=\"font-family:OpenSans;font-size:14px;font-weight:300;line-height:20px;white-space:pre-wrap;color:rgb(0, 0, 0);margin-bottom:12px\" class=\"detail-desc-decorate-content\" id=\"tl_6\">La spatule en silicone r&eacute;siste &agrave; la chaleur jusqu&#8217;&agrave; 600&deg;F, vous n&#8217;avez donc pas &agrave; vous soucier de fondre ou de se d&eacute;former m&ecirc;me sur des po&ecirc;les chaudes ou sur les c&ocirc;t&eacute;s des casseroles, parfait pour retourner des \u0153ufs, des cr&ecirc;pes, du poisson et des hamburgers.<\/p>\n<div>\n  <img decoding=\"async\" class=\"detail-desc-decorate-image\" src=\"https:\/\/ae01.alicdn.com\/kf\/Sd44645079b4b4bd1b5efd527834c9065O.jpg\" slate-data-type=\"image\" \/>\n <\/div>\n<\/div>\n<div class=\"detailmodule_text-image\">\n<p style=\"font-family:OpenSans;font-size:20px;font-weight:900;line-height:28px;white-space:pre-wrap;color:rgb(0, 0, 0);margin-bottom:12px\" class=\"detail-desc-decorate-title\" id=\"tl_7\">Conception ergonomique<\/p>\n<p style=\"font-family:OpenSans;font-size:14px;font-weight:300;line-height:20px;white-space:pre-wrap;color:rgb(0, 0, 0);margin-bottom:12px\" class=\"detail-desc-decorate-content\" id=\"tl_8\">Pelle &agrave; fente en silicone avec poign&eacute;e antid&eacute;rapante : le grattoir en silicone adopte g&eacute;n&eacute;ralement une conception de poign&eacute;e conforme &agrave; l&#8217;ergonomie pour garantir une prise confortable.Cela facilite la cuisson et l\u2019utilisation.<\/p>\n<div>\n  <img decoding=\"async\" class=\"detail-desc-decorate-image\" src=\"https:\/\/ae01.alicdn.com\/kf\/Sd1c2a84ea6e542c9ada0d0dcd704cf07f.jpg\" slate-data-type=\"image\" \/><br \/>\n  <img decoding=\"async\" class=\"detail-desc-decorate-image\" src=\"https:\/\/ae01.alicdn.com\/kf\/S850618032b7141a0a9fc93259b833d2de.jpg\" slate-data-type=\"image\" \/>\n <\/div>\n<\/div>\n<div class=\"detailmodule_text-image\">\n<p style=\"font-family:OpenSans;font-size:20px;font-weight:900;line-height:28px;white-space:pre-wrap;color:rgb(0, 0, 0);margin-bottom:12px\" class=\"detail-desc-decorate-title\" id=\"tl_9\">FLEXIBLE MAIS FORTE<\/p>\n<p style=\"font-family:OpenSans;font-size:14px;font-weight:300;line-height:20px;white-space:pre-wrap;color:rgb(0, 0, 0);margin-bottom:12px\" class=\"detail-desc-decorate-content\" id=\"tl_10\">La t&ecirc;te flexible en silicone de notre spatule en silicone a un bord biseaut&eacute; qui glisse facilement sous les aliments et est suffisamment solide pour soulever et retourner les aliments lourds en toute simplicit&eacute;, l&#8217;&eacute;quilibre parfait entre flexibilit&eacute; et r&eacute;sistance.<\/p>\n<div>\n  <img decoding=\"async\" style=\"margin-bottom:10px\" class=\"detail-desc-decorate-image\" src=\"https:\/\/ae01.alicdn.com\/kf\/Sb738159d17e14fb8995783f4ef886eaae.jpg\" slate-data-type=\"image\" \/><br \/>\n  <img decoding=\"async\" style=\"margin-bottom:10px\" class=\"detail-desc-decorate-image\" src=\"https:\/\/ae01.alicdn.com\/kf\/Sb390d0ec57864942ab7c8825020d3d97e.jpg\" slate-data-type=\"image\" \/>\n <\/div>\n<\/div>\n<div class=\"detailmodule_text-image\">\n<p style=\"font-family:OpenSans;font-size:20px;font-weight:900;line-height:28px;white-space:pre-wrap;color:rgb(0, 0, 0);margin-bottom:12px\" class=\"detail-desc-decorate-title\" id=\"tl_11\">Brosse de nettoyage en silicone<\/p>\n<p style=\"font-family:OpenSans;font-size:14px;font-weight:300;line-height:20px;white-space:pre-wrap;color:rgb(0, 0, 0);margin-bottom:12px\" class=\"detail-desc-decorate-content\" id=\"tl_12\">Silicone de qualit&eacute; alimentaire, soin de b&eacute;b&eacute;, sans d&eacute;formation, sans cheveux, sans dommage au pot, facile &agrave; nettoyer.<\/p>\n<div>\n  <img decoding=\"async\" class=\"detail-desc-decorate-image\" src=\"https:\/\/ae01.alicdn.com\/kf\/Sece53be522624544870b578a1623a444h.jpg\" slate-data-type=\"image\" \/>\n <\/div>\n<\/div>\n<div class=\"detailmodule_text-image\">\n<p style=\"font-family:OpenSans;font-size:20px;font-weight:900;line-height:28px;white-space:pre-wrap;color:rgb(0, 0, 0);margin-bottom:12px\" class=\"detail-desc-decorate-title\" id=\"tl_13\">[Facile &agrave; nettoyer]<\/p>\n<p style=\"font-family:OpenSans;font-size:14px;font-weight:300;line-height:20px;white-space:pre-wrap;color:rgb(0, 0, 0);margin-bottom:12px\" class=\"detail-desc-decorate-content\" id=\"tl_14\">Cet ensemble de grattoirs de cuisine en silicone est facile &agrave; nettoyer et passe au lave-vaisselle. La conception du trou de suspension sup&eacute;rieur facilite l&#8217;accrochage pour le rangement et le garde au sec.<\/p>\n<div>\n  <img decoding=\"async\" class=\"detail-desc-decorate-image\" src=\"https:\/\/ae01.alicdn.com\/kf\/S7e49fcd5d1524968956edd94340e1ba30.jpg\" slate-data-type=\"image\" \/><br \/>\n  <img decoding=\"async\" class=\"detail-desc-decorate-image\" src=\"https:\/\/ae01.alicdn.com\/kf\/S4d8d8704c8104fe7afafce9adde3956aB.jpg\" slate-data-type=\"image\" \/>\n <\/div>\n<\/div>\n<p><\/p>\n<\/div>\n<\/div>","protected":false},"excerpt":{"rendered":"<p>Chimique Hign-concern\u00e9:&nbsp;Aucun Caract\u00e9ristique:&nbsp;Jetable,Eco-friendly,Stock\u00e9s Mat\u00e9riau:&nbsp;silicone Nom de marque:&nbsp;andralyn Type:&nbsp;Ensembles d\u2019outils de cuisson Origine:&nbsp;CN (Origine) Feature1:&nbsp;Safety materials Feature2:&nbsp;Food-grade Silicone Feature3:&nbsp;High-quality Spring Steel<\/p>","protected":false},"featured_media":7250,"comment_status":"open","ping_status":"closed","template":"","meta":[],"product_brand":[],"product_cat":[15],"product_tag":[],"class_list":{"0":"post-7249","1":"product","2":"type-product","3":"status-publish","4":"has-post-thumbnail","6":"product_cat-uncategorized","8":"first","9":"instock","10":"shipping-taxable","11":"purchasable","12":"product-type-variable"},"jetpack_sharing_enabled":true,"_links":{"self":[{"href":"https:\/\/afrycom.com\/fr\/wp-json\/wp\/v2\/product\/7249","targetHints":{"allow":["GET"]}}],"collection":[{"href":"https:\/\/afrycom.com\/fr\/wp-json\/wp\/v2\/product"}],"about":[{"href":"https:\/\/afrycom.com\/fr\/wp-json\/wp\/v2\/types\/product"}],"replies":[{"embeddable":true,"href":"https:\/\/afrycom.com\/fr\/wp-json\/wp\/v2\/comments?post=7249"}],"wp:featuredmedia":[{"embeddable":true,"href":"https:\/\/afrycom.com\/fr\/wp-json\/wp\/v2\/media\/7250"}],"wp:attachment":[{"href":"https:\/\/afrycom.com\/fr\/wp-json\/wp\/v2\/media?parent=7249"}],"wp:term":[{"taxonomy":"product_brand","embeddable":true,"href":"https:\/\/afrycom.com\/fr\/wp-json\/wp\/v2\/product_brand?post=7249"},{"taxonomy":"product_cat","embeddable":true,"href":"https:\/\/afrycom.com\/fr\/wp-json\/wp\/v2\/product_cat?post=7249"},{"taxonomy":"product_tag","embeddable":true,"href":"https:\/\/afrycom.com\/fr\/wp-json\/wp\/v2\/product_tag?post=7249"}],"curies":[{"name":"wp","href":"https:\/\/api.w.org\/{rel}","templated":true}]}}