{"id":7239,"date":"2025-03-08T08:10:29","date_gmt":"2025-03-08T08:10:29","guid":{"rendered":"https:\/\/afrycom.com\/product\/ensemble-de-spatules-de-cuisson-en-silicone-6-9-pieces-de-qualite-alimentaire-antiadhesives-resistantes-a-la-chaleur-essentiels-de-cuisine-outils-de-cuisson\/"},"modified":"2025-08-08T02:33:01","modified_gmt":"2025-08-08T02:33:01","slug":"ensemble-de-spatules-de-cuisson-en-silicone-6-9-pieces-de-qualite-alimentaire-antiadhesives-resistantes-a-la-chaleur-essentiels-de-cuisine-outils-de-cuisson","status":"publish","type":"product","link":"https:\/\/afrycom.com\/fr\/produit\/ensemble-de-spatules-de-cuisson-en-silicone-6-9-pieces-de-qualite-alimentaire-antiadhesives-resistantes-a-la-chaleur-essentiels-de-cuisine-outils-de-cuisson\/","title":{"rendered":"Ensemble de spatules de cuisson en Silicone, 6\/9 pi\u00e8ces, de qualit\u00e9 alimentaire, antiadh\u00e9sives, r\u00e9sistantes \u00e0 la chaleur, essentiels de cuisine, outils de cuisson"},"content":{"rendered":"<div class=\"product-specs-list-container\">\n<ul class=\"product-specs-list util-clearfix\">\n<li class=\"product-prop line-limit-length\"><span\n                                        class=\"property-title\">Chimique Hign-concern\u00e9 :&nbsp;<\/span><span\n                                        class=\"property-desc line-limit-length\">Aucun<\/span>\n                            <\/li>\n<li class=\"product-prop line-limit-length\"><span\n                                        class=\"property-title\">Num\u00e9ro de kit :&nbsp;<\/span><span\n                                        class=\"property-desc line-limit-length\">9-12<\/span>\n                            <\/li>\n<li class=\"product-prop line-limit-length\"><span\n                                        class=\"property-title\">Num\u00e9ro de Mod\u00e8le :&nbsp;<\/span><span\n                                        class=\"property-desc line-limit-length\">ManG69<\/span>\n                            <\/li>\n<li class=\"product-prop line-limit-length\"><span\n                                        class=\"property-title\">Caract\u00e9ristique :&nbsp;<\/span><span\n                                        class=\"property-desc line-limit-length\">Respect de l'environnement<\/span>\n                            <\/li>\n<li class=\"product-prop line-limit-length\"><span\n                                        class=\"property-title\">Mat\u00e9riau :&nbsp;<\/span><span\n                                        class=\"property-desc line-limit-length\">silicone<\/span>\n                            <\/li>\n<li class=\"product-prop line-limit-length\"><span\n                                        class=\"property-title\">Type D'outils de Boulangerie &amp; P\u00e2tisserie :&nbsp;<\/span><span\n                                        class=\"property-desc line-limit-length\">Boulangerie et p\u00e2tisserie<\/span>\n                            <\/li>\n<li class=\"product-prop line-limit-length\"><span\n                                        class=\"property-title\">Origine :&nbsp;<\/span><span\n                                        class=\"property-desc line-limit-length\">CN (Origine)<\/span>\n                            <\/li>\n<li class=\"product-prop line-limit-length\"><span\n                                        class=\"property-title\">Type :&nbsp;<\/span><span\n                                        class=\"property-desc line-limit-length\">Outils de P\u00e2tisserie &amp; Cuisson<\/span>\n                            <\/li>\n<\/ul><\/div>\n<div class=\"detailmodule_html\">\n<div class=\"detail-desc-decorate-richtext\">\n<div style=\"font-family:Inter, -apple-system, BlinkMacSystemFont, &quot;Segoe UI&quot;, &quot;SF Pro SC&quot;, &quot;SF Pro Display&quot;, &quot;SF Pro Icons&quot;, &quot;PingFang SC&quot;, &quot;Hiragino Sans GB&quot;, &quot;Microsoft YaHei&quot;, &quot;Helvetica Neue&quot;, Helvetica, Arial, sans-serif;font-size:16px;font-weight:400;letter-spacing:normal;line-height:var(--md-box-samantha-normal-text-line-height);text-align:start;white-space:normal;color:var(--md-box-samantha-normal-text-color);background-color:rgb(255, 255, 255);margin-top:0px;box-sizing:border-box\" class=\"auto-hide-last-sibling-br paragraph-u1TS5p paragraph-element br-paragraph-space\" align=\"start\">\ud83e\uddd1\u200d\ud83c\udf73\u3010Ensemble polyvalent\u3011<br \/>Ensemble de spatules polyvalent en silicone de 6\/9 pi\u00e8ces, une vari\u00e9t\u00e9 de styles et de tailles peuvent r\u00e9pondre \u00e0 vos diff\u00e9rents besoins, id\u00e9al pour remuer des aliments dans des casseroles, \u00e9pater du beurre, des confitures, nettoyer les c\u00f4t\u00e9s des bocaux, p\u00e2tisserie, etc.Notre ensemble de spatules en silicone doit \u00eatre la meilleure aide pour votre cuisine !<\/div>\n<p><\/p>\n<div style=\"font-family:Inter, -apple-system, BlinkMacSystemFont, &quot;Segoe UI&quot;, &quot;SF Pro SC&quot;, &quot;SF Pro Display&quot;, &quot;SF Pro Icons&quot;, &quot;PingFang SC&quot;, &quot;Hiragino Sans GB&quot;, &quot;Microsoft YaHei&quot;, &quot;Helvetica Neue&quot;, Helvetica, Arial, sans-serif;font-size:16px;font-weight:400;letter-spacing:normal;line-height:var(--md-box-samantha-normal-text-line-height);text-align:start;white-space:normal;color:var(--md-box-samantha-normal-text-color);background-color:rgb(255, 255, 255);box-sizing:border-box\" class=\"auto-hide-last-sibling-br paragraph-u1TS5p paragraph-element br-paragraph-space\" align=\"start\">\ud83c\udf7d\ufe0f\u3010Mat\u00e9riau de qualit\u00e9\u3011<br \/>Mat\u00e9riau en silicone de qualit\u00e9 alimentaire : nos spatules grattoirs en silicone sont enti\u00e8rement fabriqu\u00e9es en silicone de qualit\u00e9 alimentaire, sans BPA et sans odeur.Les bords fins et flexibles et les t\u00eates pliables de nos spatules en caoutchouc en silicone sont doux pour les ustensiles de cuisine, les laissant non marqu\u00e9s et non ray\u00e9s, sans dommage pour vos casseroles et po\u00eales.<\/div>\n<p><\/p>\n<div style=\"font-family:Inter, -apple-system, BlinkMacSystemFont, &quot;Segoe UI&quot;, &quot;SF Pro SC&quot;, &quot;SF Pro Display&quot;, &quot;SF Pro Icons&quot;, &quot;PingFang SC&quot;, &quot;Hiragino Sans GB&quot;, &quot;Microsoft YaHei&quot;, &quot;Helvetica Neue&quot;, Helvetica, Arial, sans-serif;font-size:16px;font-weight:400;letter-spacing:normal;line-height:var(--md-box-samantha-normal-text-line-height);text-align:start;white-space:normal;color:var(--md-box-samantha-normal-text-color);background-color:rgb(255, 255, 255);box-sizing:border-box\" class=\"auto-hide-last-sibling-br paragraph-u1TS5p paragraph-element br-paragraph-space\" align=\"start\">\u2728\u3010Grand design\u3011<br \/>Conception monobloc sans couture : nos spatules en caoutchouc antiadh\u00e9sives r\u00e9sistantes \u00e0 la chaleur ont une conception monobloc sans couture, facile \u00e0 nettoyer et \u00e0 utiliser.Chaque ustensile de cuisine en silicone est dot\u00e9 d'un noyau en acier inoxydable pour garantir une d\u00e9formation et une durabilit\u00e9 \u00e0 long terme.La poign\u00e9e ergonomique est tr\u00e8s facile \u00e0 saisir et antid\u00e9rapante.<\/div>\n<p><\/p>\n<div style=\"font-family:Inter, -apple-system, BlinkMacSystemFont, &quot;Segoe UI&quot;, &quot;SF Pro SC&quot;, &quot;SF Pro Display&quot;, &quot;SF Pro Icons&quot;, &quot;PingFang SC&quot;, &quot;Hiragino Sans GB&quot;, &quot;Microsoft YaHei&quot;, &quot;Helvetica Neue&quot;, Helvetica, Arial, sans-serif;font-size:16px;font-weight:400;letter-spacing:normal;line-height:var(--md-box-samantha-normal-text-line-height);text-align:start;white-space:normal;color:var(--md-box-samantha-normal-text-color);background-color:rgb(255, 255, 255);box-sizing:border-box\" class=\"auto-hide-last-sibling-br paragraph-u1TS5p paragraph-element br-paragraph-space\" align=\"start\">\ud83d\udd25\u3010Caract\u00e9ristiques de chaleur et de lavage\u3011<br \/>R\u00e9sistant \u00e0 la chaleur et passe au lave-vaisselle : notre ensemble de spatules sans couture est tr\u00e8s r\u00e9sistant \u00e0 la chaleur et \u00e0 la temp\u00e9rature - 104\u2109~600\uff08- 40\u2103~315\u2103 ), pas de fusion, pas de d\u00e9formation, pas de soucis, m\u00eame \u00e0 ces temp\u00e9ratures extr\u00eames.Passe au lave-vaisselle pour un nettoyage rapide.<\/div>\n<p><\/p>\n<div style=\"font-family:Inter, -apple-system, BlinkMacSystemFont, &quot;Segoe UI&quot;, &quot;SF Pro SC&quot;, &quot;SF Pro Display&quot;, &quot;SF Pro Icons&quot;, &quot;PingFang SC&quot;, &quot;Hiragino Sans GB&quot;, &quot;Microsoft YaHei&quot;, &quot;Helvetica Neue&quot;, Helvetica, Arial, sans-serif;font-size:16px;font-weight:400;letter-spacing:normal;line-height:var(--md-box-samantha-normal-text-line-height);text-align:start;white-space:normal;color:var(--md-box-samantha-normal-text-color);background-color:rgb(255, 255, 255);box-sizing:border-box\" class=\"auto-hide-last-sibling-br paragraph-u1TS5p paragraph-element br-paragraph-space\" align=\"start\">\ud83e\ude84\u3010Espace - Gain de l'avantage\u3011<br \/>Gain de place : nos spatules grattoir en silicone ont un petit trou sur la poign\u00e9e, qui est facile \u00e0 accrocher pour s\u00e9cher facilement. L'ensemble de spatules en silicone est id\u00e9al pour sortir des sauces \u00e9paisses des petits pots, \u00e9taler des p\u00e2tes et des p\u00e2tes \u00e9paisses, retourner des cr\u00eapes, gratter les aliments d'un mixeur, etc.<\/div>\n<p><img decoding=\"async\" src=\"https:\/\/ae01.alicdn.com\/kf\/Saccbfeb6a22f48b7b5bf167c80aebe86R.jpg\" slate-data-type=\"image\"><img decoding=\"async\" src=\"https:\/\/ae01.alicdn.com\/kf\/S49b20707787c4cc4945ccc3327dc5028F.jpg\" slate-data-type=\"image\"><img decoding=\"async\" src=\"https:\/\/ae01.alicdn.com\/kf\/Sac75a9c59ce2440e84bc5fa515088104m.jpg\" slate-data-type=\"image\"><img decoding=\"async\" src=\"https:\/\/ae01.alicdn.com\/kf\/Sb2a9b87830c642e7b48f1898ee8a0e811.jpg\" slate-data-type=\"image\"><img decoding=\"async\" src=\"https:\/\/ae01.alicdn.com\/kf\/S13b170e0252942699350a905fcf399681.jpg\" slate-data-type=\"image\"><img decoding=\"async\" src=\"https:\/\/ae01.alicdn.com\/kf\/S1d0ee44f7b784e0fae4a127da7f4440bM.jpg\" slate-data-type=\"image\"><img decoding=\"async\" src=\"https:\/\/ae01.alicdn.com\/kf\/S3c3d4ff0d4a94c7fafb54cbddbfb3baef.jpg\" slate-data-type=\"image\"><img decoding=\"async\" src=\"https:\/\/ae01.alicdn.com\/kf\/S65ec79a83b2343f0b9334169c3e1646cG.jpg\" slate-data-type=\"image\"><img decoding=\"async\" src=\"https:\/\/ae01.alicdn.com\/kf\/Sa6ce4d3895554fc0a96ee9fd6df53298q.jpg\" slate-data-type=\"image\"><img decoding=\"async\" src=\"https:\/\/ae01.alicdn.com\/kf\/S485868872b024529afaffb47cc920a483.jpg\" slate-data-type=\"image\"><img decoding=\"async\" src=\"https:\/\/ae01.alicdn.com\/kf\/S947beccd6ef14672a8d92631fcfae2614.jpg\" slate-data-type=\"image\"><img decoding=\"async\" src=\"https:\/\/ae01.alicdn.com\/kf\/Se41afe93396d49a88bb9e35bc0736b08o.jpg\" slate-data-type=\"image\"><img decoding=\"async\" src=\"https:\/\/ae01.alicdn.com\/kf\/S2a5d1eaba8194a7b9ccf85b652b71961G.jpg\" slate-data-type=\"image\"><\/p>\n<\/div>\n<\/div>","protected":false},"excerpt":{"rendered":"<p>Chimique Hign-concern\u00e9:&nbsp;Aucun Num\u00e9ro de kit:&nbsp;9-12 Num\u00e9ro de Mod\u00e8le:&nbsp;ManG69 Caract\u00e9ristique:&nbsp;Eco-friendly Mat\u00e9riau:&nbsp;silicone Type D&#039;outils de Boulangerie &amp; P\u00e2tisserie:&nbsp;Boulangerie &amp; p\u00e2tisserie Origine:&nbsp;CN (Origine)<\/p>","protected":false},"featured_media":7240,"comment_status":"open","ping_status":"closed","template":"","meta":[],"product_brand":[],"product_cat":[31,4945],"product_tag":[],"class_list":{"0":"post-7239","1":"product","2":"type-product","3":"status-publish","4":"has-post-thumbnail","6":"product_cat-small-kitchen-appliances-appliances","7":"product_cat-small-kitchen-appliances","9":"first","10":"instock","11":"shipping-taxable","12":"purchasable","13":"product-type-variable"},"jetpack_sharing_enabled":true,"_links":{"self":[{"href":"https:\/\/afrycom.com\/fr\/wp-json\/wp\/v2\/product\/7239","targetHints":{"allow":["GET"]}}],"collection":[{"href":"https:\/\/afrycom.com\/fr\/wp-json\/wp\/v2\/product"}],"about":[{"href":"https:\/\/afrycom.com\/fr\/wp-json\/wp\/v2\/types\/product"}],"replies":[{"embeddable":true,"href":"https:\/\/afrycom.com\/fr\/wp-json\/wp\/v2\/comments?post=7239"}],"wp:featuredmedia":[{"embeddable":true,"href":"https:\/\/afrycom.com\/fr\/wp-json\/wp\/v2\/media\/7240"}],"wp:attachment":[{"href":"https:\/\/afrycom.com\/fr\/wp-json\/wp\/v2\/media?parent=7239"}],"wp:term":[{"taxonomy":"product_brand","embeddable":true,"href":"https:\/\/afrycom.com\/fr\/wp-json\/wp\/v2\/product_brand?post=7239"},{"taxonomy":"product_cat","embeddable":true,"href":"https:\/\/afrycom.com\/fr\/wp-json\/wp\/v2\/product_cat?post=7239"},{"taxonomy":"product_tag","embeddable":true,"href":"https:\/\/afrycom.com\/fr\/wp-json\/wp\/v2\/product_tag?post=7239"}],"curies":[{"name":"wp","href":"https:\/\/api.w.org\/{rel}","templated":true}]}}