{"id":7161,"date":"2025-03-08T08:09:22","date_gmt":"2025-03-08T08:09:22","guid":{"rendered":"https:\/\/afrycom.com\/product\/jean-classique-noir-dechire-aux-genoux-pour-hommes-streetwear-decontracte-amincissant-crayon-extensible-pantalon-en-denim-personnalite-rap\/"},"modified":"2025-08-07T16:03:08","modified_gmt":"2025-08-07T16:03:08","slug":"jean-classique-noir-dechire-aux-genoux-pour-hommes-streetwear-decontracte-amincissant-crayon-extensible-pantalon-en-denim-personnalite-rap","status":"publish","type":"product","link":"https:\/\/afrycom.com\/fr\/produit\/jean-classique-noir-dechire-aux-genoux-pour-hommes-streetwear-decontracte-amincissant-crayon-extensible-pantalon-en-denim-personnalite-rap\/","title":{"rendered":"Jean classique noir d\u00e9chir\u00e9 aux genoux pour hommes, Streetwear d\u00e9contract\u00e9, amincissant, crayon extensible, pantalon en Denim, personnalit\u00e9 Rap"},"content":{"rendered":"<p>&nbsp;<\/p>\n<div class=\"product-specs-list-container\">\n<ul class=\"product-specs-list util-clearfix\">\n<li class=\"product-prop line-limit-length\"><span class=\"property-title\">Chimique Hign-concern\u00e9 :\u00a0<\/span><span class=\"property-desc line-limit-length\">Aucun<\/span><\/li>\n<li class=\"product-prop line-limit-length\"><span class=\"property-title\">Artisanat du tissage :\u00a0<\/span><span class=\"property-desc line-limit-length\">Tat<\/span><\/li>\n<li class=\"product-prop line-limit-length\"><span class=\"property-title\">Saison Applicable :\u00a0<\/span><span class=\"property-desc line-limit-length\">Quatre saisons<\/span><\/li>\n<li class=\"product-prop line-limit-length\"><span class=\"property-title\">Sc\u00e8ne applicable :\u00a0<\/span><span class=\"property-desc line-limit-length\">Quotidiennement<\/span><\/li>\n<li class=\"product-prop line-limit-length\"><span class=\"property-title\">Lieu du0027origine :\u00a0<\/span><span class=\"property-desc line-limit-length\">Chine (continent)<\/span><\/li>\n<li class=\"product-prop line-limit-length\"><span class=\"property-title\">D\u00e9coration :\u00a0<\/span><span class=\"property-desc line-limit-length\">POCHES<\/span><\/li>\n<li class=\"product-prop line-limit-length\"><span class=\"property-title\">Type de Motif :\u00a0<\/span><span class=\"property-desc line-limit-length\">Solide<\/span><\/li>\n<li class=\"product-prop line-limit-length\"><span class=\"property-title\">Style :\u00a0<\/span><span class=\"property-desc line-limit-length\">HIP HOP<\/span><\/li>\n<li class=\"product-prop line-limit-length\"><span class=\"property-title\">Longueur :\u00a0<\/span><span class=\"property-desc line-limit-length\">pleine longueur<\/span><\/li>\n<li class=\"product-prop line-limit-length\"><span class=\"property-title\">\u00c9paisseur :\u00a0<\/span><span class=\"property-desc line-limit-length\">Mi-lourd<\/span><\/li>\n<li class=\"product-prop line-limit-length\"><span class=\"property-title\">Style jeans :\u00a0<\/span><span class=\"property-desc line-limit-length\">crayon pantalon<\/span><\/li>\n<li class=\"product-prop line-limit-length\"><span class=\"property-title\">Type de tissu :\u00a0<\/span><span class=\"property-desc line-limit-length\">adoucisseur<\/span><\/li>\n<li class=\"product-prop line-limit-length\"><span class=\"property-title\">Type de taille :\u00a0<\/span><span class=\"property-desc line-limit-length\">MID<\/span><\/li>\n<li class=\"product-prop line-limit-length\"><span class=\"property-title\">Type d'ajustement :\u00a0<\/span><span class=\"property-desc line-limit-length\">maigre<\/span><\/li>\n<li class=\"product-prop line-limit-length\"><span class=\"property-title\">Laver :\u00a0<\/span><span class=\"property-desc line-limit-length\">lumi\u00e8re<\/span><\/li>\n<li class=\"product-prop line-limit-length\"><span class=\"property-title\">Type de Fermeture :\u00a0<\/span><span class=\"property-desc line-limit-length\">bouton de braguette<\/span><\/li>\n<li class=\"product-prop line-limit-length\"><span class=\"property-title\">Origine :\u00a0<\/span><span class=\"property-desc line-limit-length\">CN (Origine)<\/span><\/li>\n<li class=\"product-prop line-limit-length\"><span class=\"property-title\">CN :\u00a0<\/span><span class=\"property-desc line-limit-length\">Guangdong<\/span><\/li>\n<li class=\"product-prop line-limit-length\"><span class=\"property-title\">Mat\u00e9riau :\u00a0<\/span><span class=\"property-desc line-limit-length\">Toile<\/span><\/li>\n<li class=\"product-prop line-limit-length\"><span class=\"property-title\">Sexe :\u00a0<\/span><span class=\"property-desc line-limit-length\">MEN<\/span><\/li>\n<li class=\"product-prop line-limit-length\"><span class=\"property-title\">Type d'article :\u00a0<\/span><span class=\"property-desc line-limit-length\">JEANS<\/span><\/li>\n<\/ul>\n<\/div>\n<div class=\"detailmodule_html\">\n<div class=\"detail-desc-decorate-richtext\">\n<div style=\"text-align: center;\">\n<p style=\"text-align: center; margin: 0;\"><img decoding=\"async\" style=\"width: 800px;\" src=\"https:\/\/ae01.alicdn.com\/kf\/S874ef6c1abce49d89336c0abe01a24d6Z.jpg?width=894&amp;height=447&amp;hash=1341\" \/><img decoding=\"async\" style=\"width: 800px;\" src=\"https:\/\/ae01.alicdn.com\/kf\/Sd1ea3fc8d0374d9ea3812ae14e2435c2P.jpg?width=800&amp;height=800&amp;hash=1600\" \/><img decoding=\"async\" style=\"width: 800px;\" src=\"https:\/\/ae01.alicdn.com\/kf\/Sd206e7fd8fdb4ec2a49d60bdb526695cN.jpg?width=800&amp;height=800&amp;hash=1600\" \/><img decoding=\"async\" style=\"width: 800px;\" src=\"https:\/\/ae01.alicdn.com\/kf\/S07c2f5c9a6aa4bb8865c60f48dac68ebM.jpg?width=800&amp;height=800&amp;hash=1600\" \/><img decoding=\"async\" style=\"width: 800px;\" src=\"https:\/\/ae01.alicdn.com\/kf\/Se6a21176072f43979e6d549a8f7f4e39z.jpg?width=800&amp;height=800&amp;hash=1600\" \/><img decoding=\"async\" style=\"width: 800px;\" src=\"https:\/\/ae01.alicdn.com\/kf\/S91e7adb0dd814faa8cc3a521c3f78b5bb.jpg?width=800&amp;height=800&amp;hash=1600\" \/><img decoding=\"async\" style=\"width: 800px;\" src=\"https:\/\/ae01.alicdn.com\/kf\/S6b4b985010a84499863009824d12fcd4p.jpg?width=800&amp;height=800&amp;hash=1600\" \/><img decoding=\"async\" style=\"width: 800px;\" src=\"https:\/\/ae01.alicdn.com\/kf\/Sb12f649b8c2548578bc7bd71a3ba9525V.jpg?width=800&amp;height=800&amp;hash=1600\" \/><img decoding=\"async\" style=\"width: 800px;\" src=\"https:\/\/ae01.alicdn.com\/kf\/S54d23d54224c4723a88586112956a2d6K.jpg?width=800&amp;height=800&amp;hash=1600\" \/><img decoding=\"async\" style=\"width: 800px;\" src=\"https:\/\/ae01.alicdn.com\/kf\/Scb13626890e04033a61557a67f8eba56T.jpg?width=800&amp;height=800&amp;hash=1600\" \/><img decoding=\"async\" style=\"width: 800px;\" src=\"https:\/\/ae01.alicdn.com\/kf\/Sd10dcf87399540b493eecedf926c35dfh.jpg?width=724&amp;height=724&amp;hash=1448\" \/><img decoding=\"async\" src=\"https:\/\/ae01.alicdn.com\/kf\/Sd18d9918dd5f4ab1a815fe6be86f8cc3R.jpg?width=800&amp;height=800&amp;hash=1600\" \/><img decoding=\"async\" style=\"width: 800px;\" src=\"https:\/\/ae01.alicdn.com\/kf\/S557d1f2de54b4e6dac5cb8bd9d74b5bbI.jpg?width=800&amp;height=800&amp;hash=1600\" \/><img decoding=\"async\" style=\"width: 800px;\" src=\"https:\/\/ae01.alicdn.com\/kf\/S4e190717b32b448c8b4c53be5cb44b3ag.jpg?width=800&amp;height=800&amp;hash=1600\" \/><img decoding=\"async\" style=\"width: 800px;\" src=\"https:\/\/ae01.alicdn.com\/kf\/Se1372117902f429b82e3eb322bed0c29r.jpg?width=800&amp;height=800&amp;hash=1600\" \/><img decoding=\"async\" style=\"width: 800px;\" src=\"https:\/\/ae01.alicdn.com\/kf\/Sd398a94dd4a04f99a6a9784431134679s.jpg?width=800&amp;height=800&amp;hash=1600\" \/><img decoding=\"async\" style=\"width: 800px;\" src=\"https:\/\/ae01.alicdn.com\/kf\/S2dae4dd172714106aff4acc1ad975a86K.jpg?width=800&amp;height=800&amp;hash=1600\" \/><img decoding=\"async\" style=\"width: 800px;\" src=\"https:\/\/ae01.alicdn.com\/kf\/Sdcc26d90685d4b7cabf0b5c64b0b1f48n.jpg?width=800&amp;height=800&amp;hash=1600\" \/><img decoding=\"async\" style=\"width: 800px;\" src=\"https:\/\/ae01.alicdn.com\/kf\/Sd10dcf87399540b493eecedf926c35dfh.jpg?width=724&amp;height=724&amp;hash=1448\" \/><\/p>\n<\/div>\n<\/div>\n<\/div>","protected":false},"excerpt":{"rendered":"<p>&nbsp; Chimique Hign-concern\u00e9:\u00a0Aucun Artisanat du tissage:\u00a0Tat Saison Applicable:\u00a0Quatre saisons Applicable Scene:\u00a0Daily Lieu du0027origine:\u00a0Chine (continent) D\u00e9coration:\u00a0POCHES Type de Motif:\u00a0Solide Style:\u00a0HIP HOP<\/p>","protected":false},"featured_media":7162,"comment_status":"open","ping_status":"closed","template":"","meta":[],"product_brand":[],"product_cat":[1450,4981],"product_tag":[],"class_list":{"0":"post-7161","1":"product","2":"type-product","3":"status-publish","4":"has-post-thumbnail","6":"product_cat-mens-section","7":"product_cat-pants-jeans","9":"first","10":"instock","11":"shipping-taxable","12":"purchasable","13":"product-type-variable"},"jetpack_sharing_enabled":true,"_links":{"self":[{"href":"https:\/\/afrycom.com\/fr\/wp-json\/wp\/v2\/product\/7161","targetHints":{"allow":["GET"]}}],"collection":[{"href":"https:\/\/afrycom.com\/fr\/wp-json\/wp\/v2\/product"}],"about":[{"href":"https:\/\/afrycom.com\/fr\/wp-json\/wp\/v2\/types\/product"}],"replies":[{"embeddable":true,"href":"https:\/\/afrycom.com\/fr\/wp-json\/wp\/v2\/comments?post=7161"}],"wp:featuredmedia":[{"embeddable":true,"href":"https:\/\/afrycom.com\/fr\/wp-json\/wp\/v2\/media\/7162"}],"wp:attachment":[{"href":"https:\/\/afrycom.com\/fr\/wp-json\/wp\/v2\/media?parent=7161"}],"wp:term":[{"taxonomy":"product_brand","embeddable":true,"href":"https:\/\/afrycom.com\/fr\/wp-json\/wp\/v2\/product_brand?post=7161"},{"taxonomy":"product_cat","embeddable":true,"href":"https:\/\/afrycom.com\/fr\/wp-json\/wp\/v2\/product_cat?post=7161"},{"taxonomy":"product_tag","embeddable":true,"href":"https:\/\/afrycom.com\/fr\/wp-json\/wp\/v2\/product_tag?post=7161"}],"curies":[{"name":"wp","href":"https:\/\/api.w.org\/{rel}","templated":true}]}}