{"id":6850,"date":"2025-03-08T08:08:55","date_gmt":"2025-03-08T08:08:55","guid":{"rendered":"https:\/\/afrycom.com\/product\/armoire-de-rangement-multicouche-pour-chaussures-non-tissees-armoire-anti-poussiere-armoires-peu-encombrantes-etagere-a-chaussures-couloir-de-maison-evaluation-t1\/"},"modified":"2025-03-21T16:32:16","modified_gmt":"2025-03-21T16:32:16","slug":"armoire-de-rangement-multicouche-pour-chaussures-non-tissees-armoire-anti-poussiere-armoires-peu-encombrantes-etagere-a-chaussures-couloir-de-maison-evaluation-t1","status":"publish","type":"product","link":"https:\/\/afrycom.com\/fr\/produit\/armoire-de-rangement-multicouche-pour-chaussures-non-tissees-armoire-anti-poussiere-armoires-peu-encombrantes-etagere-a-chaussures-couloir-de-maison-evaluation-t1\/","title":{"rendered":"Armoire de rangement multicouche pour chaussures non tiss\u00e9es, armoire anti-poussi\u00e8re, armoires peu encombrantes, \u00e9tag\u00e8re \u00e0 chaussures, couloir de maison, \u00e9valuation T1"},"content":{"rendered":"<p>&nbsp;<\/p>\n<div class=\"product-specs-list-container\">\n<ul class=\"product-specs-list util-clearfix\">\n<li class=\"product-prop line-limit-length\"><span class=\"property-title\">Chimique Hign-concern\u00e9 :\u00a0<\/span><span class=\"property-desc line-limit-length\">Aucun<\/span><\/li>\n<li class=\"product-prop line-limit-length\"><span class=\"property-title\">Utiliser :\u00a0<\/span><span class=\"property-desc line-limit-length\">BOISSON<\/span><\/li>\n<li class=\"product-prop line-limit-length\"><span class=\"property-title\">Nom de marque :\u00a0<\/span><span class=\"property-desc line-limit-length\">PDQ<\/span><\/li>\n<li class=\"product-prop line-limit-length\"><span class=\"property-title\">Origine :\u00a0<\/span><span class=\"property-desc line-limit-length\">CN (Origine)<\/span><\/li>\n<li class=\"product-prop line-limit-length\"><span class=\"property-title\">Produits chimiques \u00e0 haute teneur en soufre :\u00a0<\/span><span class=\"property-desc line-limit-length\">Aucun<\/span><\/li>\n<li class=\"product-prop line-limit-length\"><span class=\"property-title\">Espace applicable :\u00a0<\/span><span class=\"property-desc line-limit-length\">SALON<\/span><\/li>\n<li class=\"product-prop line-limit-length\"><span class=\"property-title\">Num\u00e9ro de mod\u00e8le :\u00a0<\/span><span class=\"property-desc line-limit-length\">QTJWYH323QHP Meuble \u00e0 chaussures<\/span><\/li>\n<li class=\"product-prop line-limit-length\"><span class=\"property-title\">Fonctionnalit\u00e9 :\u00a0<\/span><span class=\"property-desc line-limit-length\">Eco-Friendly,Stock\u00e9<\/span><\/li>\n<li class=\"product-prop line-limit-length\"><span class=\"property-title\">Utiliser :\u00a0<\/span><span class=\"property-desc line-limit-length\">Chaussures<\/span><\/li>\n<li class=\"product-prop line-limit-length\"><span class=\"property-title\">Classification :\u00a0<\/span><span class=\"property-desc line-limit-length\">Rack non pliant<\/span><\/li>\n<li class=\"product-prop line-limit-length\"><span class=\"property-title\">Nombre de niveaux :\u00a0<\/span><span class=\"property-desc line-limit-length\">Cinq couches et plus<\/span><\/li>\n<li class=\"product-prop line-limit-length\"><span class=\"property-title\">Type d'installation :\u00a0<\/span><span class=\"property-desc line-limit-length\">Type de sol<\/span><\/li>\n<li class=\"product-prop line-limit-length\"><span class=\"property-title\">Nom de marque :\u00a0<\/span><span class=\"property-desc line-limit-length\">SKIG<\/span><\/li>\n<li class=\"product-prop line-limit-length\"><span class=\"property-title\">Origine :\u00a0<\/span><span class=\"property-desc line-limit-length\">Chine continentale<\/span><\/li>\n<li class=\"product-prop line-limit-length\"><span class=\"property-title\">Type :\u00a0<\/span><span class=\"property-desc line-limit-length\">Supports de stockage Racks<\/span><\/li>\n<\/ul>\n<\/div>\n<div>\n<div>\n<div>\n<div>\n<div>\n<div>\n<div><strong><span id=\"tl_1\">\u00c9tag\u00e8re \u00e0 chaussures organisateur multicouche minimaliste non tiss\u00e9 anti-poussi\u00e8re chaussures armoire de rangement maison couloir armoires peu encombrantes \u00e9tag\u00e8re \u00e0 chaussures<\/span><\/strong><\/div>\n<table style=\"border-collapse: collapse; font-family: 'Open Sans', Roboto, Arial, Helvetica, sans-serif, SimSun; font-size: 14px; text-align: start; color: #222222; background-color: #ffffff; width: 943.993px;\" border=\"2\" align=\"start\">\n<tbody>\n<tr>\n<td colspan=\"2\"><strong id=\"tl_2\">Caract\u00e9ristiques :<\/strong><\/td>\n<\/tr>\n<tr>\n<td colspan=\"2\"><span id=\"tl_3\" style=\"font-family: 'times new roman', times;\">1. Ce porte-chaussures \u00e0 9 treillis offre \u00e0 vos chaussures suffisamment d'espace de rangement<\/span><\/p>\n<p><span id=\"tl_4\" style=\"font-family: 'times new roman', times;\">2. Une \u00e9tag\u00e8re \u00e0 chaussures concise, compacte et agr\u00e9able<\/span><\/p>\n<p><span id=\"tl_5\" style=\"font-family: 'times new roman', times;\">3. Ce porte-chaussures compact n'occupe pas trop d'espace<\/span><\/p>\n<p><span id=\"tl_6\" style=\"font-family: 'times new roman', times;\">4. Il les garde dans un endroit propre et unique, de sorte que vous pouvez facilement localiser les chaussures et \u00e9conomiser consid\u00e9rablement votre temps de recherche<\/span><\/p>\n<p><span id=\"tl_7\" style=\"font-family: 'times new roman', times;\">5. Avec un motif accrocheur, c'est un bon article de d\u00e9coration pour votre maison<\/span><\/td>\n<\/tr>\n<tr>\n<td colspan=\"2\"><strong id=\"tl_8\">Sp\u00e9cifications :<\/strong><\/td>\n<\/tr>\n<tr>\n<td><span id=\"tl_9\" style=\"font-family: 'times new roman', times;\">Mat\u00e9riel<\/span><\/td>\n<td><span id=\"tl_10\" style=\"font-family: 'times new roman', times;\">Acier et plastique et tissu non tiss\u00e9<\/span><\/td>\n<\/tr>\n<tr>\n<td><span id=\"tl_11\" style=\"font-family: 'times new roman', times;\">Couleur :<\/span><\/td>\n<td><span id=\"tl_12\" style=\"font-family: 'times new roman', times;\">Gris, Noir<\/span><\/td>\n<\/tr>\n<tr>\n<td><span id=\"tl_13\" style=\"font-family: 'times new roman', times;\">Type :<\/span><\/td>\n<td><span id=\"tl_14\" style=\"font-family: 'times new roman', times;\">8 canap\u00e9s 7 treillis<br \/>\n6 canap\u00e9s 5 treillis<\/span><\/td>\n<\/tr>\n<tr>\n<td><span id=\"tl_15\" style=\"font-family: 'times new roman', times;\">Diam\u00e8tre de tuyau d'acier :<\/span><\/td>\n<td><span id=\"tl_16\" style=\"font-family: 'times new roman', times;\">0,47 \" \/ 1,2cm<\/span><\/td>\n<\/tr>\n<tr>\n<td><\/td>\n<td><\/td>\n<\/tr>\n<tr>\n<td><\/td>\n<td><\/td>\n<\/tr>\n<tr>\n<td colspan=\"2\"><span style=\"font-family: 'times new roman', times;\"><strong id=\"tl_17\">Le forfait comprend<\/strong><\/span><\/td>\n<\/tr>\n<tr>\n<td colspan=\"2\"><span id=\"tl_18\" style=\"font-family: 'times new roman', times;\">1 x \u00e9tag\u00e8re \u00e0 chaussures<br \/>\n1 x Instructions<\/span><\/td>\n<\/tr>\n<tr>\n<td colspan=\"2\"><span style=\"font-family: 'times new roman', times;\"><strong id=\"tl_19\">Remarque :<\/strong><\/span><span id=\"tl_20\" style=\"font-family: 'times new roman', times;\"><br \/>\n1. Lors de la r\u00e9ception des marchandises, veuillez confirmer le produit conform\u00e9ment \u00e0 la liste des instructions. Une fois que vous avez trouv\u00e9 moins de pi\u00e8ces, veuillez fournir des photos pertinentes pour nous contacter. Nous nous en occuperons dans le temps.<\/span><span id=\"tl_21\" style=\"font-family: 'times new roman', times;\">2. Veuillez installer les marchandises avec le manuel d'instructions.<\/span><\/p>\n<p><span id=\"tl_22\" style=\"font-family: 'times new roman', times;\">3. Il est recommand\u00e9 que l'installation ne soit pas trop serr\u00e9e pour \u00eatre ajust\u00e9e facilement. Apr\u00e8s que la structure soit install\u00e9e, fermez l'interface pour plus de stabilit\u00e9.<br \/>\n4. Apr\u00e8s r\u00e9ception du colis, l'acheteur doit l'assembler lui-m\u00eame. Merci \u00e0 vous<\/span><\/td>\n<\/tr>\n<\/tbody>\n<\/table>\n<p align=\"left\">\n<\/div>\n<\/div>\n<p>&nbsp;<\/p>\n<\/div>\n<\/div>\n<\/div>\n<\/div>\n<p><img decoding=\"async\" src=\"https:\/\/ae01.alicdn.com\/kf\/Sda6889135aa248b9bea35a3438ca081dI.jpg\" \/><img decoding=\"async\" src=\"https:\/\/ae01.alicdn.com\/kf\/Sc4e27d5234974242b7b151a278228eb9J.jpg\" \/><img decoding=\"async\" src=\"https:\/\/ae01.alicdn.com\/kf\/S0e1b67affbc14db2ab55f34cb2b61d87h.jpg\" \/><\/p>","protected":false},"excerpt":{"rendered":"<p>&nbsp; Chimique Hign-concern\u00e9:\u00a0Aucun Utiliser:\u00a0BOISSON Nom de marque:\u00a0PDQ Origine:\u00a0CN (Origine) Hign-concerned Chemical:\u00a0None Applicable Space:\u00a0LIVING ROOM Model Number:\u00a0QTJWYH323QHP Shoe Cabinet Feature:\u00a0Eco-Friendly,Stocked Use:\u00a0Shoes<\/p>","protected":false},"featured_media":6852,"comment_status":"open","ping_status":"closed","template":"","meta":[],"product_brand":[],"product_cat":[45],"product_tag":[],"class_list":{"0":"post-6850","1":"product","2":"type-product","3":"status-publish","4":"has-post-thumbnail","6":"product_cat-home-garden","8":"first","9":"instock","10":"shipping-taxable","11":"purchasable","12":"product-type-variable"},"jetpack_sharing_enabled":true,"_links":{"self":[{"href":"https:\/\/afrycom.com\/fr\/wp-json\/wp\/v2\/product\/6850","targetHints":{"allow":["GET"]}}],"collection":[{"href":"https:\/\/afrycom.com\/fr\/wp-json\/wp\/v2\/product"}],"about":[{"href":"https:\/\/afrycom.com\/fr\/wp-json\/wp\/v2\/types\/product"}],"replies":[{"embeddable":true,"href":"https:\/\/afrycom.com\/fr\/wp-json\/wp\/v2\/comments?post=6850"}],"wp:featuredmedia":[{"embeddable":true,"href":"https:\/\/afrycom.com\/fr\/wp-json\/wp\/v2\/media\/6852"}],"wp:attachment":[{"href":"https:\/\/afrycom.com\/fr\/wp-json\/wp\/v2\/media?parent=6850"}],"wp:term":[{"taxonomy":"product_brand","embeddable":true,"href":"https:\/\/afrycom.com\/fr\/wp-json\/wp\/v2\/product_brand?post=6850"},{"taxonomy":"product_cat","embeddable":true,"href":"https:\/\/afrycom.com\/fr\/wp-json\/wp\/v2\/product_cat?post=6850"},{"taxonomy":"product_tag","embeddable":true,"href":"https:\/\/afrycom.com\/fr\/wp-json\/wp\/v2\/product_tag?post=6850"}],"curies":[{"name":"wp","href":"https:\/\/api.w.org\/{rel}","templated":true}]}}