{"id":6790,"date":"2025-03-08T08:08:50","date_gmt":"2025-03-08T08:08:50","guid":{"rendered":"https:\/\/afrycom.com\/product\/grande-boite-a-chaussures-pliable-transparente-1-piece-boite-dorganisation-de-rangement-de-chaussures-anti-poussiere-gain-de-place-conteneurs-de-chaussures-avec-fermeture-eclair\/"},"modified":"2025-03-08T08:09:23","modified_gmt":"2025-03-08T08:09:23","slug":"grande-boite-a-chaussures-pliable-transparente-1-piece-boite-dorganisation-de-rangement-de-chaussures-anti-poussiere-gain-de-place-conteneurs-de-chaussures-avec-fermeture-eclair","status":"publish","type":"product","link":"https:\/\/afrycom.com\/fr\/produit\/grande-boite-a-chaussures-pliable-transparente-1-piece-boite-dorganisation-de-rangement-de-chaussures-anti-poussiere-gain-de-place-conteneurs-de-chaussures-avec-fermeture-eclair\/","title":{"rendered":"Grande bo\u00eete \u00e0 chaussures pliable transparente, 1 pi\u00e8ce, bo\u00eete d'organisation de rangement de chaussures, anti-poussi\u00e8re, gain de place, conteneurs de chaussures avec fermeture \u00e9clair"},"content":{"rendered":"<div class=\"product-specs-list-container\">\n<ul class=\"product-specs-list util-clearfix\">\n<li class=\"product-prop line-limit-length\"><span\n                                        class=\"property-title\">Chimique Hign-concern\u00e9 :&nbsp;<\/span><span\n                                        class=\"property-desc line-limit-length\">Aucun<\/span>\n                            <\/li>\n<li class=\"product-prop line-limit-length\"><span\n                                        class=\"property-title\">Nom de marque :&nbsp;<\/span><span\n                                        class=\"property-desc line-limit-length\">PDQ<\/span>\n                            <\/li>\n<li class=\"product-prop line-limit-length\"><span\n                                        class=\"property-title\">Origine :&nbsp;<\/span><span\n                                        class=\"property-desc line-limit-length\">CN (Origine)<\/span>\n                            <\/li>\n<li class=\"product-prop line-limit-length\"><span\n                                        class=\"property-title\">Produits chimiques \u00e0 haute teneur en soufre :&nbsp;<\/span><span\n                                        class=\"property-desc line-limit-length\">Aucun<\/span>\n                            <\/li>\n<li class=\"product-prop line-limit-length\"><span\n                                        class=\"property-title\">Num\u00e9ro de mod\u00e8le :&nbsp;<\/span><span\n                                        class=\"property-desc line-limit-length\">Bo\u00eete \u00e0 chaussures<\/span>\n                            <\/li>\n<li class=\"product-prop line-limit-length\"><span\n                                        class=\"property-title\">Origine :&nbsp;<\/span><span\n                                        class=\"property-desc line-limit-length\">Chine continentale<\/span>\n                            <\/li>\n<li class=\"product-prop line-limit-length\"><span\n                                        class=\"property-title\">Type :&nbsp;<\/span><span\n                                        class=\"property-desc line-limit-length\">Cintre \u00e0 chaussures<\/span>\n                            <\/li>\n<\/ul><\/div>\n<div>\n<div data-spm=\"1000023\" data-pl=\"product-description\">\n<div>\n<p align=\"center\"><strong><span id=\"tl_1\">Grande bo\u00eete \u00e0 chaussures pliable transparente, 1 pi\u00e8ce, organisateur de rangement de chaussures, bo\u00eete anti-poussi\u00e8re, gain de place, conteneurs de chaussures avec fermeture \u00e9clair<\/span><\/strong><\/p>\n<p><\/p>\n<p id=\"tl_2\">Mat\u00e9riau : PVC<\/p>\n<p><\/p>\n<\/p><\/div><\/div>\n<\/div>\n<p><img decoding=\"async\" src=\"https:\/\/ae01.alicdn.com\/kf\/Sde969b189c874371a67552ede7e20249w.jpg\" \/><img decoding=\"async\" src=\"https:\/\/ae01.alicdn.com\/kf\/S0952ea2522e34ff5b8982409e6675dfdE.jpg\" \/><img decoding=\"async\" src=\"https:\/\/ae01.alicdn.com\/kf\/S54b20498b41f4dc8992a583c79697116Z.jpg\" \/><img decoding=\"async\" src=\"https:\/\/ae01.alicdn.com\/kf\/S8eba342e9c93441299bb21b4c0b1196fz.jpg\" \/><img decoding=\"async\" src=\"https:\/\/ae01.alicdn.com\/kf\/S466543879f574b09bcbb5331be3357b1F.jpg\" \/><img decoding=\"async\" src=\"https:\/\/ae01.alicdn.com\/kf\/Sbc7fe2468a0c4da08b02358a184b5086u.jpg\" \/><img decoding=\"async\" src=\"https:\/\/ae01.alicdn.com\/kf\/Saedc7465425e4a18980913e3cc5a2f83B.jpg\" \/><\/p>","protected":false},"excerpt":{"rendered":"<p>Chimique Hign-concern\u00e9:&nbsp;Aucun Nom de marque:&nbsp;PDQ Origine:&nbsp;CN (Origine) Hign-concerned Chemical:&nbsp;None Model Number:&nbsp;Shoes Box Origin:&nbsp;Mainland China Type:&nbsp;Shoe Hanger Grande bo&icirc;te &agrave; chaussures<\/p>","protected":false},"featured_media":6791,"comment_status":"open","ping_status":"closed","template":"","meta":[],"product_brand":[],"product_cat":[15],"product_tag":[],"class_list":{"0":"post-6790","1":"product","2":"type-product","3":"status-publish","4":"has-post-thumbnail","6":"product_cat-uncategorized","8":"first","9":"instock","10":"shipping-taxable","11":"purchasable","12":"product-type-variable"},"jetpack_sharing_enabled":true,"_links":{"self":[{"href":"https:\/\/afrycom.com\/fr\/wp-json\/wp\/v2\/product\/6790","targetHints":{"allow":["GET"]}}],"collection":[{"href":"https:\/\/afrycom.com\/fr\/wp-json\/wp\/v2\/product"}],"about":[{"href":"https:\/\/afrycom.com\/fr\/wp-json\/wp\/v2\/types\/product"}],"replies":[{"embeddable":true,"href":"https:\/\/afrycom.com\/fr\/wp-json\/wp\/v2\/comments?post=6790"}],"wp:featuredmedia":[{"embeddable":true,"href":"https:\/\/afrycom.com\/fr\/wp-json\/wp\/v2\/media\/6791"}],"wp:attachment":[{"href":"https:\/\/afrycom.com\/fr\/wp-json\/wp\/v2\/media?parent=6790"}],"wp:term":[{"taxonomy":"product_brand","embeddable":true,"href":"https:\/\/afrycom.com\/fr\/wp-json\/wp\/v2\/product_brand?post=6790"},{"taxonomy":"product_cat","embeddable":true,"href":"https:\/\/afrycom.com\/fr\/wp-json\/wp\/v2\/product_cat?post=6790"},{"taxonomy":"product_tag","embeddable":true,"href":"https:\/\/afrycom.com\/fr\/wp-json\/wp\/v2\/product_tag?post=6790"}],"curies":[{"name":"wp","href":"https:\/\/api.w.org\/{rel}","templated":true}]}}